{"id":2453,"date":"2025-07-09T10:52:20","date_gmt":"2025-07-09T08:52:20","guid":{"rendered":"https:\/\/yomas-electrodomesticos.com\/?post_type=product&#038;p=2453"},"modified":"2025-07-09T10:52:31","modified_gmt":"2025-07-09T08:52:31","slug":"jbl-eon-715-altavoz-amplificado-15-clase-d-650w-rms","status":"publish","type":"product","link":"https:\/\/yomas-electrodomesticos.com\/index.php\/producto\/jbl-eon-715-altavoz-amplificado-15-clase-d-650w-rms\/","title":{"rendered":"JBL EON 715 Altavoz Amplificado 15&#8243; Clase D 650W RMS"},"content":{"rendered":"<h2 id=\"h2FichaCaracteristicas\" class=\"h2-ficha h2-detailsP \">Caracter\u00edsticas de JBL EON 715<\/h2>\n<div id=\"caracteristicasDiv\" class=\"fondo-blanco  padding30 \">\n<div class=\" product-features\">\n<div id=\"textoCompleto\" class=\"\">\n<p><strong>JBL EON 715 Altavoz Amplificado 15&#8243; Clase D 650W RMS<\/strong><\/p>\n<p>El altavoz\u00a0<u><strong>JBL EON715<\/strong><\/u> de 15 pulgadas es parte de la nueva serie EON700 de PA autoamplificados de JBL, que representa un gran paso adelante en innovaci\u00f3n y tecnolog\u00eda al ofrecer una cobertura verdaderamente inteligible y claramente consistente en cualquier nivel de volumen.<\/p>\n<p>La serie EON700 aprovecha la ciencia ac\u00fastica m\u00e1s reciente, dise\u00f1os de transductores, materiales de gabinete y tecnolog\u00edas de control y DSP avanzadas para ofrecer un rendimiento extraordinario en un sistema port\u00e1til totalmente profesional, altamente flexible y f\u00e1cil de usar.<\/p>\n<h3><strong>Ac\u00fastica y amplificador<\/strong><\/h3>\n<p>Las tecnolog\u00edas avanzadas de gu\u00eda de ondas y transductores de JBL, junto con una amplificaci\u00f3n altamente eficiente, garantizan una cobertura uniforme en toda el \u00e1rea de escucha, incluso cuando lleva el sistema al l\u00edmite.<\/p>\n<p>El woofer del\u00a0<strong>EON715\u00a0<\/strong>est\u00e1 redise\u00f1ado para una impedancia m\u00e1s baja y una mayor eficiencia, una bocina mejorada ofrece un ancho de haz suave fuera del eje y el potente controlador de compresi\u00f3n 2414H de JBL presenta un im\u00e1n de neodimio premium para una respuesta equilibrada en un espacio liviano. El altavoz funciona con 1.300 vatios de amplificaci\u00f3n discreta de Clase D ultraeficiente, para un sonido limpio y claro. Todo se suma a una cobertura, consistencia e inteligibilidad superiores en cualquier volumen.<\/p>\n<h3><strong>DSP y control avanzados<\/strong><\/h3>\n<p>El paquete DSP avanzado del EON715 proporciona un control completo sobre EQ, limitadores, retardo, supresi\u00f3n autom\u00e1tica de retroalimentaci\u00f3n dbx, atenuaci\u00f3n y otras funciones de los altavoces. Acceda a la configuraci\u00f3n en el altavoz mediante una pantalla LCD retroiluminada integrada, o desde cualquier lugar del lugar mediante la aplicaci\u00f3n JBL Pro Connect. La transmisi\u00f3n y el control de audio Bluetooth 5.0 incorporado aprovechan las caracter\u00edsticas de seguridad del protocolo m\u00e1s nuevo, baja latencia, amplio rango y fidelidad de audio mejorada.<\/p>\n<h3><strong>Versatilidad del sistema<\/strong><\/h3>\n<p>Los altavoces EON715 se pueden utilizar como altavoces de megafon\u00eda principales o monitores de suelo. Los puntos de suspensi\u00f3n superior y trasera permiten que los altavoces vuelen; Los puntos de suspensi\u00f3n trasera sirven como conexiones para instalaciones fijas, utilizando un soporte de yugo universal opcional.<\/p>\n<p>Los pies indexados moldeados en gabinetes permiten una variedad de configuraciones ac\u00fasticas y apilamiento seguro para configuraciones tradicionales de pie y almacenamiento y transporte convenientes. (Los subwoofers Companion EON718S cuentan con un montaje de poste roscado para altavoces de rango completo y se apilan f\u00e1cilmente para configuraciones cardioides).<\/p>\n<h3><strong>Robusto y confiable<\/strong><\/h3>\n<p>Todos los productos de audio tienen una vida \u00fatil, y los ingenieros de JBL est\u00e1n comprometidos a hacer que esa vida \u00fatil sea lo m\u00e1s larga posible, no solo en t\u00e9rminos de confiabilidad, sino en t\u00e9rminos de qu\u00e9 tan bien suena el sistema cada vez que se enciende.<\/p>\n<p>El EON715 est\u00e1 alojado en un gabinete compuesto optimizado por FEA, que aprovecha las t\u00e9cnicas de moldeo por inyecci\u00f3n y conformaci\u00f3n mec\u00e1nica para una mayor durabilidad sin sacrificar el tama\u00f1o o el rendimiento del gabinete. Los mangos ergon\u00f3micos optimizados por computadora facilitan la mudanza de cajas.<\/p>\n<p>Como todos los productos de JBL Professional, el EON715 se somete a pruebas rigurosas que van m\u00e1s all\u00e1 de cualquier condici\u00f3n a la que se enfrentar\u00eda el producto en el mundo real. Nuestra prueba de potencia de 100 horas l\u00edder en la industria garantiza la longevidad para que los m\u00fasicos e ingenieros de audio puedan confiar en los componentes de JBL en cualquier escenario.<\/p>\n<ul>\n<li>Woofer de 15 pulgadas de dise\u00f1o personalizado<\/li>\n<li>Controlador de compresi\u00f3n 2414H<\/li>\n<li>Bocina de alta frecuencia redise\u00f1ada<\/li>\n<li>Potencia: 1.300 W pico \/ 650 W RMS<\/li>\n<li>Respuesta de frecuencia: 45 Hz \u2013 20 kHz (-10 dB); 55 Hz \u2013 20 kHz (-3 dB)<\/li>\n<li>SPL m\u00e1ximo: 128 dB<\/li>\n<li>Dispersi\u00f3n: 90 \u00b0 H x 60 \u00b0 V<\/li>\n<li>Entradas\/salidas de audio: 2 XLR Combo, 1 XLR de paso<\/li>\n<li>DSP dbx avanzado: supresi\u00f3n autom\u00e1tica de retroalimentaci\u00f3n, atenuaci\u00f3n, retardo de altavoz de 100 ms, ecualizador param\u00e9trico<\/li>\n<li>Mezclador digital integrado de 3 canales<\/li>\n<li>La pantalla LCD en color retroiluminada proporciona un f\u00e1cil acceso a las funciones<\/li>\n<li>Control de la aplicaci\u00f3n Universal JBL Pro Connect<\/li>\n<li>Transmisi\u00f3n y control de Bluetooth 5.0<\/li>\n<li>Armario de polipropileno duradero y rejilla de metal<\/li>\n<li>Dos asas ergon\u00f3micas simplifican el transporte<\/li>\n<li>El montaje en poste integrado y el montaje de yugo universal EON700 opcional ampl\u00edan las opciones de configuraci\u00f3n del sistema<\/li>\n<li>Dimensiones (HxWxD): (702 x 438 x 351 mm)<\/li>\n<li>Peso: 16,9 kg<\/li>\n<\/ul>\n<p class=\"ref2\">\n<p class=\"ref2\">\n<\/div>\n<\/div>\n<\/div>\n","protected":false},"excerpt":{"rendered":"<p>El altavoz\u00a0<u>JBL EON715<\/u> de 15 pulgadas es parte de la nueva serie\u00a0 EON700 de PA autoamplificados de JBL, que representa un gran paso adelante en innovaci\u00f3n y tecnolog\u00eda al ofrecer una cobertura verdaderamente inteligible y claramente consistente en cualquier nivel de volumen.<\/p>\n<p>La serie EON700 aprovecha la ciencia ac\u00fastica m\u00e1s reciente, dise\u00f1os de transductores, materiales de gabinete y tecnolog\u00edas de control y DSP avanzadas para ofrecer un rendimiento extraordinario en un sistema port\u00e1til totalmente profesional, altamente flexible y f\u00e1cil de usar.<\/p>\n","protected":false},"featured_media":2482,"comment_status":"open","ping_status":"closed","template":"","meta":[],"product_brand":[],"product_cat":[79],"product_tag":[],"class_list":{"0":"post-2453","1":"product","2":"type-product","3":"status-publish","4":"has-post-thumbnail","6":"product_cat-aparato-de-musica","8":"first","9":"instock","10":"sale","11":"shipping-taxable","12":"purchasable","13":"product-type-simple"},"jetpack_sharing_enabled":true,"_links":{"self":[{"href":"https:\/\/yomas-electrodomesticos.com\/index.php\/wp-json\/wp\/v2\/product\/2453","targetHints":{"allow":["GET"]}}],"collection":[{"href":"https:\/\/yomas-electrodomesticos.com\/index.php\/wp-json\/wp\/v2\/product"}],"about":[{"href":"https:\/\/yomas-electrodomesticos.com\/index.php\/wp-json\/wp\/v2\/types\/product"}],"replies":[{"embeddable":true,"href":"https:\/\/yomas-electrodomesticos.com\/index.php\/wp-json\/wp\/v2\/comments?post=2453"}],"version-history":[{"count":1,"href":"https:\/\/yomas-electrodomesticos.com\/index.php\/wp-json\/wp\/v2\/product\/2453\/revisions"}],"predecessor-version":[{"id":2483,"href":"https:\/\/yomas-electrodomesticos.com\/index.php\/wp-json\/wp\/v2\/product\/2453\/revisions\/2483"}],"wp:featuredmedia":[{"embeddable":true,"href":"https:\/\/yomas-electrodomesticos.com\/index.php\/wp-json\/wp\/v2\/media\/2482"}],"wp:attachment":[{"href":"https:\/\/yomas-electrodomesticos.com\/index.php\/wp-json\/wp\/v2\/media?parent=2453"}],"wp:term":[{"taxonomy":"product_brand","embeddable":true,"href":"https:\/\/yomas-electrodomesticos.com\/index.php\/wp-json\/wp\/v2\/product_brand?post=2453"},{"taxonomy":"product_cat","embeddable":true,"href":"https:\/\/yomas-electrodomesticos.com\/index.php\/wp-json\/wp\/v2\/product_cat?post=2453"},{"taxonomy":"product_tag","embeddable":true,"href":"https:\/\/yomas-electrodomesticos.com\/index.php\/wp-json\/wp\/v2\/product_tag?post=2453"}],"curies":[{"name":"wp","href":"https:\/\/api.w.org\/{rel}","templated":true}]}}