{"id":2454,"date":"2025-07-09T10:52:20","date_gmt":"2025-07-09T08:52:20","guid":{"rendered":"https:\/\/yomas-electrodomesticos.com\/?post_type=product&#038;p=2454"},"modified":"2025-07-09T10:52:32","modified_gmt":"2025-07-09T08:52:32","slug":"behringer-b15x-altavoz-activo-1000w-con-dsp","status":"publish","type":"product","link":"https:\/\/yomas-electrodomesticos.com\/index.php\/producto\/behringer-b15x-altavoz-activo-1000w-con-dsp\/","title":{"rendered":"BEHRINGER B15X Altavoz Activo 1000w con DSP"},"content":{"rendered":"<h2 id=\"h2FichaCaracteristicas\" class=\"h2-ficha h2-detailsP \">Caracter\u00edsticas de Behringer B15x<\/h2>\n<div id=\"caracteristicasDiv\" class=\"fondo-blanco  padding30 \">\n<div class=\" product-features\">\n<div id=\"textoCompleto\" class=\"\">\n<p>BEHRINGER B15X Altavoz Activo 1000w con DSP Klrak Teknik<\/p>\n<p><strong>Behringer B15X\u00a0<\/strong>es el \u00faltimo de la gama de altavoces activos, con un amplificador potente de\u00a0<strong>clase D<\/strong><br \/>\ny un mezclador digital de 3 canales.<\/p>\n<p>Con forma de trapecio contiene un woofer de 15\u00bb y un tweeter de 1.35\u00bb de alta frecuencia.<\/p>\n<p>Se puede controlar a trav\u00e9s de una aplicaci\u00f3n de control remoto para iOS y Android, y esto hace que<br \/>\nsea perfecto para refuerzo de sonido en directo y mucho m\u00e1s.<\/p>\n<p>Tambien dispone de un mayor ajuste con su nuevo DSP.<\/p>\n<p><strong>ESPECIFICACIONES TECNICAS BEHRINGER B15X :<\/strong><\/p>\n<ul>\n<li>Potencia: 1000 W con amplificador Class D<\/li>\n<li>Mezclador digital integrado con posibilidad de control remoto v\u00eda Smartphone<\/li>\n<li>Transmisi\u00f3n de audio por Bluetooth<\/li>\n<li>Presets DSP para diferentes aplicaciones y posiciones de altavoz<\/li>\n<li>2x entradas combinadas XLR \/ jack de 6,3mm<\/li>\n<li>1x Link Out XLR<\/li>\n<li>Resuesta en frecuencia: (\u00b13 dB): 50 &#8211; 20.000 Hz<\/li>\n<li>SPL m\u00e1x. 127 dB<\/li>\n<li>\u00c1ngulo de dispersi\u00f3n (H x V): 85\u00b0 x 60\u00b0<\/li>\n<li>Puerto USB para hasta 2 micr\u00f3fonos sin hilos de ls serie Behringer ULM<\/li>\n<\/ul>\n<p><strong>CARACTERISTICAS TECNICAS BEHRINGER B15X<\/strong><\/p>\n<ul>\n<li>Altavoz de alta potencia de 1000 W para aplicaciones en directo y playback<\/li>\n<li>Mezclador digital de 3 canales con control remoto con configuraci\u00f3n de ganancia<\/li>\n<li>Compatible con uso inal\u00e1mbrico para los sistemas de Behringer inal\u00e1mbricos digitales (no incluidos)<\/li>\n<li>Control remoto con la aplicaci\u00f3n gratuita para iOS\/Android<\/li>\n<li>Reproducci\u00f3n de audio est\u00e9reo con Bluetooth de alta calidad<\/li>\n<li>DSP presets para tipo de aplicaci\u00f3n y posicionamiento de altavoz<\/li>\n<li>Procesador de se\u00f1al digital KLARK TEKNIK para control de sistema total<\/li>\n<li>Tecnolog\u00eda de amplificador revolucionaria clase D<\/li>\n<li>Potencia enorme, rendimiento excelente y peso ligero<\/li>\n<li>Driver potente de 15\u00bb<\/li>\n<li>Interfaz de usuario intuitiva con display LCD para una mejor navegaci\u00f3n<\/li>\n<li>Dispersi\u00f3n ultra ancha<\/li>\n<li>Dise\u00f1o en forma de trapecio para posicionamiento m\u00e1s vers\u00e1til<\/li>\n<li>Asas ergon\u00f3micas para transporte<\/li>\n<li>Dise\u00f1ado en Alemania<\/li>\n<\/ul>\n<\/div>\n<\/div>\n<\/div>\n","protected":false},"excerpt":{"rendered":"<p><strong>ESPECIFICACIONES TECNICAS BEHRINGER B15X :<\/strong><\/p>\n<ul>\n<li>Potencia: 1000 W con amplificador Class D con DSP Klark Teknik<\/li>\n<li>Mezclador digital integrado con posibilidad de control remoto v\u00eda Smartphone<\/li>\n<li>Transmisi\u00f3n de audio por Bluetooth<\/li>\n<li>Presets DSP para diferentes aplicaciones y posiciones de altavoz<\/li>\n<li>2x entradas combinadas XLR \/ jack de 6,3mm<\/li>\n<\/ul>\n","protected":false},"featured_media":2489,"comment_status":"open","ping_status":"closed","template":"","meta":[],"product_brand":[],"product_cat":[79],"product_tag":[],"class_list":{"0":"post-2454","1":"product","2":"type-product","3":"status-publish","4":"has-post-thumbnail","6":"product_cat-aparato-de-musica","8":"first","9":"instock","10":"sale","11":"shipping-taxable","12":"purchasable","13":"product-type-simple"},"jetpack_sharing_enabled":true,"_links":{"self":[{"href":"https:\/\/yomas-electrodomesticos.com\/index.php\/wp-json\/wp\/v2\/product\/2454","targetHints":{"allow":["GET"]}}],"collection":[{"href":"https:\/\/yomas-electrodomesticos.com\/index.php\/wp-json\/wp\/v2\/product"}],"about":[{"href":"https:\/\/yomas-electrodomesticos.com\/index.php\/wp-json\/wp\/v2\/types\/product"}],"replies":[{"embeddable":true,"href":"https:\/\/yomas-electrodomesticos.com\/index.php\/wp-json\/wp\/v2\/comments?post=2454"}],"version-history":[{"count":1,"href":"https:\/\/yomas-electrodomesticos.com\/index.php\/wp-json\/wp\/v2\/product\/2454\/revisions"}],"predecessor-version":[{"id":2490,"href":"https:\/\/yomas-electrodomesticos.com\/index.php\/wp-json\/wp\/v2\/product\/2454\/revisions\/2490"}],"wp:featuredmedia":[{"embeddable":true,"href":"https:\/\/yomas-electrodomesticos.com\/index.php\/wp-json\/wp\/v2\/media\/2489"}],"wp:attachment":[{"href":"https:\/\/yomas-electrodomesticos.com\/index.php\/wp-json\/wp\/v2\/media?parent=2454"}],"wp:term":[{"taxonomy":"product_brand","embeddable":true,"href":"https:\/\/yomas-electrodomesticos.com\/index.php\/wp-json\/wp\/v2\/product_brand?post=2454"},{"taxonomy":"product_cat","embeddable":true,"href":"https:\/\/yomas-electrodomesticos.com\/index.php\/wp-json\/wp\/v2\/product_cat?post=2454"},{"taxonomy":"product_tag","embeddable":true,"href":"https:\/\/yomas-electrodomesticos.com\/index.php\/wp-json\/wp\/v2\/product_tag?post=2454"}],"curies":[{"name":"wp","href":"https:\/\/api.w.org\/{rel}","templated":true}]}}