{"id":2455,"date":"2025-07-09T10:52:20","date_gmt":"2025-07-09T08:52:20","guid":{"rendered":"https:\/\/yomas-electrodomesticos.com\/?post_type=product&#038;p=2455"},"modified":"2025-07-09T10:52:35","modified_gmt":"2025-07-09T08:52:35","slug":"fbt-x-lite-115a-altavoz-amplificado-profesional-1500-watios-bluetooth","status":"publish","type":"product","link":"https:\/\/yomas-electrodomesticos.com\/index.php\/producto\/fbt-x-lite-115a-altavoz-amplificado-profesional-1500-watios-bluetooth\/","title":{"rendered":"FBT X-LITE 115A Altavoz Amplificado Profesional 1500 Watios Bluetooth"},"content":{"rendered":"<p><strong>Caracter\u00edsticas FBT X LITE 115A<\/strong><\/p>\n<ul>\n<li>Configuraci\u00f3n: 2 Vias<\/li>\n<li>Amplificador integrado LF \/ HF: 1200 \/ 300W<\/li>\n<li>Respuesta de frecuencia: 50 Hz &#8211; 20 kHz<\/li>\n<li>Altavoz Woofer: 15 \u00ab<\/li>\n<li>Agudos de 1&#8243;<\/li>\n<li>SPL continuo \/ pico: 125 \/ 130dB m\u00e1x.<\/li>\n<li>Dispersi\u00f3n: 90 \u00b0 x60 \u00b0<\/li>\n<li>Impedancia de entrada: 22 k ohmios<\/li>\n<li>Conector de entrada: entrada \/ salida XLR, conector est\u00e9reo<\/li>\n<li>Conexi\u00f3n Bluetooth 5.0<\/li>\n<li>Cable de alimentaci\u00f3n: 3 m<\/li>\n<li>Dimensiones: 433 x 706,5 x 400mm<\/li>\n<li>Peso: 19,3kg<\/li>\n<\/ul>\n<p>La serie X-LITE se ha renovado con el redise\u00f1o de toda la electr\u00f3nica que permiti\u00f3 aumentar<br \/>\nla potencia y agregar importantes innovaciones, como un mezclador de 3 canales y el uso de Bluetooth 5.0<br \/>\npara la transmisi\u00f3n de audio desde tel\u00e9fonos inteligentes y tabletas.<\/p>\n<p>Adem\u00e1s al uso de altavoces de mayor rendimiento capaces de generar una mayor presi\u00f3n sonora.<\/p>\n<p>Tambi\u00e9n es nueva la \u00abunidad de potencia\u00bb equipada con una fuente de alimentaci\u00f3n conmutada con cambio autom\u00e1tico<br \/>\nde voltaje capaz de operar en el rango de 100-240V.<\/p>\n<p>Dos canales Clase D de alta eficiencia, un mezclador de tres canales con dos entradas de micr\u00f3fono \/ l\u00ednea, una<br \/>\nentrada est\u00e9reo y un canal para transmisi\u00f3n inal\u00e1mbrica de audio con protocolo Bluetooth 5.0 (compatible con versiones<br \/>\nanteriores) que permite el reconocimiento simult\u00e1neo de dos altavoces con la capacidad de controlar de forma remota<br \/>\nsu volumen.<\/p>\n<p>La introducci\u00f3n de un ventilador con control inteligente del n\u00famero de revoluciones permite mantener bajas temperaturas<br \/>\nde funcionamiento del amplificador, garantizando su silencio.<\/p>\n","protected":false},"excerpt":{"rendered":"<p>La serie X-LITE se ha renovado con el redise\u00f1o de toda la electr\u00f3nica que permiti\u00f3 aumentar<br \/>\nla potencia y agregar importantes innovaciones, como un mezclador de 3 canales y el uso de Bluetooth 5.0<br \/>\npara la transmisi\u00f3n de audio desde tel\u00e9fonos inteligentes y tabletas.<\/p>\n","protected":false},"featured_media":2494,"comment_status":"open","ping_status":"closed","template":"","meta":[],"product_brand":[],"product_cat":[79],"product_tag":[],"class_list":{"0":"post-2455","1":"product","2":"type-product","3":"status-publish","4":"has-post-thumbnail","6":"product_cat-aparato-de-musica","8":"first","9":"instock","10":"sale","11":"shipping-taxable","12":"purchasable","13":"product-type-simple"},"jetpack_sharing_enabled":true,"_links":{"self":[{"href":"https:\/\/yomas-electrodomesticos.com\/index.php\/wp-json\/wp\/v2\/product\/2455","targetHints":{"allow":["GET"]}}],"collection":[{"href":"https:\/\/yomas-electrodomesticos.com\/index.php\/wp-json\/wp\/v2\/product"}],"about":[{"href":"https:\/\/yomas-electrodomesticos.com\/index.php\/wp-json\/wp\/v2\/types\/product"}],"replies":[{"embeddable":true,"href":"https:\/\/yomas-electrodomesticos.com\/index.php\/wp-json\/wp\/v2\/comments?post=2455"}],"version-history":[{"count":1,"href":"https:\/\/yomas-electrodomesticos.com\/index.php\/wp-json\/wp\/v2\/product\/2455\/revisions"}],"predecessor-version":[{"id":2495,"href":"https:\/\/yomas-electrodomesticos.com\/index.php\/wp-json\/wp\/v2\/product\/2455\/revisions\/2495"}],"wp:featuredmedia":[{"embeddable":true,"href":"https:\/\/yomas-electrodomesticos.com\/index.php\/wp-json\/wp\/v2\/media\/2494"}],"wp:attachment":[{"href":"https:\/\/yomas-electrodomesticos.com\/index.php\/wp-json\/wp\/v2\/media?parent=2455"}],"wp:term":[{"taxonomy":"product_brand","embeddable":true,"href":"https:\/\/yomas-electrodomesticos.com\/index.php\/wp-json\/wp\/v2\/product_brand?post=2455"},{"taxonomy":"product_cat","embeddable":true,"href":"https:\/\/yomas-electrodomesticos.com\/index.php\/wp-json\/wp\/v2\/product_cat?post=2455"},{"taxonomy":"product_tag","embeddable":true,"href":"https:\/\/yomas-electrodomesticos.com\/index.php\/wp-json\/wp\/v2\/product_tag?post=2455"}],"curies":[{"name":"wp","href":"https:\/\/api.w.org\/{rel}","templated":true}]}}