{"id":2457,"date":"2025-07-09T10:52:21","date_gmt":"2025-07-09T08:52:21","guid":{"rendered":"https:\/\/yomas-electrodomesticos.com\/?post_type=product&#038;p=2457"},"modified":"2025-07-09T10:52:39","modified_gmt":"2025-07-09T08:52:39","slug":"qsc-k12-2-altavoz-activo-12-motor-de-clase-d-de-2000w-pico","status":"publish","type":"product","link":"https:\/\/yomas-electrodomesticos.com\/index.php\/producto\/qsc-k12-2-altavoz-activo-12-motor-de-clase-d-de-2000w-pico\/","title":{"rendered":"QSC K12.2 Altavoz activo 12&#8243; + Motor de clase D de 2000W Pico"},"content":{"rendered":"<h2 id=\"h2FichaCaracteristicas\" class=\"h2-ficha h2-detailsP \">Caracter\u00edsticas de QSC K12.2 12&#8243; 2000w<\/h2>\n<div id=\"caracteristicasDiv\" class=\"fondo-blanco  padding30 \">\n<div class=\" product-features\">\n<div id=\"textoCompleto\" class=\"\">\n<p><strong>QSC K12.2 Altavoz activo 12&#8243; + Motor de clase D de 2000W Pico<\/strong><\/p>\n<ul>\n<li>M\u00f3dulo amplificador de clase D de 2.000W<\/li>\n<li>Woofer de 12&#8243; y driver de compresi\u00f3n de titanio de 1,4&#8243;<\/li>\n<li>Caracter\u00edsticas de dispersi\u00f3n: Axisim\u00e9trica de 75\u00ba<\/li>\n<li>Pantalla multifunci\u00f3n (45 x 25,4mm) \/ 2 botones de selecci\u00f3n<\/li>\n<li>Presets \/ Presets de ecualizaci\u00f3n: Dance \/ Monitor de suelo \/ Vocal \/ Guitarra ac\u00fastica \/ Bajo \/ Micr\u00f3fono de mano \/ Micr\u00f3fono de diadema, etc.<\/li>\n<li>Escenas almacenables y rellamables: Ecualizador de usuario \/ Delay \/ Crossover y selecci\u00f3n de entrada<\/li>\n<li>DSP de alto rendimiento<\/li>\n<li>Corrige distorsiones no lineales<\/li>\n<li>Respuesta en frecuencia (-10dB): 45Hz &#8211; 20kHz<\/li>\n<li>Nivel de presi\u00f3n sonora m\u00e1ximo (a 1m): 132dB<\/li>\n<li>Entradas del canal A: 1 entrada combo de 6,3mm \/ XLR, Entrada de micr\u00f3fono\/l\u00ednea (conmutable)<\/li>\n<li>Control de Ganancia<\/li>\n<li>LED de se\u00f1al<\/li>\n<li>Salidas del canal A: 1 XLR<\/li>\n<li>Entradas del canal B: 1 entrada combo jack de 6,3mm \/ XLR y entrada de l\u00ednea Hi-Z (conmutable)<\/li>\n<li>Salidas del canal B: 1 XLR<\/li>\n<li>Entradas del canal C: 1 jack est\u00e9reo de 3,5mm<\/li>\n<li>Mezclador de 3 canales: Salida Mix-Out (post-ganancia): 1 XLR<\/li>\n<li>Dise\u00f1o de cabina en \u00e1ngulo para monitorizaci\u00f3n con un \u00e1ngulo de 55\u00ba para permitir que la cabina se utilice como un monitor de suelo<\/li>\n<li>Vaso para montaje en soporte de altavoz con una inclinaci\u00f3n de 0\u00ba o -7,5\u00ba<\/li>\n<li>Rejilla del altavoz de acero con recubrimiento en polvo<\/li>\n<li>Carcasa de peso ligero hecha de ABS de alta resistencia y con asas ergon\u00f3micas<\/li>\n<li>2 puntos de montaje M10 con c\u00e1ncamo PullBack integrado<\/li>\n<li>Cable de red V-LOCK con bloqueo para funcionamiento seguro (C13 \/ Schuko)<\/li>\n<li>Bajo consumo de energ\u00eda: Se pueden conectar varios altavoces de la serie K.2 a un cable est\u00e1ndar de 10A \/ 230V<\/li>\n<li>Dimensiones: 602 x 356 x 350mm (alto x ancho x profundo)<\/li>\n<li>Peso: 17,7kg<\/li>\n<\/ul>\n<\/div>\n<\/div>\n<\/div>\n","protected":false},"excerpt":{"rendered":"<p>Altavoz activo 12&#8243; + Motor de clase D<\/p>\n","protected":false},"featured_media":2502,"comment_status":"open","ping_status":"closed","template":"","meta":[],"product_brand":[],"product_cat":[79],"product_tag":[],"class_list":{"0":"post-2457","1":"product","2":"type-product","3":"status-publish","4":"has-post-thumbnail","6":"product_cat-aparato-de-musica","8":"first","9":"instock","10":"sale","11":"shipping-taxable","12":"purchasable","13":"product-type-simple"},"jetpack_sharing_enabled":true,"_links":{"self":[{"href":"https:\/\/yomas-electrodomesticos.com\/index.php\/wp-json\/wp\/v2\/product\/2457","targetHints":{"allow":["GET"]}}],"collection":[{"href":"https:\/\/yomas-electrodomesticos.com\/index.php\/wp-json\/wp\/v2\/product"}],"about":[{"href":"https:\/\/yomas-electrodomesticos.com\/index.php\/wp-json\/wp\/v2\/types\/product"}],"replies":[{"embeddable":true,"href":"https:\/\/yomas-electrodomesticos.com\/index.php\/wp-json\/wp\/v2\/comments?post=2457"}],"version-history":[{"count":1,"href":"https:\/\/yomas-electrodomesticos.com\/index.php\/wp-json\/wp\/v2\/product\/2457\/revisions"}],"predecessor-version":[{"id":2503,"href":"https:\/\/yomas-electrodomesticos.com\/index.php\/wp-json\/wp\/v2\/product\/2457\/revisions\/2503"}],"wp:featuredmedia":[{"embeddable":true,"href":"https:\/\/yomas-electrodomesticos.com\/index.php\/wp-json\/wp\/v2\/media\/2502"}],"wp:attachment":[{"href":"https:\/\/yomas-electrodomesticos.com\/index.php\/wp-json\/wp\/v2\/media?parent=2457"}],"wp:term":[{"taxonomy":"product_brand","embeddable":true,"href":"https:\/\/yomas-electrodomesticos.com\/index.php\/wp-json\/wp\/v2\/product_brand?post=2457"},{"taxonomy":"product_cat","embeddable":true,"href":"https:\/\/yomas-electrodomesticos.com\/index.php\/wp-json\/wp\/v2\/product_cat?post=2457"},{"taxonomy":"product_tag","embeddable":true,"href":"https:\/\/yomas-electrodomesticos.com\/index.php\/wp-json\/wp\/v2\/product_tag?post=2457"}],"curies":[{"name":"wp","href":"https:\/\/api.w.org\/{rel}","templated":true}]}}