{"id":2458,"date":"2025-07-09T10:52:21","date_gmt":"2025-07-09T08:52:21","guid":{"rendered":"https:\/\/yomas-electrodomesticos.com\/?post_type=product&#038;p=2458"},"modified":"2025-07-09T10:52:41","modified_gmt":"2025-07-09T08:52:41","slug":"kit-2-audibax-dsp15-altavoz-15-2-audibax-dsp15s-subwoofer-barras-de-distancia","status":"publish","type":"product","link":"https:\/\/yomas-electrodomesticos.com\/index.php\/producto\/kit-2-audibax-dsp15-altavoz-15-2-audibax-dsp15s-subwoofer-barras-de-distancia\/","title":{"rendered":"Kit 2 Audibax DSP15 Altavoz 15&#8243; + 2 Audibax DSP15s Subwoofer + Barras de distancia"},"content":{"rendered":"<h2>Caracter\u00edsticas de Audibax DSP15 Altavoz 15 Activo L300W+H100W con DSP G2<\/h2>\n<p><strong>Audibax DSP15 Altavoz 15\u00a0 Activo L300W+H100W con DSP G2<\/strong><\/p>\n<p>La nueva gama DSP de Audibax supone un salto de calidad en cuanto a los altavoces activos de la marca. El DSP interno de alta calidad ofrece la posibilidad de modificar par\u00e1metros como la ecualizaci\u00f3n a tres bandas o seleccionar el modo de reproducci\u00f3n seg\u00fan las necesidades en cada momento ( Music, Live, DJ, Speech, etc). Construidos con materiales y componentes de primer nivel, los nuevos Audibax Pro DSP garantizan durabilidad y calidad de sonido en todas las aplicaciones necesarias, ya sea para m\u00fasica en directo como para reproducir m\u00fasica.<\/p>\n<p>El\u00a0<strong>Audibax DSP-15<\/strong>\u00a0<strong>G2\u00a0<\/strong>est\u00e1 dise\u00f1ado con un revolucionario amplificador Clase D que ofrece una potencia incre\u00edble, un rendimiento impresionante y una caja compacta y liviana para su uso y transporte diario.<\/p>\n<p><strong>Especificaciones t\u00e9cnicas:<\/strong><\/p>\n<ul>\n<li>Altavoz activo de 2 v\u00edas de 15 pulgadas con DSP G2<\/li>\n<li>Respuesta de frecuencia: 45Hz-120hz (-10dB)<\/li>\n<li>Potencia de salida RMS: L: 300W + H: 100W<\/li>\n<li>Potencia m\u00e1xima: 800W<\/li>\n<li>Woofer: 15 \u00ab<\/li>\n<li>Tweeter: Titanio de 1,75 \u00bb (44 mm)<\/li>\n<li>Amplificador: Clase \/ D BI-AMP<\/li>\n<li>SPL (Constant): 95 dB<\/li>\n<li>SPL (Peak): 125 dB<\/li>\n<li>Entradas Mic\/Line: 2<\/li>\n<li>Conector de Entradas Mic\/Line: XLR\/Jack Combi<\/li>\n<li>Entrada Auxiliar:1<\/li>\n<li>Conector Entrada Auxiliar:RCA Stereo<\/li>\n<li>Salidas de L\u00ednea: 1<\/li>\n<li>Conector de Salidas de L\u00ednea: XLR<\/li>\n<li>Funci\u00f3n especial: Bluetooth + EQ + DSP<\/li>\n<li>Funciones DSP: Modos de reproducci\u00f3n (M\u00fasica, Sonido Directo, DJ)\n<ul>\n<li>Ajustes ecualizador de 3 bandas<\/li>\n<li>Posici\u00f3n del altavoz: (Monitor de suelo \/Altavoz)<\/li>\n<li>Ajuste del brillo de pantalla<\/li>\n<li>LED frontal encendido\/apagado<\/li>\n<\/ul>\n<\/li>\n<li>Fuente de alimentaci\u00f3n: AC100-240V<\/li>\n<li>Recinto trapezoidal para aplicaciones de monitoreo<\/li>\n<li>Medidas: 420 x 382 x 695 mm<\/li>\n<li>Peso: 18.6 Kg<\/li>\n<\/ul>\n<h2>Caracter\u00edsticas de Audibax Neo 10 Pack Barras de Distancia para Subwoofer + Bolsa<\/h2>\n<p>El Neo 10 Pack es una barra de distancia para altavoces, tambi\u00e9n conocido como barra para satelites. Este producto ofrece una calidad de materiales excepcional y adem\u00e1s cuenta con\u00a0soporte Snap Lock que evita que el pasador de seguridad raye el acabado del tubo durante el transporte. El pack incluye 2 Barras satelites + Bolsa<\/p>\n<h2>Caracter\u00edsticas Generales<\/h2>\n<ul>\n<li>2 x Barra para Satelites<\/li>\n<li>Incluye Bolsa para Transporte<\/li>\n<li>Acero recubierto en polvo<\/li>\n<li>Altura ajustable de 80 cm &#8211; 134 cm<\/li>\n<li>Capacidad de Carga : 50 Kg<\/li>\n<li>Di\u00e1metro del poste: 35mm<\/li>\n<li>Ajuste en altura con tornillo<\/li>\n<li>Peso: 1,54kg<\/li>\n<\/ul>\n<h2>Caracter\u00edsticas de Audibax DSP15s Subwoofer Activo 15 Pulgadas 600W G2<\/h2>\n<p><strong>Caracter\u00edsticas<\/strong><\/p>\n<ul>\n<li>El\u00a0<strong>Audibax DSP15s G2 Subwoofer\u00a0<\/strong>es un altavoz activo de 15&#8243; con un revolucionario amplificador Clase D que ofrece una potencia y rendimiento increible.<\/li>\n<li>El DSP interno de alta calidad ofrece la posibilidad de modificar par\u00e1metros como la ecualizaci\u00f3n ++++++<\/li>\n<li>Cuenta con entrada y salida de l\u00ednea JACK XLR y XLR XLR respectivamente.<\/li>\n<li>Sus materiales y componentes de primer nivel garantizan durabilidad y calidad de sonido en todas las aplicaciones necesarias, ya sean para m\u00fasica en directo, como para reproducir m\u00fasica.<\/li>\n<li>Su caja compacta facilita su uso y transporte diario.<\/li>\n<\/ul>\n","protected":false},"excerpt":{"rendered":"<p><strong>Especificaciones<\/strong><\/p>\n<ul>\n<li>Frecuencia: 35-120Hz (-10dB)<\/li>\n<li>Potencia del amplificador RMS: 600W<\/li>\n<li>Clase\/D + DSP<\/li>\n<li>Woofer de 15&#8243; (Im\u00e1n V.C75-5mm. 70 oz)<\/li>\n<li>SPL (Constant): 97 dB<\/li>\n<li>SPL (Peak): 129 dB<\/li>\n<li>Entrada de conectores: 2 x XLR<\/li>\n<li>Entrada de l\u00ednea: JACK XLR<\/li>\n<li>Salida de l\u00ednea: XLR XLR<\/li>\n<li>Funci\u00f3n: DSP profesional<\/li>\n<li>Fuente de alimentaci\u00f3n: AC120V-230V<\/li>\n<li>Material de la caja: MDF de 18 mm<\/li>\n<li>Acabado de la caja: laca acr\u00edlica negra<\/li>\n<li>Accesorio: Cables de alimentaci\u00f3n<\/li>\n<li>Medidas: 460 x 550 x 535 mm<\/li>\n<li>Peso: 30 kg<\/li>\n<\/ul>\n","protected":false},"featured_media":2505,"comment_status":"open","ping_status":"closed","template":"","meta":[],"product_brand":[],"product_cat":[79],"product_tag":[],"class_list":{"0":"post-2458","1":"product","2":"type-product","3":"status-publish","4":"has-post-thumbnail","6":"product_cat-aparato-de-musica","8":"first","9":"instock","10":"sale","11":"shipping-taxable","12":"purchasable","13":"product-type-simple"},"jetpack_sharing_enabled":true,"_links":{"self":[{"href":"https:\/\/yomas-electrodomesticos.com\/index.php\/wp-json\/wp\/v2\/product\/2458","targetHints":{"allow":["GET"]}}],"collection":[{"href":"https:\/\/yomas-electrodomesticos.com\/index.php\/wp-json\/wp\/v2\/product"}],"about":[{"href":"https:\/\/yomas-electrodomesticos.com\/index.php\/wp-json\/wp\/v2\/types\/product"}],"replies":[{"embeddable":true,"href":"https:\/\/yomas-electrodomesticos.com\/index.php\/wp-json\/wp\/v2\/comments?post=2458"}],"version-history":[{"count":1,"href":"https:\/\/yomas-electrodomesticos.com\/index.php\/wp-json\/wp\/v2\/product\/2458\/revisions"}],"predecessor-version":[{"id":2506,"href":"https:\/\/yomas-electrodomesticos.com\/index.php\/wp-json\/wp\/v2\/product\/2458\/revisions\/2506"}],"wp:featuredmedia":[{"embeddable":true,"href":"https:\/\/yomas-electrodomesticos.com\/index.php\/wp-json\/wp\/v2\/media\/2505"}],"wp:attachment":[{"href":"https:\/\/yomas-electrodomesticos.com\/index.php\/wp-json\/wp\/v2\/media?parent=2458"}],"wp:term":[{"taxonomy":"product_brand","embeddable":true,"href":"https:\/\/yomas-electrodomesticos.com\/index.php\/wp-json\/wp\/v2\/product_brand?post=2458"},{"taxonomy":"product_cat","embeddable":true,"href":"https:\/\/yomas-electrodomesticos.com\/index.php\/wp-json\/wp\/v2\/product_cat?post=2458"},{"taxonomy":"product_tag","embeddable":true,"href":"https:\/\/yomas-electrodomesticos.com\/index.php\/wp-json\/wp\/v2\/product_tag?post=2458"}],"curies":[{"name":"wp","href":"https:\/\/api.w.org\/{rel}","templated":true}]}}