{"id":2459,"date":"2025-07-09T10:52:21","date_gmt":"2025-07-09T08:52:21","guid":{"rendered":"https:\/\/yomas-electrodomesticos.com\/?post_type=product&#038;p=2459"},"modified":"2025-07-09T10:52:43","modified_gmt":"2025-07-09T08:52:43","slug":"2-x-audibax-arkansas-15-altavoces-pro-15-bluetooth-800-w-soportes-altavoz-tripode-con-bolsa-cable-jack-a-xlr-10-metros","status":"publish","type":"product","link":"https:\/\/yomas-electrodomesticos.com\/index.php\/producto\/2-x-audibax-arkansas-15-altavoces-pro-15-bluetooth-800-w-soportes-altavoz-tripode-con-bolsa-cable-jack-a-xlr-10-metros\/","title":{"rendered":"2 x Audibax Arkansas 15 Altavoces PRO 15&#8243; Bluetooth 800 W + Soportes Altavoz Tripode con Bolsa + Cable Jack a XLR 10 metros"},"content":{"rendered":"<h2>Caracter\u00edsticas de Audibax Arkansas 15 Altavoz Profesional Bluetooth 15 USB, 400 Watios<\/h2>\n<p><strong>Audibax Arkansas 15 Altavoz Profesional Bluetooth 15&#8243; USB, 400 Watios<\/strong><\/p>\n<ul>\n<li>Altavoz activo de 2 v\u00edas.<\/li>\n<li>Conexi\u00f3n y reproducci\u00f3n USB\/SD<\/li>\n<li>Conexi\u00f3n Bluetooth.<\/li>\n<li>Ecualizaci\u00f3n propia.<\/li>\n<li>Tama\u00f1o : 15 Pulgadas<\/li>\n<li>HF: 1 \u00abdriver de compresi\u00f3n<\/li>\n<li>Respuesta de frecuencia: 55Hz-20KHz<\/li>\n<li>Sensibilidad: 95 dB<\/li>\n<li>Impedancia: 8 Ohm<\/li>\n<li>Potencia: 200W RMS- 400W de pico<\/li>\n<li>Medidas: 482x395x740mm<\/li>\n<\/ul>\n<p>&nbsp;<\/p>\n<h2>Caracter\u00edsticas de Audibax Neo 130 Soportes Profesionales Tripode para Altavoces PRO. Con Bolsa<\/h2>\n<p><strong>PAREJA Soporte altavoz tipo Tripode de Aluminio con bolsa de transporte<\/strong><br \/>\nConjunto de dos soportes de altavoces con bolsa de transporte<br \/>\nSuper ligeros y muy resistentes, fabricados con tubo de 35 mm, maxima carga preparados para soportar altavoces de hasta 30 Kg, incluye bolsa de transporte de Nilon con asa para el transporte de los dos soportes.<\/p>\n<p><strong>CARACTERISTICAS TECNICAS :<\/strong><\/p>\n<ul>\n<li>Material: Metal<\/li>\n<li>Capacidad de Carga : 30 Kg<\/li>\n<li>Diametro de tubo : 35 mm.<\/li>\n<li>Altura de Soporte :1200-1800mm<\/li>\n<li>Color : Negro Mate<\/li>\n<\/ul>\n<p>&nbsp;<\/p>\n<h2>Caracter\u00edsticas de Audibax Silver Cable XLR Hembra a Jack Mono 10 Metros Negro<\/h2>\n<p><strong>Audibax Silver Cable XLR Hembra a Jack Mono 10 Metros Negro<\/strong><\/p>\n<p>La serie\u00a0<strong>Silver de Audibax<\/strong>\u00a0es una gama para el d\u00eda a d\u00eda de los m\u00fasicos y profesionales del sonido que buscan una calidad muy buena pero a un precio econ\u00f3mico. Cuenta con unos conectores OFC (cobre libre de ox\u00edgeno) de gran calidad que proporcionan una alta transmisi\u00f3n de la se\u00f1al. Posee un duro recubrimiento de PVC que aportan al cable el m\u00e1ximo de aislamiento.<\/p>\n<h2>\nCaracter\u00edsticas del cable<\/h2>\n<p>&nbsp;<\/p>\n<ul>\n<li>Serie : Silver<\/li>\n<li>Tipo : XLR Hembra a Jack Mono<\/li>\n<li>Dise\u00f1o de bajo ruido con reproducci\u00f3n din\u00e1mica completa<\/li>\n<li>Cable con m\u00e1ximo aislamiento.<\/li>\n<li>Conectores de alto rendimiento<\/li>\n<li>Diametro de cable 6 mm.<\/li>\n<li>Secci\u00f3n del conductor 2 mm.<\/li>\n<li>Recubrimento de PVC de gran durabilidad.<\/li>\n<li>Longitud : 10 metros<\/li>\n<li>Color : Negro<\/li>\n<\/ul>\n<p>&nbsp;<\/p>\n<h2>Caracter\u00edsticas Conector A<\/h2>\n<p>&nbsp;<\/p>\n<ul>\n<li>Conector :\u00a0XLR<\/li>\n<li>Tipo : Hembra<\/li>\n<li>N\u00famero de Pines : 3<\/li>\n<li>Contactos de Conector : Plateado<\/li>\n<li>Color : Plateado<\/li>\n<li>Fabricante Conector A : Audibax<\/li>\n<li>Serie Conector A : Silver<\/li>\n<\/ul>\n<h2><\/h2>\n<h2>Caracter\u00edsticas Conector B<\/h2>\n<ul>\n<li>Conector :\u00a0Jack<\/li>\n<li>Tipo : Mono<\/li>\n<li>N\u00famero de Pines : 1<\/li>\n<li>Contactos de Conector : Plateado<\/li>\n<li>Color : Plateado<\/li>\n<li>Fabricante Conector B : Audibax<\/li>\n<li>Serie Conector B : Silver<\/li>\n<\/ul>\n","protected":false},"excerpt":{"rendered":"<h1 class=\"h1product-title  \">2 x Audibax Arkansas 15 Altavoces PRO 15&#8243; Bluetooth 800 W + Soportes Altavoz Tripode con Bolsa + Cable Jack a XLR 10 metros<\/h1>\n","protected":false},"featured_media":2513,"comment_status":"open","ping_status":"closed","template":"","meta":[],"product_brand":[],"product_cat":[79],"product_tag":[],"class_list":{"0":"post-2459","1":"product","2":"type-product","3":"status-publish","4":"has-post-thumbnail","6":"product_cat-aparato-de-musica","8":"first","9":"instock","10":"sale","11":"shipping-taxable","12":"purchasable","13":"product-type-simple"},"jetpack_sharing_enabled":true,"_links":{"self":[{"href":"https:\/\/yomas-electrodomesticos.com\/index.php\/wp-json\/wp\/v2\/product\/2459","targetHints":{"allow":["GET"]}}],"collection":[{"href":"https:\/\/yomas-electrodomesticos.com\/index.php\/wp-json\/wp\/v2\/product"}],"about":[{"href":"https:\/\/yomas-electrodomesticos.com\/index.php\/wp-json\/wp\/v2\/types\/product"}],"replies":[{"embeddable":true,"href":"https:\/\/yomas-electrodomesticos.com\/index.php\/wp-json\/wp\/v2\/comments?post=2459"}],"version-history":[{"count":1,"href":"https:\/\/yomas-electrodomesticos.com\/index.php\/wp-json\/wp\/v2\/product\/2459\/revisions"}],"predecessor-version":[{"id":2514,"href":"https:\/\/yomas-electrodomesticos.com\/index.php\/wp-json\/wp\/v2\/product\/2459\/revisions\/2514"}],"wp:featuredmedia":[{"embeddable":true,"href":"https:\/\/yomas-electrodomesticos.com\/index.php\/wp-json\/wp\/v2\/media\/2513"}],"wp:attachment":[{"href":"https:\/\/yomas-electrodomesticos.com\/index.php\/wp-json\/wp\/v2\/media?parent=2459"}],"wp:term":[{"taxonomy":"product_brand","embeddable":true,"href":"https:\/\/yomas-electrodomesticos.com\/index.php\/wp-json\/wp\/v2\/product_brand?post=2459"},{"taxonomy":"product_cat","embeddable":true,"href":"https:\/\/yomas-electrodomesticos.com\/index.php\/wp-json\/wp\/v2\/product_cat?post=2459"},{"taxonomy":"product_tag","embeddable":true,"href":"https:\/\/yomas-electrodomesticos.com\/index.php\/wp-json\/wp\/v2\/product_tag?post=2459"}],"curies":[{"name":"wp","href":"https:\/\/api.w.org\/{rel}","templated":true}]}}