{"id":2464,"date":"2025-07-09T10:52:22","date_gmt":"2025-07-09T08:52:22","guid":{"rendered":"https:\/\/yomas-electrodomesticos.com\/?post_type=product&#038;p=2464"},"modified":"2025-07-09T10:52:54","modified_gmt":"2025-07-09T08:52:54","slug":"altavoz-con-bluetooth-jbl-flip-6-negro","status":"publish","type":"product","link":"https:\/\/yomas-electrodomesticos.com\/index.php\/producto\/altavoz-con-bluetooth-jbl-flip-6-negro\/","title":{"rendered":"Altavoz con bluetooth JBL Flip 6 negro"},"content":{"rendered":"<table class=\"fichatecnica\">\n<thead>\n<tr>\n<th class=\"head\" colspan=\"2\">Ficha T\u00e9cnica<\/th>\n<\/tr>\n<\/thead>\n<tbody>\n<tr>\n<th class=\"label\">Tipo de producto<\/th>\n<td class=\"data\">Altavoz Bluetooth<\/td>\n<th class=\"label\">Sistema<\/th>\n<td class=\"data\">sistema de 2 v\u00edas<\/td>\n<\/tr>\n<tr>\n<th class=\"label\">Autonom\u00eda de la bater\u00eda<\/th>\n<td class=\"data\">12\u00a0h<\/td>\n<th class=\"label\">Respuesta en frecuencia<\/th>\n<td class=\"data\">63 &#8211; 20.000\u00a0Hz<\/td>\n<\/tr>\n<tr>\n<th class=\"label\">Tiempo de carga de la bater\u00eda<\/th>\n<td class=\"data\">2,5\u00a0h<\/td>\n<th class=\"label\">Versi\u00f3n Bluetooth<\/th>\n<td class=\"data\">Bluetooth 5.1<\/td>\n<\/tr>\n<tr>\n<th class=\"label\">Puerto de carga<\/th>\n<td class=\"data\">USB-C<\/td>\n<th class=\"label\">C\u00f3dec Bluetooth<\/th>\n<td class=\"data\">SBC<\/td>\n<\/tr>\n<tr>\n<th class=\"label\">Principio<\/th>\n<td class=\"data\">activo<\/td>\n<th class=\"label\">Perfiles Bluetooth<\/th>\n<td class=\"data\">A2DP, AVRCP<\/td>\n<\/tr>\n<tr>\n<th class=\"label\">Capacidad de la bater\u00eda<\/th>\n<td class=\"data\">4.800\u00a0mAh<\/td>\n<th class=\"label\">Transmisi\u00f3n inal\u00e1mbrica<\/th>\n<td class=\"data\">Bluetooth<\/td>\n<\/tr>\n<tr>\n<th class=\"label\">Alimentaci\u00f3n<\/th>\n<td class=\"data\">bater\u00eda<\/td>\n<th class=\"label\">Color<\/th>\n<td class=\"data\">negro<\/td>\n<\/tr>\n<tr>\n<th class=\"label\">Tipo de bater\u00eda<\/th>\n<td class=\"data\">pol\u00edmero de litio<\/td>\n<th class=\"label\">Peso<\/th>\n<td class=\"data\">550\u00a0g<\/td>\n<\/tr>\n<tr>\n<th class=\"label\">Funci\u00f3n de sonido<\/th>\n<td class=\"data\">True Wireless Stereo (TWS)<\/td>\n<th class=\"label\">Art\u00edculos incluidos<\/th>\n<td class=\"data\">cable USB-C, instrucciones de uso, gu\u00eda de inicio r\u00e1pido<\/td>\n<\/tr>\n<tr>\n<th class=\"label\">Clase de protecci\u00f3n<\/th>\n<td class=\"data\">IP67<\/td>\n<th class=\"label\">Ancho<\/th>\n<td class=\"data\">178\u00a0mm<\/td>\n<\/tr>\n<tr>\n<th class=\"label\">Funciones<\/th>\n<td class=\"data\">streaming, solo streaming v\u00eda Bluetooth, modo party<\/td>\n<th class=\"label\">Altura<\/th>\n<td class=\"data\">68\u00a0mm<\/td>\n<\/tr>\n<tr>\n<th class=\"label\">Protecciones<\/th>\n<td class=\"data\">resistente al polvo, resistente a salpicaduras<\/td>\n<th class=\"label\">Profundidad<\/th>\n<td class=\"data\">72\u00a0mm<\/td>\n<\/tr>\n<tr>\n<th class=\"label\">Propiedad de control<\/th>\n<td class=\"data\">emparejamiento bluetooth<\/td>\n<th class=\"label\">Compatibilidad con<\/th>\n<td class=\"data\">dispositivo con salida Bluetooth, ordenador port\u00e1til, tableta, smartphone<\/td>\n<\/tr>\n<tr>\n<th class=\"label\">Potencia RMS<\/th>\n<td class=\"data\">30\u00a0W<\/td>\n<th class=\"label\">\u00c1mbitos de aplicaci\u00f3n<\/th>\n<td class=\"data\">de viaje, para m\u00f3vil, jard\u00edn<\/td>\n<\/tr>\n<tr>\n<th class=\"label\">Fecha de lanzamiento<\/th>\n<td class=\"data\">2021<\/td>\n<\/tr>\n<\/tbody>\n<\/table>\n","protected":false},"excerpt":{"rendered":"<p><strong>Altavoz con bluetooth JBL Flip 6 negro<\/strong>\u00a0para una experiencia de audio inal\u00e1mbrica de alta calidad. Ofrece una potencia de sonido de 30W y una conexi\u00f3n Bluetooth de 1.0 para disfrutar de una calidad de sonido superior. El dise\u00f1o compacto y port\u00e1til lo hace perfecto para llevarlo a cualquier lugar. Disfruta de tu m\u00fasica favorita donde quiera que vayas.<\/p>\n","protected":false},"featured_media":2542,"comment_status":"open","ping_status":"closed","template":"","meta":[],"product_brand":[],"product_cat":[79],"product_tag":[],"class_list":{"0":"post-2464","1":"product","2":"type-product","3":"status-publish","4":"has-post-thumbnail","6":"product_cat-aparato-de-musica","8":"first","9":"instock","10":"sale","11":"shipping-taxable","12":"purchasable","13":"product-type-simple"},"jetpack_sharing_enabled":true,"_links":{"self":[{"href":"https:\/\/yomas-electrodomesticos.com\/index.php\/wp-json\/wp\/v2\/product\/2464","targetHints":{"allow":["GET"]}}],"collection":[{"href":"https:\/\/yomas-electrodomesticos.com\/index.php\/wp-json\/wp\/v2\/product"}],"about":[{"href":"https:\/\/yomas-electrodomesticos.com\/index.php\/wp-json\/wp\/v2\/types\/product"}],"replies":[{"embeddable":true,"href":"https:\/\/yomas-electrodomesticos.com\/index.php\/wp-json\/wp\/v2\/comments?post=2464"}],"version-history":[{"count":1,"href":"https:\/\/yomas-electrodomesticos.com\/index.php\/wp-json\/wp\/v2\/product\/2464\/revisions"}],"predecessor-version":[{"id":2543,"href":"https:\/\/yomas-electrodomesticos.com\/index.php\/wp-json\/wp\/v2\/product\/2464\/revisions\/2543"}],"wp:featuredmedia":[{"embeddable":true,"href":"https:\/\/yomas-electrodomesticos.com\/index.php\/wp-json\/wp\/v2\/media\/2542"}],"wp:attachment":[{"href":"https:\/\/yomas-electrodomesticos.com\/index.php\/wp-json\/wp\/v2\/media?parent=2464"}],"wp:term":[{"taxonomy":"product_brand","embeddable":true,"href":"https:\/\/yomas-electrodomesticos.com\/index.php\/wp-json\/wp\/v2\/product_brand?post=2464"},{"taxonomy":"product_cat","embeddable":true,"href":"https:\/\/yomas-electrodomesticos.com\/index.php\/wp-json\/wp\/v2\/product_cat?post=2464"},{"taxonomy":"product_tag","embeddable":true,"href":"https:\/\/yomas-electrodomesticos.com\/index.php\/wp-json\/wp\/v2\/product_tag?post=2464"}],"curies":[{"name":"wp","href":"https:\/\/api.w.org\/{rel}","templated":true}]}}