{"id":2467,"date":"2025-07-09T10:52:23","date_gmt":"2025-07-09T08:52:23","guid":{"rendered":"https:\/\/yomas-electrodomesticos.com\/?post_type=product&#038;p=2467"},"modified":"2025-07-09T10:52:57","modified_gmt":"2025-07-09T08:52:57","slug":"altavoz-con-bluetooth-jbl-charge-5-turquesa","status":"publish","type":"product","link":"https:\/\/yomas-electrodomesticos.com\/index.php\/producto\/altavoz-con-bluetooth-jbl-charge-5-turquesa\/","title":{"rendered":"Altavoz con bluetooth JBL Charge 5 turquesa"},"content":{"rendered":"<table class=\"fichatecnica\">\n<thead>\n<tr>\n<th class=\"head\" colspan=\"2\">Ficha T\u00e9cnica<\/th>\n<\/tr>\n<\/thead>\n<tbody>\n<tr>\n<th class=\"label\">Respuesta de frecuencia din\u00e1mica<\/th>\n<td class=\"data\">60 Hz &#8211; 20k Hz<\/td>\n<th class=\"label\">Resistencia al agua<\/th>\n<td class=\"data\">Resistente al polvo y el agua conforme a la norma IP67<\/td>\n<\/tr>\n<tr>\n<th class=\"label\">Potencia de salida, RMS<\/th>\n<td class=\"data\">40 Watt<\/td>\n<th class=\"label\">Tipo de bater\u00eda<\/th>\n<td class=\"data\">Li-ion polymer 27 Wh<\/td>\n<\/tr>\n<tr>\n<th class=\"label\">Altavoz de graves<\/th>\n<td class=\"data\">52 x 90 mm<\/td>\n<th class=\"label\">Tiempo maximo de reproduccion<\/th>\n<td class=\"data\">20 Horas<\/td>\n<\/tr>\n<tr>\n<th class=\"label\">Tweeter de cupula<\/th>\n<td class=\"data\">20 mm<\/td>\n<th class=\"label\">Charging time (hrs)<\/th>\n<td class=\"data\">4<\/td>\n<\/tr>\n<tr>\n<th class=\"label\">Radiadores de bajos pasivo<\/th>\n<td class=\"data\">2 x 65 mm<\/td>\n<th class=\"label\">Conector de carga<\/th>\n<td class=\"data\">USB-C<\/td>\n<\/tr>\n<tr>\n<th class=\"label\">Dimensiones (cm)<\/th>\n<td class=\"data\">22 x 9.6 x 9.3<\/td>\n<th class=\"label\">Fuente de carga para telefonos<\/th>\n<td class=\"data\">si<\/td>\n<\/tr>\n<tr>\n<th class=\"label\">Dimensiones (in)<\/th>\n<td class=\"data\">8.7 x 3.76 x 3.67<\/td>\n<th class=\"label\">Bluetooth<\/th>\n<td class=\"data\">S\u00ed<\/td>\n<\/tr>\n<tr>\n<th class=\"label\">Weight (kgs)<\/th>\n<td class=\"data\">0.96<\/td>\n<th class=\"label\">Charging cable<\/th>\n<td class=\"data\">S\u00ed<\/td>\n<\/tr>\n<tr>\n<th class=\"label\">Weight (lbs)<\/th>\n<td class=\"data\">2.11<\/td>\n<th class=\"label\">USB para carga de dispositivos m\u00f3viles<\/th>\n<td class=\"data\">S\u00ed<\/td>\n<\/tr>\n<tr>\n<th class=\"label\">Perfiles Bluetooth<\/th>\n<td class=\"data\">A2DP 1.3, AVRCP 1.6<\/td>\n<th class=\"label\">A prueba de agua<\/th>\n<td class=\"data\">S\u00ed<\/td>\n<\/tr>\n<tr>\n<th class=\"label\">Rango de frecuencia de transmisi\u00f3n Bluetooth<\/th>\n<td class=\"data\">2400 MHz &#8211; 2483.5 MHz<\/td>\n<th class=\"label\">Wireless<\/th>\n<td class=\"data\">S\u00ed<\/td>\n<\/tr>\n<tr>\n<th class=\"label\">Transmisi\u00f3n de modulaci\u00f3n GFSK v\u00eda Bluetooth<\/th>\n<td class=\"data\">GFSK, \u03c0\/4 DQPSK, 8DPSK<\/td>\n<th class=\"label\">Bater\u00eda recargable<\/th>\n<td class=\"data\">S\u00ed<\/td>\n<\/tr>\n<tr>\n<th class=\"label\">Potencia de transmisi\u00f3n Bluetooth<\/th>\n<td class=\"data\">\u2264 20 dBm (EIRP)<\/td>\n<th class=\"label\">JBL PartyBoost<\/th>\n<td class=\"data\">S\u00ed<\/td>\n<\/tr>\n<tr>\n<th class=\"label\">Contenido de la caja<\/th>\n<td class=\"data\">1 JBL Charge 5, 1 x cable USB-C, 1 hoja de seguridad, 1 gu\u00eda de inicio r\u00e1pido, 1 tarjeta de garant\u00eda<\/td>\n<\/tr>\n<\/tbody>\n<\/table>\n","protected":false},"excerpt":{"rendered":"<p>El<strong>\u00a0Altavoz con bluetooth JBL Charge 5 turquesa<\/strong>\u00a0es un altavoz port\u00e1til con una potente bater\u00eda de larga duraci\u00f3n para que disfrutes de tu m\u00fasica durante horas. Ofrece un sonido de calidad con una potente respuesta de graves y una calidad de audio n\u00edtida. Adem\u00e1s, cuenta con una conexi\u00f3n inal\u00e1mbrica Bluetooth para disfrutar de la m\u00fasica desde tu dispositivo m\u00f3vil, y un puerto USB para cargar tu dispositivo mientras escuchas.<\/p>\n","protected":false},"featured_media":2561,"comment_status":"open","ping_status":"closed","template":"","meta":[],"product_brand":[],"product_cat":[79],"product_tag":[],"class_list":{"0":"post-2467","1":"product","2":"type-product","3":"status-publish","4":"has-post-thumbnail","6":"product_cat-aparato-de-musica","8":"first","9":"instock","10":"sale","11":"shipping-taxable","12":"purchasable","13":"product-type-simple"},"jetpack_sharing_enabled":true,"_links":{"self":[{"href":"https:\/\/yomas-electrodomesticos.com\/index.php\/wp-json\/wp\/v2\/product\/2467","targetHints":{"allow":["GET"]}}],"collection":[{"href":"https:\/\/yomas-electrodomesticos.com\/index.php\/wp-json\/wp\/v2\/product"}],"about":[{"href":"https:\/\/yomas-electrodomesticos.com\/index.php\/wp-json\/wp\/v2\/types\/product"}],"replies":[{"embeddable":true,"href":"https:\/\/yomas-electrodomesticos.com\/index.php\/wp-json\/wp\/v2\/comments?post=2467"}],"version-history":[{"count":1,"href":"https:\/\/yomas-electrodomesticos.com\/index.php\/wp-json\/wp\/v2\/product\/2467\/revisions"}],"predecessor-version":[{"id":2562,"href":"https:\/\/yomas-electrodomesticos.com\/index.php\/wp-json\/wp\/v2\/product\/2467\/revisions\/2562"}],"wp:featuredmedia":[{"embeddable":true,"href":"https:\/\/yomas-electrodomesticos.com\/index.php\/wp-json\/wp\/v2\/media\/2561"}],"wp:attachment":[{"href":"https:\/\/yomas-electrodomesticos.com\/index.php\/wp-json\/wp\/v2\/media?parent=2467"}],"wp:term":[{"taxonomy":"product_brand","embeddable":true,"href":"https:\/\/yomas-electrodomesticos.com\/index.php\/wp-json\/wp\/v2\/product_brand?post=2467"},{"taxonomy":"product_cat","embeddable":true,"href":"https:\/\/yomas-electrodomesticos.com\/index.php\/wp-json\/wp\/v2\/product_cat?post=2467"},{"taxonomy":"product_tag","embeddable":true,"href":"https:\/\/yomas-electrodomesticos.com\/index.php\/wp-json\/wp\/v2\/product_tag?post=2467"}],"curies":[{"name":"wp","href":"https:\/\/api.w.org\/{rel}","templated":true}]}}