{"id":2468,"date":"2025-07-09T10:52:23","date_gmt":"2025-07-09T08:52:23","guid":{"rendered":"https:\/\/yomas-electrodomesticos.com\/?post_type=product&#038;p=2468"},"modified":"2025-07-09T10:52:58","modified_gmt":"2025-07-09T08:52:58","slug":"altavoz-con-bluetooth-denon-home-350-blanco","status":"publish","type":"product","link":"https:\/\/yomas-electrodomesticos.com\/index.php\/producto\/altavoz-con-bluetooth-denon-home-350-blanco\/","title":{"rendered":"Altavoz con bluetooth Denon Home 350 blanco"},"content":{"rendered":"<table class=\"fichatecnica\">\n<thead>\n<tr>\n<th class=\"head\" colspan=\"2\">Ficha T\u00e9cnica<\/th>\n<\/tr>\n<\/thead>\n<tbody>\n<tr>\n<th class=\"label\">Tipos de producto<\/th>\n<td class=\"data\">Altavoz wifi, Altavoz Bluetooth<\/td>\n<th class=\"label\">C\u00f3dec Bluetooth<\/th>\n<td class=\"data\">SBC<\/td>\n<\/tr>\n<tr>\n<th class=\"label\">Puerto de carga<\/th>\n<td class=\"data\">conector de alimentaci\u00f3n<\/td>\n<th class=\"label\">Perfiles Bluetooth<\/th>\n<td class=\"data\">A2DP, HFP (Handsfree)<\/td>\n<\/tr>\n<tr>\n<th class=\"label\">Principio<\/th>\n<td class=\"data\">activo<\/td>\n<th class=\"label\">Transmisiones inal\u00e1mbricas<\/th>\n<td class=\"data\">AirPlay, AirPlay 2, wifi, Bluetooth<\/td>\n<\/tr>\n<tr>\n<th class=\"label\">Alimentaci\u00f3n<\/th>\n<td class=\"data\">adaptador de corriente<\/td>\n<th class=\"label\">Color<\/th>\n<td class=\"data\">blanco<\/td>\n<\/tr>\n<tr>\n<th class=\"label\">Contiene<\/th>\n<td class=\"data\">reproductor MP3, micr\u00f3fono, lector USB<\/td>\n<th class=\"label\">N\u00famero de tweeters<\/th>\n<td class=\"data\">2<\/td>\n<\/tr>\n<tr>\n<th class=\"label\">Formato de reproducci\u00f3n<\/th>\n<td class=\"data\">MP3<\/td>\n<th class=\"label\">Chasis para tweeter<\/th>\n<td class=\"data\">19\u00a0mm<\/td>\n<\/tr>\n<tr>\n<th class=\"label\">Gama de recepci\u00f3n<\/th>\n<td class=\"data\">radio Internet<\/td>\n<th class=\"label\">N\u00famero de medios<\/th>\n<td class=\"data\">2<\/td>\n<\/tr>\n<tr>\n<th class=\"label\">Funciones<\/th>\n<td class=\"data\">radio Internet, streaming, altavoces emparejables, manos libres<\/td>\n<th class=\"label\">Chasis para medios<\/th>\n<td class=\"data\">50\u00a0mm<\/td>\n<\/tr>\n<tr>\n<th class=\"label\">Servicios de streaming disponibles<\/th>\n<td class=\"data\">Amazon Music, Deezer, Soundcloud, Spotify, TuneIn, Tidal<\/td>\n<th class=\"label\">N\u00famero de Woofers<\/th>\n<td class=\"data\">2<\/td>\n<\/tr>\n<tr>\n<th class=\"label\">Controlable mediante<\/th>\n<td class=\"data\">aplicaci\u00f3n de control (App), teclas<\/td>\n<th class=\"label\">Chasis para woofer<\/th>\n<td class=\"data\">165\u00a0mm<\/td>\n<\/tr>\n<tr>\n<th class=\"label\">App de control<\/th>\n<td class=\"data\">HEOS by Denon<\/td>\n<th class=\"label\">Peso<\/th>\n<td class=\"data\">6,3\u00a0kg<\/td>\n<\/tr>\n<tr>\n<th class=\"label\">Indicadores LED<\/th>\n<td class=\"data\">Bluetooth, volumen<\/td>\n<th class=\"label\">Art\u00edculos incluidos<\/th>\n<td class=\"data\">instrucciones de uso, cable de alimentaci\u00f3n, hoja de seguridad, guia r\u00e1pida de instrucciones<\/td>\n<\/tr>\n<tr>\n<th class=\"label\">Propiedades de control<\/th>\n<td class=\"data\">volumen regulable, responder\/finalizar, emparejamiento bluetooth<\/td>\n<th class=\"label\">Ancho<\/th>\n<td class=\"data\">380\u00a0mm<\/td>\n<\/tr>\n<tr>\n<th class=\"label\">Aplicaciones disponible para<\/th>\n<td class=\"data\">Android, iOS<\/td>\n<th class=\"label\">Altura<\/th>\n<td class=\"data\">225\u00a0mm<\/td>\n<\/tr>\n<tr>\n<th class=\"label\">Sistema de altavoces<\/th>\n<td class=\"data\">est\u00e9reo 2.0<\/td>\n<th class=\"label\">Profundidad<\/th>\n<td class=\"data\">180\u00a0mm<\/td>\n<\/tr>\n<tr>\n<th class=\"label\">Entrada digital<\/th>\n<td class=\"data\">USB<\/td>\n<th class=\"label\">Asistente virtual<\/th>\n<td class=\"data\">Alexa integrado (Amazon), Google Assistant integrado (Google)<\/td>\n<\/tr>\n<tr>\n<th class=\"label\">Entrada anal\u00f3gica<\/th>\n<td class=\"data\">conector jack 3,5 mm (Aux-In)<\/td>\n<th class=\"label\">Compatibilidad con<\/th>\n<td class=\"data\">Apple iPad, aparatos con salida jack 3,5 mm, dispositivo con salida Bluetooth, ordenador port\u00e1til, tableta, reproductor MP3, smartphone<\/td>\n<\/tr>\n<tr>\n<th class=\"label\">\u00c1mbitos de aplicaci\u00f3n<\/th>\n<td class=\"data\">sal\u00f3n, Home Cinema, multisala<\/td>\n<\/tr>\n<tr>\n<th class=\"label\">Fecha de lanzamiento<\/th>\n<td class=\"data\">2020<\/td>\n<\/tr>\n<\/tbody>\n<\/table>\n","protected":false},"excerpt":{"rendered":"<p>Con este fant\u00e1stico<strong>\u00a0Altavoz con bluetooth Denon Home 350 blanco<\/strong>\u00a0podr\u00e1s disfrutar cada detalle de tus canciones favoritas como nunca antes. Adem\u00e1s, este dispositivo es compatible con diversas plataformas de streaming como Spotify o Amazon Music, entre otros, lo que te permite acceder a millones de canciones al instante. La conectividad Wi-Fi y Bluetooth asegura una f\u00e1cil integraci\u00f3n con otros dispositivos inteligentes en tu hogar. Tambi\u00e9n puedes agrupar varios altavoces Denon Home para crear un sistema multiroom sin complicaciones. La configuraci\u00f3n del Denon Home 350 es intuitiva gracias a la aplicaci\u00f3n HEOS, disponible tanto para iOS como Android.<\/p>\n","protected":false},"featured_media":2566,"comment_status":"open","ping_status":"closed","template":"","meta":[],"product_brand":[],"product_cat":[79],"product_tag":[],"class_list":{"0":"post-2468","1":"product","2":"type-product","3":"status-publish","4":"has-post-thumbnail","6":"product_cat-aparato-de-musica","8":"first","9":"instock","10":"sale","11":"shipping-taxable","12":"purchasable","13":"product-type-simple"},"jetpack_sharing_enabled":true,"_links":{"self":[{"href":"https:\/\/yomas-electrodomesticos.com\/index.php\/wp-json\/wp\/v2\/product\/2468","targetHints":{"allow":["GET"]}}],"collection":[{"href":"https:\/\/yomas-electrodomesticos.com\/index.php\/wp-json\/wp\/v2\/product"}],"about":[{"href":"https:\/\/yomas-electrodomesticos.com\/index.php\/wp-json\/wp\/v2\/types\/product"}],"replies":[{"embeddable":true,"href":"https:\/\/yomas-electrodomesticos.com\/index.php\/wp-json\/wp\/v2\/comments?post=2468"}],"version-history":[{"count":1,"href":"https:\/\/yomas-electrodomesticos.com\/index.php\/wp-json\/wp\/v2\/product\/2468\/revisions"}],"predecessor-version":[{"id":2567,"href":"https:\/\/yomas-electrodomesticos.com\/index.php\/wp-json\/wp\/v2\/product\/2468\/revisions\/2567"}],"wp:featuredmedia":[{"embeddable":true,"href":"https:\/\/yomas-electrodomesticos.com\/index.php\/wp-json\/wp\/v2\/media\/2566"}],"wp:attachment":[{"href":"https:\/\/yomas-electrodomesticos.com\/index.php\/wp-json\/wp\/v2\/media?parent=2468"}],"wp:term":[{"taxonomy":"product_brand","embeddable":true,"href":"https:\/\/yomas-electrodomesticos.com\/index.php\/wp-json\/wp\/v2\/product_brand?post=2468"},{"taxonomy":"product_cat","embeddable":true,"href":"https:\/\/yomas-electrodomesticos.com\/index.php\/wp-json\/wp\/v2\/product_cat?post=2468"},{"taxonomy":"product_tag","embeddable":true,"href":"https:\/\/yomas-electrodomesticos.com\/index.php\/wp-json\/wp\/v2\/product_tag?post=2468"}],"curies":[{"name":"wp","href":"https:\/\/api.w.org\/{rel}","templated":true}]}}