{"id":2470,"date":"2025-07-09T10:52:24","date_gmt":"2025-07-09T08:52:24","guid":{"rendered":"https:\/\/yomas-electrodomesticos.com\/?post_type=product&#038;p=2470"},"modified":"2025-07-09T10:53:00","modified_gmt":"2025-07-09T08:53:00","slug":"altavoz-aiwa-fire-kbtus-608mkii-600w-negro","status":"publish","type":"product","link":"https:\/\/yomas-electrodomesticos.com\/index.php\/producto\/altavoz-aiwa-fire-kbtus-608mkii-600w-negro\/","title":{"rendered":"Altavoz Aiwa Fire KBTUS-608MKII 600W negro"},"content":{"rendered":"<table class=\"fichatecnica\">\n<thead>\n<tr>\n<th class=\"head\" colspan=\"2\">Ficha T\u00e9cnica<\/th>\n<\/tr>\n<\/thead>\n<tbody>\n<tr>\n<th class=\"label\">Sistema de iluminaci\u00f3n<\/th>\n<td class=\"data\">RGB-LED Party Speaker incorporado.<\/td>\n<th class=\"label\">Seis efectos de sonido de fiesta de 1 toque incorporados<\/th>\n<td class=\"data\">(INTRO, CLAPPING, ROCK, WHISTLE, CHEEP, EXPLODE).<\/td>\n<\/tr>\n<tr>\n<th class=\"label\">Salida de audio de alta potencia<\/th>\n<td class=\"data\">600W PMPO \/80W RMS.<\/td>\n<th class=\"label\">Controles giratorios independientes de precisi\u00f3n de<\/th>\n<td class=\"data\">graves y agudos.<\/td>\n<\/tr>\n<tr>\n<th class=\"label\">8\u2033<\/th>\n<td class=\"data\">x 2 potentes controladores HyperBass de baja frecuencia.<\/td>\n<th class=\"label\">Pantalla<\/th>\n<td class=\"data\">LED BLANCO de alto contraste.<\/td>\n<\/tr>\n<tr>\n<th class=\"label\">Tweeter de alta frecuencia de<\/th>\n<td class=\"data\">1\u2033, x 1 para Crystal Sharp Audio.<\/td>\n<th class=\"label\">Conector de entrada de micr\u00f3fono de<\/th>\n<td class=\"data\">6,3 mm incorporado.<\/td>\n<\/tr>\n<tr>\n<th class=\"label\">Respuesta de Frecuencia<\/th>\n<td class=\"data\">55Hz \u2013, 18KHz (Sensibilidad= 92\u00b13dB).<\/td>\n<th class=\"label\">MICS DE KARAOKE<\/th>\n<td class=\"data\">inal\u00e1mbricos de largo alcance DUAL VHF (2 piezas) incluidos.<\/td>\n<\/tr>\n<tr>\n<th class=\"label\">El receptor de audio<\/th>\n<td class=\"data\">Bluetooth 5.0 funciona con todos los dispositivos m\u00f3viles.<\/td>\n<th class=\"label\">Control<\/th>\n<td class=\"data\">ECHO con perilla de ajuste giratoria.<\/td>\n<\/tr>\n<tr>\n<th class=\"label\">Alcance inal\u00e1mbrico<\/th>\n<td class=\"data\">10 m (30 pies).<\/td>\n<th class=\"label\">Control giratorio de volumen de<\/th>\n<td class=\"data\">MICR\u00d3FONO independiente para mezcla de micr\u00f3fono.<\/td>\n<\/tr>\n<tr>\n<th class=\"label\">Sintonizador de radio FM<\/th>\n<td class=\"data\">integrado con antena interna.<\/td>\n<th class=\"label\">Funci\u00f3n de prioridad de micr\u00f3fono<\/th>\n<td class=\"data\">(ajuste autom\u00e1tico del nivel de m\u00fasica durante el karaoke).<\/td>\n<\/tr>\n<tr>\n<th class=\"label\">Puerto USB y ranura Micro-SD (TF)<\/th>\n<td class=\"data\">para reproducci\u00f3n de MP3.<\/td>\n<th class=\"label\">Conector de entrada<\/th>\n<td class=\"data\">DC-12V para usar con cualquier bater\u00eda de veh\u00edculo de 12V DC.<\/td>\n<\/tr>\n<tr>\n<th class=\"label\">Entrada AUX Jack de entrada est\u00e9reo de<\/th>\n<td class=\"data\">3,5 mm para conexi\u00f3n de dispositivos externos.<\/td>\n<th class=\"label\">Bater\u00eda recargable de<\/th>\n<td class=\"data\">12 V\/7 Ah de alta resistencia integrada con 5 a 8 horas de tiempo de reproducci\u00f3n.<\/td>\n<\/tr>\n<tr>\n<th class=\"label\">Funci\u00f3n True Wireless Stereo (TWS)<\/th>\n<td class=\"data\">para emparejar 2 mismos altavoces sin cables.<\/td>\n<th class=\"label\">Adaptador externo<\/th>\n<td class=\"data\">AC\/DC 15V 3A salida.<\/td>\n<\/tr>\n<tr>\n<th class=\"label\">Funci\u00f3n de grabaci\u00f3n de audio<\/th>\n<td class=\"data\">(usando el control remoto) para grabaci\u00f3n digital MP3 a USB\/Micro-SD.<\/td>\n<th class=\"label\">Mando a distancia<\/th>\n<td class=\"data\">ergon\u00f3mico inal\u00e1mbrico.<\/td>\n<\/tr>\n<tr>\n<th class=\"label\">DSP con ecualizador preestablecido de 6 (integrado en el control remoto)<\/th>\n<td class=\"data\">NORMAL\/ROCK\/POP\/CLASSIC\/JAZZ\/COUNTRY.<\/td>\n<th class=\"label\">Dimensiones<\/th>\n<td class=\"data\">278 x 280 x 753 mm.<\/td>\n<\/tr>\n<tr>\n<th class=\"label\">Peso<\/th>\n<td class=\"data\">16 kg.<\/td>\n<\/tr>\n<\/tbody>\n<\/table>\n","protected":false},"excerpt":{"rendered":"<p>El\u00a0<b>Altavoz Aiwa Fire KBTUS-608MKII 600W negro<\/b>\u00a0es un dispositivo de audio compacto y vers\u00e1til que te permitir\u00e1 disfrutar de tu m\u00fasica favorita en cualquier lugar y momento. Con su dise\u00f1o elegante y moderno, este altavoz se convertir\u00e1 en el complemento perfecto para tus actividades al aire libre, fiestas o simplemente para relajarte en casa. Una de las principales caracter\u00edsticas del Aiwa Fire KBTUS-608MKII es su conectividad Bluetooth, lo que te permitir\u00e1 reproducir m\u00fasica de forma inal\u00e1mbrica desde tu smartphone, tablet u otros dispositivos compatibles. Adem\u00e1s, cuenta con una entrada auxiliar de 3.5 mm para conectarlo a dispositivos no compatibles con Bluetooth. La calidad del sonido es otro aspecto destacado de este altavoz. Gracias a sus dos potentes drivers est\u00e9reo y su radiador pasivo integrado, podr\u00e1s disfrutar de un sonido claro y n\u00edtido con graves profundos y agudos definidos.<\/p>\n","protected":false},"featured_media":2576,"comment_status":"open","ping_status":"closed","template":"","meta":[],"product_brand":[],"product_cat":[79],"product_tag":[],"class_list":{"0":"post-2470","1":"product","2":"type-product","3":"status-publish","4":"has-post-thumbnail","6":"product_cat-aparato-de-musica","8":"first","9":"instock","10":"sale","11":"shipping-taxable","12":"purchasable","13":"product-type-simple"},"jetpack_sharing_enabled":true,"_links":{"self":[{"href":"https:\/\/yomas-electrodomesticos.com\/index.php\/wp-json\/wp\/v2\/product\/2470","targetHints":{"allow":["GET"]}}],"collection":[{"href":"https:\/\/yomas-electrodomesticos.com\/index.php\/wp-json\/wp\/v2\/product"}],"about":[{"href":"https:\/\/yomas-electrodomesticos.com\/index.php\/wp-json\/wp\/v2\/types\/product"}],"replies":[{"embeddable":true,"href":"https:\/\/yomas-electrodomesticos.com\/index.php\/wp-json\/wp\/v2\/comments?post=2470"}],"version-history":[{"count":1,"href":"https:\/\/yomas-electrodomesticos.com\/index.php\/wp-json\/wp\/v2\/product\/2470\/revisions"}],"predecessor-version":[{"id":2577,"href":"https:\/\/yomas-electrodomesticos.com\/index.php\/wp-json\/wp\/v2\/product\/2470\/revisions\/2577"}],"wp:featuredmedia":[{"embeddable":true,"href":"https:\/\/yomas-electrodomesticos.com\/index.php\/wp-json\/wp\/v2\/media\/2576"}],"wp:attachment":[{"href":"https:\/\/yomas-electrodomesticos.com\/index.php\/wp-json\/wp\/v2\/media?parent=2470"}],"wp:term":[{"taxonomy":"product_brand","embeddable":true,"href":"https:\/\/yomas-electrodomesticos.com\/index.php\/wp-json\/wp\/v2\/product_brand?post=2470"},{"taxonomy":"product_cat","embeddable":true,"href":"https:\/\/yomas-electrodomesticos.com\/index.php\/wp-json\/wp\/v2\/product_cat?post=2470"},{"taxonomy":"product_tag","embeddable":true,"href":"https:\/\/yomas-electrodomesticos.com\/index.php\/wp-json\/wp\/v2\/product_tag?post=2470"}],"curies":[{"name":"wp","href":"https:\/\/api.w.org\/{rel}","templated":true}]}}