{"id":2471,"date":"2025-07-09T10:52:24","date_gmt":"2025-07-09T08:52:24","guid":{"rendered":"https:\/\/yomas-electrodomesticos.com\/?post_type=product&#038;p=2471"},"modified":"2025-07-09T10:53:02","modified_gmt":"2025-07-09T08:53:02","slug":"altavoz-harman-kardon-onyx-studio-8-champan","status":"publish","type":"product","link":"https:\/\/yomas-electrodomesticos.com\/index.php\/producto\/altavoz-harman-kardon-onyx-studio-8-champan\/","title":{"rendered":"Altavoz Harman Kardon Onyx Studio 8 Champ\u00e1n"},"content":{"rendered":"<p>Rendimiento de sonido superior: La ingenier\u00eda ac\u00fastica inigualable de Harman Kardon ofrece un sonido rico que llena la habitaci\u00f3n en cualquier entorno, ya sea que est\u00e9 escuchando su m\u00fasica favorita o haciendo conferencias telef\u00f3nicas n\u00edtidas.<br \/>\nDise\u00f1o elegante: Fabricado con materiales de primera calidad, el Onyx Studio 8 se integra perfectamente en su vida y su hogar. El elegante asa de aluminio anodizado, que funciona como una base resistente, significa que puede transportarlo f\u00e1cilmente de una habitaci\u00f3n a otra.<br \/>\nAutoajuste: Disfruta de sonidos perfectos dondequiera que lleves la m\u00fasica. Cuando lo enciende, el Onyx Studio 8 se calibra autom\u00e1ticamente para su entorno, lo que garantiza el mejor sonido posible sin importar d\u00f3nde lo coloque.<\/p>\n<p>Especificaciones Harman Kardon Onyx Studio 8:<br \/>\nEspecificaciones generales<br \/>\nTransductores Woofer 1 x 120 mm, Tweeter 2 x 20 mm<br \/>\nPotencia nominal de salida 50W RMS<br \/>\nAlimentaci\u00f3n 100-240Vac, 50Hz\/60Hz<br \/>\nRespuesta de frecuencia 50Hz &#8211; 20kHz (-6dB)<br \/>\nRelaci\u00f3n se\u00f1al\/ruido &gt; 80 dB<br \/>\nDimensiones<br \/>\nDimensiones (An. x Al. x Pr.) 312 x 275,8 x 163,8 mm<br \/>\nPeso 3,52 kg<br \/>\nEspecificaciones de Control y Conexi\u00f3n<br \/>\nBluetooth\u00ae versi\u00f3n 5.2<br \/>\nPerfil Bluetooth\u00ae A2DP 1.3, AVRCP 1.6<br \/>\nRango de frecuencia del transmisor Bluetooth\u00ae 2400 MHz \u2013 2483,5 MHz<br \/>\nPotencia del transmisor Bluetooth\u00ae ? 12dBm (EIRP)<br \/>\nTransmisor Bluetooth\u00ae modulaci\u00f3n GFSK, ?\/4 DQPSK, 8DPSK<br \/>\nBater\u00eda<br \/>\nTipo de bater\u00eda Li-ion pol\u00edmero 11,70 Wh (equivalente a 3,6 V\/ 3250 mAh)<br \/>\nTiempo de carga de la bater\u00eda 5 horas<br \/>\nTiempo de reproducci\u00f3n de m\u00fasica de hasta 8 horas (seg\u00fan el nivel de volumen y el contenido de audio)<\/p>\n","protected":false},"excerpt":{"rendered":"<p>Cree su propio ambiente con el Harman Kardon Onyx Studio 8. Tanto elegante como sostenible, est\u00e1 fabricado con materiales reciclados, combinando opciones ecol\u00f3gicas y un hermoso dise\u00f1o. Utilice el elegante asa de aluminio anodizado para llevar el altavoz port\u00e1til a cualquier parte. Cuando mueve el altavoz de una habitaci\u00f3n a otra y lo enciende, Onyx Studio 8 se calibra autom\u00e1ticamente para optimizar el rendimiento de audio.<br \/>\nPuede usar Bluetooth f\u00e1cilmente para emparejar dos dispositivos y turnarse para reproducir su m\u00fasica favorita. Ya sea que est\u00e9 hablando todo el d\u00eda con llamadas n\u00edtidas con manos libres o relaj\u00e1ndose con su lista de reproducci\u00f3n favorita, las 8 horas de duraci\u00f3n de la bater\u00eda significan que nunca perder\u00e1 el ritmo.<\/p>\n","protected":false},"featured_media":2582,"comment_status":"open","ping_status":"closed","template":"","meta":[],"product_brand":[],"product_cat":[79],"product_tag":[],"class_list":{"0":"post-2471","1":"product","2":"type-product","3":"status-publish","4":"has-post-thumbnail","6":"product_cat-aparato-de-musica","8":"first","9":"instock","10":"sale","11":"shipping-taxable","12":"purchasable","13":"product-type-simple"},"jetpack_sharing_enabled":true,"_links":{"self":[{"href":"https:\/\/yomas-electrodomesticos.com\/index.php\/wp-json\/wp\/v2\/product\/2471","targetHints":{"allow":["GET"]}}],"collection":[{"href":"https:\/\/yomas-electrodomesticos.com\/index.php\/wp-json\/wp\/v2\/product"}],"about":[{"href":"https:\/\/yomas-electrodomesticos.com\/index.php\/wp-json\/wp\/v2\/types\/product"}],"replies":[{"embeddable":true,"href":"https:\/\/yomas-electrodomesticos.com\/index.php\/wp-json\/wp\/v2\/comments?post=2471"}],"version-history":[{"count":1,"href":"https:\/\/yomas-electrodomesticos.com\/index.php\/wp-json\/wp\/v2\/product\/2471\/revisions"}],"predecessor-version":[{"id":2583,"href":"https:\/\/yomas-electrodomesticos.com\/index.php\/wp-json\/wp\/v2\/product\/2471\/revisions\/2583"}],"wp:featuredmedia":[{"embeddable":true,"href":"https:\/\/yomas-electrodomesticos.com\/index.php\/wp-json\/wp\/v2\/media\/2582"}],"wp:attachment":[{"href":"https:\/\/yomas-electrodomesticos.com\/index.php\/wp-json\/wp\/v2\/media?parent=2471"}],"wp:term":[{"taxonomy":"product_brand","embeddable":true,"href":"https:\/\/yomas-electrodomesticos.com\/index.php\/wp-json\/wp\/v2\/product_brand?post=2471"},{"taxonomy":"product_cat","embeddable":true,"href":"https:\/\/yomas-electrodomesticos.com\/index.php\/wp-json\/wp\/v2\/product_cat?post=2471"},{"taxonomy":"product_tag","embeddable":true,"href":"https:\/\/yomas-electrodomesticos.com\/index.php\/wp-json\/wp\/v2\/product_tag?post=2471"}],"curies":[{"name":"wp","href":"https:\/\/api.w.org\/{rel}","templated":true}]}}