{"id":2472,"date":"2025-07-09T10:52:24","date_gmt":"2025-07-09T08:52:24","guid":{"rendered":"https:\/\/yomas-electrodomesticos.com\/?post_type=product&#038;p=2472"},"modified":"2025-07-09T10:53:04","modified_gmt":"2025-07-09T08:53:04","slug":"altavoz-inalambrico-harman-kardon-go-play-3-160-w-usb-c-autonomia-8h-gris","status":"publish","type":"product","link":"https:\/\/yomas-electrodomesticos.com\/index.php\/producto\/altavoz-inalambrico-harman-kardon-go-play-3-160-w-usb-c-autonomia-8h-gris\/","title":{"rendered":"Altavoz inal\u00e1mbrico &#8211; Harman Kardon Go+ Play 3, 160 W, USB-C, Autonom\u00eda 8h, Gris"},"content":{"rendered":"<table class=\"sc-4fa5c86b-0 ghZSzg\">\n<thead class=\"sc-4d4fd441-0 fAxnSG\">\n<tr class=\"sc-cda3276b-0 iNKSCY\">\n<th class=\"sc-27ebc524-0 Lhmuk\">\n<p class=\"sc-8b815c14-0 fWfCPI\">Caracteristicas t\u00e9cnicas<\/p>\n<\/th>\n<th class=\"sc-27ebc524-0 dOIQbM\"><\/th>\n<\/tr>\n<\/thead>\n<tbody class=\"sc-18c0a0ab-0 hjSrbh\">\n<tr class=\"sc-cda3276b-0 iNKSCY\">\n<td class=\"sc-27ebc524-0 iIdXkJ\">\n<p class=\"sc-8b815c14-0 VLjjq\">Tipo de dispositivo<\/p>\n<\/td>\n<td class=\"sc-27ebc524-0 ca-dqbf sc-4daba230-1 elJoDZ\">\n<p class=\"sc-8b815c14-0 jqNLmg\">Altavoz inal\u00e1mbrico<\/p>\n<\/td>\n<\/tr>\n<tr class=\"sc-cda3276b-0 iNKSCY\">\n<td class=\"sc-27ebc524-0 iIdXkJ\">\n<p class=\"sc-8b815c14-0 VLjjq\">Respuesta en frecuencia<\/p>\n<\/td>\n<td class=\"sc-27ebc524-0 ca-dqbf sc-4daba230-1 elJoDZ\">\n<p class=\"sc-8b815c14-0 jqNLmg\">43 Hz\u201320 kHz<\/p>\n<\/td>\n<\/tr>\n<tr class=\"sc-cda3276b-0 iNKSCY\">\n<td class=\"sc-27ebc524-0 iIdXkJ\">\n<p class=\"sc-8b815c14-0 VLjjq\">Potencia RMS<\/p>\n<\/td>\n<td class=\"sc-27ebc524-0 ca-dqbf sc-4daba230-1 elJoDZ\">\n<p class=\"sc-8b815c14-0 jqNLmg\">160 W<\/p>\n<\/td>\n<\/tr>\n<tr class=\"sc-cda3276b-0 iNKSCY\">\n<td class=\"sc-27ebc524-0 iIdXkJ\">\n<p class=\"sc-8b815c14-0 VLjjq\">Sensibilidad<\/p>\n<\/td>\n<td class=\"sc-27ebc524-0 ca-dqbf sc-4daba230-1 elJoDZ\">\n<p class=\"sc-8b815c14-0 jqNLmg\">80 dB(A)<\/p>\n<\/td>\n<\/tr>\n<\/tbody>\n<\/table>\n<table class=\"sc-4fa5c86b-0 ghZSzg\">\n<thead class=\"sc-4d4fd441-0 fAxnSG\">\n<tr class=\"sc-cda3276b-0 iNKSCY\">\n<th class=\"sc-27ebc524-0 Lhmuk\">\n<p class=\"sc-8b815c14-0 fWfCPI\">Equipo<\/p>\n<\/th>\n<th class=\"sc-27ebc524-0 dOIQbM\"><\/th>\n<\/tr>\n<\/thead>\n<tbody class=\"sc-18c0a0ab-0 hjSrbh\">\n<tr class=\"sc-cda3276b-0 iNKSCY\">\n<td class=\"sc-27ebc524-0 iIdXkJ\">\n<p class=\"sc-8b815c14-0 VLjjq\">Bluetooth<\/p>\n<\/td>\n<td class=\"sc-27ebc524-0 ca-dqbf sc-4daba230-1 elJoDZ\">\n<p class=\"sc-8b815c14-0 jqNLmg\">S\u00ed<\/p>\n<\/td>\n<\/tr>\n<tr class=\"sc-cda3276b-0 iNKSCY\">\n<td class=\"sc-27ebc524-0 iIdXkJ\">\n<p class=\"sc-8b815c14-0 VLjjq\">Resistente al Agua<\/p>\n<\/td>\n<td class=\"sc-27ebc524-0 ca-dqbf sc-4daba230-1 elJoDZ\">\n<p class=\"sc-8b815c14-0 jqNLmg\">No<\/p>\n<\/td>\n<\/tr>\n<tr class=\"sc-cda3276b-0 iNKSCY\">\n<td class=\"sc-27ebc524-0 iIdXkJ\">\n<p class=\"sc-8b815c14-0 VLjjq\">Conexiones<\/p>\n<\/td>\n<td class=\"sc-27ebc524-0 ca-dqbf sc-4daba230-1 elJoDZ\">\n<p class=\"sc-8b815c14-0 jqNLmg\">USB-C, Bluetooth, Entrada 3.5 mm<\/p>\n<\/td>\n<\/tr>\n<tr class=\"sc-cda3276b-0 iNKSCY\">\n<td class=\"sc-27ebc524-0 iIdXkJ\">\n<p class=\"sc-8b815c14-0 VLjjq\">Caract. especiales<\/p>\n<\/td>\n<td class=\"sc-27ebc524-0 ca-dqbf sc-4daba230-1 elJoDZ\">\n<p class=\"sc-8b815c14-0 jqNLmg\">USB-C<\/p>\n<\/td>\n<\/tr>\n<\/tbody>\n<\/table>\n<table class=\"sc-4fa5c86b-0 ghZSzg\">\n<thead class=\"sc-4d4fd441-0 fAxnSG\">\n<tr class=\"sc-cda3276b-0 iNKSCY\">\n<th class=\"sc-27ebc524-0 Lhmuk\">\n<p class=\"sc-8b815c14-0 fWfCPI\">Fuente de alimentaci\u00f3n<\/p>\n<\/th>\n<th class=\"sc-27ebc524-0 dOIQbM\"><\/th>\n<\/tr>\n<\/thead>\n<tbody class=\"sc-18c0a0ab-0 hjSrbh\">\n<tr class=\"sc-cda3276b-0 iNKSCY\">\n<td class=\"sc-27ebc524-0 iIdXkJ\">\n<p class=\"sc-8b815c14-0 VLjjq\">Tipo de bater\u00eda<\/p>\n<\/td>\n<td class=\"sc-27ebc524-0 ca-dqbf sc-4daba230-1 elJoDZ\">\n<p class=\"sc-8b815c14-0 jqNLmg\">Bater\u00eda recargable de 25.92 Wh<\/p>\n<\/td>\n<\/tr>\n<tr class=\"sc-cda3276b-0 iNKSCY\">\n<td class=\"sc-27ebc524-0 iIdXkJ\">\n<p class=\"sc-8b815c14-0 VLjjq\">Autonom\u00eda<\/p>\n<\/td>\n<td class=\"sc-27ebc524-0 ca-dqbf sc-4daba230-1 elJoDZ\">\n<p class=\"sc-8b815c14-0 jqNLmg\">8h<\/p>\n<\/td>\n<\/tr>\n<\/tbody>\n<\/table>\n<table class=\"sc-4fa5c86b-0 ghZSzg\">\n<thead class=\"sc-4d4fd441-0 fAxnSG\">\n<tr class=\"sc-cda3276b-0 iNKSCY\">\n<th class=\"sc-27ebc524-0 Lhmuk\">\n<p class=\"sc-8b815c14-0 fWfCPI\">Caracter\u00edsticas generales<\/p>\n<\/th>\n<th class=\"sc-27ebc524-0 dOIQbM\"><\/th>\n<\/tr>\n<\/thead>\n<tbody class=\"sc-18c0a0ab-0 hjSrbh\">\n<tr class=\"sc-cda3276b-0 iNKSCY\">\n<td class=\"sc-27ebc524-0 iIdXkJ\">\n<p class=\"sc-8b815c14-0 VLjjq\">Dimensiones \/ Peso<\/p>\n<\/td>\n<td class=\"sc-27ebc524-0 ca-dqbf sc-4daba230-1 elJoDZ\">\n<p class=\"sc-8b815c14-0 jqNLmg\">43.9 cm x 24 cm x 19.2 cm \/ 4.7 kg<\/p>\n<\/td>\n<\/tr>\n<tr class=\"sc-cda3276b-0 iNKSCY\">\n<td class=\"sc-27ebc524-0 iIdXkJ\">\n<p class=\"sc-8b815c14-0 VLjjq\">Anchura<\/p>\n<\/td>\n<td class=\"sc-27ebc524-0 ca-dqbf sc-4daba230-1 elJoDZ\">\n<p class=\"sc-8b815c14-0 jqNLmg\">43.9 cm<\/p>\n<\/td>\n<\/tr>\n<tr class=\"sc-cda3276b-0 iNKSCY\">\n<td class=\"sc-27ebc524-0 iIdXkJ\">\n<p class=\"sc-8b815c14-0 VLjjq\">Altura<\/p>\n<\/td>\n<td class=\"sc-27ebc524-0 ca-dqbf sc-4daba230-1 elJoDZ\">\n<p class=\"sc-8b815c14-0 jqNLmg\">24 cm<\/p>\n<\/td>\n<\/tr>\n<tr class=\"sc-cda3276b-0 iNKSCY\">\n<td class=\"sc-27ebc524-0 iIdXkJ\">\n<p class=\"sc-8b815c14-0 VLjjq\">Profundidad<\/p>\n<\/td>\n<td class=\"sc-27ebc524-0 ca-dqbf sc-4daba230-1 elJoDZ\">\n<p class=\"sc-8b815c14-0 jqNLmg\">19.2 cm<\/p>\n<\/td>\n<\/tr>\n<tr class=\"sc-cda3276b-0 iNKSCY\">\n<td class=\"sc-27ebc524-0 iIdXkJ\">\n<p class=\"sc-8b815c14-0 VLjjq\">Color (por fabricante)<\/p>\n<\/td>\n<td class=\"sc-27ebc524-0 ca-dqbf sc-4daba230-1 elJoDZ\">\n<p class=\"sc-8b815c14-0 jqNLmg\">Gris<\/p>\n<\/td>\n<\/tr>\n<tr class=\"sc-cda3276b-0 iNKSCY\">\n<td class=\"sc-27ebc524-0 iIdXkJ\">\n<p class=\"sc-8b815c14-0 VLjjq\">Peso (seg\u00fan el fabricante)<\/p>\n<\/td>\n<td class=\"sc-27ebc524-0 ca-dqbf sc-4daba230-1 elJoDZ\">\n<p class=\"sc-8b815c14-0 jqNLmg\">4.7 kg<\/p>\n<\/td>\n<\/tr>\n<tr class=\"sc-cda3276b-0 iNKSCY\">\n<td class=\"sc-27ebc524-0 iIdXkJ\">\n<p class=\"sc-8b815c14-0 VLjjq\">Peso<\/p>\n<\/td>\n<td class=\"sc-27ebc524-0 ca-dqbf sc-4daba230-1 elJoDZ\">\n<p class=\"sc-8b815c14-0 jqNLmg\">4.7 kg<\/p>\n<\/td>\n<\/tr>\n<tr class=\"sc-cda3276b-0 iNKSCY\">\n<td class=\"sc-27ebc524-0 iIdXkJ\">\n<p class=\"sc-8b815c14-0 VLjjq\">Contenido<\/p>\n<\/td>\n<td class=\"sc-27ebc524-0 ca-dqbf sc-4daba230-1 elJoDZ\">\n<p class=\"sc-8b815c14-0 jqNLmg\">ore-id-8&prime;); if(seeMoreElement) { seeMoreElement.style.dis1x Altavoz Harman Kardon Go + Play 3 Altavoz port\u00e1til con Bluetooth y dise\u00f1o elegante en negro, 1x cable de alimentaci\u00f3n, 1x gu\u00eda de inicio r\u00e1pido, 1x hoja de seguridad Ver m\u00e1s<\/p>\n<\/td>\n<\/tr>\n<tr class=\"sc-cda3276b-0 iNKSCY\">\n<td class=\"sc-27ebc524-0 iIdXkJ\">\n<p class=\"sc-8b815c14-0 VLjjq\">Manufacturer Part Number (MPN)<\/p>\n<\/td>\n<td class=\"sc-27ebc524-0 ca-dqbf sc-4daba230-1 elJoDZ\">\n<p class=\"sc-8b815c14-0 jqNLmg\">HKGOPLAY3GRYEP<\/p>\n<\/td>\n<\/tr>\n<\/tbody>\n<\/table>\n","protected":false},"excerpt":{"rendered":"<p>Con su silueta estilizada, s\u00f3lido mango de aluminio de alta calidad y panel t\u00e1ctil de vidrio templado, el dise\u00f1o elegante del altavoz inal\u00e1mbrico Harman Kardon Go + Play 3 dispone de un alto rendimiento y n\u00edtido sonido est\u00e9reo de 3 v\u00edas. Adem\u00e1s, se ajusta autom\u00e1ticamente a su nuevo entorno, para que tu m\u00fasica siempre suene \u00f3ptimamente. La bater\u00eda integrada de 8 horas lo acompa\u00f1ar\u00e1 a lo largo de todo un d\u00eda de trabajo, y el pr\u00e1ctico puerto de carga USB evitar\u00e1 que su tel\u00e9fono se quede sin carga en medio de la lista de reproducci\u00f3n que le mantiene concentrado profundamente.<\/p>\n","protected":false},"featured_media":2586,"comment_status":"open","ping_status":"closed","template":"","meta":[],"product_brand":[],"product_cat":[79],"product_tag":[],"class_list":{"0":"post-2472","1":"product","2":"type-product","3":"status-publish","4":"has-post-thumbnail","6":"product_cat-aparato-de-musica","8":"first","9":"instock","10":"sale","11":"shipping-taxable","12":"purchasable","13":"product-type-simple"},"jetpack_sharing_enabled":true,"_links":{"self":[{"href":"https:\/\/yomas-electrodomesticos.com\/index.php\/wp-json\/wp\/v2\/product\/2472","targetHints":{"allow":["GET"]}}],"collection":[{"href":"https:\/\/yomas-electrodomesticos.com\/index.php\/wp-json\/wp\/v2\/product"}],"about":[{"href":"https:\/\/yomas-electrodomesticos.com\/index.php\/wp-json\/wp\/v2\/types\/product"}],"replies":[{"embeddable":true,"href":"https:\/\/yomas-electrodomesticos.com\/index.php\/wp-json\/wp\/v2\/comments?post=2472"}],"version-history":[{"count":1,"href":"https:\/\/yomas-electrodomesticos.com\/index.php\/wp-json\/wp\/v2\/product\/2472\/revisions"}],"predecessor-version":[{"id":2587,"href":"https:\/\/yomas-electrodomesticos.com\/index.php\/wp-json\/wp\/v2\/product\/2472\/revisions\/2587"}],"wp:featuredmedia":[{"embeddable":true,"href":"https:\/\/yomas-electrodomesticos.com\/index.php\/wp-json\/wp\/v2\/media\/2586"}],"wp:attachment":[{"href":"https:\/\/yomas-electrodomesticos.com\/index.php\/wp-json\/wp\/v2\/media?parent=2472"}],"wp:term":[{"taxonomy":"product_brand","embeddable":true,"href":"https:\/\/yomas-electrodomesticos.com\/index.php\/wp-json\/wp\/v2\/product_brand?post=2472"},{"taxonomy":"product_cat","embeddable":true,"href":"https:\/\/yomas-electrodomesticos.com\/index.php\/wp-json\/wp\/v2\/product_cat?post=2472"},{"taxonomy":"product_tag","embeddable":true,"href":"https:\/\/yomas-electrodomesticos.com\/index.php\/wp-json\/wp\/v2\/product_tag?post=2472"}],"curies":[{"name":"wp","href":"https:\/\/api.w.org\/{rel}","templated":true}]}}