{"id":2473,"date":"2025-07-09T10:52:24","date_gmt":"2025-07-09T08:52:24","guid":{"rendered":"https:\/\/yomas-electrodomesticos.com\/?post_type=product&#038;p=2473"},"modified":"2025-07-09T10:53:05","modified_gmt":"2025-07-09T08:53:05","slug":"altavoz-estereo-jbl-authentics-300-100w-bluetooth-wi-fi-asistentes-de-voz-google-y-alexa-bateria-con-autonomia-8h-diseno-retro-negro","status":"publish","type":"product","link":"https:\/\/yomas-electrodomesticos.com\/index.php\/producto\/altavoz-estereo-jbl-authentics-300-100w-bluetooth-wi-fi-asistentes-de-voz-google-y-alexa-bateria-con-autonomia-8h-diseno-retro-negro\/","title":{"rendered":"Altavoz est\u00e9reo &#8211; JBL Authentics 300, 100W, Bluetooth, Wi-Fi, asistentes de voz Google y Alexa, bater\u00eda con autonom\u00eda 8h, dise\u00f1o retro, Negro"},"content":{"rendered":"<table class=\"sc-4fa5c86b-0 ghZSzg\">\n<thead class=\"sc-4d4fd441-0 fAxnSG\">\n<tr class=\"sc-cda3276b-0 iNKSCY\">\n<th class=\"sc-27ebc524-0 Lhmuk\">\n<p class=\"sc-8b815c14-0 fWfCPI\">Caracteristicas t\u00e9cnicas<\/p>\n<\/th>\n<th class=\"sc-27ebc524-0 dOIQbM\"><\/th>\n<\/tr>\n<\/thead>\n<tbody class=\"sc-18c0a0ab-0 hjSrbh\">\n<tr class=\"sc-cda3276b-0 iNKSCY\">\n<td class=\"sc-27ebc524-0 iIdXkJ\">\n<p class=\"sc-8b815c14-0 VLjjq\">Tipo de dispositivo<\/p>\n<\/td>\n<td class=\"sc-27ebc524-0 ca-dqbf sc-4daba230-1 elJoDZ\">\n<p class=\"sc-8b815c14-0 jqNLmg\">Altavoz inal\u00e1mbrico<\/p>\n<\/td>\n<\/tr>\n<tr class=\"sc-cda3276b-0 iNKSCY\">\n<td class=\"sc-27ebc524-0 iIdXkJ\">\n<p class=\"sc-8b815c14-0 VLjjq\">Transmisi\u00f3n de se\u00f1al<\/p>\n<\/td>\n<td class=\"sc-27ebc524-0 ca-dqbf sc-4daba230-1 elJoDZ\">\n<p class=\"sc-8b815c14-0 jqNLmg\">Con o sin cable<\/p>\n<\/td>\n<\/tr>\n<tr class=\"sc-cda3276b-0 iNKSCY\">\n<td class=\"sc-27ebc524-0 iIdXkJ\">\n<p class=\"sc-8b815c14-0 VLjjq\">Streaming de m\u00fasica<\/p>\n<\/td>\n<td class=\"sc-27ebc524-0 ca-dqbf sc-4daba230-1 elJoDZ\">\n<p class=\"sc-8b815c14-0 jqNLmg\">AirPlay<\/p>\n<\/td>\n<\/tr>\n<tr class=\"sc-cda3276b-0 iNKSCY\">\n<td class=\"sc-27ebc524-0 iIdXkJ\">\n<p class=\"sc-8b815c14-0 VLjjq\">Potencia RMS<\/p>\n<\/td>\n<td class=\"sc-27ebc524-0 ca-dqbf sc-4daba230-1 elJoDZ\">\n<p class=\"sc-8b815c14-0 jqNLmg\">100 W<\/p>\n<\/td>\n<\/tr>\n<\/tbody>\n<\/table>\n<table class=\"sc-4fa5c86b-0 ghZSzg\">\n<thead class=\"sc-4d4fd441-0 fAxnSG\">\n<tr class=\"sc-cda3276b-0 iNKSCY\">\n<th class=\"sc-27ebc524-0 Lhmuk\">\n<p class=\"sc-8b815c14-0 fWfCPI\">Equipo<\/p>\n<\/th>\n<th class=\"sc-27ebc524-0 dOIQbM\"><\/th>\n<\/tr>\n<\/thead>\n<tbody class=\"sc-18c0a0ab-0 hjSrbh\">\n<tr class=\"sc-cda3276b-0 iNKSCY\">\n<td class=\"sc-27ebc524-0 iIdXkJ\">\n<p class=\"sc-8b815c14-0 VLjjq\">Bluetooth<\/p>\n<\/td>\n<td class=\"sc-27ebc524-0 ca-dqbf sc-4daba230-1 elJoDZ\">\n<p class=\"sc-8b815c14-0 jqNLmg\">S\u00ed<\/p>\n<\/td>\n<\/tr>\n<tr class=\"sc-cda3276b-0 iNKSCY\">\n<td class=\"sc-27ebc524-0 iIdXkJ\">\n<p class=\"sc-8b815c14-0 VLjjq\">Resistente al Agua<\/p>\n<\/td>\n<td class=\"sc-27ebc524-0 ca-dqbf sc-4daba230-1 elJoDZ\">\n<p class=\"sc-8b815c14-0 jqNLmg\">No<\/p>\n<\/td>\n<\/tr>\n<tr class=\"sc-cda3276b-0 iNKSCY\">\n<td class=\"sc-27ebc524-0 iIdXkJ\">\n<p class=\"sc-8b815c14-0 VLjjq\">Conexiones<\/p>\n<\/td>\n<td class=\"sc-27ebc524-0 ca-dqbf sc-4daba230-1 elJoDZ\">\n<p class=\"sc-8b815c14-0 jqNLmg\">1 x entrada de audio, Ethernet, USB-C<\/p>\n<\/td>\n<\/tr>\n<\/tbody>\n<\/table>\n<table class=\"sc-4fa5c86b-0 ghZSzg\">\n<thead class=\"sc-4d4fd441-0 fAxnSG\">\n<tr class=\"sc-cda3276b-0 iNKSCY\">\n<th class=\"sc-27ebc524-0 Lhmuk\">\n<p class=\"sc-8b815c14-0 fWfCPI\">Fuente de alimentaci\u00f3n<\/p>\n<\/th>\n<th class=\"sc-27ebc524-0 dOIQbM\"><\/th>\n<\/tr>\n<\/thead>\n<tbody class=\"sc-18c0a0ab-0 hjSrbh\">\n<tr class=\"sc-cda3276b-0 iNKSCY\">\n<td class=\"sc-27ebc524-0 iIdXkJ\">\n<p class=\"sc-8b815c14-0 VLjjq\">Modo de funcionamiento<\/p>\n<\/td>\n<td class=\"sc-27ebc524-0 ca-dqbf sc-4daba230-1 elJoDZ\">\n<p class=\"sc-8b815c14-0 jqNLmg\">Adaptador de corriente<\/p>\n<\/td>\n<\/tr>\n<tr class=\"sc-cda3276b-0 iNKSCY\">\n<td class=\"sc-27ebc524-0 iIdXkJ\">\n<p class=\"sc-8b815c14-0 VLjjq\">Autonom\u00eda<\/p>\n<\/td>\n<td class=\"sc-27ebc524-0 ca-dqbf sc-4daba230-1 elJoDZ\">\n<p class=\"sc-8b815c14-0 jqNLmg\">8 h<\/p>\n<\/td>\n<\/tr>\n<\/tbody>\n<\/table>\n<table class=\"sc-4fa5c86b-0 ghZSzg\">\n<thead class=\"sc-4d4fd441-0 fAxnSG\">\n<tr class=\"sc-cda3276b-0 iNKSCY\">\n<th class=\"sc-27ebc524-0 Lhmuk\">\n<p class=\"sc-8b815c14-0 fWfCPI\">Caracter\u00edsticas generales<\/p>\n<\/th>\n<th class=\"sc-27ebc524-0 dOIQbM\"><\/th>\n<\/tr>\n<\/thead>\n<tbody class=\"sc-18c0a0ab-0 hjSrbh\">\n<tr class=\"sc-cda3276b-0 iNKSCY\">\n<td class=\"sc-27ebc524-0 iIdXkJ\">\n<p class=\"sc-8b815c14-0 VLjjq\">Dimensiones \/ Peso<\/p>\n<\/td>\n<td class=\"sc-27ebc524-0 ca-dqbf sc-4daba230-1 elJoDZ\">\n<p class=\"sc-8b815c14-0 jqNLmg\">34.2 cm x 19.5 cm x 18 cm \/ 4.9 kg<\/p>\n<\/td>\n<\/tr>\n<tr class=\"sc-cda3276b-0 iNKSCY\">\n<td class=\"sc-27ebc524-0 iIdXkJ\">\n<p class=\"sc-8b815c14-0 VLjjq\">Anchura<\/p>\n<\/td>\n<td class=\"sc-27ebc524-0 ca-dqbf sc-4daba230-1 elJoDZ\">\n<p class=\"sc-8b815c14-0 jqNLmg\">34.2 cm<\/p>\n<\/td>\n<\/tr>\n<tr class=\"sc-cda3276b-0 iNKSCY\">\n<td class=\"sc-27ebc524-0 iIdXkJ\">\n<p class=\"sc-8b815c14-0 VLjjq\">Altura<\/p>\n<\/td>\n<td class=\"sc-27ebc524-0 ca-dqbf sc-4daba230-1 elJoDZ\">\n<p class=\"sc-8b815c14-0 jqNLmg\">19.5 cm<\/p>\n<\/td>\n<\/tr>\n<tr class=\"sc-cda3276b-0 iNKSCY\">\n<td class=\"sc-27ebc524-0 iIdXkJ\">\n<p class=\"sc-8b815c14-0 VLjjq\">Profundidad<\/p>\n<\/td>\n<td class=\"sc-27ebc524-0 ca-dqbf sc-4daba230-1 elJoDZ\">\n<p class=\"sc-8b815c14-0 jqNLmg\">18 cm<\/p>\n<\/td>\n<\/tr>\n<tr class=\"sc-cda3276b-0 iNKSCY\">\n<td class=\"sc-27ebc524-0 iIdXkJ\">\n<p class=\"sc-8b815c14-0 VLjjq\">Color (por fabricante)<\/p>\n<\/td>\n<td class=\"sc-27ebc524-0 ca-dqbf sc-4daba230-1 elJoDZ\">\n<p class=\"sc-8b815c14-0 jqNLmg\">Negro<\/p>\n<\/td>\n<\/tr>\n<tr class=\"sc-cda3276b-0 iNKSCY\">\n<td class=\"sc-27ebc524-0 iIdXkJ\">\n<p class=\"sc-8b815c14-0 VLjjq\">Peso (seg\u00fan el fabricante)<\/p>\n<\/td>\n<td class=\"sc-27ebc524-0 ca-dqbf sc-4daba230-1 elJoDZ\">\n<p class=\"sc-8b815c14-0 jqNLmg\">4.9 kg<\/p>\n<\/td>\n<\/tr>\n<tr class=\"sc-cda3276b-0 iNKSCY\">\n<td class=\"sc-27ebc524-0 iIdXkJ\">\n<p class=\"sc-8b815c14-0 VLjjq\">Peso<\/p>\n<\/td>\n<td class=\"sc-27ebc524-0 ca-dqbf sc-4daba230-1 elJoDZ\">\n<p class=\"sc-8b815c14-0 jqNLmg\">4.9 kg<\/p>\n<\/td>\n<\/tr>\n<tr class=\"sc-cda3276b-0 iNKSCY\">\n<td class=\"sc-27ebc524-0 iIdXkJ\">\n<p class=\"sc-8b815c14-0 VLjjq\">Contenido<\/p>\n<\/td>\n<td class=\"sc-27ebc524-0 ca-dqbf sc-4daba230-1 elJoDZ\">\n<p class=\"sc-8b815c14-0 jqNLmg\">1x JBL Authentics 300, 1x cable de alimentaci\u00f3n, 1x gu\u00eda de inicio r\u00e1pido, 1x hoja de seguridad, 1x tarjeta de garant\u00eda<\/p>\n<\/td>\n<\/tr>\n<\/tbody>\n<\/table>\n","protected":false},"excerpt":{"rendered":"<div class=\"sc-8b815c14-0 jqNLmg sc-885c00be-0 jfCMbT\" data-test=\"pdp-description-pim-fallback\">\n<p>Con el altavoz inal\u00e1mbrico JBL Authentics 300 y su pr\u00e1ctica asa met\u00e1lica, puedes llevar tu m\u00fasica siempre contigo, desde tu playlist en la cocina mientras preparas la cena hasta el podcast de relajaci\u00f3n que te gusta escuchar en el dormitorio.<\/p>\n<h3 class=\"sc-8b815c14-0 hVYfJJ\">Magn\u00edfico rendimiento sonoro<\/h3>\n<p>Llena cualquier habitaci\u00f3n de la casa con un sonido est\u00e9reo. Un par de\u00a0<b>altavoces de agudos de 25 mm<\/b>\u00a0resaltar\u00e1n los detalles de tu m\u00fasica, mientras que el<b>\u00a0altavoz de graves de 5,25 pulgadas y el radiador pasivo de 6,5 pulgadas\u00a0<\/b>ofrecen unos magn\u00edficos graves profundos. Estos componentes de primera calidad garantizan un equilibrio de audio perfecto, independientemente del tipo de m\u00fasica que est\u00e9s escuchando.<\/p>\n<h3 class=\"sc-8b815c14-0 hVYfJJ\">Con un dise\u00f1o de inspiraci\u00f3n retro<\/h3>\n<p>JBL Authentics 300 ofrece un estilo ic\u00f3nico inspirado en los dise\u00f1os retro cl\u00e1sicos de JBL, en un altavoz\u00a0port\u00e1til que queda genial en cualquier entorno. Llenar\u00e1 f\u00e1cilmente cualquier espacio con un sonido JBL superior, por grande o peque\u00f1o que sea. Adem\u00e1s, la\u00a0<b>pr\u00e1ctica asa de aluminio premium del altavoz<\/b>, el r<b>ecept\u00e1culo de piel personalizado y la rejilla Quadrex<\/b>\u00a0reinventada muestran la atenci\u00f3n que prestamos a cada detalle visual, hasta el patr\u00f3n especial caracter\u00edstico de JBL que rodea el radiador pasivo de proyecci\u00f3n descendente.<\/p>\n<h3 class=\"sc-8b815c14-0 hVYfJJ\">Bater\u00eda incorporada<\/h3>\n<p>Disfruta en cualquier momento gracias a las<b>\u00a08 horas de reproducci\u00f3n<\/b>, la bater\u00eda integrada y el asa de transporte integrada que te permite llevar tu audio a cualquier parte.<\/p>\n<\/div>\n<div data-test=\"pdp-richtext-description\">\n<div class=\"sc-d3c02254-1 JZeIR\">\n<div id=\"ccs-inline-content\" data-test=\"pdp-richcontent-cnet-section\"><\/div>\n<div id=\"flix-inpage\">\n<div id=\"flixinpage_23983731733675713185\">\n<div id=\"AllInOne\">\n<div id=\"FullInpageHtml\">\n<div>\n<div>\n<div>\n<div id=\"inpage-iframe-modal\"><\/div>\n<div id=\"flix-jbl-inpage\">\n<div id=\"flix-std-inpage\">\n<div id=\"inpage_container\" class=\"inpage_1150\" data-flx-p=\"2398373\" data-flixtime3=\"1733675824304\">\n<div class=\"inpage_selector_header\">\n<div class=\"flix-std-header\">\n<div class=\"flix-std-row flix-std-table\">\n<div class=\"flix-std-clmn-lg-12 flix-std-clmn-xs-12\"><\/div>\n<\/div>\n<\/div>\n<\/div>\n<\/div>\n<\/div>\n<\/div>\n<\/div>\n<\/div>\n<\/div>\n<\/div>\n<\/div>\n<\/div>\n<\/div>\n<\/div>\n<\/div>\n","protected":false},"featured_media":2593,"comment_status":"open","ping_status":"closed","template":"","meta":[],"product_brand":[],"product_cat":[79],"product_tag":[],"class_list":{"0":"post-2473","1":"product","2":"type-product","3":"status-publish","4":"has-post-thumbnail","6":"product_cat-aparato-de-musica","8":"first","9":"instock","10":"sale","11":"shipping-taxable","12":"purchasable","13":"product-type-simple"},"jetpack_sharing_enabled":true,"_links":{"self":[{"href":"https:\/\/yomas-electrodomesticos.com\/index.php\/wp-json\/wp\/v2\/product\/2473","targetHints":{"allow":["GET"]}}],"collection":[{"href":"https:\/\/yomas-electrodomesticos.com\/index.php\/wp-json\/wp\/v2\/product"}],"about":[{"href":"https:\/\/yomas-electrodomesticos.com\/index.php\/wp-json\/wp\/v2\/types\/product"}],"replies":[{"embeddable":true,"href":"https:\/\/yomas-electrodomesticos.com\/index.php\/wp-json\/wp\/v2\/comments?post=2473"}],"version-history":[{"count":1,"href":"https:\/\/yomas-electrodomesticos.com\/index.php\/wp-json\/wp\/v2\/product\/2473\/revisions"}],"predecessor-version":[{"id":2594,"href":"https:\/\/yomas-electrodomesticos.com\/index.php\/wp-json\/wp\/v2\/product\/2473\/revisions\/2594"}],"wp:featuredmedia":[{"embeddable":true,"href":"https:\/\/yomas-electrodomesticos.com\/index.php\/wp-json\/wp\/v2\/media\/2593"}],"wp:attachment":[{"href":"https:\/\/yomas-electrodomesticos.com\/index.php\/wp-json\/wp\/v2\/media?parent=2473"}],"wp:term":[{"taxonomy":"product_brand","embeddable":true,"href":"https:\/\/yomas-electrodomesticos.com\/index.php\/wp-json\/wp\/v2\/product_brand?post=2473"},{"taxonomy":"product_cat","embeddable":true,"href":"https:\/\/yomas-electrodomesticos.com\/index.php\/wp-json\/wp\/v2\/product_cat?post=2473"},{"taxonomy":"product_tag","embeddable":true,"href":"https:\/\/yomas-electrodomesticos.com\/index.php\/wp-json\/wp\/v2\/product_tag?post=2473"}],"curies":[{"name":"wp","href":"https:\/\/api.w.org\/{rel}","templated":true}]}}