{"id":2474,"date":"2025-07-09T10:52:24","date_gmt":"2025-07-09T08:52:24","guid":{"rendered":"https:\/\/yomas-electrodomesticos.com\/?post_type=product&#038;p=2474"},"modified":"2025-07-09T10:53:06","modified_gmt":"2025-07-09T08:53:06","slug":"altavoz-inalambrico-jbl-xtreme-4-100-w-bluetooth-autonomia-24-h-correa-para-el-hombro-resistente-agua-ip67-conexion-auracast-azul","status":"publish","type":"product","link":"https:\/\/yomas-electrodomesticos.com\/index.php\/producto\/altavoz-inalambrico-jbl-xtreme-4-100-w-bluetooth-autonomia-24-h-correa-para-el-hombro-resistente-agua-ip67-conexion-auracast-azul\/","title":{"rendered":"Altavoz inal\u00e1mbrico &#8211; JBL Xtreme 4, 100 W, Bluetooth, Autonom\u00eda 24 h, Correa para el hombro, Resistente agua IP67, Conexi\u00f3n Auracast, Azul"},"content":{"rendered":"<table class=\"sc-4fa5c86b-0 ghZSzg\">\n<thead class=\"sc-4d4fd441-0 fAxnSG\">\n<tr class=\"sc-cda3276b-0 iNKSCY\">\n<th class=\"sc-27ebc524-0 Lhmuk\">\n<p class=\"sc-8b815c14-0 fWfCPI\">Caracteristicas t\u00e9cnicas<\/p>\n<\/th>\n<th class=\"sc-27ebc524-0 dOIQbM\"><\/th>\n<\/tr>\n<\/thead>\n<tbody class=\"sc-18c0a0ab-0 hjSrbh\">\n<tr class=\"sc-cda3276b-0 iNKSCY\">\n<td class=\"sc-27ebc524-0 iIdXkJ\">\n<p class=\"sc-8b815c14-0 VLjjq\">Tipo de dispositivo<\/p>\n<\/td>\n<td class=\"sc-27ebc524-0 ca-dqbf sc-4daba230-1 elJoDZ\">\n<p class=\"sc-8b815c14-0 jqNLmg\">Altavoz inal\u00e1mbrico<\/p>\n<\/td>\n<\/tr>\n<tr class=\"sc-cda3276b-0 iNKSCY\">\n<td class=\"sc-27ebc524-0 iIdXkJ\">\n<p class=\"sc-8b815c14-0 VLjjq\">Respuesta en frecuencia<\/p>\n<\/td>\n<td class=\"sc-27ebc524-0 ca-dqbf sc-4daba230-1 elJoDZ\">\n<p class=\"sc-8b815c14-0 jqNLmg\">44 Hz &#8211; 20 kHz<\/p>\n<\/td>\n<\/tr>\n<tr class=\"sc-cda3276b-0 iNKSCY\">\n<td class=\"sc-27ebc524-0 iIdXkJ\">\n<p class=\"sc-8b815c14-0 VLjjq\">Potencia total<\/p>\n<\/td>\n<td class=\"sc-27ebc524-0 ca-dqbf sc-4daba230-1 elJoDZ\">\n<p class=\"sc-8b815c14-0 jqNLmg\">100 W<\/p>\n<\/td>\n<\/tr>\n<tr class=\"sc-cda3276b-0 iNKSCY\">\n<td class=\"sc-27ebc524-0 iIdXkJ\">\n<p class=\"sc-8b815c14-0 VLjjq\">Potencia RMS<\/p>\n<\/td>\n<td class=\"sc-27ebc524-0 ca-dqbf sc-4daba230-1 elJoDZ\">\n<p class=\"sc-8b815c14-0 jqNLmg\">100 W<\/p>\n<\/td>\n<\/tr>\n<\/tbody>\n<\/table>\n<table class=\"sc-4fa5c86b-0 ghZSzg\">\n<thead class=\"sc-4d4fd441-0 fAxnSG\">\n<tr class=\"sc-cda3276b-0 iNKSCY\">\n<th class=\"sc-27ebc524-0 Lhmuk\">\n<p class=\"sc-8b815c14-0 fWfCPI\">Equipo<\/p>\n<\/th>\n<th class=\"sc-27ebc524-0 dOIQbM\"><\/th>\n<\/tr>\n<\/thead>\n<tbody class=\"sc-18c0a0ab-0 hjSrbh\">\n<tr class=\"sc-cda3276b-0 iNKSCY\">\n<td class=\"sc-27ebc524-0 iIdXkJ\">\n<p class=\"sc-8b815c14-0 VLjjq\">Bluetooth<\/p>\n<\/td>\n<td class=\"sc-27ebc524-0 ca-dqbf sc-4daba230-1 elJoDZ\">\n<p class=\"sc-8b815c14-0 jqNLmg\">S\u00ed<\/p>\n<\/td>\n<\/tr>\n<tr class=\"sc-cda3276b-0 iNKSCY\">\n<td class=\"sc-27ebc524-0 iIdXkJ\">\n<p class=\"sc-8b815c14-0 VLjjq\">NFC<\/p>\n<\/td>\n<td class=\"sc-27ebc524-0 ca-dqbf sc-4daba230-1 elJoDZ\">\n<p class=\"sc-8b815c14-0 jqNLmg\">No<\/p>\n<\/td>\n<\/tr>\n<tr class=\"sc-cda3276b-0 iNKSCY\">\n<td class=\"sc-27ebc524-0 iIdXkJ\">\n<p class=\"sc-8b815c14-0 VLjjq\">Resistente al Agua<\/p>\n<\/td>\n<td class=\"sc-27ebc524-0 ca-dqbf sc-4daba230-1 elJoDZ\">\n<p class=\"sc-8b815c14-0 jqNLmg\">S\u00ed<\/p>\n<\/td>\n<\/tr>\n<tr class=\"sc-cda3276b-0 iNKSCY\">\n<td class=\"sc-27ebc524-0 iIdXkJ\">\n<p class=\"sc-8b815c14-0 VLjjq\">Conexiones<\/p>\n<\/td>\n<td class=\"sc-27ebc524-0 ca-dqbf sc-4daba230-1 elJoDZ\">\n<p class=\"sc-8b815c14-0 jqNLmg\">USB<\/p>\n<\/td>\n<\/tr>\n<tr class=\"sc-cda3276b-0 iNKSCY\">\n<td class=\"sc-27ebc524-0 iIdXkJ\">\n<p class=\"sc-8b815c14-0 VLjjq\">Control por voz<\/p>\n<\/td>\n<td class=\"sc-27ebc524-0 ca-dqbf sc-4daba230-1 elJoDZ\">\n<p class=\"sc-8b815c14-0 jqNLmg\">No<\/p>\n<\/td>\n<\/tr>\n<tr class=\"sc-cda3276b-0 iNKSCY\">\n<td class=\"sc-27ebc524-0 iIdXkJ\">\n<p class=\"sc-8b815c14-0 VLjjq\">Resistente a la intemperie<\/p>\n<\/td>\n<td class=\"sc-27ebc524-0 ca-dqbf sc-4daba230-1 elJoDZ\">\n<p class=\"sc-8b815c14-0 jqNLmg\">S\u00ed<\/p>\n<\/td>\n<\/tr>\n<\/tbody>\n<\/table>\n<table class=\"sc-4fa5c86b-0 ghZSzg\">\n<thead class=\"sc-4d4fd441-0 fAxnSG\">\n<tr class=\"sc-cda3276b-0 iNKSCY\">\n<th class=\"sc-27ebc524-0 Lhmuk\">\n<p class=\"sc-8b815c14-0 fWfCPI\">Fuente de alimentaci\u00f3n<\/p>\n<\/th>\n<th class=\"sc-27ebc524-0 dOIQbM\"><\/th>\n<\/tr>\n<\/thead>\n<tbody class=\"sc-18c0a0ab-0 hjSrbh\">\n<tr class=\"sc-cda3276b-0 iNKSCY\">\n<td class=\"sc-27ebc524-0 iIdXkJ\">\n<p class=\"sc-8b815c14-0 VLjjq\">Modo de funcionamiento<\/p>\n<\/td>\n<td class=\"sc-27ebc524-0 ca-dqbf sc-4daba230-1 elJoDZ\">\n<p class=\"sc-8b815c14-0 jqNLmg\">Adaptador de corriente\/bater\u00eda<\/p>\n<\/td>\n<\/tr>\n<tr class=\"sc-cda3276b-0 iNKSCY\">\n<td class=\"sc-27ebc524-0 iIdXkJ\">\n<p class=\"sc-8b815c14-0 VLjjq\">Autonom\u00eda<\/p>\n<\/td>\n<td class=\"sc-27ebc524-0 ca-dqbf sc-4daba230-1 elJoDZ\">\n<p class=\"sc-8b815c14-0 jqNLmg\">24 h<\/p>\n<\/td>\n<\/tr>\n<\/tbody>\n<\/table>\n<table class=\"sc-4fa5c86b-0 ghZSzg\">\n<thead class=\"sc-4d4fd441-0 fAxnSG\">\n<tr class=\"sc-cda3276b-0 iNKSCY\">\n<th class=\"sc-27ebc524-0 Lhmuk\">\n<p class=\"sc-8b815c14-0 fWfCPI\">Caracter\u00edsticas generales<\/p>\n<\/th>\n<th class=\"sc-27ebc524-0 dOIQbM\"><\/th>\n<\/tr>\n<\/thead>\n<tbody class=\"sc-18c0a0ab-0 hjSrbh\">\n<tr class=\"sc-cda3276b-0 iNKSCY\">\n<td class=\"sc-27ebc524-0 iIdXkJ\">\n<p class=\"sc-8b815c14-0 VLjjq\">Dimensiones \/ Peso<\/p>\n<\/td>\n<td class=\"sc-27ebc524-0 ca-dqbf sc-4daba230-1 elJoDZ\">\n<p class=\"sc-8b815c14-0 jqNLmg\">29.7 cm x 14.9 cm x 14.1 cm \/ 2.1 kg<\/p>\n<\/td>\n<\/tr>\n<tr class=\"sc-cda3276b-0 iNKSCY\">\n<td class=\"sc-27ebc524-0 iIdXkJ\">\n<p class=\"sc-8b815c14-0 VLjjq\">Anchura<\/p>\n<\/td>\n<td class=\"sc-27ebc524-0 ca-dqbf sc-4daba230-1 elJoDZ\">\n<p class=\"sc-8b815c14-0 jqNLmg\">29.7 cm<\/p>\n<\/td>\n<\/tr>\n<tr class=\"sc-cda3276b-0 iNKSCY\">\n<td class=\"sc-27ebc524-0 iIdXkJ\">\n<p class=\"sc-8b815c14-0 VLjjq\">Altura<\/p>\n<\/td>\n<td class=\"sc-27ebc524-0 ca-dqbf sc-4daba230-1 elJoDZ\">\n<p class=\"sc-8b815c14-0 jqNLmg\">14.9 cm<\/p>\n<\/td>\n<\/tr>\n<tr class=\"sc-cda3276b-0 iNKSCY\">\n<td class=\"sc-27ebc524-0 iIdXkJ\">\n<p class=\"sc-8b815c14-0 VLjjq\">Profundidad<\/p>\n<\/td>\n<td class=\"sc-27ebc524-0 ca-dqbf sc-4daba230-1 elJoDZ\">\n<p class=\"sc-8b815c14-0 jqNLmg\">14.1 cm<\/p>\n<\/td>\n<\/tr>\n<tr class=\"sc-cda3276b-0 iNKSCY\">\n<td class=\"sc-27ebc524-0 iIdXkJ\">\n<p class=\"sc-8b815c14-0 VLjjq\">Color (por fabricante)<\/p>\n<\/td>\n<td class=\"sc-27ebc524-0 ca-dqbf sc-4daba230-1 elJoDZ\">\n<p class=\"sc-8b815c14-0 jqNLmg\">Azul<\/p>\n<\/td>\n<\/tr>\n<tr class=\"sc-cda3276b-0 iNKSCY\">\n<td class=\"sc-27ebc524-0 iIdXkJ\">\n<p class=\"sc-8b815c14-0 VLjjq\">Peso (seg\u00fan el fabricante)<\/p>\n<\/td>\n<td class=\"sc-27ebc524-0 ca-dqbf sc-4daba230-1 elJoDZ\">\n<p class=\"sc-8b815c14-0 jqNLmg\">2.1 kg<\/p>\n<\/td>\n<\/tr>\n<tr class=\"sc-cda3276b-0 iNKSCY\">\n<td class=\"sc-27ebc524-0 iIdXkJ\">\n<p class=\"sc-8b815c14-0 VLjjq\">Peso<\/p>\n<\/td>\n<td class=\"sc-27ebc524-0 ca-dqbf sc-4daba230-1 elJoDZ\">\n<p class=\"sc-8b815c14-0 jqNLmg\">2.1 kg<\/p>\n<\/td>\n<\/tr>\n<tr id=\"pdp-features-last-always-visible\" class=\"sc-cda3276b-0 iNKSCY\">\n<td class=\"sc-27ebc524-0 iIdXkJ\">\n<p class=\"sc-8b815c14-0 VLjjq\">Contenido<\/p>\n<\/td>\n<td class=\"sc-27ebc524-0 ca-dqbf sc-4daba230-1 elJoDZ\">\n<p class=\"sc-8b815c14-0 jqNLmg\">1 x JBL Xtreme 4; 1 x adaptador PD (el tipo de enchufe var\u00eda seg\u00fan la regi\u00f3n); 1 gu\u00eda de inicio r\u00e1pido; 1 x Tarjeta de garant\u00eda\/hoja de seguridad<\/p>\n<\/td>\n<\/tr>\n<\/tbody>\n<\/table>\n","protected":false},"excerpt":{"rendered":"<p>\u00a1Es hora de vivir con volumen! El altavoz port\u00e1til JBL Xtreme 4 resistente al agua ofrece un sonido JBL Pro de \u00faltima generaci\u00f3n con una din\u00e1mica incre\u00edble, incluso a m\u00e1ximo volumen, gracias a sus dos potentes woofers y dos altavoces de agudos. Los radiadores pasivos JBL de doble bombeo te ofrecen unos graves m\u00e1s profundos.<\/p>\n<h3 class=\"sc-8b815c14-0 hVYfJJ\">Gran sonido JBL Pro de nuevo nivel<\/h3>\n<p>Dos altavoces de graves (170W RMS), dos potentes amplificadores y dos radiadores JBL Bass proporcionan sin esfuerzo un\u00a0<b>sonido din\u00e1mico y envolvente con graves profundos y detalles en cada nota<\/b>. Te dejar\u00e1s llevar por la m\u00fasica vayas donde vayas<\/p>\n<h3 class=\"sc-8b815c14-0 hVYfJJ\">24 horas de reproducci\u00f3n m\u00e1s 6 horas extra con Playtime Boost<\/h3>\n<p>Tus aventuras ac\u00fasticas pueden durar todo el d\u00eda. Lleva contigo el JBL Xtreme 4 de una estancia a otra, a tu fiesta en el jard\u00edn o a la playa. Con\u00a0<b>24 horas de duraci\u00f3n de la bater\u00eda<\/b>, puedes reproducir m\u00fasica hasta que el sol se ponga \u2014y vuelva a salir\u2014 antes de necesitar recargarlo. Solo tienes que pulsar\u00a0<b>Playtime Boost para prolongar el tiempo de reproducci\u00f3n<\/b>\u00a0y aumentar la duraci\u00f3n de la bater\u00eda hasta 6 horas. Esta funci\u00f3n sintoniza y optimiza el rendimiento para obtener un sonido m\u00e1s alto y n\u00edtido.<\/p>\n<h3 class=\"sc-8b815c14-0 hVYfJJ\">C\u00f3moda correa para el hombro<\/h3>\n<p>El altavoz puede llevarse\u00a0<b>colgado del hombro o puede ajustarse como bandolera<\/b>, sea cual sea tu estilo o estado de \u00e1nimo.<\/p>\n","protected":false},"featured_media":2601,"comment_status":"open","ping_status":"closed","template":"","meta":[],"product_brand":[],"product_cat":[79],"product_tag":[],"class_list":{"0":"post-2474","1":"product","2":"type-product","3":"status-publish","4":"has-post-thumbnail","6":"product_cat-aparato-de-musica","8":"first","9":"instock","10":"sale","11":"shipping-taxable","12":"purchasable","13":"product-type-simple"},"jetpack_sharing_enabled":true,"_links":{"self":[{"href":"https:\/\/yomas-electrodomesticos.com\/index.php\/wp-json\/wp\/v2\/product\/2474","targetHints":{"allow":["GET"]}}],"collection":[{"href":"https:\/\/yomas-electrodomesticos.com\/index.php\/wp-json\/wp\/v2\/product"}],"about":[{"href":"https:\/\/yomas-electrodomesticos.com\/index.php\/wp-json\/wp\/v2\/types\/product"}],"replies":[{"embeddable":true,"href":"https:\/\/yomas-electrodomesticos.com\/index.php\/wp-json\/wp\/v2\/comments?post=2474"}],"version-history":[{"count":1,"href":"https:\/\/yomas-electrodomesticos.com\/index.php\/wp-json\/wp\/v2\/product\/2474\/revisions"}],"predecessor-version":[{"id":2602,"href":"https:\/\/yomas-electrodomesticos.com\/index.php\/wp-json\/wp\/v2\/product\/2474\/revisions\/2602"}],"wp:featuredmedia":[{"embeddable":true,"href":"https:\/\/yomas-electrodomesticos.com\/index.php\/wp-json\/wp\/v2\/media\/2601"}],"wp:attachment":[{"href":"https:\/\/yomas-electrodomesticos.com\/index.php\/wp-json\/wp\/v2\/media?parent=2474"}],"wp:term":[{"taxonomy":"product_brand","embeddable":true,"href":"https:\/\/yomas-electrodomesticos.com\/index.php\/wp-json\/wp\/v2\/product_brand?post=2474"},{"taxonomy":"product_cat","embeddable":true,"href":"https:\/\/yomas-electrodomesticos.com\/index.php\/wp-json\/wp\/v2\/product_cat?post=2474"},{"taxonomy":"product_tag","embeddable":true,"href":"https:\/\/yomas-electrodomesticos.com\/index.php\/wp-json\/wp\/v2\/product_tag?post=2474"}],"curies":[{"name":"wp","href":"https:\/\/api.w.org\/{rel}","templated":true}]}}