{"id":2476,"date":"2025-07-09T10:52:25","date_gmt":"2025-07-09T08:52:25","guid":{"rendered":"https:\/\/yomas-electrodomesticos.com\/?post_type=product&#038;p=2476"},"modified":"2025-07-09T10:53:08","modified_gmt":"2025-07-09T08:53:08","slug":"lg-xboom-go-xg8t-altavoz-inalambrico-resistencia-al-agua-y-polvo-ip67","status":"publish","type":"product","link":"https:\/\/yomas-electrodomesticos.com\/index.php\/producto\/lg-xboom-go-xg8t-altavoz-inalambrico-resistencia-al-agua-y-polvo-ip67\/","title":{"rendered":"LG XBOOM GO XG8T Altavoz Inal\u00e1mbrico Resistencia al Agua y Polvo IP67"},"content":{"rendered":"<div class=\"sc-iJucHF bdPGtt\">\n<h2>Caracter\u00edsticas:<\/h2>\n<ul>\n<li><strong>SONIDO POTENTE Y N\u00cdTIDO<\/strong>: Con 60W de potencia, sus 2 woofers de 8 pulgadas produce graves profundos y dos tweeters de 3 pulgadas dise\u00f1ados para crear un sonido n\u00edtido mejorando la respuesta en alta frecuencia.<\/li>\n<li><strong>AUMENTA LA DIVERSI\u00d3N:\u00a0<\/strong>Sound Boost amplifica la potencia de sonido y ampl\u00eda su campo. Pulsa el bot\u00f3n para levantar el \u00e1nimo de la fiesta.<\/li>\n<li><strong>QUE NADA TE PARE<\/strong>: Su bater\u00eda de hasta 15 horas y su resistencia al agua y polvo IP67 te permite disfrutar de la m\u00fasica en cualquier lugar durante m\u00e1s tiempo.<\/li>\n<li><strong>ILUMINACI\u00d3N DE AMBIENTE PERSONALIZABLE<\/strong>: Sus luces laterales crean un espect\u00e1culo de colores que combinan con el ritmo de la m\u00fasica. Vincula canciones y elige entre 16 millones de colores con la app XBOOM.<\/li>\n<li><strong>RESISTENCIA MILITAR<\/strong>: Disfuta de tu m\u00fasica en cualquier lugar con el LG XBOOM Go XG8T. Probado y certificado seg\u00fan los est\u00e1ndares militares de EE. UU. Ofreciendo una durabilidad y un rendimiento m\u00e1ximo.<\/li>\n<\/ul>\n<h2>Especificaciones LG XBOOM GO XG8T:<\/h2>\n<ul>\n<li><strong>Altavoces<\/strong>\n<ul>\n<li>Canales de salida de audio: 1.0 canales<\/li>\n<li>N\u00famero de altavoces: 2<\/li>\n<li>Tweeter: Si<\/li>\n<li>N\u00famero de controladores de tweeter: 1<\/li>\n<li>Di\u00e1metro del tweeter (imperial): 3,99 cm (1.57&Prime;)<\/li>\n<li>Altavoz: Si<\/li>\n<li>N\u00famero de controladores de woofer: 1<\/li>\n<\/ul>\n<\/li>\n<\/ul>\n<ul>\n<li><strong>Audio<\/strong>\n<ul>\n<li>Potencia estimada RMS: 120 W<\/li>\n<li>Obstrucci\u00f3n: 6 Ohm<\/li>\n<\/ul>\n<\/li>\n<\/ul>\n<ul>\n<li><strong>Puertos e Interfaces<\/strong>\n<ul>\n<li>Tecnolog\u00eda de conectividad: Inal\u00e1mbrico<\/li>\n<li>Wifi: No<\/li>\n<li>Bluetooth: Si<\/li>\n<li>Versi\u00f3n de Bluetooth: 5.1<\/li>\n<li>Conector de 3,5 mm: No<\/li>\n<li>Conexi\u00f3n USB: Si<\/li>\n<li>Conector USB: USB Tipo C<\/li>\n<li>Entrada auxiliar: No<\/li>\n<li>AirPlay: No<\/li>\n<\/ul>\n<\/li>\n<\/ul>\n<ul>\n<li><strong>Dise\u00f1o<\/strong>\n<ul>\n<li>Tipo de producto: Altavoz monof\u00f3nico port\u00e1til<\/li>\n<li>Color del producto: Negro<\/li>\n<li>Pantalla incorporada: No<\/li>\n<li>Asa de transporte: Si<\/li>\n<li>C\u00f3digo IP (International Protection): IP67<\/li>\n<\/ul>\n<\/li>\n<\/ul>\n<ul>\n<li><strong>Desempe\u00f1o<\/strong>\n<ul>\n<li>Uso recomendado: Universal<\/li>\n<li>Formatos de audio soportados: AAC, SBC<\/li>\n<li>Tarjeta de lectura integrada: No<\/li>\n<li>Modo manos libres: No<\/li>\n<li>Radio FM: No<\/li>\n<\/ul>\n<\/li>\n<\/ul>\n<ul>\n<li><strong>Amplificador<\/strong>\n<ul>\n<li>Ampificador: No<\/li>\n<\/ul>\n<\/li>\n<\/ul>\n<ul>\n<li><strong>Control de energ\u00eda<\/strong>\n<ul>\n<li>Alimentaci\u00f3n: Bater\u00eda<\/li>\n<li>Tipo de bater\u00eda: Bater\u00eda integrada<\/li>\n<li>Tecnolog\u00eda de bater\u00eda: Litio<\/li>\n<li>Capacidad de bater\u00eda: 2985 mAh<\/li>\n<li>Capacidad de bater\u00eda: 44 Wh<\/li>\n<li>Voltaje de la pila: 14,8 V<\/li>\n<li>Autonom\u00eda: 15 h<\/li>\n<li>Tiempo de recarga de la bater\u00eda: 3 h<\/li>\n<\/ul>\n<\/li>\n<\/ul>\n<ul>\n<li><strong>Peso y dimensiones<\/strong>\n<ul>\n<li>Ancho: 370 mm<\/li>\n<li>Profundidad: 147 mm<\/li>\n<li>Altura: 150 mm<\/li>\n<li>Peso: 3,2 kg<\/li>\n<\/ul>\n<\/li>\n<\/ul>\n<ul>\n<li><strong>Empaquetado<\/strong>\n<ul>\n<li>Ancho del paquete: 422 mm<\/li>\n<li>Profundidad del paquete: 212 mm<\/li>\n<li>Altura del paquete: 262 mm<\/li>\n<li>Peso del paquete: 4,9 kg<\/li>\n<\/ul>\n<\/li>\n<\/ul>\n<ul>\n<li><strong>Contenido del embalaje<\/strong>\n<ul>\n<li>Manual de usuario: Si<\/li>\n<li>Adaptador de corriente incluido: Si<\/li>\n<\/ul>\n<\/li>\n<\/ul>\n<ul>\n<li><strong>Datos log\u00edsticos<\/strong>\n<ul>\n<li>Periodo de garant\u00eda: 2 a\u00f1o(s)<\/li>\n<\/ul>\n<\/li>\n<\/ul>\n<\/div>\n<p><span class=\"sc-bWCNZO VShhh\">Fecha de lanzamiento: 23\/4\/2024<\/span><\/p>\n<div id=\"flix-inpage\">\n<div id=\"flixinpage_25040581733674597924\">\n<div id=\"AllInOne\">\n<div id=\"FullInpageHtml\">\n<div>\n<div>\n<div>\n<div id=\"inpage-iframe-modal\"><\/div>\n<div id=\"flix-lg-inpage\" class=\"flix-lg5 flix-gp1 flix-lg5-loaded lg_inpage_700_1199\">\n<div id=\"flix-std-inpage\" data-language=\"es\">\n<div id=\"inpage_container\" class=\"inpage_1050\" data-flx-p=\"2504058\" data-flixtime3=\"1733677392233\">\n<div class=\"inpage_selector_info clearfix\">\n<section>\n<div class=\"flix-mod-header flix-new-header \"><img decoding=\"async\" class=\"flix_logo\" src=\"https:\/\/media.flixcar.com\/modular\/static\/inpage\/57\/img\/LG_newversion_logo.png\" alt=\"LG Logo\" \/><\/div>\n<\/section>\n<\/div>\n<\/div>\n<\/div>\n<\/div>\n<\/div>\n<\/div>\n<\/div>\n<\/div>\n<\/div>\n<\/div>\n<\/div>\n","protected":false},"excerpt":{"rendered":"<p><strong>Siente un sonido n\u00edtido con LG XBOOM Go<\/strong>. Siente un sonido n\u00edtido con graves potentes. Reproduce un sonido inmersivo, con graves profundos y agudos n\u00edtidos. Sube el volumen, anima la fiesta y vive una emoci\u00f3n compartida. LG XBOOM Go XG8T cuenta con tecnolog\u00eda de sonido l\u00edder en la industria, que combina un sonido potente, graves profundos y nitidez en las notas altas para un sonido potente e inmersivo.<\/p>\n","protected":false},"featured_media":2611,"comment_status":"open","ping_status":"closed","template":"","meta":[],"product_brand":[],"product_cat":[79],"product_tag":[],"class_list":{"0":"post-2476","1":"product","2":"type-product","3":"status-publish","4":"has-post-thumbnail","6":"product_cat-aparato-de-musica","8":"first","9":"instock","10":"sale","11":"shipping-taxable","12":"purchasable","13":"product-type-simple"},"jetpack_sharing_enabled":true,"_links":{"self":[{"href":"https:\/\/yomas-electrodomesticos.com\/index.php\/wp-json\/wp\/v2\/product\/2476","targetHints":{"allow":["GET"]}}],"collection":[{"href":"https:\/\/yomas-electrodomesticos.com\/index.php\/wp-json\/wp\/v2\/product"}],"about":[{"href":"https:\/\/yomas-electrodomesticos.com\/index.php\/wp-json\/wp\/v2\/types\/product"}],"replies":[{"embeddable":true,"href":"https:\/\/yomas-electrodomesticos.com\/index.php\/wp-json\/wp\/v2\/comments?post=2476"}],"version-history":[{"count":1,"href":"https:\/\/yomas-electrodomesticos.com\/index.php\/wp-json\/wp\/v2\/product\/2476\/revisions"}],"predecessor-version":[{"id":2612,"href":"https:\/\/yomas-electrodomesticos.com\/index.php\/wp-json\/wp\/v2\/product\/2476\/revisions\/2612"}],"wp:featuredmedia":[{"embeddable":true,"href":"https:\/\/yomas-electrodomesticos.com\/index.php\/wp-json\/wp\/v2\/media\/2611"}],"wp:attachment":[{"href":"https:\/\/yomas-electrodomesticos.com\/index.php\/wp-json\/wp\/v2\/media?parent=2476"}],"wp:term":[{"taxonomy":"product_brand","embeddable":true,"href":"https:\/\/yomas-electrodomesticos.com\/index.php\/wp-json\/wp\/v2\/product_brand?post=2476"},{"taxonomy":"product_cat","embeddable":true,"href":"https:\/\/yomas-electrodomesticos.com\/index.php\/wp-json\/wp\/v2\/product_cat?post=2476"},{"taxonomy":"product_tag","embeddable":true,"href":"https:\/\/yomas-electrodomesticos.com\/index.php\/wp-json\/wp\/v2\/product_tag?post=2476"}],"curies":[{"name":"wp","href":"https:\/\/api.w.org\/{rel}","templated":true}]}}