{"id":2629,"date":"2025-07-09T11:01:54","date_gmt":"2025-07-09T09:01:54","guid":{"rendered":"https:\/\/yomas-electrodomesticos.com\/?post_type=product&#038;p=2629"},"modified":"2025-07-09T11:02:05","modified_gmt":"2025-07-09T09:02:05","slug":"calentador-estanco-a-gas-natural-junkers-hydronext-5600-s-wtd-12-3-ame","status":"publish","type":"product","link":"https:\/\/yomas-electrodomesticos.com\/index.php\/producto\/calentador-estanco-a-gas-natural-junkers-hydronext-5600-s-wtd-12-3-ame\/","title":{"rendered":"Calentador estanco a gas natural Junkers Hydronext 5600 S WTD 12-3 AME"},"content":{"rendered":"<p><b>Calentador Hydronext 5600 S WTD 12-3 AME de gas natural:<\/b><\/p>\n<p>Los calentadores estancos de gas natural Junkers-Bosch consiguen llegar a los niveles m\u00e1s bajos de emisiones de NOx seg\u00fan la ErP gracias a la tecnolog\u00eda del quemador \u00ab\u00a0Rich-Lean\u00a0\u00bb.<\/p>\n<p>La baja temperatura de combusti\u00f3n en el quemador permite cumplir con los requisitos de bajas emisiones de NOx.<\/p>\n<p>El control termost\u00e1tico de la temperatura permite que el calentador trabaje lo m\u00e1s eficiente, de manera que consigamos ahorrar cada vez que abrimos el grifo sin perder la sensaci\u00f3n de confort.<\/p>\n<p>Dise\u00f1o diferenciado y exclusivo de Bosch.<\/p>\n<p>Display intuitivo y digital con control t\u00e1ctil.<\/p>\n<p>F\u00e1cil de usar e instalar ya que mantiene la misma conexi\u00f3n hidr\u00e1ulica de todos los calentadores a gas Junkers.<\/p>\n<p>Control termost\u00e1tico de temperatura.<\/p>\n<p>Kit de salida de gases est\u00e1ndar incluido.<\/p>\n<p><b>Datos t\u00e9cnicos:<\/b><\/p>\n<p>Dimensiones (altoxanchoxprofundo): 575x335x180 mm.<\/p>\n<p>Peso: 13 kg.<\/p>\n<p>Tipo de encendido: autom\u00e1tico &#8211; conexi\u00f3n el\u00e9ctrica 230 V.<\/p>\n<p>Capacidad en litros: 12 l\/min.<\/p>\n<p>Clase de eficiencia energ\u00e9tica en ACS: A+.<\/p>\n<p>Perfil de consumo en ACS: S.<\/p>\n<p>Potencia: 4,1 &#8211; 20,7 kW.<\/p>\n<p>Presi\u00f3n m\u00ednima de funcionamiento: 0,1 bar.<\/p>\n<p>Presi\u00f3n m\u00e1xima disponible: 12 bar.<\/p>\n<p>Rango caudal: 2,8 &#8211; 12 l\/min.<\/p>\n<p>Longitud m\u00e1xima de evacuaci\u00f3n vertical: 4 m.<\/p>\n<p>Longitud m\u00e1xima de evacuaci\u00f3n horizontal: 4 m.<\/p>\n<p>Di\u00e1metro del tubo de evacuaci\u00f3n: 80\/110 mm.<\/p>\n<p>Tipo de gas: gas natural.<\/p>\n<p>Compatibilidad con solar: si.<\/p>\n<p>Display Digital (LCD): si.<\/p>\n<p>Conectividad: No.<\/p>\n<p>El funcionamiento de este calentador es con gas, por lo que debe ser instalado por una empresa autorizada con personal t\u00e9cnico instalador de gas.<\/p>\n<p>La garant\u00eda del producto, al ser un equipo instalado, la da directamente el fabricante mediante su red de servicios de asistencia t\u00e9cnica. Para cualquier incidencia, p\u00f3ngase en contacto directamente con Junkers Bosch.<\/p>\n","protected":false},"excerpt":{"rendered":"<p>El calentador estanco a gas natural Hydronext 5600 S WTD 12-3 AME permite seleccionar la temperatura deseada con el control termost\u00e1tico grado a grado, de manera que el calentador trabaje lo m\u00e1s eficiente posible, permitiendo ahorrar cada vez que abrimos el grifo con la mejor sensaci\u00f3n de confort. Con salida de gases.<\/p>\n<dl class=\"feature-list\">\n<dt class=\"mr-1\">\u00a0<span class=\"feature-name clase-eficiencia-energetica\">Eficiencia Energ\u00e9tica:<\/span><\/dt>\n<dd class=\"feature-value clase-eficiencia-energetica\">A<\/dd>\n<dt class=\"mr-1\">\u00a0<span class=\"feature-name tipo-de-gas\">Tipo de gas calderas y calentadores:<\/span><\/dt>\n<dd class=\"feature-value tipo-de-gas\">Gas natural<\/dd>\n<dt class=\"mr-1\">\u00a0<span class=\"feature-name perfil-de-consumo-acs\">Perfil ACS:<\/span><\/dt>\n<dd class=\"feature-value perfil-de-consumo-acs\">S<\/dd>\n<dt class=\"mr-1\">\u00a0<span class=\"feature-name tipo-de-calentador\">Tipo de calentador:<\/span><\/dt>\n<dd class=\"feature-value tipo-de-calentador\">Estanco<\/dd>\n<\/dl>\n","protected":false},"featured_media":2654,"comment_status":"open","ping_status":"closed","template":"","meta":[],"product_brand":[],"product_cat":[80],"product_tag":[],"class_list":{"0":"post-2629","1":"product","2":"type-product","3":"status-publish","4":"has-post-thumbnail","6":"product_cat-calentadores","8":"first","9":"instock","10":"shipping-taxable","11":"purchasable","12":"product-type-simple"},"jetpack_sharing_enabled":true,"_links":{"self":[{"href":"https:\/\/yomas-electrodomesticos.com\/index.php\/wp-json\/wp\/v2\/product\/2629","targetHints":{"allow":["GET"]}}],"collection":[{"href":"https:\/\/yomas-electrodomesticos.com\/index.php\/wp-json\/wp\/v2\/product"}],"about":[{"href":"https:\/\/yomas-electrodomesticos.com\/index.php\/wp-json\/wp\/v2\/types\/product"}],"replies":[{"embeddable":true,"href":"https:\/\/yomas-electrodomesticos.com\/index.php\/wp-json\/wp\/v2\/comments?post=2629"}],"version-history":[{"count":1,"href":"https:\/\/yomas-electrodomesticos.com\/index.php\/wp-json\/wp\/v2\/product\/2629\/revisions"}],"predecessor-version":[{"id":2655,"href":"https:\/\/yomas-electrodomesticos.com\/index.php\/wp-json\/wp\/v2\/product\/2629\/revisions\/2655"}],"wp:featuredmedia":[{"embeddable":true,"href":"https:\/\/yomas-electrodomesticos.com\/index.php\/wp-json\/wp\/v2\/media\/2654"}],"wp:attachment":[{"href":"https:\/\/yomas-electrodomesticos.com\/index.php\/wp-json\/wp\/v2\/media?parent=2629"}],"wp:term":[{"taxonomy":"product_brand","embeddable":true,"href":"https:\/\/yomas-electrodomesticos.com\/index.php\/wp-json\/wp\/v2\/product_brand?post=2629"},{"taxonomy":"product_cat","embeddable":true,"href":"https:\/\/yomas-electrodomesticos.com\/index.php\/wp-json\/wp\/v2\/product_cat?post=2629"},{"taxonomy":"product_tag","embeddable":true,"href":"https:\/\/yomas-electrodomesticos.com\/index.php\/wp-json\/wp\/v2\/product_tag?post=2629"}],"curies":[{"name":"wp","href":"https:\/\/api.w.org\/{rel}","templated":true}]}}