{"id":2631,"date":"2025-07-09T11:01:55","date_gmt":"2025-07-09T09:01:55","guid":{"rendered":"https:\/\/yomas-electrodomesticos.com\/?post_type=product&#038;p=2631"},"modified":"2025-07-09T12:46:24","modified_gmt":"2025-07-09T10:46:24","slug":"calentador-estanco-a-gas-propano-ariston-next-evo-x-11-sft","status":"publish","type":"product","link":"https:\/\/yomas-electrodomesticos.com\/index.php\/producto\/calentador-estanco-a-gas-propano-ariston-next-evo-x-11-sft\/","title":{"rendered":"Calentador estanco a gas propano Ariston NEXT EVO X 11 SFT"},"content":{"rendered":"<p><b>Calentador NEXT EVO X 11 SFT de gas propano:<\/b><\/p>\n<p>Encendido electr\u00f3nico autom\u00e1tico que permite un mayor ahorro de gas.<\/p>\n<p>Tecnolog\u00eda Bajo NOx.<\/p>\n<p>Funcionamiento con poca presi\u00f3n de agua, solo de 0,2 bar. Funciona incluso con caudales m\u00ednimos (&lt;2 l\/min).<\/p>\n<p>Tecnolog\u00eda termost\u00e1tica: mantiene la temperatura estable para que el calentador trabaje de la manera m\u00e1s eficiente posible, permitiendo ahorrar cada vez que se abre el grifo y siempre con el confort deseado.<\/p>\n<p>Alta eficiencia energ\u00e9tica: Alto rendimiento energ\u00e9tico, bajo nivel de consumo y emisiones nocivas. Clase energ\u00e9tica A.<\/p>\n<p>Display LED simple e intuitivo, con botones soft touch que permite visualizar y ajustar la temperatura grado a grado.<\/p>\n<p>Dimensiones compactas: 16,5 cms. de profundidad.<\/p>\n<p>Preparado para integrarse con sistemas solares t\u00e9rmicos.<\/p>\n<p>M\u00e1xima seguridad con sensores de humos, agua y detector de llama.<\/p>\n<p>Incluye el kit de evacuaci\u00f3n de humos horizontal.<\/p>\n<p><b>Datos t\u00e9cnicos:<\/b><\/p>\n<p>Dimensiones (altoxanchoxprofundo): 570x345x165 mm.<\/p>\n<p>Peso neto: 13 kg.<\/p>\n<p>Encendido electr\u00f3nico: SI<\/p>\n<p>Potencia nominal max\/min.: 22\/7.8 kW<\/p>\n<p>Potencia \u00fatil max\/min.: 19.5\/7 kW<\/p>\n<p>Caudal espec\u00edfico ACS ( \u0394T=25\u00baC): 11 l\/min.<\/p>\n<p>Caudal de agua m\u00ednimo: 2,5 l\/min.<\/p>\n<p>Presi\u00f3n m\u00ednima de agua: 0,1 bar<\/p>\n<p>Rango de temperatura: 35-65 \u00baC<\/p>\n<p>Clase de eficiencia ACS: A<\/p>\n<p>Perfil de consumo: M<\/p>\n<p>El funcionamiento de este calentador es con gas, por lo que debe ser instalado por una empresa autorizada con personal t\u00e9cnico instalador de gas.<\/p>\n<p>La garant\u00eda del producto, al ser un equipo instalado, la da directamente el fabricante mediante su red de servicios de asistencia t\u00e9cnica. Para cualquier incidencia, p\u00f3ngase en contacto directamente con Ariston.<\/p>\n","protected":false},"excerpt":{"rendered":"<div class=\"product-description-container d-none d-md-block mt-md-3\">\n<p class=\"description\" data-copy-html=\"true\" data-copy-html-size=\"md\" data-html-target=\"#description_location_mobile\">Calentador de c\u00e1mara estanca a gas propano NEXT EVO X 11 SFT para ACS. Encendido electr\u00f3nico autom\u00e1tico y de baja presi\u00f3n. Modulaci\u00f3n termost\u00e1tica electr\u00f3nica. Tecnolog\u00eda Bajo NOx. Alta eficiencia energ\u00e9tica. Display con pantalla LCD. Dimensiones compactas. Con salida de gases.<\/p>\n<\/div>\n<hr class=\"hr-files d-none d-md-block\" \/>\n<div class=\"d-none d-md-block ifc-features-wrapper\">\n<h2 class=\"h5\">Caracter\u00edsticas<\/h2>\n<div class=\"ifc-features-table\" data-copy-html=\"true\" data-copy-html-size=\"md\" data-html-target=\"#features_location_mobile\">\n<dl class=\"feature-list\">\n<dt class=\"mr-1\">\u00a0<span class=\"feature-name clase-eficiencia-energetica\">Eficiencia Energ\u00e9tica:<\/span><\/dt>\n<dd class=\"feature-value clase-eficiencia-energetica\">A<\/dd>\n<dt class=\"mr-1\">\u00a0<span class=\"feature-name tipo-de-gas\">Tipo de gas calderas y calentadores:<\/span><\/dt>\n<dd class=\"feature-value tipo-de-gas\">Gas propano<\/dd>\n<dt class=\"mr-1\">\u00a0<span class=\"feature-name perfil-de-consumo-acs\">Perfil ACS:<\/span><\/dt>\n<dd class=\"feature-value perfil-de-consumo-acs\">M<\/dd>\n<dt class=\"mr-1\">\u00a0<span class=\"feature-name tipo-de-calentador\">Tipo de calentador:<\/span><\/dt>\n<dd class=\"feature-value tipo-de-calentador\">Estanco<\/dd>\n<\/dl>\n<\/div>\n<\/div>\n","protected":false},"featured_media":2663,"comment_status":"open","ping_status":"closed","template":"","meta":[],"product_brand":[],"product_cat":[80],"product_tag":[],"class_list":{"0":"post-2631","1":"product","2":"type-product","3":"status-publish","4":"has-post-thumbnail","6":"product_cat-calentadores","8":"first","9":"instock","10":"shipping-taxable","11":"purchasable","12":"product-type-simple"},"jetpack_sharing_enabled":true,"_links":{"self":[{"href":"https:\/\/yomas-electrodomesticos.com\/index.php\/wp-json\/wp\/v2\/product\/2631","targetHints":{"allow":["GET"]}}],"collection":[{"href":"https:\/\/yomas-electrodomesticos.com\/index.php\/wp-json\/wp\/v2\/product"}],"about":[{"href":"https:\/\/yomas-electrodomesticos.com\/index.php\/wp-json\/wp\/v2\/types\/product"}],"replies":[{"embeddable":true,"href":"https:\/\/yomas-electrodomesticos.com\/index.php\/wp-json\/wp\/v2\/comments?post=2631"}],"version-history":[{"count":1,"href":"https:\/\/yomas-electrodomesticos.com\/index.php\/wp-json\/wp\/v2\/product\/2631\/revisions"}],"predecessor-version":[{"id":2664,"href":"https:\/\/yomas-electrodomesticos.com\/index.php\/wp-json\/wp\/v2\/product\/2631\/revisions\/2664"}],"wp:featuredmedia":[{"embeddable":true,"href":"https:\/\/yomas-electrodomesticos.com\/index.php\/wp-json\/wp\/v2\/media\/2663"}],"wp:attachment":[{"href":"https:\/\/yomas-electrodomesticos.com\/index.php\/wp-json\/wp\/v2\/media?parent=2631"}],"wp:term":[{"taxonomy":"product_brand","embeddable":true,"href":"https:\/\/yomas-electrodomesticos.com\/index.php\/wp-json\/wp\/v2\/product_brand?post=2631"},{"taxonomy":"product_cat","embeddable":true,"href":"https:\/\/yomas-electrodomesticos.com\/index.php\/wp-json\/wp\/v2\/product_cat?post=2631"},{"taxonomy":"product_tag","embeddable":true,"href":"https:\/\/yomas-electrodomesticos.com\/index.php\/wp-json\/wp\/v2\/product_tag?post=2631"}],"curies":[{"name":"wp","href":"https:\/\/api.w.org\/{rel}","templated":true}]}}