{"id":2633,"date":"2025-07-09T11:01:56","date_gmt":"2025-07-09T09:01:56","guid":{"rendered":"https:\/\/yomas-electrodomesticos.com\/?post_type=product&#038;p=2633"},"modified":"2025-07-09T11:02:10","modified_gmt":"2025-07-09T09:02:10","slug":"calentador-estanco-a-gas-natural-vaillant-turbomag-pro-125-1-3r","status":"publish","type":"product","link":"https:\/\/yomas-electrodomesticos.com\/index.php\/producto\/calentador-estanco-a-gas-natural-vaillant-turbomag-pro-125-1-3r\/","title":{"rendered":"Calentador estanco a gas natural Vaillant turboMAG pro 125\/1 3R"},"content":{"rendered":"<p><b>Calentador turboMAG pro 125\/1 3R de gas natural:<\/b><\/p>\n<p>Robusto, fiable y funcional.<\/p>\n<p>Dimensiones reducidas que facilitan la integraci\u00f3n en espacios reducidos como armarios de cocina est\u00e1ndares.<\/p>\n<p>Regulaci\u00f3n modulante seg\u00fan la temperatura del agua en la salida de ACS que asegura el consumo \u00f3ptimo y la estabilidad t\u00e9rmica perfecta.<\/p>\n<p>Sin llama piloto: no consume nada de gas en estado de espera.<\/p>\n<p>Con tecnolog\u00eda de combusti\u00f3n que reduce las emisiones de NOx.<\/p>\n<p>Sin rejilla en la pared: no entra aire exterior en el hogar.<\/p>\n<p>Protecci\u00f3n contra heladas: instalaci\u00f3n en interior y exterior, en lugar protegido de lluvia.<\/p>\n<p>Accesorios suministrados en el embalaje para una r\u00e1pida instalaci\u00f3n.<\/p>\n<p>Incluye el kit de salida de gases.<\/p>\n<p><b>Datos t\u00e9cnicos:<\/b><\/p>\n<p>Dimensiones (altoxanchoxprofundo): 627x348x240 mm.<\/p>\n<p>Peso: 20 kg.<\/p>\n<p>Tipo de encendido: electr\u00f3nico (230 V\/50 Hz)<\/p>\n<p>Caudal nominal: 12 l\/min.<\/p>\n<p>Potencia t\u00e9rmica (min-max): 12,0 &#8211; 25,0 kW<\/p>\n<p>Potencia \u00fatil (min-max): 10,7 &#8211; 21,6 kW<\/p>\n<p>Eficiencia ErP: A.<\/p>\n<p>Perfil de consumo: L.<\/p>\n<p>Regulaci\u00f3n: termost\u00e1tica en salida.<\/p>\n<p>Temperatura estable (min-max): 35 &#8211; 60 \u00baC.<\/p>\n<p>Panel de control: pantalla digital \/ Dial.<\/p>\n<p>Presi\u00f3n (min-max): 0,2 &#8211; 15,00 bar.<\/p>\n<p>Caudal m\u00ednimo de arranque: 2,5 l\/min.<\/p>\n<p>Longitud m\u00e1xima de evacuaci\u00f3n 60\/100 horizontal\/vertical: 3,0 m.<\/p>\n<p>Gesti\u00f3n de energ\u00eda solar t\u00e9rmica disponible mediante accesorio opcional (no incluido).<\/p>\n<p>El funcionamiento de este calentador es con gas, por lo que debe ser instalado por una empresa autorizada con personal t\u00e9cnico instalador de gas.<\/p>\n<p>La garant\u00eda del producto, al ser un equipo instalado, la da directamente el fabricante mediante su red de servicios de asistencia t\u00e9cnica. Para cualquier incidencia, p\u00f3ngase en contacto directamente con Vaillant.<\/p>\n","protected":false},"excerpt":{"rendered":"<div class=\"row\">\n<div class=\"col-md-7 product-allinfo\">\n<div class=\"product-description-container d-none d-md-block mt-md-3\">\n<p class=\"description\" data-copy-html=\"true\" data-copy-html-size=\"md\" data-html-target=\"#description_location_mobile\">El calentador estanco a gas natural turboMAG pro 125\/1 3R, de dimensiones reducidas, es robusto, fiable y ofrece la m\u00e1xima seguridad y el \u00f3ptimo confort. Su instalaci\u00f3n es sencilla y r\u00e1pida gracias a los accesorios suministrados. Con salida de gases.<\/p>\n<\/div>\n<hr class=\"hr-files d-none d-md-block\" \/>\n<div class=\"d-none d-md-block ifc-features-wrapper\">\n<h2 class=\"h5\">Caracter\u00edsticas<\/h2>\n<div class=\"ifc-features-table\" data-copy-html=\"true\" data-copy-html-size=\"md\" data-html-target=\"#features_location_mobile\">\n<dl class=\"feature-list\">\n<dt class=\"mr-1\">\u00a0<span class=\"feature-name clase-eficiencia-energetica\">Eficiencia Energ\u00e9tica:<\/span><\/dt>\n<dd class=\"feature-value clase-eficiencia-energetica\">A<\/dd>\n<dt class=\"mr-1\">\u00a0<span class=\"feature-name tipo-de-gas\">Tipo de gas calderas y calentadores:<\/span><\/dt>\n<dd class=\"feature-value tipo-de-gas\">Gas natural<\/dd>\n<dt class=\"mr-1\">\u00a0<span class=\"feature-name perfil-de-consumo-acs\">Perfil ACS:<\/span><\/dt>\n<dd class=\"feature-value perfil-de-consumo-acs\">L<\/dd>\n<dt class=\"mr-1\">\u00a0<span class=\"feature-name tipo-de-calentador\">Tipo de calentador:<\/span><\/dt>\n<dd class=\"feature-value tipo-de-calentador\">Estanco<\/dd>\n<\/dl>\n<\/div>\n<\/div>\n<\/div>\n<\/div>\n<div class=\"row\"><\/div>\n","protected":false},"featured_media":2672,"comment_status":"open","ping_status":"closed","template":"","meta":[],"product_brand":[],"product_cat":[80],"product_tag":[],"class_list":{"0":"post-2633","1":"product","2":"type-product","3":"status-publish","4":"has-post-thumbnail","6":"product_cat-calentadores","8":"first","9":"instock","10":"shipping-taxable","11":"purchasable","12":"product-type-simple"},"jetpack_sharing_enabled":true,"_links":{"self":[{"href":"https:\/\/yomas-electrodomesticos.com\/index.php\/wp-json\/wp\/v2\/product\/2633","targetHints":{"allow":["GET"]}}],"collection":[{"href":"https:\/\/yomas-electrodomesticos.com\/index.php\/wp-json\/wp\/v2\/product"}],"about":[{"href":"https:\/\/yomas-electrodomesticos.com\/index.php\/wp-json\/wp\/v2\/types\/product"}],"replies":[{"embeddable":true,"href":"https:\/\/yomas-electrodomesticos.com\/index.php\/wp-json\/wp\/v2\/comments?post=2633"}],"version-history":[{"count":1,"href":"https:\/\/yomas-electrodomesticos.com\/index.php\/wp-json\/wp\/v2\/product\/2633\/revisions"}],"predecessor-version":[{"id":2673,"href":"https:\/\/yomas-electrodomesticos.com\/index.php\/wp-json\/wp\/v2\/product\/2633\/revisions\/2673"}],"wp:featuredmedia":[{"embeddable":true,"href":"https:\/\/yomas-electrodomesticos.com\/index.php\/wp-json\/wp\/v2\/media\/2672"}],"wp:attachment":[{"href":"https:\/\/yomas-electrodomesticos.com\/index.php\/wp-json\/wp\/v2\/media?parent=2633"}],"wp:term":[{"taxonomy":"product_brand","embeddable":true,"href":"https:\/\/yomas-electrodomesticos.com\/index.php\/wp-json\/wp\/v2\/product_brand?post=2633"},{"taxonomy":"product_cat","embeddable":true,"href":"https:\/\/yomas-electrodomesticos.com\/index.php\/wp-json\/wp\/v2\/product_cat?post=2633"},{"taxonomy":"product_tag","embeddable":true,"href":"https:\/\/yomas-electrodomesticos.com\/index.php\/wp-json\/wp\/v2\/product_tag?post=2633"}],"curies":[{"name":"wp","href":"https:\/\/api.w.org\/{rel}","templated":true}]}}