{"id":2635,"date":"2025-07-09T11:01:57","date_gmt":"2025-07-09T09:01:57","guid":{"rendered":"https:\/\/yomas-electrodomesticos.com\/?post_type=product&#038;p=2635"},"modified":"2025-07-09T11:02:11","modified_gmt":"2025-07-09T09:02:11","slug":"calentador-estanco-a-gas-natural-vaillant-turbomag-plus-125-1-5","status":"publish","type":"product","link":"https:\/\/yomas-electrodomesticos.com\/index.php\/producto\/calentador-estanco-a-gas-natural-vaillant-turbomag-plus-125-1-5\/","title":{"rendered":"Calentador estanco a gas natural Vaillant turboMAG plus 125\/1-5"},"content":{"rendered":"<p><b>Calentador turboMAG plus 125\/1-5 de gas natural:<\/b><\/p>\n<p>Confort total gracias a la regulaci\u00f3n termost\u00e1tica que monitoriza continuamente la temperatura, tanto del agua que entra como de la que sale del aparato y consigue ACS estable a una temperatura precisa.<\/p>\n<p>M\u00e1xima seguridad gracias a la evacuaci\u00f3n de los gases al exterior. Su funcionamiento se basa en la toma del aire exterior y la expulsi\u00f3n de los gases procedentes del quemador tambi\u00e9n al exterior. Los gases nocivos nunca se mezclan con el aire del hogar. De esta manera, el riesgo de intoxicaci\u00f3n es pr\u00e1cticamente inexistente.<\/p>\n<p>M\u00e1ximo ahorro: usa solo la cantidad justa de gas. Con su sofisticada regulaci\u00f3n modula la potencia y consume exactamente el gas necesario para calentar el agua. No se desaprovecha gas ni en modo de espera gracias a la gesti\u00f3n autom\u00e1tica de arranque sin piloto.<\/p>\n<p>Dimensiones muy reducidas que hace que se adapte en m\u00faltiples espacios.<\/p>\n<p>Uso f\u00e1cil e intuitivo gracias a su display t\u00e1ctil LED. Modo ba\u00f1era y ducha. Filtro de agua de seguridad. Retardo de arranque solar.<\/p>\n<p>Kit de evacuaci\u00f3n de gases est\u00e1ndar de 60\/100 de di\u00e1metro incluido.<\/p>\n<p>Suministro de los componentes b\u00e1sicos para la instalaci\u00f3n: dos latiguillos, llave decorte, juntas para la conexi\u00f3n del gas, soporte de pared con sus tacos y escarpias.<\/p>\n<p><b>Datos t\u00e9cnicos:<\/b><\/p>\n<p>Dimensiones (altoxanchoxprofundo): 580x350x198 mm.<\/p>\n<p>Peso: 15 kg.<\/p>\n<p>Caudal nominal: 12 l\/min.<\/p>\n<p>Potencia t\u00e9rmica (min-max): 4,6-23,3 kW.<\/p>\n<p>Potencia \u00fatil (min-max): 4,4-21,4 kW.<\/p>\n<p>Eficiencia ErP: A.<\/p>\n<p>Perfil de consumo: M.<\/p>\n<p>Regulaci\u00f3n: termost\u00e1tica.<\/p>\n<p>Temperatura estable (min-m\u00e1x): 38-60 \u00baC<\/p>\n<p>Encendido: electr\u00f3nico (230V\/50Hz).<\/p>\n<p>Panel de control: pantalla digital t\u00e1ctil.<\/p>\n<p>Presi\u00f3n (min-m\u00e1x): 0,14-10,00 bar.<\/p>\n<p>Caudal m\u00ednimo de arranque: 2,5 l\/min.<\/p>\n<p>Longitud m\u00e1xima de evacuaci\u00f3n 60\/100 horizontal\/vertical: 5 m.<\/p>\n<p>El funcionamiento de este calentador es con gas, por lo que debe ser instalado por una empresa autorizada con personal t\u00e9cnico instalador de gas.<\/p>\n<p>La garant\u00eda del producto, al ser un equipo instalado, la da directamente el fabricante mediante su red de servicios de asistencia t\u00e9cnica. Para cualquier incidencia, p\u00f3ngase en contacto directamente con Vaillant.<\/p>\n","protected":false},"excerpt":{"rendered":"<div class=\"product-description-container d-none d-md-block mt-md-3\">\n<p class=\"description\" data-copy-html=\"true\" data-copy-html-size=\"md\" data-html-target=\"#description_location_mobile\">El calentador estanco a gas natural turboMAG plus 125\/1-5 es seguro, eficiente y sostenible. Utiliza solo la cantidad justa de gas lo que ofrece el m\u00e1ximo ahorro. La regulaci\u00f3n termost\u00e1tica garantiza un confort total. Dimensiones reducidas. Pantalla t\u00e1ctil. Modo ba\u00f1era y ducha. Filtro de agua de seguridad. Incluye kit de salida de gases est\u00e1ndar.<\/p>\n<\/div>\n<hr class=\"hr-files d-none d-md-block\" \/>\n<div class=\"d-none d-md-block ifc-features-wrapper\">\n<h2 class=\"h5\">Caracter\u00edsticas<\/h2>\n<div class=\"ifc-features-table\" data-copy-html=\"true\" data-copy-html-size=\"md\" data-html-target=\"#features_location_mobile\">\n<dl class=\"feature-list\">\n<dt class=\"mr-1\">\u00a0<span class=\"feature-name clase-eficiencia-energetica\">Eficiencia Energ\u00e9tica:<\/span><\/dt>\n<dd class=\"feature-value clase-eficiencia-energetica\">A<\/dd>\n<dt class=\"mr-1\">\u00a0<span class=\"feature-name tipo-de-gas\">Tipo de gas calderas y calentadores:<\/span><\/dt>\n<dd class=\"feature-value tipo-de-gas\">Gas natural<\/dd>\n<dt class=\"mr-1\">\u00a0<span class=\"feature-name perfil-de-consumo-acs\">Perfil ACS:<\/span><\/dt>\n<dd class=\"feature-value perfil-de-consumo-acs\">M<\/dd>\n<dt class=\"mr-1\">\u00a0<span class=\"feature-name tipo-de-calentador\">Tipo de calentador:<\/span><\/dt>\n<dd class=\"feature-value tipo-de-calentador\">Estanco<\/dd>\n<\/dl>\n<\/div>\n<\/div>\n","protected":false},"featured_media":2681,"comment_status":"open","ping_status":"closed","template":"","meta":[],"product_brand":[],"product_cat":[80],"product_tag":[],"class_list":{"0":"post-2635","1":"product","2":"type-product","3":"status-publish","4":"has-post-thumbnail","6":"product_cat-calentadores","8":"first","9":"instock","10":"shipping-taxable","11":"purchasable","12":"product-type-simple"},"jetpack_sharing_enabled":true,"_links":{"self":[{"href":"https:\/\/yomas-electrodomesticos.com\/index.php\/wp-json\/wp\/v2\/product\/2635","targetHints":{"allow":["GET"]}}],"collection":[{"href":"https:\/\/yomas-electrodomesticos.com\/index.php\/wp-json\/wp\/v2\/product"}],"about":[{"href":"https:\/\/yomas-electrodomesticos.com\/index.php\/wp-json\/wp\/v2\/types\/product"}],"replies":[{"embeddable":true,"href":"https:\/\/yomas-electrodomesticos.com\/index.php\/wp-json\/wp\/v2\/comments?post=2635"}],"version-history":[{"count":1,"href":"https:\/\/yomas-electrodomesticos.com\/index.php\/wp-json\/wp\/v2\/product\/2635\/revisions"}],"predecessor-version":[{"id":2682,"href":"https:\/\/yomas-electrodomesticos.com\/index.php\/wp-json\/wp\/v2\/product\/2635\/revisions\/2682"}],"wp:featuredmedia":[{"embeddable":true,"href":"https:\/\/yomas-electrodomesticos.com\/index.php\/wp-json\/wp\/v2\/media\/2681"}],"wp:attachment":[{"href":"https:\/\/yomas-electrodomesticos.com\/index.php\/wp-json\/wp\/v2\/media?parent=2635"}],"wp:term":[{"taxonomy":"product_brand","embeddable":true,"href":"https:\/\/yomas-electrodomesticos.com\/index.php\/wp-json\/wp\/v2\/product_brand?post=2635"},{"taxonomy":"product_cat","embeddable":true,"href":"https:\/\/yomas-electrodomesticos.com\/index.php\/wp-json\/wp\/v2\/product_cat?post=2635"},{"taxonomy":"product_tag","embeddable":true,"href":"https:\/\/yomas-electrodomesticos.com\/index.php\/wp-json\/wp\/v2\/product_tag?post=2635"}],"curies":[{"name":"wp","href":"https:\/\/api.w.org\/{rel}","templated":true}]}}