{"id":2636,"date":"2025-07-09T11:01:58","date_gmt":"2025-07-09T09:01:58","guid":{"rendered":"https:\/\/yomas-electrodomesticos.com\/?post_type=product&#038;p=2636"},"modified":"2025-07-09T11:02:12","modified_gmt":"2025-07-09T09:02:12","slug":"calentador-atmosferico-a-gas-natural-junkers-hydro-4200-wr11-4kb","status":"publish","type":"product","link":"https:\/\/yomas-electrodomesticos.com\/index.php\/producto\/calentador-atmosferico-a-gas-natural-junkers-hydro-4200-wr11-4kb\/","title":{"rendered":"Calentador atmosf\u00e9rico a gas natural Junkers Hydro 4200 WR11-4KB"},"content":{"rendered":"<p><b>Calentador atmosf\u00e9rico Hydro 4200 WR11-4KB de gas natural:<\/b><\/p>\n<p>Ahorro de energ\u00eda y m\u00e1ximo confort: con encendido por bater\u00edas, aseguran un ahorro energ\u00e9tico y una mayor comodidad en el encendido.<\/p>\n<p>Reducidas emisiones: eficiencia t\u00e9rmica y reducidas emisiones de NOx gracias al quemador de pre-mezcla que consigue llamas de reducido tama\u00f1o en una compacta c\u00e1mara de combusti\u00f3n.<\/p>\n<p>Tecnolog\u00eda innovadora: seguridad superior gracias a los sensores adicionales en el interior.<\/p>\n<p>La gama de calentadores atmosf\u00e9ricos Hydro 4200 incorporan eficiencia, dise\u00f1o y tecnolog\u00eda.<\/p>\n<p>Modulaci\u00f3n autom\u00e1tica de llama.<\/p>\n<p>Conexiones de agua y gas est\u00e1ndar Junkers.<\/p>\n<p>F\u00e1cil instalaci\u00f3n y r\u00e1pido reemplazo.<\/p>\n<p>Dise\u00f1o diferenciado y exclusivo de Bosch.<\/p>\n<p>&nbsp;<\/p>\n<p><b>Datos t\u00e9cnicos:<\/b><\/p>\n<p>Capacidad: 11 l\/min.<\/p>\n<p>Perfil de carga: M<\/p>\n<p>Clase energ\u00e9tica producci\u00f3n de agua caliente: A<\/p>\n<p>Potencia: 19,2 kW.<\/p>\n<p>Caudal de agua: 2,6 &#8211; 11 l\/min.<\/p>\n<p>Dimensiones (altoxanchoxfondo): 655x310x225 mm<\/p>\n<p>Peso: 10,00 kgs.<\/p>\n<p>Di\u00e1metro del tubo de evacuaci\u00f3n: 110 mm.<\/p>\n<p>Tipo de gas: 23.<\/p>\n<p>El funcionamiento de este calentador es con gas, por lo que debe ser instalado por una empresa autorizada con personal t\u00e9cnico instalador de gas.<\/p>\n<p>La garant\u00eda del producto, al ser un equipo instalado, la da directamente el fabricante mediante su red de servicios de asistencia t\u00e9cnica. Para cualquier incidencia, p\u00f3ngase en contacto directamente con Junkers Bosch.<\/p>\n","protected":false},"excerpt":{"rendered":"<div class=\"product-description-container d-none d-md-block mt-md-3\">\n<p class=\"description\" data-copy-html=\"true\" data-copy-html-size=\"md\" data-html-target=\"#description_location_mobile\">Calentador atmosf\u00e9rico de gas natural Hydro 4200 WR11-4KB para ACS. Bajas emisiones de NOx. Con encendido por bater\u00edas. Modulaci\u00f3n autom\u00e1tica de llama. Conexiones de agua y gas est\u00e1ndar Junkers. Seguridad superior gracias a los sensores adicionales en el interior.<\/p>\n<\/div>\n<hr class=\"hr-files d-none d-md-block\" \/>\n<div class=\"d-none d-md-block ifc-features-wrapper\">\n<h2 class=\"h5\">Caracter\u00edsticas<\/h2>\n<div class=\"ifc-features-table\" data-copy-html=\"true\" data-copy-html-size=\"md\" data-html-target=\"#features_location_mobile\">\n<dl class=\"feature-list\">\n<dt class=\"mr-1\">\u00a0<span class=\"feature-name clase-eficiencia-energetica\">Eficiencia Energ\u00e9tica:<\/span><\/dt>\n<dd class=\"feature-value clase-eficiencia-energetica\">A<\/dd>\n<dt class=\"mr-1\">\u00a0<span class=\"feature-name tipo-de-gas\">Tipo de gas calderas y calentadores:<\/span><\/dt>\n<dd class=\"feature-value tipo-de-gas\">Gas natural<\/dd>\n<dt class=\"mr-1\">\u00a0<span class=\"feature-name perfil-de-consumo-acs\">Perfil ACS:<\/span><\/dt>\n<dd class=\"feature-value perfil-de-consumo-acs\">M<\/dd>\n<dt class=\"mr-1\">\u00a0<span class=\"feature-name tipo-de-calentador\">Tipo de calentador:<\/span><\/dt>\n<dd class=\"feature-value tipo-de-calentador\">Atmosf\u00e9rico<\/dd>\n<\/dl>\n<\/div>\n<\/div>\n","protected":false},"featured_media":2686,"comment_status":"open","ping_status":"closed","template":"","meta":[],"product_brand":[],"product_cat":[80],"product_tag":[],"class_list":{"0":"post-2636","1":"product","2":"type-product","3":"status-publish","4":"has-post-thumbnail","6":"product_cat-calentadores","8":"first","9":"instock","10":"shipping-taxable","11":"purchasable","12":"product-type-simple"},"jetpack_sharing_enabled":true,"_links":{"self":[{"href":"https:\/\/yomas-electrodomesticos.com\/index.php\/wp-json\/wp\/v2\/product\/2636","targetHints":{"allow":["GET"]}}],"collection":[{"href":"https:\/\/yomas-electrodomesticos.com\/index.php\/wp-json\/wp\/v2\/product"}],"about":[{"href":"https:\/\/yomas-electrodomesticos.com\/index.php\/wp-json\/wp\/v2\/types\/product"}],"replies":[{"embeddable":true,"href":"https:\/\/yomas-electrodomesticos.com\/index.php\/wp-json\/wp\/v2\/comments?post=2636"}],"version-history":[{"count":1,"href":"https:\/\/yomas-electrodomesticos.com\/index.php\/wp-json\/wp\/v2\/product\/2636\/revisions"}],"predecessor-version":[{"id":2687,"href":"https:\/\/yomas-electrodomesticos.com\/index.php\/wp-json\/wp\/v2\/product\/2636\/revisions\/2687"}],"wp:featuredmedia":[{"embeddable":true,"href":"https:\/\/yomas-electrodomesticos.com\/index.php\/wp-json\/wp\/v2\/media\/2686"}],"wp:attachment":[{"href":"https:\/\/yomas-electrodomesticos.com\/index.php\/wp-json\/wp\/v2\/media?parent=2636"}],"wp:term":[{"taxonomy":"product_brand","embeddable":true,"href":"https:\/\/yomas-electrodomesticos.com\/index.php\/wp-json\/wp\/v2\/product_brand?post=2636"},{"taxonomy":"product_cat","embeddable":true,"href":"https:\/\/yomas-electrodomesticos.com\/index.php\/wp-json\/wp\/v2\/product_cat?post=2636"},{"taxonomy":"product_tag","embeddable":true,"href":"https:\/\/yomas-electrodomesticos.com\/index.php\/wp-json\/wp\/v2\/product_tag?post=2636"}],"curies":[{"name":"wp","href":"https:\/\/api.w.org\/{rel}","templated":true}]}}