{"id":2642,"date":"2025-07-09T11:02:00","date_gmt":"2025-07-09T09:02:00","guid":{"rendered":"https:\/\/yomas-electrodomesticos.com\/?post_type=product&#038;p=2642"},"modified":"2025-07-09T12:45:07","modified_gmt":"2025-07-09T10:45:07","slug":"calentador-estanco-a-gas-natural-saunier-duval-opaliatherm-f17","status":"publish","type":"product","link":"https:\/\/yomas-electrodomesticos.com\/index.php\/producto\/calentador-estanco-a-gas-natural-saunier-duval-opaliatherm-f17\/","title":{"rendered":"Calentador estanco a gas natural Saunier Duval Opaliatherm F17"},"content":{"rendered":"<p><b>Calentador Opaliatherm F17 de gas natural:<\/b><\/p>\n<p>Calentador estanco bajo NOx con control de llama por ionizaci\u00f3n. Encendido electr\u00f3nico.<\/p>\n<p>Quemador de alto rendimiento y ecol\u00f3gico.<\/p>\n<p>Riesgo de intoxicaci\u00f3n inexistente gracias a su c\u00e1mara de combusti\u00f3n estanca.<\/p>\n<p>Precisi\u00f3n y estabilidad de temperatura gracias a su modelo termost\u00e1tico con medici\u00f3n en la entrada y en la salida del agua.<\/p>\n<p>Alta modulaci\u00f3n: con poca demanda, poco consumo y m\u00e1ximo ahorro.<\/p>\n<p>Pantalla digital t\u00e1ctil.<\/p>\n<p>F\u00e1cil integraci\u00f3n en espacios reducidos: ancho reducido a 350 mm.<\/p>\n<p>M\u00e1xima protecci\u00f3n: IPXD5, para instalaci\u00f3n en el exterior.<\/p>\n<p>Compatible con energ\u00eda solar t\u00e9rmica, con control avanzado de arranque.<\/p>\n<p>Incluye ventosa horizontal 0,75 m de 60\/100 mm con toma de an\u00e1lisis (Ref. 0020221352).<\/p>\n<p><b>Datos t\u00e9cnicos:<\/b><\/p>\n<p>Dimensiones (altoxanchoxprofundo): 580x350x198 mm.<\/p>\n<p>Peso neto: 19 kg.<\/p>\n<p>Caudal nominal: 17 l\/min.<\/p>\n<p>Potencia t\u00e9rmica (min-max): 6,0-33,0 kW.<\/p>\n<p>Potencia \u00fatil (min-max): 5,5-29,7 kW.<\/p>\n<p>Clase eficiencia ACS: A.<\/p>\n<p>Perfil de consumo: XL.<\/p>\n<p>Regulaci\u00f3n: termost\u00e1tica.<\/p>\n<p>Temperatura estable (min-max): 38-60 \u00baC<\/p>\n<p>Encendido: electr\u00f3nico (230V\/50Hz).<\/p>\n<p>Panel de control: pantalla digital t\u00e1ctil.<\/p>\n<p>Presi\u00f3n (min-max): 0,14-10,00 bar.<\/p>\n<p>Caudal m\u00ednimo de arranque: 2,5 l\/min.<\/p>\n<p>Longitud m\u00e1xima de evacuaci\u00f3n 60\/100 horizontal\/vertical: 5 m.<\/p>\n<p>El funcionamiento de este calentador es con gas, por lo que debe ser instalado por una empresa autorizada con personal t\u00e9cnico instalador de gas.<\/p>\n<p>La garant\u00eda del producto, al ser un equipo instalado, la da directamente el fabricante mediante su red de servicios de asistencia t\u00e9cnica. Para cualquier incidencia, p\u00f3ngase en contacto directamente con Saunier Duval.<\/p>\n","protected":false},"excerpt":{"rendered":"<div class=\"product-description-container d-none d-md-block mt-md-3\">\n<p class=\"description\" data-copy-html=\"true\" data-copy-html-size=\"md\" data-html-target=\"#description_location_mobile\">El calentador estanco a gas natural Opaliatherm F17 para ACS es m\u00e1s eficiente, m\u00e1s ecol\u00f3gico y f\u00e1cil de instalar. Bajas emisiones de NOx. Encendido electr\u00f3nico. Pantalla digital t\u00e1ctil. Regulaci\u00f3n termost\u00e1tica. Con salida de gases.<\/p>\n<\/div>\n<hr class=\"hr-files d-none d-md-block\" \/>\n<div class=\"d-none d-md-block ifc-features-wrapper\">\n<h2 class=\"h5\">Caracter\u00edsticas<\/h2>\n<div class=\"ifc-features-table\" data-copy-html=\"true\" data-copy-html-size=\"md\" data-html-target=\"#features_location_mobile\">\n<dl class=\"feature-list\">\n<dt class=\"mr-1\">\u00a0<span class=\"feature-name clase-eficiencia-energetica\">Eficiencia Energ\u00e9tica:<\/span><\/dt>\n<dd class=\"feature-value clase-eficiencia-energetica\">A<\/dd>\n<dt class=\"mr-1\">\u00a0<span class=\"feature-name tipo-de-gas\">Tipo de gas calderas y calentadores:<\/span><\/dt>\n<dd class=\"feature-value tipo-de-gas\">Gas natural<\/dd>\n<dt class=\"mr-1\">\u00a0<span class=\"feature-name perfil-de-consumo-acs\">Perfil ACS:<\/span><\/dt>\n<dd class=\"feature-value perfil-de-consumo-acs\">XL<\/dd>\n<dt class=\"mr-1\">\u00a0<span class=\"feature-name tipo-de-calentador\">Tipo de calentador:<\/span><\/dt>\n<dd class=\"feature-value tipo-de-calentador\">Estanco<\/dd>\n<\/dl>\n<\/div>\n<\/div>\n","protected":false},"featured_media":2713,"comment_status":"open","ping_status":"closed","template":"","meta":[],"product_brand":[],"product_cat":[80],"product_tag":[],"class_list":{"0":"post-2642","1":"product","2":"type-product","3":"status-publish","4":"has-post-thumbnail","6":"product_cat-calentadores","8":"first","9":"instock","10":"shipping-taxable","11":"purchasable","12":"product-type-simple"},"jetpack_sharing_enabled":true,"_links":{"self":[{"href":"https:\/\/yomas-electrodomesticos.com\/index.php\/wp-json\/wp\/v2\/product\/2642","targetHints":{"allow":["GET"]}}],"collection":[{"href":"https:\/\/yomas-electrodomesticos.com\/index.php\/wp-json\/wp\/v2\/product"}],"about":[{"href":"https:\/\/yomas-electrodomesticos.com\/index.php\/wp-json\/wp\/v2\/types\/product"}],"replies":[{"embeddable":true,"href":"https:\/\/yomas-electrodomesticos.com\/index.php\/wp-json\/wp\/v2\/comments?post=2642"}],"version-history":[{"count":1,"href":"https:\/\/yomas-electrodomesticos.com\/index.php\/wp-json\/wp\/v2\/product\/2642\/revisions"}],"predecessor-version":[{"id":2714,"href":"https:\/\/yomas-electrodomesticos.com\/index.php\/wp-json\/wp\/v2\/product\/2642\/revisions\/2714"}],"wp:featuredmedia":[{"embeddable":true,"href":"https:\/\/yomas-electrodomesticos.com\/index.php\/wp-json\/wp\/v2\/media\/2713"}],"wp:attachment":[{"href":"https:\/\/yomas-electrodomesticos.com\/index.php\/wp-json\/wp\/v2\/media?parent=2642"}],"wp:term":[{"taxonomy":"product_brand","embeddable":true,"href":"https:\/\/yomas-electrodomesticos.com\/index.php\/wp-json\/wp\/v2\/product_brand?post=2642"},{"taxonomy":"product_cat","embeddable":true,"href":"https:\/\/yomas-electrodomesticos.com\/index.php\/wp-json\/wp\/v2\/product_cat?post=2642"},{"taxonomy":"product_tag","embeddable":true,"href":"https:\/\/yomas-electrodomesticos.com\/index.php\/wp-json\/wp\/v2\/product_tag?post=2642"}],"curies":[{"name":"wp","href":"https:\/\/api.w.org\/{rel}","templated":true}]}}