{"id":2644,"date":"2025-07-09T11:02:00","date_gmt":"2025-07-09T09:02:00","guid":{"rendered":"https:\/\/yomas-electrodomesticos.com\/?post_type=product&#038;p=2644"},"modified":"2025-07-09T11:02:20","modified_gmt":"2025-07-09T09:02:20","slug":"calentador-estanco-a-gas-butano-junkers-hydronext-5700-s-wtd-15-4-ame","status":"publish","type":"product","link":"https:\/\/yomas-electrodomesticos.com\/index.php\/producto\/calentador-estanco-a-gas-butano-junkers-hydronext-5700-s-wtd-15-4-ame\/","title":{"rendered":"Calentador estanco a gas butano Junkers Hydronext 5700 S WTD 15-4 AME"},"content":{"rendered":"<p><b>Calentador Hydronext 5700 S WTD 15-4 AME de gas butano:<\/b><\/p>\n<p>Los calentadores estancos de gas butano Junkers-Bosch consiguen llegar a los niveles m\u00e1s bajos de emisiones de NOx seg\u00fan la ErP gracias a la tecnolog\u00eda del quemador \u00ab\u00a0Rich-Lean\u00a0\u00bb.<\/p>\n<p>Dise\u00f1o diferenciado y exclusivo de Bosch.<\/p>\n<p>Display intuitivo y digital con control t\u00e1ctil.<\/p>\n<p>Control autom\u00e1tico de caudal de agua.<\/p>\n<p>Gran rango de modulaci\u00f3n del quemador, hasta 1:6.<\/p>\n<p>F\u00e1cil instalaci\u00f3n.<\/p>\n<p>Primer calentador a gas con conectividad WiFi a trav\u00e9s de un accesorio no inclu\u00eddo.<\/p>\n<p>Incluye el kit de salida de gases.<\/p>\n<p><b>Datos t\u00e9cnicos:<\/b><\/p>\n<p>Dimensiones (altoxanchoxprofundo): 575x365x170 mm.<\/p>\n<p>Peso: 14 kg.<\/p>\n<p>Tipo de encendido: autom\u00e1tico &#8211; conexi\u00f3n el\u00e9ctrica 230 V.<\/p>\n<p>Capacidad en litros: 15 l\/min.<\/p>\n<p>Clase de eficiencia energ\u00e9tica en ACS: A.<\/p>\n<p>Perfil de consumo en ACS: XL.<\/p>\n<p>Potencia: 4,7 &#8211; 27,0 kW.<\/p>\n<p>Presi\u00f3n m\u00ednima de funcionamiento: 0,1 bar.<\/p>\n<p>Presi\u00f3n m\u00e1xima disponible: 12 bar.<\/p>\n<p>Rango caudal: 2,8 &#8211; 15 l\/min.<\/p>\n<p>Longitud m\u00e1xima de evacuaci\u00f3n vertical: 8 m.<\/p>\n<p>Longitud m\u00e1xima de evacuaci\u00f3n horizontal: 8 m.<\/p>\n<p>Di\u00e1metro del tubo de evacuaci\u00f3n: 80\/110 mm.<\/p>\n<p>Tipo de gas: gas butano.<\/p>\n<p>Compatibilidad con solar: si.<\/p>\n<p>Display Digital (LCD): si.<\/p>\n<p>Conectividad: WiFi (con accesorio no inclu\u00eddo).<\/p>\n<p>El funcionamiento de este calentador es con gas, por lo que debe ser instalado por una empresa autorizada con personal t\u00e9cnico instalador de gas.<\/p>\n<p>La garant\u00eda del producto, al ser un equipo instalado, la da directamente el fabricante mediante su red de servicios de asistencia t\u00e9cnica. Para cualquier incidencia, p\u00f3ngase en contacto directamente con\u00a0<b><a href=\"https:\/\/www.junkers-bosch.es\/servicios-y-soporte\/garantia\/\" target=\"_blank\" rel=\"noopener\">Junkers Bosch<\/a><\/b>.<\/p>\n","protected":false},"excerpt":{"rendered":"<div class=\"product-description-container d-none d-md-block mt-md-3\">\n<p class=\"description\" data-copy-html=\"true\" data-copy-html-size=\"md\" data-html-target=\"#description_location_mobile\">El calentador estanco a gas butano Hydronext 5700 S WTD 15-4 AME dispone de un gran rango de modulaci\u00f3n, control autom\u00e1tico de caudal de agua y conectividad WiFi con la ayuda de un accesorio (no incluido). Bajo nivel de emisiones NOx. Display intuitivo y digital con control t\u00e1ctil. Con salida de gases.<\/p>\n<\/div>\n<hr class=\"hr-files d-none d-md-block\" \/>\n<div class=\"d-none d-md-block ifc-features-wrapper\">\n<h2 class=\"h5\">Caracter\u00edsticas<\/h2>\n<div class=\"ifc-features-table\" data-copy-html=\"true\" data-copy-html-size=\"md\" data-html-target=\"#features_location_mobile\">\n<dl class=\"feature-list\">\n<dt class=\"mr-1\">\u00a0<span class=\"feature-name clase-eficiencia-energetica\">Eficiencia Energ\u00e9tica:<\/span><\/dt>\n<dd class=\"feature-value clase-eficiencia-energetica\">A<\/dd>\n<dt class=\"mr-1\">\u00a0<span class=\"feature-name tipo-de-gas\">Tipo de gas calderas y calentadores:<\/span><\/dt>\n<dd class=\"feature-value tipo-de-gas\">Gas butano<\/dd>\n<dt class=\"mr-1\">\u00a0<span class=\"feature-name perfil-de-consumo-acs\">Perfil ACS:<\/span><\/dt>\n<dd class=\"feature-value perfil-de-consumo-acs\">XL<\/dd>\n<dt class=\"mr-1\">\u00a0<span class=\"feature-name tipo-de-calentador\">Tipo de calentador:<\/span><\/dt>\n<dd class=\"feature-value tipo-de-calentador\">Estanco<\/dd>\n<\/dl>\n<\/div>\n<\/div>\n","protected":false},"featured_media":2723,"comment_status":"open","ping_status":"closed","template":"","meta":[],"product_brand":[],"product_cat":[80],"product_tag":[],"class_list":{"0":"post-2644","1":"product","2":"type-product","3":"status-publish","4":"has-post-thumbnail","6":"product_cat-calentadores","8":"first","9":"instock","10":"shipping-taxable","11":"purchasable","12":"product-type-simple"},"jetpack_sharing_enabled":true,"_links":{"self":[{"href":"https:\/\/yomas-electrodomesticos.com\/index.php\/wp-json\/wp\/v2\/product\/2644","targetHints":{"allow":["GET"]}}],"collection":[{"href":"https:\/\/yomas-electrodomesticos.com\/index.php\/wp-json\/wp\/v2\/product"}],"about":[{"href":"https:\/\/yomas-electrodomesticos.com\/index.php\/wp-json\/wp\/v2\/types\/product"}],"replies":[{"embeddable":true,"href":"https:\/\/yomas-electrodomesticos.com\/index.php\/wp-json\/wp\/v2\/comments?post=2644"}],"version-history":[{"count":1,"href":"https:\/\/yomas-electrodomesticos.com\/index.php\/wp-json\/wp\/v2\/product\/2644\/revisions"}],"predecessor-version":[{"id":2724,"href":"https:\/\/yomas-electrodomesticos.com\/index.php\/wp-json\/wp\/v2\/product\/2644\/revisions\/2724"}],"wp:featuredmedia":[{"embeddable":true,"href":"https:\/\/yomas-electrodomesticos.com\/index.php\/wp-json\/wp\/v2\/media\/2723"}],"wp:attachment":[{"href":"https:\/\/yomas-electrodomesticos.com\/index.php\/wp-json\/wp\/v2\/media?parent=2644"}],"wp:term":[{"taxonomy":"product_brand","embeddable":true,"href":"https:\/\/yomas-electrodomesticos.com\/index.php\/wp-json\/wp\/v2\/product_brand?post=2644"},{"taxonomy":"product_cat","embeddable":true,"href":"https:\/\/yomas-electrodomesticos.com\/index.php\/wp-json\/wp\/v2\/product_cat?post=2644"},{"taxonomy":"product_tag","embeddable":true,"href":"https:\/\/yomas-electrodomesticos.com\/index.php\/wp-json\/wp\/v2\/product_tag?post=2644"}],"curies":[{"name":"wp","href":"https:\/\/api.w.org\/{rel}","templated":true}]}}