{"id":2650,"date":"2025-07-09T11:02:03","date_gmt":"2025-07-09T09:02:03","guid":{"rendered":"https:\/\/yomas-electrodomesticos.com\/?post_type=product&#038;p=2650"},"modified":"2025-07-09T12:44:33","modified_gmt":"2025-07-09T10:44:33","slug":"calentador-estanco-baxi-serie-fi-eco-11-litros-bajo-nox-gas-natural","status":"publish","type":"product","link":"https:\/\/yomas-electrodomesticos.com\/index.php\/producto\/calentador-estanco-baxi-serie-fi-eco-11-litros-bajo-nox-gas-natural\/","title":{"rendered":"Calentador estanco Baxi Serie FI Eco 11 litros Bajo Nox gas natural"},"content":{"rendered":"<p><b>Calentador estanco Baxi Serie FI Eco 11 litros Bajo Nox de gas natural:<\/b><\/p>\n<p>Est\u00e9tica elegante y funcional.<\/p>\n<p>Control sencillo: Display retroiluminado que permite un f\u00e1cil acceso a las funciones y par\u00e1metros de ajuste.<\/p>\n<p>Encendido electr\u00f3nico y control de ionizaci\u00f3n.<\/p>\n<p>Muy bajo nivel de emisi\u00f3n de NOx.<\/p>\n<p>R\u00e1pida instalaci\u00f3n gracias a sus dimensiones compactas y a su f\u00e1cil acceso a las conexiones hidr\u00e1ulicas y de gas.<\/p>\n<p>Potencia modulante: el consumo de gas se ajusta de forma \u00f3ptima al caudal demandado.<\/p>\n<p>Seguro y fiable: Incorpora tecnolog\u00eda ACC que detecta obturaciones en el conducto de evacuaci\u00f3n y el uso incorrecto de combustibles.<\/p>\n<p>Funcionamiento optimizado en instalaciones solares.<\/p>\n<p>Kit de evacuaci\u00f3n de gases est\u00e1ndar incluido.<\/p>\n<p><b>Datos t\u00e9cnicos:<\/b><\/p>\n<p>Modelo: Serie FI Eco &#8211; 11FI de gas natural.<\/p>\n<p>Clase eficiencia ACS\/Perfil demanda: A\/M.<\/p>\n<p>Potencia \u00fatil m\u00e1xima nominal: 19,3 kW<\/p>\n<p>Encendido: Electr\u00f3nico con alimentaci\u00f3n a 230 V y 50 Hz<\/p>\n<p>Display Digital LCD: Si<\/p>\n<p>Combusti\u00f3n: Estanca<\/p>\n<p>Caudal A.C.S. \u0394T\u00ba25\u00baC : 11 l\/min.<\/p>\n<p>Presi\u00f3n m\u00e1x. de agua: 10 bar.<\/p>\n<p>Presi\u00f3n m\u00edn. de funcionamiento: 0,13 bar.<\/p>\n<p>Dimensiones (altoxanchoxprofundo): 615x300x222 mm.<\/p>\n<p>Peso: 14 kg.<\/p>\n<p>El funcionamiento de este calentador es con gas, por lo que debe ser instalado por una empresa autorizada con personal t\u00e9cnico instalador de gas.<\/p>\n<p>La garant\u00eda del producto, al ser un equipo instalado, la da directamente el fabricante mediante su red de servicios de asistencia t\u00e9cnica. Para cualquier incidencia, p\u00f3ngase en contacto directamente con Baxi.<\/p>\n","protected":false},"excerpt":{"rendered":"<div class=\"product-description-container d-none d-md-block mt-md-3\">\n<p class=\"description\" data-copy-html=\"true\" data-copy-html-size=\"md\" data-html-target=\"#description_location_mobile\">Calentador estanco de gas natural Serie FI Eco de 11 litros. Bajo nivel de emisi\u00f3n de Nox. Encendido electr\u00f3nico y control de ionizaci\u00f3n. Diplay retroiluminado con un manejo muy intuitivo. Dimensiones compactas. Con salida de gases.<\/p>\n<\/div>\n<hr class=\"hr-files d-none d-md-block\" \/>\n<div class=\"d-none d-md-block ifc-features-wrapper\">\n<h2 class=\"h5\">Caracter\u00edsticas<\/h2>\n<div class=\"ifc-features-table\" data-copy-html=\"true\" data-copy-html-size=\"md\" data-html-target=\"#features_location_mobile\">\n<dl class=\"feature-list\">\n<dt class=\"mr-1\">\u00a0<span class=\"feature-name clase-eficiencia-energetica\">Eficiencia Energ\u00e9tica:<\/span><\/dt>\n<dd class=\"feature-value clase-eficiencia-energetica\">A<\/dd>\n<dt class=\"mr-1\">\u00a0<span class=\"feature-name tipo-de-gas\">Tipo de gas calderas y calentadores:<\/span><\/dt>\n<dd class=\"feature-value tipo-de-gas\">Gas natural<\/dd>\n<dt class=\"mr-1\">\u00a0<span class=\"feature-name perfil-de-consumo-acs\">Perfil ACS:<\/span><\/dt>\n<dd class=\"feature-value perfil-de-consumo-acs\">M<\/dd>\n<dt class=\"mr-1\">\u00a0<span class=\"feature-name tipo-de-calentador\">Tipo de calentador:<\/span><\/dt>\n<dd class=\"feature-value tipo-de-calentador\">Estanco<\/dd>\n<\/dl>\n<\/div>\n<\/div>\n","protected":false},"featured_media":2744,"comment_status":"open","ping_status":"closed","template":"","meta":[],"product_brand":[],"product_cat":[80],"product_tag":[],"class_list":{"0":"post-2650","1":"product","2":"type-product","3":"status-publish","4":"has-post-thumbnail","6":"product_cat-calentadores","8":"first","9":"instock","10":"shipping-taxable","11":"purchasable","12":"product-type-simple"},"jetpack_sharing_enabled":true,"_links":{"self":[{"href":"https:\/\/yomas-electrodomesticos.com\/index.php\/wp-json\/wp\/v2\/product\/2650","targetHints":{"allow":["GET"]}}],"collection":[{"href":"https:\/\/yomas-electrodomesticos.com\/index.php\/wp-json\/wp\/v2\/product"}],"about":[{"href":"https:\/\/yomas-electrodomesticos.com\/index.php\/wp-json\/wp\/v2\/types\/product"}],"replies":[{"embeddable":true,"href":"https:\/\/yomas-electrodomesticos.com\/index.php\/wp-json\/wp\/v2\/comments?post=2650"}],"version-history":[{"count":1,"href":"https:\/\/yomas-electrodomesticos.com\/index.php\/wp-json\/wp\/v2\/product\/2650\/revisions"}],"predecessor-version":[{"id":2745,"href":"https:\/\/yomas-electrodomesticos.com\/index.php\/wp-json\/wp\/v2\/product\/2650\/revisions\/2745"}],"wp:featuredmedia":[{"embeddable":true,"href":"https:\/\/yomas-electrodomesticos.com\/index.php\/wp-json\/wp\/v2\/media\/2744"}],"wp:attachment":[{"href":"https:\/\/yomas-electrodomesticos.com\/index.php\/wp-json\/wp\/v2\/media?parent=2650"}],"wp:term":[{"taxonomy":"product_brand","embeddable":true,"href":"https:\/\/yomas-electrodomesticos.com\/index.php\/wp-json\/wp\/v2\/product_brand?post=2650"},{"taxonomy":"product_cat","embeddable":true,"href":"https:\/\/yomas-electrodomesticos.com\/index.php\/wp-json\/wp\/v2\/product_cat?post=2650"},{"taxonomy":"product_tag","embeddable":true,"href":"https:\/\/yomas-electrodomesticos.com\/index.php\/wp-json\/wp\/v2\/product_tag?post=2650"}],"curies":[{"name":"wp","href":"https:\/\/api.w.org\/{rel}","templated":true}]}}