{"id":2901,"date":"2025-07-09T11:15:54","date_gmt":"2025-07-09T09:15:54","guid":{"rendered":"https:\/\/yomas-electrodomesticos.com\/?post_type=product&#038;p=2901"},"modified":"2025-07-09T11:16:10","modified_gmt":"2025-07-09T09:16:10","slug":"estufa-de-pellets-de-biomasa-calefaccion-autonoma-funciona-sin-electricidad-potencia-105-kw-rendimiento-economico-ecologico-facil-de-usar-inserto-aprobado-cee-calefaccion-ecologica","status":"publish","type":"product","link":"https:\/\/yomas-electrodomesticos.com\/index.php\/producto\/estufa-de-pellets-de-biomasa-calefaccion-autonoma-funciona-sin-electricidad-potencia-105-kw-rendimiento-economico-ecologico-facil-de-usar-inserto-aprobado-cee-calefaccion-ecologica\/","title":{"rendered":"Estufa de pellets de biomasa CALEFACCI\u00d3N AUT\u00d3NOMA funciona SIN ELECTRICIDAD potencia 10,5 kW RENDIMIENTO ECON\u00d3MICO ECOL\u00d3GICO f\u00e1cil de usar INSERTO aprobado CEE CALEFACCI\u00d3N ECOL\u00d3GICA"},"content":{"rendered":"<ul class=\"a-unordered-list a-vertical a-spacing-mini\">\n<li>CALEFACCI\u00d3N COMODIDAD Y SILENCIO: la calefacci\u00f3n con pellets de madera, adem\u00e1s de ser un m\u00e9todo de calefacci\u00f3n econ\u00f3mico, le proporciona un confort \u00f3ptimo para su hogar. A diferencia de las estufas convencionales, la estufa de pellets sin electricidad es silenciosa.<br \/>\nF\u00c1CIL DE USAR: sin electricidad, no tiene que hacer ninguna conexi\u00f3n el\u00e9ctrica. Aseg\u00farese de que el dep\u00f3sito est\u00e1 lleno de pellets y una vez encendida, su estufa de pellets es aut\u00f3noma, no tiene que preocuparse m\u00e1s.<br \/>\nECOL\u00d3GICA: utilizar s\u00f3lo una fuente de energ\u00eda renovable como la madera es una de las muchas ventajas de la estufa de pellets sin electricidad<br \/>\nFIABLE: sin electr\u00f3nica, se evita cualquier riesgo de aver\u00eda de la buj\u00eda, del tornillo sin fin (tornillo de alimentaci\u00f3n), del soplador, de la placa base (placa electr\u00f3nica), que puede ocurrir una estufa convencional;<br \/>\nMANTENIMIENTO SENCILLO Y ECON\u00d3MICO: sin componentes el\u00e9ctricos, se reducen considerablemente los costes de mantenimiento. El mantenimiento se limita a la limpieza peri\u00f3dica de las cenizas del caj\u00f3n y del hogar. Es obligatorio un barrido anual de su chimenea.<\/li>\n<\/ul>\n","protected":false},"excerpt":{"rendered":"<p>Dimensiones del producto (largo x ancho x alto) 41,5 x 51 x 91,01 cm; 96 kilogramos<br \/>\nReferencia Viva<br \/>\nCantidad de art\u00edculos 1<br \/>\n\u00bfSe incluyen las pilas? No<br \/>\nBater\u00eda(s) \/ Bater\u00eda(s) necesaria(s) No<br \/>\nPeso 211,64 libras<br \/>\nDisponibilidad de piezas de repuesto Informaci\u00f3n sobre piezas de repuesto no disponible<\/p>\n<p>&nbsp;<\/p>\n","protected":false},"featured_media":2962,"comment_status":"open","ping_status":"closed","template":"","meta":[],"product_brand":[],"product_cat":[82],"product_tag":[],"class_list":{"0":"post-2901","1":"product","2":"type-product","3":"status-publish","4":"has-post-thumbnail","6":"product_cat-estufa-de-pellets","8":"first","9":"instock","10":"sale","11":"shipping-taxable","12":"purchasable","13":"product-type-simple"},"jetpack_sharing_enabled":true,"_links":{"self":[{"href":"https:\/\/yomas-electrodomesticos.com\/index.php\/wp-json\/wp\/v2\/product\/2901","targetHints":{"allow":["GET"]}}],"collection":[{"href":"https:\/\/yomas-electrodomesticos.com\/index.php\/wp-json\/wp\/v2\/product"}],"about":[{"href":"https:\/\/yomas-electrodomesticos.com\/index.php\/wp-json\/wp\/v2\/types\/product"}],"replies":[{"embeddable":true,"href":"https:\/\/yomas-electrodomesticos.com\/index.php\/wp-json\/wp\/v2\/comments?post=2901"}],"version-history":[{"count":1,"href":"https:\/\/yomas-electrodomesticos.com\/index.php\/wp-json\/wp\/v2\/product\/2901\/revisions"}],"predecessor-version":[{"id":2963,"href":"https:\/\/yomas-electrodomesticos.com\/index.php\/wp-json\/wp\/v2\/product\/2901\/revisions\/2963"}],"wp:featuredmedia":[{"embeddable":true,"href":"https:\/\/yomas-electrodomesticos.com\/index.php\/wp-json\/wp\/v2\/media\/2962"}],"wp:attachment":[{"href":"https:\/\/yomas-electrodomesticos.com\/index.php\/wp-json\/wp\/v2\/media?parent=2901"}],"wp:term":[{"taxonomy":"product_brand","embeddable":true,"href":"https:\/\/yomas-electrodomesticos.com\/index.php\/wp-json\/wp\/v2\/product_brand?post=2901"},{"taxonomy":"product_cat","embeddable":true,"href":"https:\/\/yomas-electrodomesticos.com\/index.php\/wp-json\/wp\/v2\/product_cat?post=2901"},{"taxonomy":"product_tag","embeddable":true,"href":"https:\/\/yomas-electrodomesticos.com\/index.php\/wp-json\/wp\/v2\/product_tag?post=2901"}],"curies":[{"name":"wp","href":"https:\/\/api.w.org\/{rel}","templated":true}]}}