{"id":2903,"date":"2025-07-09T11:15:54","date_gmt":"2025-07-09T09:15:54","guid":{"rendered":"https:\/\/yomas-electrodomesticos.com\/?post_type=product&#038;p=2903"},"modified":"2025-07-09T11:16:11","modified_gmt":"2025-07-09T09:16:11","slug":"estufa-de-pellets-lucia-11kw-negra-mando-a-distancia","status":"publish","type":"product","link":"https:\/\/yomas-electrodomesticos.com\/index.php\/producto\/estufa-de-pellets-lucia-11kw-negra-mando-a-distancia\/","title":{"rendered":"Estufa de pellets LUCIA 11KW &#8211; Negra + Mando a distancia"},"content":{"rendered":"<ul class=\"a-unordered-list a-vertical a-spacing-mini\">\n<li>Estufa programable conectada : opci\u00f3n WIFI y compatibilidad con el mando a distancia. Incluido en esta oferta: Mando a distancia.<br \/>\nEstufa no estanca: S\u00f3lo para la instalaci\u00f3n por encima de la cumbrera (punto m\u00e1s alto de la casa).<br \/>\nDimensiones (alto x ancho x fondo): 890 x 448 x 500 mm<br \/>\nTiempo m\u00e1ximo de funcionamiento: hasta 21 horas. Hasta 21 horas<br \/>\nCapacidad del dep\u00f3sito de pellets: 15 kg<\/li>\n<\/ul>\n","protected":false},"excerpt":{"rendered":"<p>Fabricante INDUSTRIA DE LA ESTUFA<br \/>\nDimensiones (alto x ancho x fondo): 890 x 448 x 500 mm<br \/>\nColor Negro<br \/>\nMaterial Acero<br \/>\nTipo de alimentaci\u00f3n Cable el\u00e9ctrico<br \/>\nGarant\u00eda del fabricante 2 a\u00f1os de garant\u00eda.<br \/>\nDisponibilidad de piezas de repuesto Informaci\u00f3n sobre piezas de repuesto no disponible<\/p>\n<p>&nbsp;<\/p>\n","protected":false},"featured_media":2969,"comment_status":"open","ping_status":"closed","template":"","meta":[],"product_brand":[],"product_cat":[82],"product_tag":[],"class_list":{"0":"post-2903","1":"product","2":"type-product","3":"status-publish","4":"has-post-thumbnail","6":"product_cat-estufa-de-pellets","8":"first","9":"instock","10":"sale","11":"shipping-taxable","12":"purchasable","13":"product-type-simple"},"jetpack_sharing_enabled":true,"_links":{"self":[{"href":"https:\/\/yomas-electrodomesticos.com\/index.php\/wp-json\/wp\/v2\/product\/2903","targetHints":{"allow":["GET"]}}],"collection":[{"href":"https:\/\/yomas-electrodomesticos.com\/index.php\/wp-json\/wp\/v2\/product"}],"about":[{"href":"https:\/\/yomas-electrodomesticos.com\/index.php\/wp-json\/wp\/v2\/types\/product"}],"replies":[{"embeddable":true,"href":"https:\/\/yomas-electrodomesticos.com\/index.php\/wp-json\/wp\/v2\/comments?post=2903"}],"version-history":[{"count":1,"href":"https:\/\/yomas-electrodomesticos.com\/index.php\/wp-json\/wp\/v2\/product\/2903\/revisions"}],"predecessor-version":[{"id":2970,"href":"https:\/\/yomas-electrodomesticos.com\/index.php\/wp-json\/wp\/v2\/product\/2903\/revisions\/2970"}],"wp:featuredmedia":[{"embeddable":true,"href":"https:\/\/yomas-electrodomesticos.com\/index.php\/wp-json\/wp\/v2\/media\/2969"}],"wp:attachment":[{"href":"https:\/\/yomas-electrodomesticos.com\/index.php\/wp-json\/wp\/v2\/media?parent=2903"}],"wp:term":[{"taxonomy":"product_brand","embeddable":true,"href":"https:\/\/yomas-electrodomesticos.com\/index.php\/wp-json\/wp\/v2\/product_brand?post=2903"},{"taxonomy":"product_cat","embeddable":true,"href":"https:\/\/yomas-electrodomesticos.com\/index.php\/wp-json\/wp\/v2\/product_cat?post=2903"},{"taxonomy":"product_tag","embeddable":true,"href":"https:\/\/yomas-electrodomesticos.com\/index.php\/wp-json\/wp\/v2\/product_tag?post=2903"}],"curies":[{"name":"wp","href":"https:\/\/api.w.org\/{rel}","templated":true}]}}