{"id":2904,"date":"2025-07-09T11:15:54","date_gmt":"2025-07-09T09:15:54","guid":{"rendered":"https:\/\/yomas-electrodomesticos.com\/?post_type=product&#038;p=2904"},"modified":"2025-07-09T11:16:13","modified_gmt":"2025-07-09T09:16:13","slug":"pack-estufa-de-pellets-marina-14kw-canalizacion-kit-de-conductos-ventouse-salida-frontal-negro-mando-a-distancia-wifi","status":"publish","type":"product","link":"https:\/\/yomas-electrodomesticos.com\/index.php\/producto\/pack-estufa-de-pellets-marina-14kw-canalizacion-kit-de-conductos-ventouse-salida-frontal-negro-mando-a-distancia-wifi\/","title":{"rendered":"Pack Estufa de pellets MARINA 14KW Canalizaci\u00f3n + Kit de conductos Ventouse (salida frontal) &#8211; Negro + Mando a distancia + WIFI"},"content":{"rendered":"<ul class=\"a-unordered-list a-vertical a-spacing-mini\">\n<li>Estufa programable conectada : WIFI y opci\u00f3n de control remoto. Incluido en esta oferta: WIFI + mando a distancia.<br \/>\nEstufa estanca : El aire caliente puede ser soplado desde la parte delantera Y desde la parte trasera, y as\u00ed calentar las habitaciones adyacentes. Puede instalarse en la parte delantera, en el tejado y por encima de la cumbrera. Los conductos est\u00e1n incluidos.<br \/>\nDimensiones (alto x ancho x fondo): 1073 x 490 x 503 mm<br \/>\nTiempo m\u00e1ximo de funcionamiento Hasta 35 horas<br \/>\nCapacidad del dep\u00f3sito de pellets: 25 kg<\/li>\n<\/ul>\n","protected":false},"excerpt":{"rendered":"<p>Fabricante INDUSTRIA DE LA ESTUFA<br \/>\nDimensiones (alto x ancho x fondo): 1073 x 490 x 503 mm<br \/>\nColor Negro<br \/>\nMaterial Acero<br \/>\nTipo de alimentaci\u00f3n Cable el\u00e9ctrico<br \/>\nGarant\u00eda del fabricante 2 a\u00f1os de garant\u00eda.<br \/>\nDisponibilidad de piezas de repuesto Informaci\u00f3n sobre piezas de repuesto no disponible<\/p>\n<p>&nbsp;<\/p>\n","protected":false},"featured_media":2974,"comment_status":"open","ping_status":"closed","template":"","meta":[],"product_brand":[],"product_cat":[82],"product_tag":[],"class_list":{"0":"post-2904","1":"product","2":"type-product","3":"status-publish","4":"has-post-thumbnail","6":"product_cat-estufa-de-pellets","8":"first","9":"instock","10":"sale","11":"shipping-taxable","12":"purchasable","13":"product-type-simple"},"jetpack_sharing_enabled":true,"_links":{"self":[{"href":"https:\/\/yomas-electrodomesticos.com\/index.php\/wp-json\/wp\/v2\/product\/2904","targetHints":{"allow":["GET"]}}],"collection":[{"href":"https:\/\/yomas-electrodomesticos.com\/index.php\/wp-json\/wp\/v2\/product"}],"about":[{"href":"https:\/\/yomas-electrodomesticos.com\/index.php\/wp-json\/wp\/v2\/types\/product"}],"replies":[{"embeddable":true,"href":"https:\/\/yomas-electrodomesticos.com\/index.php\/wp-json\/wp\/v2\/comments?post=2904"}],"version-history":[{"count":1,"href":"https:\/\/yomas-electrodomesticos.com\/index.php\/wp-json\/wp\/v2\/product\/2904\/revisions"}],"predecessor-version":[{"id":2975,"href":"https:\/\/yomas-electrodomesticos.com\/index.php\/wp-json\/wp\/v2\/product\/2904\/revisions\/2975"}],"wp:featuredmedia":[{"embeddable":true,"href":"https:\/\/yomas-electrodomesticos.com\/index.php\/wp-json\/wp\/v2\/media\/2974"}],"wp:attachment":[{"href":"https:\/\/yomas-electrodomesticos.com\/index.php\/wp-json\/wp\/v2\/media?parent=2904"}],"wp:term":[{"taxonomy":"product_brand","embeddable":true,"href":"https:\/\/yomas-electrodomesticos.com\/index.php\/wp-json\/wp\/v2\/product_brand?post=2904"},{"taxonomy":"product_cat","embeddable":true,"href":"https:\/\/yomas-electrodomesticos.com\/index.php\/wp-json\/wp\/v2\/product_cat?post=2904"},{"taxonomy":"product_tag","embeddable":true,"href":"https:\/\/yomas-electrodomesticos.com\/index.php\/wp-json\/wp\/v2\/product_tag?post=2904"}],"curies":[{"name":"wp","href":"https:\/\/api.w.org\/{rel}","templated":true}]}}