{"id":2906,"date":"2025-07-09T11:15:55","date_gmt":"2025-07-09T09:15:55","guid":{"rendered":"https:\/\/yomas-electrodomesticos.com\/?post_type=product&#038;p=2906"},"modified":"2025-07-09T11:16:14","modified_gmt":"2025-07-09T09:16:14","slug":"estufa-de-pellets-cami-ignissia-karmek-one","status":"publish","type":"product","link":"https:\/\/yomas-electrodomesticos.com\/index.php\/producto\/estufa-de-pellets-cami-ignissia-karmek-one\/","title":{"rendered":"Estufa de pellets CAMI IGNISSIA \u2013 Karmek One"},"content":{"rendered":"<h3>Estufa de pellets CAMI IGNISSIA Karmek One<\/h3>\n<p>Fabricada para que puedas colocarla en cualquier rinc\u00f3n de tu hogar, esta\u00a0<strong>estufa<\/strong>\u00a0es genial para calentar tu casa de forma sostenible, ecol\u00f3gica y eficiente. Adem\u00e1s, cuenta con un dise\u00f1o moderno que dar\u00e1 ese toque c\u00e1lido que tanto te gusta. \u00a1Todo para que disfrutes del invierno en la comodidad de tu hogar!<\/p>\n<ul>\n<li><strong>Estufa de pellet<\/strong>\u00a0Cami de IGNISSIA<\/li>\n<li>Cuenta con potencia global de max. 4,9 i m\u00edn. 2,3 kW<\/li>\n<li>Cuenta con potencia nominal de max. 4,4 i m\u00edn. 2,1 kW<\/li>\n<li>Consumo m\u00edn\/max: 0,5-1kg\/h<\/li>\n<li>Potencia el\u00e9ctrica: 75 \u2013 315 W<\/li>\n<li>Di\u00e1metro de salida de humos: 80 mm<\/li>\n<li>Eficiencia y rendimiento m\u00e1ximo: 92,32 \u2013 89,63%<\/li>\n<li>Capacidad del tanque: 17 litros \u2013 11 kg<\/li>\n<li>Autonom\u00eda (min-max): de 11 a 22 horas<\/li>\n<li>Volumen m\u00e1ximo calentable: 125 m3<\/li>\n<li>Tiene salida de humos superior y posterior<\/li>\n<li>Incorpora un quemador de fundici\u00f3n (no de chapa)<\/li>\n<li>Incluye mando de serie para su control<\/li>\n<li>Incluye patas de madera de soporte<\/li>\n<li>Clase de eficiencia energ\u00e9tica A+<\/li>\n<li>Sigue la norma UNI-EN 14785<\/li>\n<li>Dimensiones: 470 x 280 x 880 mm<\/li>\n<li>Peso total: 45 kg<\/li>\n<\/ul>\n<p>\u00bfBuscas la forma de calentar tus estancias sin perder estilo y contando con un sistema de calefacci\u00f3n ecol\u00f3gico y eficiente?<\/p>\n<p>Con la<strong>\u00a0estufa de pellet<\/strong>\u00a0Cami de IGNISSIA podr\u00e1s calentar tu casa sin pagar de m\u00e1s en tu factura de la luz. \u00a1Todo para que disfrutes de los largos d\u00edas de invierno en la comodidad de tu hogar!<\/p>\n<hr \/>\n<p><strong><a href=\"http:\/\/www.karmek.it\/es\/noticias\/\" target=\"_blank\" rel=\"noopener\">Karmek One<\/a>\u00a0son los mejores especialistas en calefacci\u00f3n<\/strong><\/p>\n","protected":false},"excerpt":{"rendered":"<ul>\n<li>Clase de eficiencia energ\u00e9tica A+<\/li>\n<li>Volumen m\u00e1ximo calentable: 125 m3<\/li>\n<li>\n<table class=\"woocommerce-product-attributes shop_attributes\">\n<tbody>\n<tr class=\"woocommerce-product-attributes-item woocommerce-product-attributes-item--attribute_potencia-global-max-min\">\n<th class=\"woocommerce-product-attributes-item__label\">POTENCIA GLOBAL (MAX-MIN)<\/th>\n<td class=\"woocommerce-product-attributes-item__value\">4,9 \u2013 2,3 kW<\/td>\n<\/tr>\n<tr class=\"woocommerce-product-attributes-item woocommerce-product-attributes-item--attribute_potencia-nominal-max-min\">\n<th class=\"woocommerce-product-attributes-item__label\">POTENCIA NOMINAL (MAX-MIN)<\/th>\n<td class=\"woocommerce-product-attributes-item__value\">4,4 \u2013 2,1 kW<\/td>\n<\/tr>\n<tr class=\"woocommerce-product-attributes-item woocommerce-product-attributes-item--attribute_consumo-horario-de-pellets-max-min\">\n<th class=\"woocommerce-product-attributes-item__label\">CONSUMO HORARIO DE PELLETS (MAX-MIN)<\/th>\n<td class=\"woocommerce-product-attributes-item__value\">1 \u2013 0,49 kg\/h<\/td>\n<\/tr>\n<tr class=\"woocommerce-product-attributes-item woocommerce-product-attributes-item--attribute_eficiencia-max-min\">\n<th class=\"woocommerce-product-attributes-item__label\">EFICIENCIA (MAX-MIN)<\/th>\n<td class=\"woocommerce-product-attributes-item__value\">92,32-89,63 %<\/td>\n<\/tr>\n<tr class=\"woocommerce-product-attributes-item woocommerce-product-attributes-item--attribute_salida-de-humo\">\n<th class=\"woocommerce-product-attributes-item__label\">SALIDA DE HUMO<\/th>\n<td class=\"woocommerce-product-attributes-item__value\">80mm<\/td>\n<\/tr>\n<tr class=\"woocommerce-product-attributes-item woocommerce-product-attributes-item--attribute_capacidad\">\n<th class=\"woocommerce-product-attributes-item__label\">CAPACIDAD<\/th>\n<td class=\"woocommerce-product-attributes-item__value\">17L \/ 11Kg<\/td>\n<\/tr>\n<tr class=\"woocommerce-product-attributes-item woocommerce-product-attributes-item--attribute_autonomia-max-min\">\n<th class=\"woocommerce-product-attributes-item__label\">AUTONOMIA (MAX-MIN)<\/th>\n<td class=\"woocommerce-product-attributes-item__value\">22-11 horas<\/td>\n<\/tr>\n<tr class=\"woocommerce-product-attributes-item woocommerce-product-attributes-item--attribute_potencia-el%c3%a9ctrica\">\n<th class=\"woocommerce-product-attributes-item__label\">POTENCIA EL\u00c9CTRICA<\/th>\n<td class=\"woocommerce-product-attributes-item__value\">75-315 W<\/td>\n<\/tr>\n<tr class=\"woocommerce-product-attributes-item woocommerce-product-attributes-item--attribute_dimensiones\">\n<th class=\"woocommerce-product-attributes-item__label\">DIMENSIONES<\/th>\n<td class=\"woocommerce-product-attributes-item__value\">470x280x880 mm<\/td>\n<\/tr>\n<tr class=\"woocommerce-product-attributes-item woocommerce-product-attributes-item--attribute_peso\">\n<th class=\"woocommerce-product-attributes-item__label\">PESO<\/th>\n<td class=\"woocommerce-product-attributes-item__value\">45Kg<\/td>\n<\/tr>\n<tr class=\"woocommerce-product-attributes-item woocommerce-product-attributes-item--attribute_pa_clasificacion-energetica\">\n<th class=\"woocommerce-product-attributes-item__label\">CLASIFICACI\u00d3N ENERG\u00c9TICA<\/th>\n<td class=\"woocommerce-product-attributes-item__value\">A+<\/td>\n<\/tr>\n<\/tbody>\n<\/table>\n<\/li>\n<\/ul>\n","protected":false},"featured_media":2988,"comment_status":"open","ping_status":"closed","template":"","meta":[],"product_brand":[],"product_cat":[82],"product_tag":[],"class_list":{"0":"post-2906","1":"product","2":"type-product","3":"status-publish","4":"has-post-thumbnail","6":"product_cat-estufa-de-pellets","8":"first","9":"instock","10":"sale","11":"shipping-taxable","12":"purchasable","13":"product-type-simple"},"jetpack_sharing_enabled":true,"_links":{"self":[{"href":"https:\/\/yomas-electrodomesticos.com\/index.php\/wp-json\/wp\/v2\/product\/2906","targetHints":{"allow":["GET"]}}],"collection":[{"href":"https:\/\/yomas-electrodomesticos.com\/index.php\/wp-json\/wp\/v2\/product"}],"about":[{"href":"https:\/\/yomas-electrodomesticos.com\/index.php\/wp-json\/wp\/v2\/types\/product"}],"replies":[{"embeddable":true,"href":"https:\/\/yomas-electrodomesticos.com\/index.php\/wp-json\/wp\/v2\/comments?post=2906"}],"version-history":[{"count":1,"href":"https:\/\/yomas-electrodomesticos.com\/index.php\/wp-json\/wp\/v2\/product\/2906\/revisions"}],"predecessor-version":[{"id":2989,"href":"https:\/\/yomas-electrodomesticos.com\/index.php\/wp-json\/wp\/v2\/product\/2906\/revisions\/2989"}],"wp:featuredmedia":[{"embeddable":true,"href":"https:\/\/yomas-electrodomesticos.com\/index.php\/wp-json\/wp\/v2\/media\/2988"}],"wp:attachment":[{"href":"https:\/\/yomas-electrodomesticos.com\/index.php\/wp-json\/wp\/v2\/media?parent=2906"}],"wp:term":[{"taxonomy":"product_brand","embeddable":true,"href":"https:\/\/yomas-electrodomesticos.com\/index.php\/wp-json\/wp\/v2\/product_brand?post=2906"},{"taxonomy":"product_cat","embeddable":true,"href":"https:\/\/yomas-electrodomesticos.com\/index.php\/wp-json\/wp\/v2\/product_cat?post=2906"},{"taxonomy":"product_tag","embeddable":true,"href":"https:\/\/yomas-electrodomesticos.com\/index.php\/wp-json\/wp\/v2\/product_tag?post=2906"}],"curies":[{"name":"wp","href":"https:\/\/api.w.org\/{rel}","templated":true}]}}