{"id":2907,"date":"2025-07-09T11:15:55","date_gmt":"2025-07-09T09:15:55","guid":{"rendered":"https:\/\/yomas-electrodomesticos.com\/?post_type=product&#038;p=2907"},"modified":"2025-07-09T11:16:15","modified_gmt":"2025-07-09T09:16:15","slug":"estufa-de-pellets-de-aire-graz-s-plus-canalizada","status":"publish","type":"product","link":"https:\/\/yomas-electrodomesticos.com\/index.php\/producto\/estufa-de-pellets-de-aire-graz-s-plus-canalizada\/","title":{"rendered":"Estufa de pellets de aire \u2013 Graz S Plus Canalizada"},"content":{"rendered":"<h2 class=\"headline hl4\"><strong>Estufa de pellets de aire\u00a0<\/strong><strong>Graz S Plus\u00a0<\/strong><strong>canalizada<\/strong><\/h2>\n<p>La comodidad es la caracter\u00edstica principal de las estufas de pellet.<\/p>\n<p>Encendido y apagado de la estufa,\u00a0<strong>regulaci\u00f3n del calor<\/strong>\u00a0y su consiguiente difusi\u00f3n en el entorno, pueden ser gestionadas o programadas, en\u00a0<strong>total autonom\u00eda<\/strong>, mediante el uso de un\u00a0<strong>sencillo<\/strong>\u00a0mando a distancia. Las estufas de pellet Karmek One son expresi\u00f3n del nuevo concepto de confort.<\/p>\n<p class=\"p1\">Estufa de pellet para la producci\u00f3n de aire caliente a convecci\u00f3n forzada:<\/p>\n<ul class=\"ul1\">\n<li class=\"li1\"><strong>Revestimiento en acero<\/strong><\/li>\n<li class=\"li1\"><strong>Marco en acero<\/strong><\/li>\n<li class=\"li1\"><strong>Brasero y puerta de fundici\u00f3n<\/strong><\/li>\n<li class=\"li1\"><strong>Salida de humos posterior<\/strong><\/li>\n<\/ul>\n<p class=\"p1\"><strong>Dimensiones acero<\/strong>\u00a0: 450x500x970 mm<\/p>\n<p class=\"p1\"><strong>Potencia introducida:\u00a0<\/strong>10\u00a0Kw<\/p>\n<p class=\"p1\"><strong>Rendimiento de potencia:<\/strong>\u00a085-88%<\/p>\n<p class=\"p1\"><strong>Volumen calentable:<\/strong>\u00a0190 \u2013 210 m\u00b3<\/p>\n<p class=\"p1\"><strong>Consumo por hora:\u00a0<\/strong>0,7 \u2013 1,6 kg\/h<\/p>\n<p class=\"p1\"><strong>Absorci\u00f3n de potencia nominal:\u00a0<\/strong>97 W<\/p>\n<p class=\"p1\"><strong>Capacidad de la tolva:<\/strong>\u00a018 Kg<\/p>\n<p class=\"p1\"><strong>Diametro salida de humos:<\/strong>\u00a0\u00d880 mm<\/p>\n<p class=\"p1\"><strong>Peso versi\u00f3n acero<\/strong>:\u00a095 Kg<\/p>\n<p>&nbsp;<\/p>\n","protected":false},"excerpt":{"rendered":"<p>Esta Estufa de Pellets tiene\u00a0<strong>cestillo autolimpiante<\/strong>.<\/p>\n<p>La\u00a0<strong>comodidad es la caracter\u00edstica principal de las estufas de pellet.<\/strong><\/p>\n<p>Encendido y apagado de la estufa, regulaci\u00f3n del calor y su consiguiente difusi\u00f3n en el entorno, pueden ser gestionadas o programadas, en total autonom\u00eda, mediante el uso de un sencillo\u00a0<strong>mando a distancia.<\/strong>\u00a0Las estufas de pellet Karmek One son expresi\u00f3n del nuevo concepto de\u00a0<strong>confort.<\/strong><\/p>\n<table class=\"woocommerce-product-attributes shop_attributes\">\n<tbody>\n<tr class=\"woocommerce-product-attributes-item woocommerce-product-attributes-item--attribute_pa_color\">\n<th class=\"woocommerce-product-attributes-item__label\">COLOR<\/th>\n<td class=\"woocommerce-product-attributes-item__value\"><a href=\"https:\/\/www.ferreteriadosil.es\/color\/antracita\/\" rel=\"tag\">Antracita<\/a>,\u00a0<a href=\"https:\/\/www.ferreteriadosil.es\/color\/fd-blanco\/\" rel=\"tag\">Blanco<\/a>,\u00a0<a href=\"https:\/\/www.ferreteriadosil.es\/color\/bronce\/\" rel=\"tag\">Bronce<\/a>,\u00a0<a href=\"https:\/\/www.ferreteriadosil.es\/color\/41-rojo\/\" rel=\"tag\">Rojo<\/a><\/td>\n<\/tr>\n<tr class=\"woocommerce-product-attributes-item woocommerce-product-attributes-item--attribute_pa_clasificacion-energetica\">\n<th class=\"woocommerce-product-attributes-item__label\">CLASIFICACI\u00d3N ENERG\u00c9TICA<\/th>\n<td class=\"woocommerce-product-attributes-item__value\">A+<\/td>\n<\/tr>\n<\/tbody>\n<\/table>\n","protected":false},"featured_media":2990,"comment_status":"open","ping_status":"closed","template":"","meta":[],"product_brand":[],"product_cat":[82],"product_tag":[],"class_list":{"0":"post-2907","1":"product","2":"type-product","3":"status-publish","4":"has-post-thumbnail","6":"product_cat-estufa-de-pellets","8":"first","9":"instock","10":"sale","11":"shipping-taxable","12":"purchasable","13":"product-type-simple"},"jetpack_sharing_enabled":true,"_links":{"self":[{"href":"https:\/\/yomas-electrodomesticos.com\/index.php\/wp-json\/wp\/v2\/product\/2907","targetHints":{"allow":["GET"]}}],"collection":[{"href":"https:\/\/yomas-electrodomesticos.com\/index.php\/wp-json\/wp\/v2\/product"}],"about":[{"href":"https:\/\/yomas-electrodomesticos.com\/index.php\/wp-json\/wp\/v2\/types\/product"}],"replies":[{"embeddable":true,"href":"https:\/\/yomas-electrodomesticos.com\/index.php\/wp-json\/wp\/v2\/comments?post=2907"}],"version-history":[{"count":1,"href":"https:\/\/yomas-electrodomesticos.com\/index.php\/wp-json\/wp\/v2\/product\/2907\/revisions"}],"predecessor-version":[{"id":2991,"href":"https:\/\/yomas-electrodomesticos.com\/index.php\/wp-json\/wp\/v2\/product\/2907\/revisions\/2991"}],"wp:featuredmedia":[{"embeddable":true,"href":"https:\/\/yomas-electrodomesticos.com\/index.php\/wp-json\/wp\/v2\/media\/2990"}],"wp:attachment":[{"href":"https:\/\/yomas-electrodomesticos.com\/index.php\/wp-json\/wp\/v2\/media?parent=2907"}],"wp:term":[{"taxonomy":"product_brand","embeddable":true,"href":"https:\/\/yomas-electrodomesticos.com\/index.php\/wp-json\/wp\/v2\/product_brand?post=2907"},{"taxonomy":"product_cat","embeddable":true,"href":"https:\/\/yomas-electrodomesticos.com\/index.php\/wp-json\/wp\/v2\/product_cat?post=2907"},{"taxonomy":"product_tag","embeddable":true,"href":"https:\/\/yomas-electrodomesticos.com\/index.php\/wp-json\/wp\/v2\/product_tag?post=2907"}],"curies":[{"name":"wp","href":"https:\/\/api.w.org\/{rel}","templated":true}]}}