{"id":2908,"date":"2025-07-09T11:15:55","date_gmt":"2025-07-09T09:15:55","guid":{"rendered":"https:\/\/yomas-electrodomesticos.com\/?post_type=product&#038;p=2908"},"modified":"2025-07-09T11:16:15","modified_gmt":"2025-07-09T09:16:15","slug":"estufa-de-pellets-fiorina-74-s-line-gris-qlima","status":"publish","type":"product","link":"https:\/\/yomas-electrodomesticos.com\/index.php\/producto\/estufa-de-pellets-fiorina-74-s-line-gris-qlima\/","title":{"rendered":"Estufa de pellets Fiorina 74 S-Line gris Qlima"},"content":{"rendered":"<h3>Descripci\u00f3n del producto &#8211; Estufa de pellets Fiorina 74 S-Line gris Qlima<\/h3>\n<div>\n<p><strong>Descripci\u00f3n del producto:<\/strong><\/p>\n<ul>\n<li>Estufa de pellets con regulaci\u00f3n autom\u00e1tica que se puede programar dos veces al d\u00eda.<\/li>\n<li>La potencia calor\u00edfica m\u00e1xima es de 7,45 Kw.<\/li>\n<li>La estufa utiliza el pellets, que es un biocombustible, lo cu\u00e1l es m\u00e1s responsable con el medio ambiente.<\/li>\n<li>Las medidas de la estufa son 47 cm x 47,6 cm x 89,9 cm.<\/li>\n<li>Peso neto: 81 kg.<\/li>\n<li>Consumo: 0,6 &#8211; 1,4 kg\/hora.<\/li>\n<li>Tipo de combustible: Largo m\u00e1ximo 30 mm y di\u00e1metro de 6 mm.<\/li>\n<li>Capacidad de la tolva: 13 kg.<\/li>\n<li>Autonom\u00eda del dep\u00f3sito: 8 &#8211; 22 h.<\/li>\n<li>Salida de humos trasera.<\/li>\n<li>Presenta ahorro energ\u00e9tico con dos modos de funcionamiento: modo ahorro y modo Econo.<\/li>\n<li>La estufa est\u00e1 equipada con mando a distancia.<\/li>\n<li><strong>\u00a1MUY IMPORTANTE!<\/strong>\u00a0Para el correcto funcionamiento del producto se deben seguir las instrucciones marcadas por el fabricante en el primer encendido. De lo contrario el producto puede sufrir da\u00f1os irreparables.<\/li>\n<\/ul>\n<div><\/div>\n<div>\n<p>&nbsp;<\/p>\n<div>\n<div><\/div>\n<\/div>\n<\/div>\n<div id=\"sc4pProduct\">\n<div class=\"sc4pFC sc4pLine\">\n<p>&nbsp;<\/p>\n<\/div>\n<\/div>\n<\/div>\n","protected":false},"excerpt":{"rendered":"<div>\n<div>\n<p><strong>Clasificaci\u00f3n del producto: <\/strong>Este producto se encuentra en la categor\u00eda Estufas y calefactores (calentadores): para superficies de 30 m\u00b2 (metros cuadrados) o menos, para superficies de 31 a 50 m\u00b2 (metros cuadrados), para superficies de 71 m\u00b2 (metros cuadrados) o m\u00e1s espacios grandes, para superficies de 51 m\u00b2 a 70 m\u00b2 (metros cuadrados), de pellets, con mando a distancia (a control remoto), con funci\u00f3n de ahorro energ\u00e9tico (ecol\u00f3gicos, sostenibles).<\/p>\n<\/div>\n<\/div>\n<p>&nbsp;<\/p>\n<p><strong>Garant\u00eda de 3 a\u00f1os: <\/strong>Con la compra de este material obtendr\u00e1 una\u00a0<b>garant\u00eda de 36 meses<\/b>\u00a0por cualquier da\u00f1o de f\u00e1brica que se manifieste durante el uso correcto del material.<\/p>\n","protected":false},"featured_media":2994,"comment_status":"open","ping_status":"closed","template":"","meta":[],"product_brand":[],"product_cat":[82],"product_tag":[],"class_list":{"0":"post-2908","1":"product","2":"type-product","3":"status-publish","4":"has-post-thumbnail","6":"product_cat-estufa-de-pellets","8":"first","9":"instock","10":"sale","11":"shipping-taxable","12":"purchasable","13":"product-type-simple"},"jetpack_sharing_enabled":true,"_links":{"self":[{"href":"https:\/\/yomas-electrodomesticos.com\/index.php\/wp-json\/wp\/v2\/product\/2908","targetHints":{"allow":["GET"]}}],"collection":[{"href":"https:\/\/yomas-electrodomesticos.com\/index.php\/wp-json\/wp\/v2\/product"}],"about":[{"href":"https:\/\/yomas-electrodomesticos.com\/index.php\/wp-json\/wp\/v2\/types\/product"}],"replies":[{"embeddable":true,"href":"https:\/\/yomas-electrodomesticos.com\/index.php\/wp-json\/wp\/v2\/comments?post=2908"}],"version-history":[{"count":1,"href":"https:\/\/yomas-electrodomesticos.com\/index.php\/wp-json\/wp\/v2\/product\/2908\/revisions"}],"predecessor-version":[{"id":2995,"href":"https:\/\/yomas-electrodomesticos.com\/index.php\/wp-json\/wp\/v2\/product\/2908\/revisions\/2995"}],"wp:featuredmedia":[{"embeddable":true,"href":"https:\/\/yomas-electrodomesticos.com\/index.php\/wp-json\/wp\/v2\/media\/2994"}],"wp:attachment":[{"href":"https:\/\/yomas-electrodomesticos.com\/index.php\/wp-json\/wp\/v2\/media?parent=2908"}],"wp:term":[{"taxonomy":"product_brand","embeddable":true,"href":"https:\/\/yomas-electrodomesticos.com\/index.php\/wp-json\/wp\/v2\/product_brand?post=2908"},{"taxonomy":"product_cat","embeddable":true,"href":"https:\/\/yomas-electrodomesticos.com\/index.php\/wp-json\/wp\/v2\/product_cat?post=2908"},{"taxonomy":"product_tag","embeddable":true,"href":"https:\/\/yomas-electrodomesticos.com\/index.php\/wp-json\/wp\/v2\/product_tag?post=2908"}],"curies":[{"name":"wp","href":"https:\/\/api.w.org\/{rel}","templated":true}]}}