{"id":2909,"date":"2025-07-09T11:15:55","date_gmt":"2025-07-09T09:15:55","guid":{"rendered":"https:\/\/yomas-electrodomesticos.com\/?post_type=product&#038;p=2909"},"modified":"2025-07-09T11:16:16","modified_gmt":"2025-07-09T09:16:16","slug":"estufa-de-pellets-de-aire-noa-s2-10-3-kw-karmek-one","status":"publish","type":"product","link":"https:\/\/yomas-electrodomesticos.com\/index.php\/producto\/estufa-de-pellets-de-aire-noa-s2-10-3-kw-karmek-one\/","title":{"rendered":"Estufa de pellets de aire \u2013 NOA S2 (10.3 Kw) \u2013 Karmek One"},"content":{"rendered":"<h2><strong>Estufa de pellets Noa S2 de KARMEK ONE<\/strong><\/h2>\n<p>Fabricada para que puedas colocarla en cualquier rinc\u00f3n de tu hogar, esta\u00a0<strong>estufa<\/strong>\u00a0es genial para calentar tu casa de forma sostenible, ecol\u00f3gica y eficiente. Adem\u00e1s, cuenta con un dise\u00f1o moderno con puerta de cristal que dar\u00e1 ese toque c\u00e1lido que tanto te gusta. \u00a1Todo para que disfrutes del invierno en la comodidad de tu hogar!<\/p>\n<ul>\n<li><strong>Estufa de pellet<\/strong>\u00a0Noa S2 de KARMEK ONE<\/li>\n<li>Cuenta con potencia termoqu\u00edmica de 10,33 kW (potencia nominal: 9,18 kW)<\/li>\n<li>Rendimiento a potencia m\u00edn\/max: 93,07 \u2013 88,86 %<\/li>\n<li>Clase de eficiencia energ\u00e9tica A+<\/li>\n<li>Sigue la norma UNI-EN 14785<\/li>\n<li>Volumen m\u00e1ximo calentable: 260 m3<\/li>\n<li>Consumo m\u00edn\/max: 1,0 \u2013 2,13 kg\/h<\/li>\n<li>Con alimentaci\u00f3n el\u00e9ctrica 230 V \u2013 50 Hz<\/li>\n<li>Consumo el\u00e9ctrico nominal: 133,4 W<\/li>\n<li>Capacidad del tanque: 14 Kg<\/li>\n<li>Di\u00e1metro de salida de humos: 80 mm<\/li>\n<li>Peso total: 94 Kg<\/li>\n<li>Medidas: 96 x 47 x 53 cm<\/li>\n<li>Incluye mando de serie para su control<\/li>\n<li>Tiene salida de humos superior y trasera<\/li>\n<li>Con caj\u00f3n de cenizas extra\u00edble<\/li>\n<li>Brasero de hierro fundido y puerta de cristal<\/li>\n<li>Cuenta con certificaci\u00f3n de calidad Kiwa, que certifica que cuenta con todos los est\u00e1ndares de calidad y seguridad pertinentes. Cuenta con certificaci\u00f3n\u00a0<strong>EcoDesign<\/strong>, obligatoria a partir del 2022. La normativa\u00a0<strong>EcoDesign<\/strong>\u00a0busca limitar los niveles de mon\u00f3xido de carbono (CO), \u00f3xido de nitr\u00f3geno (NOX), componentes org\u00e1nicos vol\u00e1tiles (COVS) y part\u00edculas no quemadas (DUST), pero manteniendo el m\u00e1ximo rendimiento de los aparatos de calefacci\u00f3n local.<\/li>\n<\/ul>\n<p>\u00bfBuscas la forma de calentar tus estancias sin perder estilo y contando con un sistema de calefacci\u00f3n ecol\u00f3gico y eficiente?<\/p>\n<p>Con la<strong>\u00a0estufa de pellet<\/strong>\u00a0Noa S2 de KARMEK ONE podr\u00e1s calentar tu casa sin pagar de m\u00e1s en tu factura de la luz. \u00a1Todo para que disfrutes de los largos d\u00edas de invierno en la comodidad de tu hogar!\u00bfComo instalar una estufa de pellet ? \u00bf Es complicado ? \u00bfPuedo hacerlo yo mismo?<\/p>\n<p>S\u00ed puedes hacerlo tu mismo si tienes un poco de idea de bricolaje y no, no es complicado. En realidad todo el trabajo est\u00e1 en colocar el tubo que va al exterior. Por lo que deber\u00e1s practicar un agujero de 8 cm. en el muro que da al exterior. \u00c9ste es el trabajo mas complejo que te vas a encontrar, lo dem\u00e1s es simplemente encajar tubos i fijarlos a la pared exterior.<\/p>\n<p>Primero tienes que marcar donde hay que hacer el agujero teniendo en cuenta que hay que dejar libres unos espacios alrededor de la estufa que son los siguientes:<\/p>\n<ul>\n<li>40 cm entre la pared y la parte trasera de la estufa<\/li>\n<li>30 cm en cada lado<\/li>\n<li>100 cm delante de la estufa<\/li>\n<\/ul>\n","protected":false},"excerpt":{"rendered":"<p>\u2022 Clase de eficiencia energ\u00e9tica A+<br \/>\n\u2022 Caj\u00f3n de ceniza extraible<br \/>\n\u2022 Brasero en fundici\u00f3n<br \/>\n\u2022 Mando a distancia incluido<br \/>\n\u2022 Revestimiento de acero<\/p>\n<table class=\"woocommerce-product-attributes shop_attributes\">\n<tbody>\n<tr class=\"woocommerce-product-attributes-item woocommerce-product-attributes-item--attribute_pa_color\">\n<th class=\"woocommerce-product-attributes-item__label\">COLOR<\/th>\n<td class=\"woocommerce-product-attributes-item__value\"><a href=\"https:\/\/www.ferreteriadosil.es\/color\/antracita\/\" rel=\"tag\">Antracita<\/a>,\u00a0<a href=\"https:\/\/www.ferreteriadosil.es\/color\/fd-blanco\/\" rel=\"tag\">Blanco<\/a>,\u00a0<a href=\"https:\/\/www.ferreteriadosil.es\/color\/bronce\/\" rel=\"tag\">Bronce<\/a><\/td>\n<\/tr>\n<\/tbody>\n<\/table>\n","protected":false},"featured_media":2997,"comment_status":"open","ping_status":"closed","template":"","meta":[],"product_brand":[],"product_cat":[82],"product_tag":[],"class_list":{"0":"post-2909","1":"product","2":"type-product","3":"status-publish","4":"has-post-thumbnail","6":"product_cat-estufa-de-pellets","8":"first","9":"instock","10":"sale","11":"shipping-taxable","12":"purchasable","13":"product-type-simple"},"jetpack_sharing_enabled":true,"_links":{"self":[{"href":"https:\/\/yomas-electrodomesticos.com\/index.php\/wp-json\/wp\/v2\/product\/2909","targetHints":{"allow":["GET"]}}],"collection":[{"href":"https:\/\/yomas-electrodomesticos.com\/index.php\/wp-json\/wp\/v2\/product"}],"about":[{"href":"https:\/\/yomas-electrodomesticos.com\/index.php\/wp-json\/wp\/v2\/types\/product"}],"replies":[{"embeddable":true,"href":"https:\/\/yomas-electrodomesticos.com\/index.php\/wp-json\/wp\/v2\/comments?post=2909"}],"version-history":[{"count":1,"href":"https:\/\/yomas-electrodomesticos.com\/index.php\/wp-json\/wp\/v2\/product\/2909\/revisions"}],"predecessor-version":[{"id":2998,"href":"https:\/\/yomas-electrodomesticos.com\/index.php\/wp-json\/wp\/v2\/product\/2909\/revisions\/2998"}],"wp:featuredmedia":[{"embeddable":true,"href":"https:\/\/yomas-electrodomesticos.com\/index.php\/wp-json\/wp\/v2\/media\/2997"}],"wp:attachment":[{"href":"https:\/\/yomas-electrodomesticos.com\/index.php\/wp-json\/wp\/v2\/media?parent=2909"}],"wp:term":[{"taxonomy":"product_brand","embeddable":true,"href":"https:\/\/yomas-electrodomesticos.com\/index.php\/wp-json\/wp\/v2\/product_brand?post=2909"},{"taxonomy":"product_cat","embeddable":true,"href":"https:\/\/yomas-electrodomesticos.com\/index.php\/wp-json\/wp\/v2\/product_cat?post=2909"},{"taxonomy":"product_tag","embeddable":true,"href":"https:\/\/yomas-electrodomesticos.com\/index.php\/wp-json\/wp\/v2\/product_tag?post=2909"}],"curies":[{"name":"wp","href":"https:\/\/api.w.org\/{rel}","templated":true}]}}