{"id":2912,"date":"2025-07-09T11:15:56","date_gmt":"2025-07-09T09:15:56","guid":{"rendered":"https:\/\/yomas-electrodomesticos.com\/?post_type=product&#038;p=2912"},"modified":"2025-07-09T11:16:21","modified_gmt":"2025-07-09T09:16:21","slug":"estufa-de-pellets-de-aire-vigo-ventilacion-forzada","status":"publish","type":"product","link":"https:\/\/yomas-electrodomesticos.com\/index.php\/producto\/estufa-de-pellets-de-aire-vigo-ventilacion-forzada\/","title":{"rendered":"Estufa de pellets de aire Vigo \u2013 ventilaci\u00f3n forzada"},"content":{"rendered":"<h2 class=\"headline hl4\"><strong>Estufa de pellets de aire Vigo con sistema de aire ventilaci\u00f3n forzada<\/strong><\/h2>\n<p>La comodidad es la caracter\u00edstica principal de las Estufa de pellets de aire Vigo.<\/p>\n<p>Encendido y apagado de la estufa,\u00a0<strong>regulaci\u00f3n del calor<\/strong>\u00a0y su consiguiente difusi\u00f3n en el entorno, pueden ser gestionadas o programadas, en\u00a0<strong>total autonom\u00eda<\/strong>, mediante el uso de un\u00a0<strong>sencillo<\/strong>\u00a0mando a distancia.<\/p>\n<p>Las estufas de pellet Karmek One son expresi\u00f3n del nuevo concepto de confort.<\/p>\n<p class=\"p1\">Estufa de pellet para la producci\u00f3n de aire caliente a convecci\u00f3n forzada:<\/p>\n<ul class=\"ul1\">\n<li class=\"li1\"><strong>Revestimiento en acero<\/strong><\/li>\n<li class=\"li1\"><strong>Marco en acero<\/strong><\/li>\n<li class=\"li1\"><strong>Brasero y puerta de fundici\u00f3n<\/strong><\/li>\n<li class=\"li1\"><strong>Salida de humos posterior<\/strong><\/li>\n<li><strong>Mando a distancia<br \/>\n<\/strong><\/li>\n<\/ul>\n<p><strong>Dimensiones acero :\u00a0<\/strong>496x561x1000 mm<\/p>\n<p><strong>Potencia introducida:\u00a0<\/strong>11,67 kW<\/p>\n<p><strong>Potencia cedida por convecci\u00f3n y radiaci\u00f3n:\u00a0<\/strong>10,28 kW<\/p>\n<p><strong>Rendimiento de potencia:\u00a0<\/strong>88,09 %<\/p>\n<p><strong>Volumen calentable:\u00a0<\/strong>129 \u2013 294 m\u00b3<\/p>\n<p><strong>Consumo por hora:\u00a0<\/strong>1,00 \u2013 2,41 Kg\/h<\/p>\n<p><strong>Absorci\u00f3n de potencia nominal:\u00a0<\/strong>86 W<\/p>\n<p><strong>Capacidad de la tolva:\u00a0<\/strong>18,5 Kg<\/p>\n<p><strong>Calado m\u00ednimo:\u00a0<\/strong>10 Pa<\/p>\n<p><strong>Diametro salida de humos:\u00a0<\/strong>80 mm<\/p>\n<p><strong>Peso versi\u00f3n aciero:\u00a0<\/strong>104 Kg<\/p>\n","protected":false},"excerpt":{"rendered":"<p>La\u00a0<strong>comodidad es la caracter\u00edstica principal de las estufas de pellet.<\/strong><\/p>\n<p>Encendido y apagado de la estufa, regulaci\u00f3n del calor y su consiguiente difusi\u00f3n en el entorno, pueden ser gestionadas o programadas, en total autonom\u00eda, mediante el uso de un sencillo\u00a0<strong>mando a distancia.<\/strong>\u00a0Las estufas de pellet Karmek One son expresi\u00f3n del nuevo concepto de\u00a0<strong>confort.<\/strong><\/p>\n","protected":false},"featured_media":3019,"comment_status":"open","ping_status":"closed","template":"","meta":[],"product_brand":[],"product_cat":[82],"product_tag":[],"class_list":{"0":"post-2912","1":"product","2":"type-product","3":"status-publish","4":"has-post-thumbnail","6":"product_cat-estufa-de-pellets","8":"first","9":"instock","10":"sale","11":"shipping-taxable","12":"purchasable","13":"product-type-simple"},"jetpack_sharing_enabled":true,"_links":{"self":[{"href":"https:\/\/yomas-electrodomesticos.com\/index.php\/wp-json\/wp\/v2\/product\/2912","targetHints":{"allow":["GET"]}}],"collection":[{"href":"https:\/\/yomas-electrodomesticos.com\/index.php\/wp-json\/wp\/v2\/product"}],"about":[{"href":"https:\/\/yomas-electrodomesticos.com\/index.php\/wp-json\/wp\/v2\/types\/product"}],"replies":[{"embeddable":true,"href":"https:\/\/yomas-electrodomesticos.com\/index.php\/wp-json\/wp\/v2\/comments?post=2912"}],"version-history":[{"count":1,"href":"https:\/\/yomas-electrodomesticos.com\/index.php\/wp-json\/wp\/v2\/product\/2912\/revisions"}],"predecessor-version":[{"id":3020,"href":"https:\/\/yomas-electrodomesticos.com\/index.php\/wp-json\/wp\/v2\/product\/2912\/revisions\/3020"}],"wp:featuredmedia":[{"embeddable":true,"href":"https:\/\/yomas-electrodomesticos.com\/index.php\/wp-json\/wp\/v2\/media\/3019"}],"wp:attachment":[{"href":"https:\/\/yomas-electrodomesticos.com\/index.php\/wp-json\/wp\/v2\/media?parent=2912"}],"wp:term":[{"taxonomy":"product_brand","embeddable":true,"href":"https:\/\/yomas-electrodomesticos.com\/index.php\/wp-json\/wp\/v2\/product_brand?post=2912"},{"taxonomy":"product_cat","embeddable":true,"href":"https:\/\/yomas-electrodomesticos.com\/index.php\/wp-json\/wp\/v2\/product_cat?post=2912"},{"taxonomy":"product_tag","embeddable":true,"href":"https:\/\/yomas-electrodomesticos.com\/index.php\/wp-json\/wp\/v2\/product_tag?post=2912"}],"curies":[{"name":"wp","href":"https:\/\/api.w.org\/{rel}","templated":true}]}}