{"id":2914,"date":"2025-07-09T11:15:56","date_gmt":"2025-07-09T09:15:56","guid":{"rendered":"https:\/\/yomas-electrodomesticos.com\/?post_type=product&#038;p=2914"},"modified":"2025-07-09T11:16:22","modified_gmt":"2025-07-09T09:16:22","slug":"estufa-de-pellets-alice-s1-ventilacion-forzada","status":"publish","type":"product","link":"https:\/\/yomas-electrodomesticos.com\/index.php\/producto\/estufa-de-pellets-alice-s1-ventilacion-forzada\/","title":{"rendered":"Estufa de pellets Alice S1 \u2013 ventilaci\u00f3n forzada"},"content":{"rendered":"<h2 class=\"headline hl4\"><strong>Estufa de pellets Alice S1<\/strong><strong>\u00a0\u2013 ventilaci\u00f3n forzada<\/strong><\/h2>\n<p>Estufa de Pellet\u00a0<strong>con WIFI, l<\/strong>a comodidad es la caracter\u00edstica principal de las estufas de pellet.<\/p>\n<p>Encendido y apagado de la estufa,\u00a0<strong>regulaci\u00f3n del calor<\/strong>\u00a0y su consiguiente difusi\u00f3n en el entorno, pueden ser gestionadas o programadas, en\u00a0<strong>total autonom\u00eda<\/strong>, mediante el uso de un\u00a0<strong>sencillo<\/strong>\u00a0mando a distancia. Las estufas de pellet Karmek One son expresi\u00f3n del nuevo concepto de confort.<\/p>\n<div id=\"descrizione_prodotto\">\n<p>Estufa de pellet para la producci\u00f3n de aire caliente a convecci\u00f3n forzada:<\/p>\n<ul>\n<li>estructura en acero<\/li>\n<li>revestimiento en acero, cristal o piedra<\/li>\n<li>brasiero y puerta de fundici\u00f3n<\/li>\n<li>salida de humos posterior, lateral y superior<\/li>\n<li>versi\u00f3n canalizable con motor adicional<\/li>\n<\/ul>\n<\/div>\n<p><strong>Dimensiones acero :\u00a0<\/strong>874x1079x383 mm<\/p>\n<p><strong>Potencia introducida:\u00a0<\/strong>14,10 kW<\/p>\n<p><strong>Potencia cedida por convecci\u00f3n y radiaci\u00f3n:\u00a0<\/strong>12,68 kW<\/p>\n<p><strong>Rendimiento de potencia:\u00a0<\/strong>89,92 %<\/p>\n<p><strong>Volumen calentable:\u00a0<\/strong>165 \u2013 360 m\u00b3<\/p>\n<p><strong>Consumo por hora:\u00a0<\/strong>1,27 \u2013 2,91 kg\/h<\/p>\n<p><strong>Absorci\u00f3n de potencia nominal:\u00a0<\/strong>128,8 W<\/p>\n<p><strong>Capacidad de la tolva:\u00a0<\/strong>23 Kg<\/p>\n<p><strong>Calado m\u00ednimo:\u00a0<\/strong>10 Pa<\/p>\n<p><strong>Diametro salida de humos:\u00a0<\/strong>80 mm<\/p>\n<p><strong>Peso versi\u00f3n acero:\u00a0<\/strong>147 Kg<\/p>\n","protected":false},"excerpt":{"rendered":"<p>Esta Estufa de Pellets tiene\u00a0<strong>cestillo autolimpiante<\/strong>.<\/p>\n<p>La\u00a0<strong>comodidad es la caracter\u00edstica principal de las estufas de pellet.<\/strong><\/p>\n<p>Encendido y apagado de la estufa, regulaci\u00f3n del calor y su consiguiente difusi\u00f3n en el entorno, pueden ser gestionadas o programadas, en total autonom\u00eda, mediante el uso de un sencillo\u00a0<strong>mando a distancia.<\/strong>\u00a0Las estufas de pellet Karmek One son expresi\u00f3n del nuevo concepto de\u00a0<strong>confort.<\/strong><\/p>\n","protected":false},"featured_media":3028,"comment_status":"open","ping_status":"closed","template":"","meta":[],"product_brand":[],"product_cat":[82],"product_tag":[],"class_list":{"0":"post-2914","1":"product","2":"type-product","3":"status-publish","4":"has-post-thumbnail","6":"product_cat-estufa-de-pellets","8":"first","9":"instock","10":"sale","11":"shipping-taxable","12":"purchasable","13":"product-type-simple"},"jetpack_sharing_enabled":true,"_links":{"self":[{"href":"https:\/\/yomas-electrodomesticos.com\/index.php\/wp-json\/wp\/v2\/product\/2914","targetHints":{"allow":["GET"]}}],"collection":[{"href":"https:\/\/yomas-electrodomesticos.com\/index.php\/wp-json\/wp\/v2\/product"}],"about":[{"href":"https:\/\/yomas-electrodomesticos.com\/index.php\/wp-json\/wp\/v2\/types\/product"}],"replies":[{"embeddable":true,"href":"https:\/\/yomas-electrodomesticos.com\/index.php\/wp-json\/wp\/v2\/comments?post=2914"}],"version-history":[{"count":1,"href":"https:\/\/yomas-electrodomesticos.com\/index.php\/wp-json\/wp\/v2\/product\/2914\/revisions"}],"predecessor-version":[{"id":3029,"href":"https:\/\/yomas-electrodomesticos.com\/index.php\/wp-json\/wp\/v2\/product\/2914\/revisions\/3029"}],"wp:featuredmedia":[{"embeddable":true,"href":"https:\/\/yomas-electrodomesticos.com\/index.php\/wp-json\/wp\/v2\/media\/3028"}],"wp:attachment":[{"href":"https:\/\/yomas-electrodomesticos.com\/index.php\/wp-json\/wp\/v2\/media?parent=2914"}],"wp:term":[{"taxonomy":"product_brand","embeddable":true,"href":"https:\/\/yomas-electrodomesticos.com\/index.php\/wp-json\/wp\/v2\/product_brand?post=2914"},{"taxonomy":"product_cat","embeddable":true,"href":"https:\/\/yomas-electrodomesticos.com\/index.php\/wp-json\/wp\/v2\/product_cat?post=2914"},{"taxonomy":"product_tag","embeddable":true,"href":"https:\/\/yomas-electrodomesticos.com\/index.php\/wp-json\/wp\/v2\/product_tag?post=2914"}],"curies":[{"name":"wp","href":"https:\/\/api.w.org\/{rel}","templated":true}]}}