{"id":2915,"date":"2025-07-09T11:15:56","date_gmt":"2025-07-09T09:15:56","guid":{"rendered":"https:\/\/yomas-electrodomesticos.com\/?post_type=product&#038;p=2915"},"modified":"2025-07-09T11:16:23","modified_gmt":"2025-07-09T09:16:23","slug":"estufa-de-pellets-de-aire-anita-10-kw-sannover-burdeos","status":"publish","type":"product","link":"https:\/\/yomas-electrodomesticos.com\/index.php\/producto\/estufa-de-pellets-de-aire-anita-10-kw-sannover-burdeos\/","title":{"rendered":"Estufa de pellets de aire Anita 10 kW Sannover burdeos"},"content":{"rendered":"<div class=\"o-product-detail-informations__description\">\n<p>Para beneficiarse de la garant\u00eda de piezas de 2 a\u00f1os del fabricante,<br \/>\nlas operaciones de instalaci\u00f3n, conexi\u00f3n al circuito el\u00e9ctrico, control de funcionamiento, mantenimiento y eventuales reparaciones deben ser realizadas por un profesional cualificado. El mantenimiento anual es obligatorio. Si no se cumplen estas condiciones, no se podr\u00e1 aplicar ninguna garant\u00eda.<\/p>\n<p>\u00a1ATENCI\u00d3N!<br \/>\nEs imprescindible comprobar el buen estado del paquete en el momento de la entrega, tanto por fuera como por dentro.<br \/>\nSin reclamaci\u00f3n, ning\u00fan cambio de producto o reembolso ser\u00e1 posible.<\/p>\n<p>Estufa de pellets de aire ventilado de 10 kW Anita Sannover<\/p>\n<ul>\n<li>Una estufa de pellets de aire eficiente y econ\u00f3mica<\/li>\n<\/ul>\n<p>Anita es una estufa de pellets de aire compacta con un dise\u00f1o innovador. Bajo consumo para 24 horas de autonom\u00eda, calienta hasta 100 m2<br \/>\nDoble combusti\u00f3n, aire ventilado, dimensiones compactas, f\u00e1cil mantenimiento, programable, crisol de fundici\u00f3nsensor ambiental integrado, muy silencioso, bandeja de ceniza extra\u00edble, salida de humos trasera.<br \/>\nLa estufa de pellets de aire Anita de la marca Sannover tiene un dise\u00f1o innovador con un frontal que recuerda la forma de un reloj de arena.<br \/>\nAnita es una estufa de pellets de aire, lo que significa que est\u00e1 equipada con un ventilador, por lo que asegura una mejor distribuci\u00f3n del calor en el espacio a calentar. Calidez en toda la casa, a bajo coste, porque adem\u00e1s de su excelente relaci\u00f3n calidad\/precio, los pellets son un combustible barato con un impacto muy limitado en el medio ambiente.<\/p>\n<ul>\n<li>Las ventajas de la estufa de pellets con aire ventilado Anita:<\/li>\n<\/ul>\n<p>La estufa de pellets Anita est\u00e1 equipada con un panel de control digital situado en la parte superior del aparato, que es f\u00e1cil de usar y accesible para todos.<br \/>\nOtra ventaja es que el sensor ambiental integrado directamente en la estufa de pellets no necesita conectarse a ning\u00fan otro termostato ambiental. Gracias a su sistema de regulaci\u00f3n autom\u00e1tica, la estufa de pellets gestiona su arranque y parada en funci\u00f3n de la temperatura configurada.Adem\u00e1s, con la estufa de pellets Anita se incluye un mando a distancia para que pueda controlar su estufa a distancia.<br \/>\nUn arranque r\u00e1pido tambi\u00e9n le permitir\u00e1 alcanzar la temperatura deseada r\u00e1pidamente, y el ventilador distribuir\u00e1 el calor por toda la casa.<br \/>\n\u00a1Su dep\u00f3sito de pellets, con una capacidad de 22 kg, le permite beneficiarse de una autonom\u00eda m\u00e1xima de hasta 24 horas!<br \/>\nUna eficiencia de casi el 89 % y su clase energ\u00e9tica A+ le garantizan un gran ahorro a lo largo del tiempo.<br \/>\nDispone de una bandeja de ceniza extra\u00edble para facilitar el vaciado y el acceso a los componentes internos.<br \/>\nLas dimensiones compactas y la salida de humos por la parte superior del aparato le permitir\u00e1n instalar su estufa de pellets de aire de muy diversas maneras.<\/p>\n<ul>\n<li>Una estufa elegante y f\u00e1cil de usar.<\/li>\n<\/ul>\n<p>Su estufa de pellets debe ser instalada por un profesional cualificado y revisada anualmente<br \/>\nCaracter\u00edsticas t\u00e9cnicas<\/p>\n<ul>\n<li>Salida de humos: Chimenea<\/li>\n<li>Di\u00e1metro de salida: 80 mm<\/li>\n<li>Clase energ\u00e9tica de calefacci\u00f3n: A+<\/li>\n<li>&#8211; Potencia nominal: 9,76 kW<\/li>\n<li>Rendimiento a potencia nominal: 88,5 %<\/li>\n<li>Capacidad del dep\u00f3sito de pellets: 22 kg<\/li>\n<li>Autonom\u00eda: 24 h<\/li>\n<li>Garant\u00eda: 2 a\u00f1os<\/li>\n<li>Al.\/An.\/F.: 97,1 \/ 46,1 \/ 49,3 cm<\/li>\n<li>Peso: 95 kg<\/li>\n<\/ul>\n<\/div>\n","protected":false},"excerpt":{"rendered":"<table class=\"o-product-features\" role=\"presentation\" data-cerberus=\"TABLE_AttributesProduct\">\n<caption class=\"kl-hidden-accessibility\">\u00a0<\/caption>\n<tbody>\n<tr class=\"m-product-attr-row\">\n<th class=\"m-product-attr-row__name\" scope=\"row\">Tipo de producto<\/th>\n<td class=\"m-product-attr-row__value\">Estufa de pellet<\/td>\n<\/tr>\n<tr class=\"m-product-attr-row\">\n<th class=\"m-product-attr-row__name\" scope=\"row\">Marca del producto<\/th>\n<td class=\"m-product-attr-row__value\">SANNOVER<\/td>\n<\/tr>\n<tr class=\"m-product-attr-row\">\n<th class=\"m-product-attr-row__name\" scope=\"row\">Modelo comercial<\/th>\n<td class=\"m-product-attr-row__value\">Anita10-bordeaux<\/td>\n<\/tr>\n<tr class=\"m-product-attr-row\">\n<th class=\"m-product-attr-row__name\" scope=\"row\">Superficie de calefacci\u00f3n indicativa (en m\u00b2)<\/th>\n<td class=\"m-product-attr-row__value\">De 101 a 150<\/td>\n<\/tr>\n<tr class=\"m-product-attr-row\">\n<th class=\"m-product-attr-row__name\" scope=\"row\">Familia de color<\/th>\n<td class=\"m-product-attr-row__value\">Rojo<\/td>\n<\/tr>\n<tr class=\"m-product-attr-row\">\n<th class=\"m-product-attr-row__name\" scope=\"row\">Clase energ\u00e9tica (A++ a G)<\/th>\n<td class=\"m-product-attr-row__value\">A+<\/td>\n<\/tr>\n<tr class=\"m-product-attr-row\">\n<th class=\"m-product-attr-row__name\" scope=\"row\">Anchura (en cm)<\/th>\n<td class=\"m-product-attr-row__value\">46.1<\/td>\n<\/tr>\n<tr class=\"m-product-attr-row\">\n<th class=\"m-product-attr-row__name\" scope=\"row\">Profundidad (en cm)<\/th>\n<td class=\"m-product-attr-row__value\">49.3<\/td>\n<\/tr>\n<tr class=\"m-product-attr-row\">\n<th class=\"m-product-attr-row__name\" scope=\"row\">Altura (en cm)<\/th>\n<td class=\"m-product-attr-row__value\">97.1<\/td>\n<\/tr>\n<tr class=\"m-product-attr-row\">\n<th class=\"m-product-attr-row__name\" scope=\"row\">Salida de humos<\/th>\n<td class=\"m-product-attr-row__value\">Parte trasera<\/td>\n<\/tr>\n<tr class=\"m-product-attr-row\">\n<th class=\"m-product-attr-row__name\" scope=\"row\">Tipo de regulaci\u00f3n<\/th>\n<td class=\"m-product-attr-row__value\">Electr\u00f3nica<\/td>\n<\/tr>\n<tr class=\"m-product-attr-row\">\n<th class=\"m-product-attr-row__name\" scope=\"row\">Estanco<\/th>\n<td class=\"m-product-attr-row__value\">No<\/td>\n<\/tr>\n<tr class=\"m-product-attr-row\">\n<th class=\"m-product-attr-row__name\" scope=\"row\">Di\u00e1metro de salida de conducto (en mm)<\/th>\n<td class=\"m-product-attr-row__value\">80<\/td>\n<\/tr>\n<tr class=\"m-product-attr-row\">\n<th class=\"m-product-attr-row__name\" scope=\"row\">Modo silencio<\/th>\n<td class=\"m-product-attr-row__value\">No<\/td>\n<\/tr>\n<tr class=\"m-product-attr-row\">\n<th class=\"m-product-attr-row__name\" scope=\"row\">Canalizable<\/th>\n<td class=\"m-product-attr-row__value\">No<\/td>\n<\/tr>\n<tr class=\"m-product-attr-row\">\n<th class=\"m-product-attr-row__name\" scope=\"row\">Conexi\u00f3n a la red Wi-Fi<\/th>\n<td class=\"m-product-attr-row__value\">No<\/td>\n<\/tr>\n<tr class=\"m-product-attr-row\">\n<th class=\"m-product-attr-row__name\" scope=\"row\">Mando a distancia incluido<\/th>\n<td class=\"m-product-attr-row__value\">No<\/td>\n<\/tr>\n<\/tbody>\n<\/table>\n<p class=\"a-text-warranty\">\n","protected":false},"featured_media":3030,"comment_status":"open","ping_status":"closed","template":"","meta":[],"product_brand":[],"product_cat":[82],"product_tag":[],"class_list":{"0":"post-2915","1":"product","2":"type-product","3":"status-publish","4":"has-post-thumbnail","6":"product_cat-estufa-de-pellets","8":"first","9":"instock","10":"sale","11":"shipping-taxable","12":"purchasable","13":"product-type-simple"},"jetpack_sharing_enabled":true,"_links":{"self":[{"href":"https:\/\/yomas-electrodomesticos.com\/index.php\/wp-json\/wp\/v2\/product\/2915","targetHints":{"allow":["GET"]}}],"collection":[{"href":"https:\/\/yomas-electrodomesticos.com\/index.php\/wp-json\/wp\/v2\/product"}],"about":[{"href":"https:\/\/yomas-electrodomesticos.com\/index.php\/wp-json\/wp\/v2\/types\/product"}],"replies":[{"embeddable":true,"href":"https:\/\/yomas-electrodomesticos.com\/index.php\/wp-json\/wp\/v2\/comments?post=2915"}],"version-history":[{"count":1,"href":"https:\/\/yomas-electrodomesticos.com\/index.php\/wp-json\/wp\/v2\/product\/2915\/revisions"}],"predecessor-version":[{"id":3031,"href":"https:\/\/yomas-electrodomesticos.com\/index.php\/wp-json\/wp\/v2\/product\/2915\/revisions\/3031"}],"wp:featuredmedia":[{"embeddable":true,"href":"https:\/\/yomas-electrodomesticos.com\/index.php\/wp-json\/wp\/v2\/media\/3030"}],"wp:attachment":[{"href":"https:\/\/yomas-electrodomesticos.com\/index.php\/wp-json\/wp\/v2\/media?parent=2915"}],"wp:term":[{"taxonomy":"product_brand","embeddable":true,"href":"https:\/\/yomas-electrodomesticos.com\/index.php\/wp-json\/wp\/v2\/product_brand?post=2915"},{"taxonomy":"product_cat","embeddable":true,"href":"https:\/\/yomas-electrodomesticos.com\/index.php\/wp-json\/wp\/v2\/product_cat?post=2915"},{"taxonomy":"product_tag","embeddable":true,"href":"https:\/\/yomas-electrodomesticos.com\/index.php\/wp-json\/wp\/v2\/product_tag?post=2915"}],"curies":[{"name":"wp","href":"https:\/\/api.w.org\/{rel}","templated":true}]}}