{"id":2916,"date":"2025-07-09T11:15:56","date_gmt":"2025-07-09T09:15:56","guid":{"rendered":"https:\/\/yomas-electrodomesticos.com\/?post_type=product&#038;p=2916"},"modified":"2025-07-09T11:16:23","modified_gmt":"2025-07-09T09:16:23","slug":"estufa-de-pellets-marina-10kw-2","status":"publish","type":"product","link":"https:\/\/yomas-electrodomesticos.com\/index.php\/producto\/estufa-de-pellets-marina-10kw-2\/","title":{"rendered":"ESTUFA DE PELLETS MARINA 10kW"},"content":{"rendered":"<p>La MARINA 10 DE FABRICACI\u00d3N italiana CERTIFICA QUE FLAMME VERTE 7 ETOILES es, sin duda, una de las estufas de pellets m\u00e1s baratas del mercado. Es muy f\u00e1cil de usar, muy robusto. Esta estufa de le\u00f1a certificada green flame 7 estrellas, impone una eficiencia energ\u00e9tica superior al 75%, emisiones de mon\u00f3xido de carbono inferiores al 0,12%.<\/p>\n<p>Funci\u00f3n : Salida t\u00e9rmica (total) salida m\u00e1xima 10.2 kW Salida t\u00e9rmica total) salida m\u00ednima 2.6 kW Salida m\u00e1xima 86.4% Salida reducida 88.2% Potencia nominal temperatura de humo 200.2\u00b0C Potencia nominal temperatura de humo 84.4\u00b0C CO al 13% Potencia nominal O2 0.009 CO al 13% Potencia nominal O2 0.044% Polvo @ 13% Potencia nominal O2 18 mg\/mc Polvo @ 13% Potencia reducida % O2 52.5 mg\/mc Potencia nominal velocidad de combusti\u00f3n 7.3 g\/s Velocidad de combusti\u00f3n de potencia reducida 4.9 g\/s Depresi\u00f3n de la chimenea de potencia nominal 12 Pa Chimenea de baja potencia 4 Pa Capacidad del tanque de pellets 25 kg Consumo de pellets a la potencia m\u00e1xima 1.9 kH \/ h Consumo de pellets a la potencia m\u00ednima 0.52 kg \/ h Autonom\u00eda a la potencia m\u00e1xima 13 h Autonom\u00eda a la potencia m\u00ednima 48 h Di\u00e1metro de entrada de aire 40 mm Di\u00e1metro de salida de gases de combusti\u00f3n 80 mm Volumen de calentamiento m\u00e1ximo recomendado: 250 m3 Voltaje y frecuencia de suministro 220v-50-60Hz Consumo Min- Max 110-400 W Pellets de combustible Tama\u00f1o del pellet 6\u00d720 mm Peso 95 kg Dimensiones: Altura X Profundidad X Ancho: 1000 X 485 X 430 Tablero de control Caj\u00f3n de ceniza Posibilidad de programar durante 7 d\u00edas, con diferentes rangos de tiempo de funcionamiento Estufa equipada con una sonda ambiental, que le permite elegir entre 2 funciones, el modo \u00abstand-by \u00abo\u00bb modulation \u00abEl modo\u00bb stand-by \u00abpermitir\u00e1 que la estufa se detenga cuando alcance la temperatura requerida y se reinicie cuando baje El modo \u00abmodulation\u00bb se regular\u00e1 autom\u00e1ticamente sin detener la sonda de protecci\u00f3n \u00abanti fire\u00bb, con fusible de corte en caso de sobrecalentamiento Ventilaci\u00f3n en la parte delantera<\/p>\n<p>&nbsp;<\/p>\n<p>&nbsp;<\/p>\n","protected":false},"excerpt":{"rendered":"<p>La MARINA 10 DE FABRICACI\u00d3N italiana CERTIFICA QUE FLAMME VERTE 7 ETOILES es, sin duda, una de las estufas de pellets m\u00e1s baratas del mercado. Es muy f\u00e1cil de usar, muy robusto. Esta estufa de le\u00f1a certificada green flame 7 estrellas, impone una eficiencia energ\u00e9tica superior al 75%, emisiones de mon\u00f3xido de carbono inferiores al 0,12%.<\/p>\n","protected":false},"featured_media":3034,"comment_status":"open","ping_status":"closed","template":"","meta":[],"product_brand":[],"product_cat":[82],"product_tag":[],"class_list":{"0":"post-2916","1":"product","2":"type-product","3":"status-publish","4":"has-post-thumbnail","6":"product_cat-estufa-de-pellets","8":"first","9":"instock","10":"sale","11":"shipping-taxable","12":"purchasable","13":"product-type-simple"},"jetpack_sharing_enabled":true,"_links":{"self":[{"href":"https:\/\/yomas-electrodomesticos.com\/index.php\/wp-json\/wp\/v2\/product\/2916","targetHints":{"allow":["GET"]}}],"collection":[{"href":"https:\/\/yomas-electrodomesticos.com\/index.php\/wp-json\/wp\/v2\/product"}],"about":[{"href":"https:\/\/yomas-electrodomesticos.com\/index.php\/wp-json\/wp\/v2\/types\/product"}],"replies":[{"embeddable":true,"href":"https:\/\/yomas-electrodomesticos.com\/index.php\/wp-json\/wp\/v2\/comments?post=2916"}],"version-history":[{"count":1,"href":"https:\/\/yomas-electrodomesticos.com\/index.php\/wp-json\/wp\/v2\/product\/2916\/revisions"}],"predecessor-version":[{"id":3035,"href":"https:\/\/yomas-electrodomesticos.com\/index.php\/wp-json\/wp\/v2\/product\/2916\/revisions\/3035"}],"wp:featuredmedia":[{"embeddable":true,"href":"https:\/\/yomas-electrodomesticos.com\/index.php\/wp-json\/wp\/v2\/media\/3034"}],"wp:attachment":[{"href":"https:\/\/yomas-electrodomesticos.com\/index.php\/wp-json\/wp\/v2\/media?parent=2916"}],"wp:term":[{"taxonomy":"product_brand","embeddable":true,"href":"https:\/\/yomas-electrodomesticos.com\/index.php\/wp-json\/wp\/v2\/product_brand?post=2916"},{"taxonomy":"product_cat","embeddable":true,"href":"https:\/\/yomas-electrodomesticos.com\/index.php\/wp-json\/wp\/v2\/product_cat?post=2916"},{"taxonomy":"product_tag","embeddable":true,"href":"https:\/\/yomas-electrodomesticos.com\/index.php\/wp-json\/wp\/v2\/product_tag?post=2916"}],"curies":[{"name":"wp","href":"https:\/\/api.w.org\/{rel}","templated":true}]}}