{"id":2918,"date":"2025-07-09T11:15:57","date_gmt":"2025-07-09T09:15:57","guid":{"rendered":"https:\/\/yomas-electrodomesticos.com\/?post_type=product&#038;p=2918"},"modified":"2025-07-09T11:16:23","modified_gmt":"2025-07-09T09:16:23","slug":"estufa-de-pellet-eco-pegasso-77-kw-blanco","status":"publish","type":"product","link":"https:\/\/yomas-electrodomesticos.com\/index.php\/producto\/estufa-de-pellet-eco-pegasso-77-kw-blanco\/","title":{"rendered":"Estufa de pellet ECO PEGASSO 7,7 Kw blanco"},"content":{"rendered":"<div class=\"o-product-detail-informations__description\">\n<p>&nbsp;<\/p>\n<\/div>\n<table class=\"o-product-features\" role=\"presentation\" data-cerberus=\"TABLE_AttributesProduct\">\n<caption class=\"kl-hidden-accessibility\">\u00a0<\/caption>\n<tbody>\n<tr class=\"m-product-attr-row\">\n<th class=\"m-product-attr-row__name\" scope=\"row\">Tipo de producto<\/th>\n<td class=\"m-product-attr-row__value\">Estufa de pellet<\/td>\n<\/tr>\n<tr class=\"m-product-attr-row\">\n<th class=\"m-product-attr-row__name\" scope=\"row\">Marca del producto<\/th>\n<td class=\"m-product-attr-row__value\">EIDER BIOMASA<\/td>\n<\/tr>\n<tr class=\"m-product-attr-row\">\n<th class=\"m-product-attr-row__name\" scope=\"row\">Modelo comercial<\/th>\n<td class=\"m-product-attr-row__value\">Estufa pellet eco pegasso 7,7 kW<\/td>\n<\/tr>\n<tr class=\"m-product-attr-row\">\n<th class=\"m-product-attr-row__name\" scope=\"row\">Superficie de calefacci\u00f3n indicativa (en m\u00b2)<\/th>\n<td class=\"m-product-attr-row__value\">De 60 a 80<\/td>\n<\/tr>\n<tr class=\"m-product-attr-row\">\n<th class=\"m-product-attr-row__name\" scope=\"row\">Color<\/th>\n<td class=\"m-product-attr-row__value\">blanco<\/td>\n<\/tr>\n<tr class=\"m-product-attr-row\">\n<th class=\"m-product-attr-row__name\" scope=\"row\">Familia de color<\/th>\n<td class=\"m-product-attr-row__value\">Blanco<\/td>\n<\/tr>\n<tr class=\"m-product-attr-row\">\n<th class=\"m-product-attr-row__name\" scope=\"row\">Potencia (en kW)<\/th>\n<td class=\"m-product-attr-row__value\">7.7<\/td>\n<\/tr>\n<tr class=\"m-product-attr-row\">\n<th class=\"m-product-attr-row__name\" scope=\"row\">Potencia m\u00ednima y m\u00e1xima (en kW)<\/th>\n<td class=\"m-product-attr-row__value\">7-2.5<\/td>\n<\/tr>\n<tr class=\"m-product-attr-row\">\n<th class=\"m-product-attr-row__name\" scope=\"row\">Rendimiento (en %)<\/th>\n<td class=\"m-product-attr-row__value\">90<\/td>\n<\/tr>\n<tr class=\"m-product-attr-row\">\n<th class=\"m-product-attr-row__name\" scope=\"row\">Clase energ\u00e9tica (A++ a G)<\/th>\n<td class=\"m-product-attr-row__value\">A+<\/td>\n<\/tr>\n<tr class=\"m-product-attr-row\">\n<th class=\"m-product-attr-row__name\" scope=\"row\">Autonom\u00eda de funcionamiento (en h)<\/th>\n<td class=\"m-product-attr-row__value\">18<\/td>\n<\/tr>\n<tr class=\"m-product-attr-row\">\n<th class=\"m-product-attr-row__name\" scope=\"row\">Consumo m\u00ednimo (en kg\/h)<\/th>\n<td class=\"m-product-attr-row__value\">0.56<\/td>\n<\/tr>\n<tr class=\"m-product-attr-row\">\n<th class=\"m-product-attr-row__name\" scope=\"row\">Consumo m\u00e1ximo (en kg\/h)<\/th>\n<td class=\"m-product-attr-row__value\">1.56<\/td>\n<\/tr>\n<tr class=\"m-product-attr-row\">\n<th class=\"m-product-attr-row__name\" scope=\"row\">Consumo el\u00e9ctrico m\u00edn-m\u00e1x (en kW)<\/th>\n<td class=\"m-product-attr-row__value\">100-300<\/td>\n<\/tr>\n<tr class=\"m-product-attr-row\">\n<th class=\"m-product-attr-row__name\" scope=\"row\">Anchura (en cm)<\/th>\n<td class=\"m-product-attr-row__value\">46<\/td>\n<\/tr>\n<tr class=\"m-product-attr-row\">\n<th class=\"m-product-attr-row__name\" scope=\"row\">Profundidad (en cm)<\/th>\n<td class=\"m-product-attr-row__value\">46<\/td>\n<\/tr>\n<tr class=\"m-product-attr-row\">\n<th class=\"m-product-attr-row__name\" scope=\"row\">Altura (en cm)<\/th>\n<td class=\"m-product-attr-row__value\">91<\/td>\n<\/tr>\n<tr class=\"m-product-attr-row\">\n<th class=\"m-product-attr-row__name\" scope=\"row\">Peso neto (en kg)<\/th>\n<td class=\"m-product-attr-row__value\">55<\/td>\n<\/tr>\n<tr class=\"m-product-attr-row\">\n<th class=\"m-product-attr-row__name\" scope=\"row\">Nivel sonoro (en dB)<\/th>\n<td class=\"m-product-attr-row__value\">1<\/td>\n<\/tr>\n<tr class=\"m-product-attr-row\">\n<th class=\"m-product-attr-row__name\" scope=\"row\">Tipo de carga<\/th>\n<td class=\"m-product-attr-row__value\">Parte superior<\/td>\n<\/tr>\n<tr class=\"m-product-attr-row\">\n<th class=\"m-product-attr-row__name\" scope=\"row\">Salida de humos<\/th>\n<td class=\"m-product-attr-row__value\">Parte trasera<\/td>\n<\/tr>\n<tr class=\"m-product-attr-row\">\n<th class=\"m-product-attr-row__name\" scope=\"row\">Tipo de regulaci\u00f3n<\/th>\n<td class=\"m-product-attr-row__value\">Electr\u00f3nica<\/td>\n<\/tr>\n<tr class=\"m-product-attr-row\">\n<th class=\"m-product-attr-row__name\" scope=\"row\">Estanco<\/th>\n<td class=\"m-product-attr-row__value\">S\u00ed<\/td>\n<\/tr>\n<tr class=\"m-product-attr-row\">\n<th class=\"m-product-attr-row__name\" scope=\"row\">Material principal<\/th>\n<td class=\"m-product-attr-row__value\">Acero<\/td>\n<\/tr>\n<tr class=\"m-product-attr-row\">\n<th class=\"m-product-attr-row__name\" scope=\"row\">Capacidad de la tolva (en kg)<\/th>\n<td class=\"m-product-attr-row__value\">15<\/td>\n<\/tr>\n<tr class=\"m-product-attr-row\">\n<th class=\"m-product-attr-row__name\" scope=\"row\">Di\u00e1metro de salida de conducto (en mm)<\/th>\n<td class=\"m-product-attr-row__value\">80<\/td>\n<\/tr>\n<tr class=\"m-product-attr-row\">\n<th class=\"m-product-attr-row__name\" scope=\"row\">Di\u00e1metro entrada de aire (en mm)<\/th>\n<td class=\"m-product-attr-row__value\">50<\/td>\n<\/tr>\n<tr class=\"m-product-attr-row\">\n<th class=\"m-product-attr-row__name\" scope=\"row\">Conectable directamente al aire exterior<\/th>\n<td class=\"m-product-attr-row__value\">S\u00ed<\/td>\n<\/tr>\n<tr class=\"m-product-attr-row\">\n<th class=\"m-product-attr-row__name\" scope=\"row\">Especificidad del producto<\/th>\n<td class=\"m-product-attr-row__value\">Programable<\/td>\n<\/tr>\n<tr class=\"m-product-attr-row\">\n<th class=\"m-product-attr-row__name\" scope=\"row\">Modo silencio<\/th>\n<td class=\"m-product-attr-row__value\">No<\/td>\n<\/tr>\n<tr class=\"m-product-attr-row\">\n<th class=\"m-product-attr-row__name\" scope=\"row\">Canalizable<\/th>\n<td class=\"m-product-attr-row__value\">No<\/td>\n<\/tr>\n<tr class=\"m-product-attr-row\">\n<th class=\"m-product-attr-row__name\" scope=\"row\">Conexi\u00f3n a la red Wi-Fi<\/th>\n<td class=\"m-product-attr-row__value\">Predispuesto<\/td>\n<\/tr>\n<tr class=\"m-product-attr-row\">\n<th class=\"m-product-attr-row__name\" scope=\"row\">Mando a distancia incluido<\/th>\n<td class=\"m-product-attr-row__value\">No<\/td>\n<\/tr>\n<tr class=\"m-product-attr-row\">\n<th class=\"m-product-attr-row__name\" scope=\"row\">Box Wi-Fi<\/th>\n<td class=\"m-product-attr-row__value\">Opcional<\/td>\n<\/tr>\n<tr class=\"m-product-attr-row\">\n<th class=\"m-product-attr-row__name\" scope=\"row\">Limpieza<\/th>\n<td class=\"m-product-attr-row__value\">Para preservar el buen funcionamiento del aparato, realice un mantenimiento diario de la estufa (consulte el manual) y h\u00e1galo revisar por un profesional 1 vez al a\u00f1o<\/td>\n<\/tr>\n<tr class=\"m-product-attr-row\">\n<th class=\"m-product-attr-row__name\" scope=\"row\">Reglamentaci\u00f3n<\/th>\n<td class=\"m-product-attr-row__value\">Para evitar cualquier riesgo de incendio, este producto debe instalarse seg\u00fan las reglas del sector y las reglas t\u00e9cnicas indicadas en el manual. La instalaci\u00f3n debe realizarla un profesional o una persona cualificada.<\/td>\n<\/tr>\n<tr class=\"m-product-attr-row\">\n<th class=\"m-product-attr-row__name\" scope=\"row\">Bueno saber<\/th>\n<td class=\"m-product-attr-row__value\">WIFI opcional<\/td>\n<\/tr>\n<tr class=\"m-product-attr-row\">\n<th class=\"m-product-attr-row__name\" scope=\"row\">Garant\u00eda (en a\u00f1os)<\/th>\n<td class=\"m-product-attr-row__value\">3<\/td>\n<\/tr>\n<\/tbody>\n<\/table>\n<p class=\"a-text-warranty\">Todos los productos vendidos por energy-cuatropellets y por otros vendedores tienen una garant\u00eda de tres a\u00f1os a partir de la fecha de compra.<br \/>\nEncontrar\u00e1 las condiciones y las modalidades de uso en las condiciones generales de nuestro sitio web, en la entrada de nuestras tiendas energy-cuatropellets o en la p\u00e1gina de cada vendedor en el caso de los art\u00edculos se\u00f1alados con la leyenda \u00abVendido por\u00bb.<\/p>\n","protected":false},"excerpt":{"rendered":"<p>Estufa de pellets fabricada en acero pintado con acabado en color blanco. Con una potencia de 7,7 kW, cubre una superficie de calefacci\u00f3n de hasta 80 m\u00b2. Tiene un rendimiento del 90% y una autonom\u00eda de funcionamiento de 18 horas. Salida de humos trasera y carga en la parte superior. Medidas: 46x91x46 cm (ancho x alto x fondo). Clase energ\u00e9tica A+.<\/p>\n","protected":false},"featured_media":3039,"comment_status":"open","ping_status":"closed","template":"","meta":[],"product_brand":[],"product_cat":[82],"product_tag":[],"class_list":{"0":"post-2918","1":"product","2":"type-product","3":"status-publish","4":"has-post-thumbnail","6":"product_cat-estufa-de-pellets","8":"first","9":"instock","10":"sale","11":"shipping-taxable","12":"purchasable","13":"product-type-simple"},"jetpack_sharing_enabled":true,"_links":{"self":[{"href":"https:\/\/yomas-electrodomesticos.com\/index.php\/wp-json\/wp\/v2\/product\/2918","targetHints":{"allow":["GET"]}}],"collection":[{"href":"https:\/\/yomas-electrodomesticos.com\/index.php\/wp-json\/wp\/v2\/product"}],"about":[{"href":"https:\/\/yomas-electrodomesticos.com\/index.php\/wp-json\/wp\/v2\/types\/product"}],"replies":[{"embeddable":true,"href":"https:\/\/yomas-electrodomesticos.com\/index.php\/wp-json\/wp\/v2\/comments?post=2918"}],"version-history":[{"count":1,"href":"https:\/\/yomas-electrodomesticos.com\/index.php\/wp-json\/wp\/v2\/product\/2918\/revisions"}],"predecessor-version":[{"id":3040,"href":"https:\/\/yomas-electrodomesticos.com\/index.php\/wp-json\/wp\/v2\/product\/2918\/revisions\/3040"}],"wp:featuredmedia":[{"embeddable":true,"href":"https:\/\/yomas-electrodomesticos.com\/index.php\/wp-json\/wp\/v2\/media\/3039"}],"wp:attachment":[{"href":"https:\/\/yomas-electrodomesticos.com\/index.php\/wp-json\/wp\/v2\/media?parent=2918"}],"wp:term":[{"taxonomy":"product_brand","embeddable":true,"href":"https:\/\/yomas-electrodomesticos.com\/index.php\/wp-json\/wp\/v2\/product_brand?post=2918"},{"taxonomy":"product_cat","embeddable":true,"href":"https:\/\/yomas-electrodomesticos.com\/index.php\/wp-json\/wp\/v2\/product_cat?post=2918"},{"taxonomy":"product_tag","embeddable":true,"href":"https:\/\/yomas-electrodomesticos.com\/index.php\/wp-json\/wp\/v2\/product_tag?post=2918"}],"curies":[{"name":"wp","href":"https:\/\/api.w.org\/{rel}","templated":true}]}}