{"id":2920,"date":"2025-07-09T11:15:57","date_gmt":"2025-07-09T09:15:57","guid":{"rendered":"https:\/\/yomas-electrodomesticos.com\/?post_type=product&#038;p=2920"},"modified":"2025-07-09T11:16:25","modified_gmt":"2025-07-09T09:16:25","slug":"estufa-de-pellet-eco-brenda-1074-kw-rojo","status":"publish","type":"product","link":"https:\/\/yomas-electrodomesticos.com\/index.php\/producto\/estufa-de-pellet-eco-brenda-1074-kw-rojo\/","title":{"rendered":"Estufa de pellet ECO BRENDA 10,74 Kw rojo"},"content":{"rendered":"<div class=\"o-product-detail-informations__description\">\n<p>Estufa de pellets fabricada en acero pintado con acabado en color rojo. Con una potencia de 10,74 kW, cubre una superficie de calefacci\u00f3n de hasta 150 m\u00b2. Tiene un rendimiento del 89% y una autonom\u00eda de funcionamiento de 20 horas. Salida de humos trasera y carga en la parte superior. Medidas: 49x93x49 cm (ancho x alto x fondo). Clase energ\u00e9tica A+. Entrega a pie de veh\u00edculo.<\/p>\n<\/div>\n<table class=\"o-product-features\" role=\"presentation\" data-cerberus=\"TABLE_AttributesProduct\">\n<caption class=\"kl-hidden-accessibility\">\u00a0<\/caption>\n<tbody>\n<tr class=\"m-product-attr-row\">\n<th class=\"m-product-attr-row__name\" scope=\"row\">Tipo de producto<\/th>\n<td class=\"m-product-attr-row__value\">Estufa de pellet<\/td>\n<\/tr>\n<tr class=\"m-product-attr-row\">\n<th class=\"m-product-attr-row__name\" scope=\"row\">Marca del producto<\/th>\n<td class=\"m-product-attr-row__value\">EIDER BIOMASA<\/td>\n<\/tr>\n<tr class=\"m-product-attr-row\">\n<th class=\"m-product-attr-row__name\" scope=\"row\">Modelo comercial<\/th>\n<td class=\"m-product-attr-row__value\">brenda 10<\/td>\n<\/tr>\n<tr class=\"m-product-attr-row\">\n<th class=\"m-product-attr-row__name\" scope=\"row\">Superficie de calefacci\u00f3n indicativa (en m\u00b2)<\/th>\n<td class=\"m-product-attr-row__value\">De 101 a 150<\/td>\n<\/tr>\n<tr class=\"m-product-attr-row\">\n<th class=\"m-product-attr-row__name\" scope=\"row\">Color<\/th>\n<td class=\"m-product-attr-row__value\">burdeos<\/td>\n<\/tr>\n<tr class=\"m-product-attr-row\">\n<th class=\"m-product-attr-row__name\" scope=\"row\">Familia de color<\/th>\n<td class=\"m-product-attr-row__value\">Rojo<\/td>\n<\/tr>\n<tr class=\"m-product-attr-row\">\n<th class=\"m-product-attr-row__name\" scope=\"row\">Potencia (en kW)<\/th>\n<td class=\"m-product-attr-row__value\">10.74<\/td>\n<\/tr>\n<tr class=\"m-product-attr-row\">\n<th class=\"m-product-attr-row__name\" scope=\"row\">Potencia m\u00ednima y m\u00e1xima (en kW)<\/th>\n<td class=\"m-product-attr-row__value\">9.6 kW -5.7 kW<\/td>\n<\/tr>\n<tr class=\"m-product-attr-row\">\n<th class=\"m-product-attr-row__name\" scope=\"row\">Rendimiento (en %)<\/th>\n<td class=\"m-product-attr-row__value\">89<\/td>\n<\/tr>\n<tr class=\"m-product-attr-row\">\n<th class=\"m-product-attr-row__name\" scope=\"row\">Clase energ\u00e9tica (A++ a G)<\/th>\n<td class=\"m-product-attr-row__value\">A+<\/td>\n<\/tr>\n<tr class=\"m-product-attr-row\">\n<th class=\"m-product-attr-row__name\" scope=\"row\">Autonom\u00eda de funcionamiento (en h)<\/th>\n<td class=\"m-product-attr-row__value\">20<\/td>\n<\/tr>\n<tr class=\"m-product-attr-row\">\n<th class=\"m-product-attr-row__name\" scope=\"row\">Consumo m\u00ednimo (en kg\/h)<\/th>\n<td class=\"m-product-attr-row__value\">0.6<\/td>\n<\/tr>\n<tr class=\"m-product-attr-row\">\n<th class=\"m-product-attr-row__name\" scope=\"row\">Consumo m\u00e1ximo (en kg\/h)<\/th>\n<td class=\"m-product-attr-row__value\">2<\/td>\n<\/tr>\n<tr class=\"m-product-attr-row\">\n<th class=\"m-product-attr-row__name\" scope=\"row\">Consumo el\u00e9ctrico m\u00edn-m\u00e1x (en kW)<\/th>\n<td class=\"m-product-attr-row__value\">100-300<\/td>\n<\/tr>\n<tr class=\"m-product-attr-row\">\n<th class=\"m-product-attr-row__name\" scope=\"row\">Anchura (en cm)<\/th>\n<td class=\"m-product-attr-row__value\">49<\/td>\n<\/tr>\n<tr class=\"m-product-attr-row\">\n<th class=\"m-product-attr-row__name\" scope=\"row\">Profundidad (en cm)<\/th>\n<td class=\"m-product-attr-row__value\">49<\/td>\n<\/tr>\n<tr class=\"m-product-attr-row\">\n<th class=\"m-product-attr-row__name\" scope=\"row\">Altura (en cm)<\/th>\n<td class=\"m-product-attr-row__value\">93<\/td>\n<\/tr>\n<tr class=\"m-product-attr-row\">\n<th class=\"m-product-attr-row__name\" scope=\"row\">Peso neto (en kg)<\/th>\n<td class=\"m-product-attr-row__value\">75<\/td>\n<\/tr>\n<tr class=\"m-product-attr-row\">\n<th class=\"m-product-attr-row__name\" scope=\"row\">Nivel sonoro (en dB)<\/th>\n<td class=\"m-product-attr-row__value\">1<\/td>\n<\/tr>\n<tr class=\"m-product-attr-row\">\n<th class=\"m-product-attr-row__name\" scope=\"row\">Tipo de carga<\/th>\n<td class=\"m-product-attr-row__value\">Parte superior<\/td>\n<\/tr>\n<tr class=\"m-product-attr-row\">\n<th class=\"m-product-attr-row__name\" scope=\"row\">Salida de humos<\/th>\n<td class=\"m-product-attr-row__value\">Parte trasera<\/td>\n<\/tr>\n<tr class=\"m-product-attr-row\">\n<th class=\"m-product-attr-row__name\" scope=\"row\">Tipo de regulaci\u00f3n<\/th>\n<td class=\"m-product-attr-row__value\">Electr\u00f3nica<\/td>\n<\/tr>\n<tr class=\"m-product-attr-row\">\n<th class=\"m-product-attr-row__name\" scope=\"row\">Estanco<\/th>\n<td class=\"m-product-attr-row__value\">No<\/td>\n<\/tr>\n<tr class=\"m-product-attr-row\">\n<th class=\"m-product-attr-row__name\" scope=\"row\">Material principal<\/th>\n<td class=\"m-product-attr-row__value\">Acero<\/td>\n<\/tr>\n<tr class=\"m-product-attr-row\">\n<th class=\"m-product-attr-row__name\" scope=\"row\">Capacidad de la tolva (en kg)<\/th>\n<td class=\"m-product-attr-row__value\">18<\/td>\n<\/tr>\n<tr class=\"m-product-attr-row\">\n<th class=\"m-product-attr-row__name\" scope=\"row\">Di\u00e1metro de salida de conducto (en mm)<\/th>\n<td class=\"m-product-attr-row__value\">80<\/td>\n<\/tr>\n<tr class=\"m-product-attr-row\">\n<th class=\"m-product-attr-row__name\" scope=\"row\">Di\u00e1metro entrada de aire (en mm)<\/th>\n<td class=\"m-product-attr-row__value\">50<\/td>\n<\/tr>\n<tr class=\"m-product-attr-row\">\n<th class=\"m-product-attr-row__name\" scope=\"row\">Conectable directamente al aire exterior<\/th>\n<td class=\"m-product-attr-row__value\">S\u00ed<\/td>\n<\/tr>\n<tr class=\"m-product-attr-row\">\n<th class=\"m-product-attr-row__name\" scope=\"row\">Especificidad del producto<\/th>\n<td class=\"m-product-attr-row__value\">Programable<\/td>\n<\/tr>\n<tr class=\"m-product-attr-row\">\n<th class=\"m-product-attr-row__name\" scope=\"row\">Modo silencio<\/th>\n<td class=\"m-product-attr-row__value\">No<\/td>\n<\/tr>\n<tr class=\"m-product-attr-row\">\n<th class=\"m-product-attr-row__name\" scope=\"row\">Canalizable<\/th>\n<td class=\"m-product-attr-row__value\">No<\/td>\n<\/tr>\n<tr class=\"m-product-attr-row\">\n<th class=\"m-product-attr-row__name\" scope=\"row\">Conexi\u00f3n a la red Wi-Fi<\/th>\n<td class=\"m-product-attr-row__value\">Predispuesto<\/td>\n<\/tr>\n<tr class=\"m-product-attr-row\">\n<th class=\"m-product-attr-row__name\" scope=\"row\">Mando a distancia incluido<\/th>\n<td class=\"m-product-attr-row__value\">No<\/td>\n<\/tr>\n<tr class=\"m-product-attr-row\">\n<th class=\"m-product-attr-row__name\" scope=\"row\">Box Wi-Fi<\/th>\n<td class=\"m-product-attr-row__value\">Opcional<\/td>\n<\/tr>\n<tr class=\"m-product-attr-row\">\n<th class=\"m-product-attr-row__name\" scope=\"row\">Limpieza<\/th>\n<td class=\"m-product-attr-row__value\">Para preservar el buen funcionamiento del aparato, realice un mantenimiento diario de la estufa (consulte el manual) y h\u00e1galo revisar por un profesional 1 vez al a\u00f1o<\/td>\n<\/tr>\n<tr class=\"m-product-attr-row\">\n<th class=\"m-product-attr-row__name\" scope=\"row\">Reglamentaci\u00f3n<\/th>\n<td class=\"m-product-attr-row__value\">Para evitar cualquier riesgo de incendio, este producto debe instalarse seg\u00fan las reglas del sector y las reglas t\u00e9cnicas indicadas en el manual. La instalaci\u00f3n debe realizarla un profesional o una persona cualificada.<\/td>\n<\/tr>\n<tr class=\"m-product-attr-row\">\n<th class=\"m-product-attr-row__name\" scope=\"row\">Bueno saber<\/th>\n<td class=\"m-product-attr-row__value\">WIFI opcional<\/td>\n<\/tr>\n<tr class=\"m-product-attr-row\">\n<th class=\"m-product-attr-row__name\" scope=\"row\">Garant\u00eda (en a\u00f1os)<\/th>\n<td class=\"m-product-attr-row__value\">3<\/td>\n<\/tr>\n<\/tbody>\n<\/table>\n","protected":false},"excerpt":{"rendered":"<p>Estufa de pellets fabricada en acero pintado con acabado en color rojo. Con una potencia de 10,74 kW, cubre una<\/p>\n","protected":false},"featured_media":3044,"comment_status":"open","ping_status":"closed","template":"","meta":[],"product_brand":[],"product_cat":[82],"product_tag":[],"class_list":{"0":"post-2920","1":"product","2":"type-product","3":"status-publish","4":"has-post-thumbnail","6":"product_cat-estufa-de-pellets","8":"first","9":"instock","10":"sale","11":"shipping-taxable","12":"purchasable","13":"product-type-simple"},"jetpack_sharing_enabled":true,"_links":{"self":[{"href":"https:\/\/yomas-electrodomesticos.com\/index.php\/wp-json\/wp\/v2\/product\/2920","targetHints":{"allow":["GET"]}}],"collection":[{"href":"https:\/\/yomas-electrodomesticos.com\/index.php\/wp-json\/wp\/v2\/product"}],"about":[{"href":"https:\/\/yomas-electrodomesticos.com\/index.php\/wp-json\/wp\/v2\/types\/product"}],"replies":[{"embeddable":true,"href":"https:\/\/yomas-electrodomesticos.com\/index.php\/wp-json\/wp\/v2\/comments?post=2920"}],"version-history":[{"count":1,"href":"https:\/\/yomas-electrodomesticos.com\/index.php\/wp-json\/wp\/v2\/product\/2920\/revisions"}],"predecessor-version":[{"id":3045,"href":"https:\/\/yomas-electrodomesticos.com\/index.php\/wp-json\/wp\/v2\/product\/2920\/revisions\/3045"}],"wp:featuredmedia":[{"embeddable":true,"href":"https:\/\/yomas-electrodomesticos.com\/index.php\/wp-json\/wp\/v2\/media\/3044"}],"wp:attachment":[{"href":"https:\/\/yomas-electrodomesticos.com\/index.php\/wp-json\/wp\/v2\/media?parent=2920"}],"wp:term":[{"taxonomy":"product_brand","embeddable":true,"href":"https:\/\/yomas-electrodomesticos.com\/index.php\/wp-json\/wp\/v2\/product_brand?post=2920"},{"taxonomy":"product_cat","embeddable":true,"href":"https:\/\/yomas-electrodomesticos.com\/index.php\/wp-json\/wp\/v2\/product_cat?post=2920"},{"taxonomy":"product_tag","embeddable":true,"href":"https:\/\/yomas-electrodomesticos.com\/index.php\/wp-json\/wp\/v2\/product_tag?post=2920"}],"curies":[{"name":"wp","href":"https:\/\/api.w.org\/{rel}","templated":true}]}}