{"id":3015,"date":"2025-07-09T11:16:20","date_gmt":"2025-07-09T09:16:20","guid":{"rendered":"https:\/\/yomas-electrodomesticos.com\/?post_type=product&#038;p=3015"},"modified":"2025-07-09T11:16:30","modified_gmt":"2025-07-09T09:16:30","slug":"estufa-de-pellets-cabel-audax-8-kw-negra","status":"publish","type":"product","link":"https:\/\/yomas-electrodomesticos.com\/index.php\/producto\/estufa-de-pellets-cabel-audax-8-kw-negra\/","title":{"rendered":"Estufa de Pellets CABEL AUDAX 8 KW NEGRA"},"content":{"rendered":"<p>La\u00a0<strong>estufa de pellets Cabel Audax<\/strong>\u00a0esta construida en acero con un aislamiento interior de vermiculita para tener un mejor rendimiento y ofrecer un menor consumo.<\/p>\n<h3>Caracter\u00edsticas:<\/h3>\n<p>Gracias a su<strong>\u00a0sistema EFI PLUS<\/strong>\u00a0la estufa de pellets Cabel AUDAX adapta continuamente el funcionamiento de la estufa a la calidad del pellet, el trazado de la chimenea y las condiciones ambientales lo que hace que su funcionamiento sea correcto en circunstancias donde sin este sistema seria imposible, y que bajo circunstancias favorables funcione durante m\u00e1s tiempo y con mejor rendimiento.<\/p>\n<ul>\n<li>Construcci\u00f3n en acero<\/li>\n<li>Aislamiento interior en vermiculita<\/li>\n<li>Vidrio cer\u00e1mico de 750\u00baC<\/li>\n<li>Seguridad anti-deflagraci\u00f3n<\/li>\n<li>Encendido y apagado programable<\/li>\n<li>Eco modulaci\u00f3n<\/li>\n<li>Cronotermostato semanal<\/li>\n<li>WIFI opcional<\/li>\n<\/ul>\n<h3>Dimensiones:<\/h3>\n<p><strong>Cabel Audax 8<\/strong>: 470x477x912mm (Ancho x Fondo x Alto)<\/p>\n<p>Para que la garant\u00eda sea efectiva, de acuerdo con\u00a0 la normativa vigente y las condiciones particulares de cada fabricante, se debe efectuar la puesta en marcha por un servicio t\u00e9cnico autorizado por el fabricante.<\/p>\n<p>Potencia (Kw)8TipoEstufa de AireRendimiento (%)89Capacidad dep\u00f3sito (Kg)19Dimensiones (alto x ancho x fondo)913 \/ 470 \/ 477C\u00f3digo EAN8713508771786<\/p>\n","protected":false},"excerpt":{"rendered":"<h2>Estufa de Pellets CABEL AUDAX 8 KW NEGRA<\/h2>\n<p>La<strong>\u00a0estufa de pellets Cabel Audax<\/strong>\u00a0viene equipada con el sistema EFI PLUS que consigue que en todo momento llegue el aire necesario al quemador para una correcta combusti\u00f3n del pellet, asegurando el m\u00e1ximo aprovechamiento del combustible y el m\u00e1ximo ahorro para el usuario.<\/p>\n<ul>\n<li>Potencia de 8 Kw<\/li>\n<li>Deposito de pellet integrado de 19Kg<\/li>\n<li>Dimensiones (Ancho\/Fondo\/Alto):\u00a0470x477x913 mm<\/li>\n<li>Color Negro<\/li>\n<\/ul>\n","protected":false},"featured_media":3075,"comment_status":"open","ping_status":"closed","template":"","meta":[],"product_brand":[],"product_cat":[82],"product_tag":[],"class_list":{"0":"post-3015","1":"product","2":"type-product","3":"status-publish","4":"has-post-thumbnail","6":"product_cat-estufa-de-pellets","8":"first","9":"instock","10":"sale","11":"shipping-taxable","12":"purchasable","13":"product-type-simple"},"jetpack_sharing_enabled":true,"_links":{"self":[{"href":"https:\/\/yomas-electrodomesticos.com\/index.php\/wp-json\/wp\/v2\/product\/3015","targetHints":{"allow":["GET"]}}],"collection":[{"href":"https:\/\/yomas-electrodomesticos.com\/index.php\/wp-json\/wp\/v2\/product"}],"about":[{"href":"https:\/\/yomas-electrodomesticos.com\/index.php\/wp-json\/wp\/v2\/types\/product"}],"replies":[{"embeddable":true,"href":"https:\/\/yomas-electrodomesticos.com\/index.php\/wp-json\/wp\/v2\/comments?post=3015"}],"version-history":[{"count":1,"href":"https:\/\/yomas-electrodomesticos.com\/index.php\/wp-json\/wp\/v2\/product\/3015\/revisions"}],"predecessor-version":[{"id":3076,"href":"https:\/\/yomas-electrodomesticos.com\/index.php\/wp-json\/wp\/v2\/product\/3015\/revisions\/3076"}],"wp:featuredmedia":[{"embeddable":true,"href":"https:\/\/yomas-electrodomesticos.com\/index.php\/wp-json\/wp\/v2\/media\/3075"}],"wp:attachment":[{"href":"https:\/\/yomas-electrodomesticos.com\/index.php\/wp-json\/wp\/v2\/media?parent=3015"}],"wp:term":[{"taxonomy":"product_brand","embeddable":true,"href":"https:\/\/yomas-electrodomesticos.com\/index.php\/wp-json\/wp\/v2\/product_brand?post=3015"},{"taxonomy":"product_cat","embeddable":true,"href":"https:\/\/yomas-electrodomesticos.com\/index.php\/wp-json\/wp\/v2\/product_cat?post=3015"},{"taxonomy":"product_tag","embeddable":true,"href":"https:\/\/yomas-electrodomesticos.com\/index.php\/wp-json\/wp\/v2\/product_tag?post=3015"}],"curies":[{"name":"wp","href":"https:\/\/api.w.org\/{rel}","templated":true}]}}