{"id":4955,"date":"2025-07-16T06:01:10","date_gmt":"2025-07-16T04:01:10","guid":{"rendered":"https:\/\/yomas-electrodomesticos.com\/?post_type=product&#038;p=4955"},"modified":"2025-07-16T06:01:44","modified_gmt":"2025-07-16T04:01:44","slug":"sofa-exterior-corbey","status":"publish","type":"product","link":"https:\/\/yomas-electrodomesticos.com\/index.php\/producto\/sofa-exterior-corbey\/","title":{"rendered":"SOF\u00c1 EXTERIOR CORBEY"},"content":{"rendered":"<div class=\"col-xs-12 col-sm-6 col-md-6 col-lg-6\">\n<div id=\"product-details-tab-card\" class=\"card \">\n<div class=\"title\">\n<p>Detalles del producto<\/p>\n<\/div>\n<div id=\"productdaas-accordion-details\" class=\"content\">\n<div class=\"mt-4 mb-3\">\n<div id=\"product-details\" class=\"clearfix js-product-details\" data-product=\"{&quot;id_shop_default&quot;:&quot;1&quot;,&quot;id_manufacturer&quot;:&quot;2&quot;,&quot;id_supplier&quot;:&quot;156&quot;,&quot;reference&quot;:&quot;&quot;,&quot;is_virtual&quot;:&quot;0&quot;,&quot;delivery_in_stock&quot;:&quot;&quot;,&quot;delivery_out_stock&quot;:&quot;&quot;,&quot;id_category_default&quot;:&quot;163&quot;,&quot;on_sale&quot;:&quot;0&quot;,&quot;online_only&quot;:&quot;0&quot;,&quot;ecotax&quot;:0,&quot;minimal_quantity&quot;:&quot;1&quot;,&quot;low_stock_threshold&quot;:&quot;0&quot;,&quot;low_stock_alert&quot;:&quot;0&quot;,&quot;price&quot;:&quot;2.428,20u00a0u20ac&quot;,&quot;unity&quot;:&quot;&quot;,&quot;unit_price_ratio&quot;:&quot;0.000000&quot;,&quot;additional_shipping_cost&quot;:&quot;0.000000&quot;,&quot;customizable&quot;:&quot;0&quot;,&quot;text_fields&quot;:&quot;0&quot;,&quot;uploadable_files&quot;:&quot;0&quot;,&quot;redirect_type&quot;:&quot;404&quot;,&quot;id_type_redirected&quot;:&quot;0&quot;,&quot;available_for_order&quot;:&quot;1&quot;,&quot;available_date&quot;:null,&quot;show_condition&quot;:&quot;0&quot;,&quot;condition&quot;:&quot;new&quot;,&quot;show_price&quot;:&quot;1&quot;,&quot;indexed&quot;:&quot;1&quot;,&quot;visibility&quot;:&quot;both&quot;,&quot;cache_default_attribute&quot;:&quot;39882&quot;,&quot;advanced_stock_management&quot;:&quot;0&quot;,&quot;date_add&quot;:&quot;2025-03-24 12:58:51&quot;,&quot;date_upd&quot;:&quot;2025-06-30 11:57:45&quot;,&quot;pack_stock_type&quot;:&quot;0&quot;,&quot;meta_description&quot;:&quot;SOFu00c1 EXTERIOR CORBEY DE ETHNICRAFT&quot;,&quot;meta_keywords&quot;:&quot;&quot;,&quot;meta_title&quot;:&quot;SOFu00c1 EXTERIOR CORBEY&quot;,&quot;link_rewrite&quot;:&quot;sofa-exterior-corbey&quot;,&quot;name&quot;:&quot;SOFu00c1 EXTERIOR CORBEY&quot;,&quot;description&quot;:&quot;&quot;,&quot;description_short&quot;:&quot;&lt;p style=&quot;text-align: justify;&quot;&gt;&lt;strong&gt;Sofu00e1 de Exterior Corbey diseu00f1ado por Paul Delaisse para la firma Ethnicraft.&lt;\/strong&gt; Este sofu00e1 para exterior toma su nombre y diseu00f1o de la palabra francesa u00abcorbeilleu00bb, que significa cesta. Este sofu00e1 de 2 plazas estu00e1 fabricado en aluminio con recubrimiento de polvo, teca maciza, hilo de fibra multifilamento 100 % polipropileno y espuma de secado ru00e1pido. Ademu00e1s de la estructura, el sofu00e1 de exterior Corbey destaca por sus cojines sumamente cu00f3modos. Sin duda, la colecciu00f3n Corbey evoca la tranquilidad y el encanto natural de las playas de las islas Wadden.&lt;\/p&gt;&quot;,&quot;available_now&quot;:&quot;&quot;,&quot;available_later&quot;:&quot;&quot;,&quot;id&quot;:53055,&quot;id_product&quot;:53055,&quot;out_of_stock&quot;:2,&quot;new&quot;:0,&quot;id_product_attribute&quot;:39882,&quot;quantity_wanted&quot;:1,&quot;extraContent&quot;:[{&quot;title&quot;:&quot;Image&quot;,&quot;content&quot;:&quot;&lt;div class=&quot;rte-content&quot;&gt;&lt;p&gt;&lt;img src=&quot;https:\/\/trendshome.es\/img\/cms\/TRENDS HOME\/FOTOS PRODUCTOS MEDIDAS\/Ethnicraft\/EXTERIOR\/medidas sofau0301 exterior Corbey.jpg&quot; alt=&quot;medidas exterior sofu00e1 corbey&quot; width=&quot;800&quot; height=&quot;600&quot; \/&gt;&lt;\/p&gt;&lt;\/div&gt;&quot;,&quot;attr&quot;:{&quot;id&quot;:&quot;&quot;,&quot;class&quot;:&quot;iqitadditionaltab iqitadditionaltab-404&quot;},&quot;moduleName&quot;:&quot;iqitadditionaltabs&quot;}],&quot;allow_oosp&quot;:1,&quot;category&quot;:&quot;sofas-exterior&quot;,&quot;category_name&quot;:&quot;Sofu00e1s exterior&quot;,&quot;link&quot;:&quot;https:\/\/trendshome.es\/sofas-exterior\/53055-sofa-exterior-corbey.html&quot;,&quot;attribute_price&quot;:0,&quot;price_tax_exc&quot;:2006.775,&quot;price_without_reduction&quot;:2697.9975,&quot;reduction&quot;:269.79975,&quot;specific_prices&quot;:{&quot;id_specific_price&quot;:&quot;10188240&quot;,&quot;id_specific_price_rule&quot;:&quot;0&quot;,&quot;id_cart&quot;:&quot;0&quot;,&quot;id_product&quot;:&quot;53055&quot;,&quot;id_shop&quot;:&quot;1&quot;,&quot;id_shop_group&quot;:&quot;0&quot;,&quot;id_currency&quot;:&quot;0&quot;,&quot;id_country&quot;:&quot;0&quot;,&quot;id_group&quot;:&quot;0&quot;,&quot;id_customer&quot;:&quot;0&quot;,&quot;id_product_attribute&quot;:&quot;0&quot;,&quot;price&quot;:&quot;-1.000000&quot;,&quot;from_quantity&quot;:&quot;1&quot;,&quot;reduction&quot;:&quot;0.100000&quot;,&quot;reduction_tax&quot;:&quot;1&quot;,&quot;reduction_type&quot;:&quot;percentage&quot;,&quot;from&quot;:&quot;2025-06-27 00:00:00&quot;,&quot;to&quot;:&quot;2025-07-31 23:59:59&quot;,&quot;score&quot;:&quot;48&quot;},&quot;quantity&quot;:0,&quot;quantity_all_versions&quot;:0,&quot;id_image&quot;:&quot;es-default&quot;,&quot;features&quot;:[{&quot;name&quot;:&quot;Altura reposabrazos&quot;,&quot;value&quot;:&quot;61 cm&quot;,&quot;id_feature&quot;:&quot;1035065063&quot;,&quot;position&quot;:&quot;4&quot;},{&quot;name&quot;:&quot;Alto&quot;,&quot;value&quot;:&quot;73 cm&quot;,&quot;id_feature&quot;:&quot;1&quot;,&quot;position&quot;:&quot;12&quot;},{&quot;name&quot;:&quot;Altura asiento&quot;,&quot;value&quot;:&quot;36 cm&quot;,&quot;id_feature&quot;:&quot;11&quot;,&quot;position&quot;:&quot;13&quot;},{&quot;name&quot;:&quot;Largo&quot;,&quot;value&quot;:&quot;154 cm&quot;,&quot;id_feature&quot;:&quot;13&quot;,&quot;position&quot;:&quot;14&quot;},{&quot;name&quot;:&quot;Profundidad&quot;,&quot;value&quot;:&quot;84 cm&quot;,&quot;id_feature&quot;:&quot;3&quot;,&quot;position&quot;:&quot;17&quot;},{&quot;name&quot;:&quot;Carga mu00e1xima &quot;,&quot;value&quot;:&quot;250 kg&quot;,&quot;id_feature&quot;:&quot;22&quot;,&quot;position&quot;:&quot;23&quot;},{&quot;name&quot;:&quot;Requiere montaje&quot;,&quot;value&quot;:&quot;No&quot;,&quot;id_feature&quot;:&quot;15&quot;,&quot;position&quot;:&quot;30&quot;},{&quot;name&quot;:&quot;Apto para exterior&quot;,&quot;value&quot;:&quot;Su00ed&quot;,&quot;id_feature&quot;:&quot;26&quot;,&quot;position&quot;:&quot;33&quot;}],&quot;attachments&quot;:[],&quot;virtual&quot;:0,&quot;pack&quot;:0,&quot;packItems&quot;:[],&quot;nopackprice&quot;:0,&quot;customization_required&quot;:false,&quot;attributes&quot;:{&quot;239&quot;:{&quot;id_attribute&quot;:&quot;3594&quot;,&quot;id_attribute_group&quot;:&quot;239&quot;,&quot;name&quot;:&quot;Oyster&quot;,&quot;group&quot;:&quot;Telas ethnicraft&quot;,&quot;reference&quot;:&quot;240237568&quot;,&quot;ean13&quot;:&quot;5404023627520&quot;,&quot;isbn&quot;:&quot;&quot;,&quot;upc&quot;:&quot;&quot;,&quot;mpn&quot;:&quot;60218&quot;}},&quot;rate&quot;:21,&quot;tax_name&quot;:&quot;IVA ES 21%&quot;,&quot;ecotax_rate&quot;:0,&quot;unit_price&quot;:&quot;&quot;,&quot;customizations&quot;:{&quot;fields&quot;:[]},&quot;id_customization&quot;:0,&quot;is_customizable&quot;:false,&quot;show_quantities&quot;:false,&quot;quantity_label&quot;:&quot;Artu00edculo&quot;,&quot;quantity_discounts&quot;:[],&quot;customer_group_discount&quot;:0,&quot;images&quot;:[{&quot;bySize&quot;:{&quot;small_default&quot;:{&quot;url&quot;:&quot;https:\/\/trendshome.es\/134529-small_default\/sofa-exterior-corbey.jpg&quot;,&quot;width&quot;:127,&quot;height&quot;:127},&quot;cart_default&quot;:{&quot;url&quot;:&quot;https:\/\/trendshome.es\/134529-cart_default\/sofa-exterior-corbey.jpg&quot;,&quot;width&quot;:162,&quot;height&quot;:162},&quot;home_default&quot;:{&quot;url&quot;:&quot;https:\/\/trendshome.es\/134529-home_default\/sofa-exterior-corbey.jpg&quot;,&quot;width&quot;:450,&quot;height&quot;:565},&quot;medium_default&quot;:{&quot;url&quot;:&quot;https:\/\/trendshome.es\/134529-medium_default\/sofa-exterior-corbey.jpg&quot;,&quot;width&quot;:579,&quot;height&quot;:579},&quot;big_default&quot;:{&quot;url&quot;:&quot;https:\/\/trendshome.es\/134529-big_default\/sofa-exterior-corbey.jpg&quot;,&quot;width&quot;:568,&quot;height&quot;:649},&quot;large_default_2x&quot;:{&quot;url&quot;:&quot;https:\/\/trendshome.es\/134529-large_default_2x\/sofa-exterior-corbey.jpg&quot;,&quot;width&quot;:700,&quot;height&quot;:800},&quot;large_default&quot;:{&quot;url&quot;:&quot;https:\/\/trendshome.es\/134529-large_default\/sofa-exterior-corbey.jpg&quot;,&quot;width&quot;:790,&quot;height&quot;:790},&quot;thickbox_default&quot;:{&quot;url&quot;:&quot;https:\/\/trendshome.es\/134529-thickbox_default\/sofa-exterior-corbey.jpg&quot;,&quot;width&quot;:1422,&quot;height&quot;:1422}},&quot;small&quot;:{&quot;url&quot;:&quot;https:\/\/trendshome.es\/134529-small_default\/sofa-exterior-corbey.jpg&quot;,&quot;width&quot;:127,&quot;height&quot;:127},&quot;medium&quot;:{&quot;url&quot;:&quot;https:\/\/trendshome.es\/134529-big_default\/sofa-exterior-corbey.jpg&quot;,&quot;width&quot;:568,&quot;height&quot;:649},&quot;large&quot;:{&quot;url&quot;:&quot;https:\/\/trendshome.es\/134529-thickbox_default\/sofa-exterior-corbey.jpg&quot;,&quot;width&quot;:1422,&quot;height&quot;:1422},&quot;legend&quot;:&quot;SOFu00c1 EXTERIOR CORBEY&quot;,&quot;id_image&quot;:&quot;134529&quot;,&quot;cover&quot;:&quot;1&quot;,&quot;position&quot;:&quot;1&quot;,&quot;associatedVariants&quot;:[&quot;39882&quot;]},{&quot;bySize&quot;:{&quot;small_default&quot;:{&quot;url&quot;:&quot;https:\/\/trendshome.es\/134530-small_default\/sofa-exterior-corbey.jpg&quot;,&quot;width&quot;:127,&quot;height&quot;:127},&quot;cart_default&quot;:{&quot;url&quot;:&quot;https:\/\/trendshome.es\/134530-cart_default\/sofa-exterior-corbey.jpg&quot;,&quot;width&quot;:162,&quot;height&quot;:162},&quot;home_default&quot;:{&quot;url&quot;:&quot;https:\/\/trendshome.es\/134530-home_default\/sofa-exterior-corbey.jpg&quot;,&quot;width&quot;:450,&quot;height&quot;:565},&quot;medium_default&quot;:{&quot;url&quot;:&quot;https:\/\/trendshome.es\/134530-medium_default\/sofa-exterior-corbey.jpg&quot;,&quot;width&quot;:579,&quot;height&quot;:579},&quot;big_default&quot;:{&quot;url&quot;:&quot;https:\/\/trendshome.es\/134530-big_default\/sofa-exterior-corbey.jpg&quot;,&quot;width&quot;:568,&quot;height&quot;:649},&quot;large_default_2x&quot;:{&quot;url&quot;:&quot;https:\/\/trendshome.es\/134530-large_default_2x\/sofa-exterior-corbey.jpg&quot;,&quot;width&quot;:700,&quot;height&quot;:800},&quot;large_default&quot;:{&quot;url&quot;:&quot;https:\/\/trendshome.es\/134530-large_default\/sofa-exterior-corbey.jpg&quot;,&quot;width&quot;:790,&quot;height&quot;:790},&quot;thickbox_default&quot;:{&quot;url&quot;:&quot;https:\/\/trendshome.es\/134530-thickbox_default\/sofa-exterior-corbey.jpg&quot;,&quot;width&quot;:1422,&quot;height&quot;:1422}},&quot;small&quot;:{&quot;url&quot;:&quot;https:\/\/trendshome.es\/134530-small_default\/sofa-exterior-corbey.jpg&quot;,&quot;width&quot;:127,&quot;height&quot;:127},&quot;medium&quot;:{&quot;url&quot;:&quot;https:\/\/trendshome.es\/134530-big_default\/sofa-exterior-corbey.jpg&quot;,&quot;width&quot;:568,&quot;height&quot;:649},&quot;large&quot;:{&quot;url&quot;:&quot;https:\/\/trendshome.es\/134530-thickbox_default\/sofa-exterior-corbey.jpg&quot;,&quot;width&quot;:1422,&quot;height&quot;:1422},&quot;legend&quot;:&quot;SOFu00c1 EXTERIOR CORBEY ETHNICRAFT&quot;,&quot;id_image&quot;:&quot;134530&quot;,&quot;cover&quot;:null,&quot;position&quot;:&quot;2&quot;,&quot;associatedVariants&quot;:[&quot;39882&quot;]},{&quot;bySize&quot;:{&quot;small_default&quot;:{&quot;url&quot;:&quot;https:\/\/trendshome.es\/134531-small_default\/sofa-exterior-corbey.jpg&quot;,&quot;width&quot;:127,&quot;height&quot;:127},&quot;cart_default&quot;:{&quot;url&quot;:&quot;https:\/\/trendshome.es\/134531-cart_default\/sofa-exterior-corbey.jpg&quot;,&quot;width&quot;:162,&quot;height&quot;:162},&quot;home_default&quot;:{&quot;url&quot;:&quot;https:\/\/trendshome.es\/134531-home_default\/sofa-exterior-corbey.jpg&quot;,&quot;width&quot;:450,&quot;height&quot;:565},&quot;medium_default&quot;:{&quot;url&quot;:&quot;https:\/\/trendshome.es\/134531-medium_default\/sofa-exterior-corbey.jpg&quot;,&quot;width&quot;:579,&quot;height&quot;:579},&quot;big_default&quot;:{&quot;url&quot;:&quot;https:\/\/trendshome.es\/134531-big_default\/sofa-exterior-corbey.jpg&quot;,&quot;width&quot;:568,&quot;height&quot;:649},&quot;large_default_2x&quot;:{&quot;url&quot;:&quot;https:\/\/trendshome.es\/134531-large_default_2x\/sofa-exterior-corbey.jpg&quot;,&quot;width&quot;:700,&quot;height&quot;:800},&quot;large_default&quot;:{&quot;url&quot;:&quot;https:\/\/trendshome.es\/134531-large_default\/sofa-exterior-corbey.jpg&quot;,&quot;width&quot;:790,&quot;height&quot;:790},&quot;thickbox_default&quot;:{&quot;url&quot;:&quot;https:\/\/trendshome.es\/134531-thickbox_default\/sofa-exterior-corbey.jpg&quot;,&quot;width&quot;:1422,&quot;height&quot;:1422}},&quot;small&quot;:{&quot;url&quot;:&quot;https:\/\/trendshome.es\/134531-small_default\/sofa-exterior-corbey.jpg&quot;,&quot;width&quot;:127,&quot;height&quot;:127},&quot;medium&quot;:{&quot;url&quot;:&quot;https:\/\/trendshome.es\/134531-big_default\/sofa-exterior-corbey.jpg&quot;,&quot;width&quot;:568,&quot;height&quot;:649},&quot;large&quot;:{&quot;url&quot;:&quot;https:\/\/trendshome.es\/134531-thickbox_default\/sofa-exterior-corbey.jpg&quot;,&quot;width&quot;:1422,&quot;height&quot;:1422},&quot;legend&quot;:&quot;&quot;,&quot;id_image&quot;:&quot;134531&quot;,&quot;cover&quot;:null,&quot;position&quot;:&quot;3&quot;,&quot;associatedVariants&quot;:[&quot;39882&quot;]},{&quot;bySize&quot;:{&quot;small_default&quot;:{&quot;url&quot;:&quot;https:\/\/trendshome.es\/134532-small_default\/sofa-exterior-corbey.jpg&quot;,&quot;width&quot;:127,&quot;height&quot;:127},&quot;cart_default&quot;:{&quot;url&quot;:&quot;https:\/\/trendshome.es\/134532-cart_default\/sofa-exterior-corbey.jpg&quot;,&quot;width&quot;:162,&quot;height&quot;:162},&quot;home_default&quot;:{&quot;url&quot;:&quot;https:\/\/trendshome.es\/134532-home_default\/sofa-exterior-corbey.jpg&quot;,&quot;width&quot;:450,&quot;height&quot;:565},&quot;medium_default&quot;:{&quot;url&quot;:&quot;https:\/\/trendshome.es\/134532-medium_default\/sofa-exterior-corbey.jpg&quot;,&quot;width&quot;:579,&quot;height&quot;:579},&quot;big_default&quot;:{&quot;url&quot;:&quot;https:\/\/trendshome.es\/134532-big_default\/sofa-exterior-corbey.jpg&quot;,&quot;width&quot;:568,&quot;height&quot;:649},&quot;large_default_2x&quot;:{&quot;url&quot;:&quot;https:\/\/trendshome.es\/134532-large_default_2x\/sofa-exterior-corbey.jpg&quot;,&quot;width&quot;:700,&quot;height&quot;:800},&quot;large_default&quot;:{&quot;url&quot;:&quot;https:\/\/trendshome.es\/134532-large_default\/sofa-exterior-corbey.jpg&quot;,&quot;width&quot;:790,&quot;height&quot;:790},&quot;thickbox_default&quot;:{&quot;url&quot;:&quot;https:\/\/trendshome.es\/134532-thickbox_default\/sofa-exterior-corbey.jpg&quot;,&quot;width&quot;:1422,&quot;height&quot;:1422}},&quot;small&quot;:{&quot;url&quot;:&quot;https:\/\/trendshome.es\/134532-small_default\/sofa-exterior-corbey.jpg&quot;,&quot;width&quot;:127,&quot;height&quot;:127},&quot;medium&quot;:{&quot;url&quot;:&quot;https:\/\/trendshome.es\/134532-big_default\/sofa-exterior-corbey.jpg&quot;,&quot;width&quot;:568,&quot;height&quot;:649},&quot;large&quot;:{&quot;url&quot;:&quot;https:\/\/trendshome.es\/134532-thickbox_default\/sofa-exterior-corbey.jpg&quot;,&quot;width&quot;:1422,&quot;height&quot;:1422},&quot;legend&quot;:&quot;&quot;,&quot;id_image&quot;:&quot;134532&quot;,&quot;cover&quot;:null,&quot;position&quot;:&quot;4&quot;,&quot;associatedVariants&quot;:[&quot;39882&quot;]}],&quot;cover&quot;:{&quot;bySize&quot;:{&quot;small_default&quot;:{&quot;url&quot;:&quot;https:\/\/trendshome.es\/134529-small_default\/sofa-exterior-corbey.jpg&quot;,&quot;width&quot;:127,&quot;height&quot;:127},&quot;cart_default&quot;:{&quot;url&quot;:&quot;https:\/\/trendshome.es\/134529-cart_default\/sofa-exterior-corbey.jpg&quot;,&quot;width&quot;:162,&quot;height&quot;:162},&quot;home_default&quot;:{&quot;url&quot;:&quot;https:\/\/trendshome.es\/134529-home_default\/sofa-exterior-corbey.jpg&quot;,&quot;width&quot;:450,&quot;height&quot;:565},&quot;medium_default&quot;:{&quot;url&quot;:&quot;https:\/\/trendshome.es\/134529-medium_default\/sofa-exterior-corbey.jpg&quot;,&quot;width&quot;:579,&quot;height&quot;:579},&quot;big_default&quot;:{&quot;url&quot;:&quot;https:\/\/trendshome.es\/134529-big_default\/sofa-exterior-corbey.jpg&quot;,&quot;width&quot;:568,&quot;height&quot;:649},&quot;large_default_2x&quot;:{&quot;url&quot;:&quot;https:\/\/trendshome.es\/134529-large_default_2x\/sofa-exterior-corbey.jpg&quot;,&quot;width&quot;:700,&quot;height&quot;:800},&quot;large_default&quot;:{&quot;url&quot;:&quot;https:\/\/trendshome.es\/134529-large_default\/sofa-exterior-corbey.jpg&quot;,&quot;width&quot;:790,&quot;height&quot;:790},&quot;thickbox_default&quot;:{&quot;url&quot;:&quot;https:\/\/trendshome.es\/134529-thickbox_default\/sofa-exterior-corbey.jpg&quot;,&quot;width&quot;:1422,&quot;height&quot;:1422}},&quot;small&quot;:{&quot;url&quot;:&quot;https:\/\/trendshome.es\/134529-small_default\/sofa-exterior-corbey.jpg&quot;,&quot;width&quot;:127,&quot;height&quot;:127},&quot;medium&quot;:{&quot;url&quot;:&quot;https:\/\/trendshome.es\/134529-big_default\/sofa-exterior-corbey.jpg&quot;,&quot;width&quot;:568,&quot;height&quot;:649},&quot;large&quot;:{&quot;url&quot;:&quot;https:\/\/trendshome.es\/134529-thickbox_default\/sofa-exterior-corbey.jpg&quot;,&quot;width&quot;:1422,&quot;height&quot;:1422},&quot;legend&quot;:&quot;SOFu00c1 EXTERIOR CORBEY&quot;,&quot;id_image&quot;:&quot;134529&quot;,&quot;cover&quot;:&quot;1&quot;,&quot;position&quot;:&quot;1&quot;,&quot;associatedVariants&quot;:[&quot;39882&quot;]},&quot;has_discount&quot;:true,&quot;discount_type&quot;:&quot;percentage&quot;,&quot;discount_percentage&quot;:&quot;-10%&quot;,&quot;discount_percentage_absolute&quot;:&quot;10%&quot;,&quot;discount_amount&quot;:&quot;269,80u00a0u20ac&quot;,&quot;discount_amount_to_display&quot;:&quot;-269,80u00a0u20ac&quot;,&quot;price_amount&quot;:2428.2,&quot;unit_price_full&quot;:&quot;&quot;,&quot;show_availability&quot;:true,&quot;availability_message&quot;:&quot;Disponible bajo pedido - Consultar plazo de entrega&quot;,&quot;availability_date&quot;:null,&quot;availability&quot;:&quot;available&quot;}\">\n<section class=\"product-features\">\n<dl class=\"data-sheet\">\n<dt class=\"name\">Altura reposabrazos<\/dt>\n<dd class=\"value\">61 cm<\/dd>\n<dt class=\"name\">Alto<\/dt>\n<dd class=\"value\">73 cm<\/dd>\n<dt class=\"name\">Altura asiento<\/dt>\n<dd class=\"value\">36 cm<\/dd>\n<dt class=\"name\">Largo<\/dt>\n<dd class=\"value\">154 cm<\/dd>\n<dt class=\"name\">Profundidad<\/dt>\n<dd class=\"value\">84 cm<\/dd>\n<dt class=\"name\">Carga m\u00e1xima<\/dt>\n<dd class=\"value\">250 kg<\/dd>\n<dt class=\"name\">Requiere montaje<\/dt>\n<dd class=\"value\">No<\/dd>\n<dt class=\"name\">Apto para exterior<\/dt>\n<dd class=\"value\">S\u00ed<\/dd>\n<\/dl>\n<\/section>\n<div class=\"specific-references\">\n<div><label class=\"label\">mpn<\/label>\u00a060218<\/div>\n<\/div>\n<div class=\"product-out-of-stock\"><\/div>\n<\/div>\n<\/div>\n<\/div>\n<\/div>\n<\/div>\n<div class=\"col-xs-12 col-sm-6 col-md-6 col-lg-6 tabs_image\">\n<p><img fetchpriority=\"high\" decoding=\"async\" src=\"https:\/\/trendshome.es\/img\/cms\/TRENDS%20HOME\/FOTOS%20PRODUCTOS%20MEDIDAS\/Ethnicraft\/EXTERIOR\/medidas%20sofa%CC%81%20exterior%20Corbey.jpg\" alt=\"medidas exterior sof\u00e1 corbey\" width=\"800\" height=\"600\" \/><\/p>\n<\/div>\n","protected":false},"excerpt":{"rendered":"<p><strong>Sof\u00e1 de Exterior Corbey dise\u00f1ado por Paul Delaisse para la firma Ethnicraft.<\/strong>\u00a0Este sof\u00e1 para exterior toma su nombre y dise\u00f1o de la palabra francesa \u00abcorbeille\u00bb, que significa cesta. Este sof\u00e1 de 2 plazas est\u00e1 fabricado en aluminio con recubrimiento de polvo, teca maciza, hilo de fibra multifilamento 100 % polipropileno y espuma de secado r\u00e1pido. Adem\u00e1s de la estructura, el sof\u00e1 de exterior Corbey destaca por sus cojines sumamente c\u00f3modos. Sin duda, la colecci\u00f3n Corbey evoca la tranquilidad y el encanto natural de las playas de las islas Wadden.<\/p>\n","protected":false},"featured_media":5036,"comment_status":"open","ping_status":"closed","template":"","meta":[],"product_brand":[],"product_cat":[102],"product_tag":[],"class_list":{"0":"post-4955","1":"product","2":"type-product","3":"status-publish","4":"has-post-thumbnail","6":"product_cat-sofas-y-gamas","8":"first","9":"instock","10":"sale","11":"shipping-taxable","12":"purchasable","13":"product-type-simple"},"jetpack_sharing_enabled":true,"_links":{"self":[{"href":"https:\/\/yomas-electrodomesticos.com\/index.php\/wp-json\/wp\/v2\/product\/4955","targetHints":{"allow":["GET"]}}],"collection":[{"href":"https:\/\/yomas-electrodomesticos.com\/index.php\/wp-json\/wp\/v2\/product"}],"about":[{"href":"https:\/\/yomas-electrodomesticos.com\/index.php\/wp-json\/wp\/v2\/types\/product"}],"replies":[{"embeddable":true,"href":"https:\/\/yomas-electrodomesticos.com\/index.php\/wp-json\/wp\/v2\/comments?post=4955"}],"version-history":[{"count":1,"href":"https:\/\/yomas-electrodomesticos.com\/index.php\/wp-json\/wp\/v2\/product\/4955\/revisions"}],"predecessor-version":[{"id":5037,"href":"https:\/\/yomas-electrodomesticos.com\/index.php\/wp-json\/wp\/v2\/product\/4955\/revisions\/5037"}],"wp:featuredmedia":[{"embeddable":true,"href":"https:\/\/yomas-electrodomesticos.com\/index.php\/wp-json\/wp\/v2\/media\/5036"}],"wp:attachment":[{"href":"https:\/\/yomas-electrodomesticos.com\/index.php\/wp-json\/wp\/v2\/media?parent=4955"}],"wp:term":[{"taxonomy":"product_brand","embeddable":true,"href":"https:\/\/yomas-electrodomesticos.com\/index.php\/wp-json\/wp\/v2\/product_brand?post=4955"},{"taxonomy":"product_cat","embeddable":true,"href":"https:\/\/yomas-electrodomesticos.com\/index.php\/wp-json\/wp\/v2\/product_cat?post=4955"},{"taxonomy":"product_tag","embeddable":true,"href":"https:\/\/yomas-electrodomesticos.com\/index.php\/wp-json\/wp\/v2\/product_tag?post=4955"}],"curies":[{"name":"wp","href":"https:\/\/api.w.org\/{rel}","templated":true}]}}