{"id":4956,"date":"2025-07-16T06:01:10","date_gmt":"2025-07-16T04:01:10","guid":{"rendered":"https:\/\/yomas-electrodomesticos.com\/?post_type=product&#038;p=4956"},"modified":"2025-07-16T06:01:45","modified_gmt":"2025-07-16T04:01:45","slug":"sofa-front","status":"publish","type":"product","link":"https:\/\/yomas-electrodomesticos.com\/index.php\/producto\/sofa-front\/","title":{"rendered":"SOF\u00c1 FRONT"},"content":{"rendered":"<div class=\"title\">\n<p>Detalles del producto<\/p>\n<\/div>\n<div id=\"productdaas-accordion-details\" class=\"content\">\n<div class=\"mt-4 mb-3\">\n<div id=\"product-details\" class=\"clearfix js-product-details\" data-product=\"{&quot;id_shop_default&quot;:&quot;1&quot;,&quot;id_manufacturer&quot;:&quot;11&quot;,&quot;id_supplier&quot;:&quot;159&quot;,&quot;reference&quot;:&quot;&quot;,&quot;is_virtual&quot;:&quot;0&quot;,&quot;delivery_in_stock&quot;:&quot;&quot;,&quot;delivery_out_stock&quot;:&quot;&quot;,&quot;id_category_default&quot;:&quot;483&quot;,&quot;on_sale&quot;:&quot;0&quot;,&quot;online_only&quot;:&quot;0&quot;,&quot;ecotax&quot;:0,&quot;minimal_quantity&quot;:&quot;1&quot;,&quot;low_stock_threshold&quot;:&quot;0&quot;,&quot;low_stock_alert&quot;:&quot;0&quot;,&quot;price&quot;:&quot;2.911,50u00a0u20ac&quot;,&quot;unity&quot;:&quot;&quot;,&quot;unit_price_ratio&quot;:&quot;0.000000&quot;,&quot;additional_shipping_cost&quot;:&quot;0.000000&quot;,&quot;customizable&quot;:&quot;0&quot;,&quot;text_fields&quot;:&quot;0&quot;,&quot;uploadable_files&quot;:&quot;0&quot;,&quot;redirect_type&quot;:&quot;404&quot;,&quot;id_type_redirected&quot;:&quot;0&quot;,&quot;available_for_order&quot;:&quot;1&quot;,&quot;available_date&quot;:null,&quot;show_condition&quot;:&quot;0&quot;,&quot;condition&quot;:&quot;new&quot;,&quot;show_price&quot;:&quot;1&quot;,&quot;indexed&quot;:&quot;1&quot;,&quot;visibility&quot;:&quot;both&quot;,&quot;cache_default_attribute&quot;:&quot;37581&quot;,&quot;advanced_stock_management&quot;:&quot;0&quot;,&quot;date_add&quot;:&quot;2025-02-17 15:15:21&quot;,&quot;date_upd&quot;:&quot;2025-06-30 11:57:45&quot;,&quot;pack_stock_type&quot;:&quot;0&quot;,&quot;meta_description&quot;:&quot;SOFu00c1 FRONT DE LA FIRMA ESPAu00d1OLA JOQUER&quot;,&quot;meta_keywords&quot;:&quot;&quot;,&quot;meta_title&quot;:&quot;SOFu00c1 FRONT DE JOQUER&quot;,&quot;link_rewrite&quot;:&quot;sofa-front&quot;,&quot;name&quot;:&quot;SOFu00c1 FRONT&quot;,&quot;description&quot;:&quot;&quot;,&quot;description_short&quot;:&quot;&lt;p style=&quot;text-align: justify;&quot;&gt;&lt;strong&gt;Sofu00e1 Front de la firma espau00f1ola Joquer.&lt;\/strong&gt; Este sofu00e1 atemporal, diseu00f1ado por Mario Ruiz, destaca por sus formas rectilu00edneas y geomu00e9tricas limpias que se expresan con un equilibrio de proporciones entre los reposabrazos, el asiento y el respaldo. El bastidor de madera recubierto de espuma de poliuretano flexible en friu0301o y fibra de polieu0301ster y patas metu00e1licas recubiertas en pintura poliu00e9ster en polvo acabado manganeso con topes de LDPE, le aportan robusted. Los asientos realizados en distintas densidades de espuma de poliuretano, acolchados en la superficie con fibra, unido a los cojines de respaldo rellenos de fibra de poliu00e9ster siliconada aseguran gran confort. Ademu00e1s, este sofu00e1 con tapiceru00eda desenfundable. Un modelo versu00e1til y cu00f3modo que permite crear soluciones para cualquier espacio.&lt;\/p&gt;r\\n&lt;p style=&quot;text-align: justify;&quot;&gt;&lt;\/p&gt;r\\n&lt;p style=&quot;text-align: justify;&quot;&gt;* Disponibles mu00e1s medidas, tapizados y altura del respaldo, consultar en tienda.&lt;\/p&gt;&quot;,&quot;available_now&quot;:&quot;&quot;,&quot;available_later&quot;:&quot;&quot;,&quot;id&quot;:52773,&quot;id_product&quot;:52773,&quot;out_of_stock&quot;:2,&quot;new&quot;:0,&quot;id_product_attribute&quot;:37581,&quot;quantity_wanted&quot;:1,&quot;extraContent&quot;:[],&quot;allow_oosp&quot;:1,&quot;category&quot;:&quot;sofas-modernos-diseno&quot;,&quot;category_name&quot;:&quot;Sofu00e1s modernos de diseu00f1o&quot;,&quot;link&quot;:&quot;https:\/\/trendshome.es\/sofas-modernos-diseno\/52773-sofa-front.html&quot;,&quot;attribute_price&quot;:99.173554,&quot;price_tax_exc&quot;:2406.198199,&quot;price_without_reduction&quot;:3234.9998,&quot;reduction&quot;:323.49998,&quot;specific_prices&quot;:{&quot;id_specific_price&quot;:&quot;10187853&quot;,&quot;id_specific_price_rule&quot;:&quot;0&quot;,&quot;id_cart&quot;:&quot;0&quot;,&quot;id_product&quot;:&quot;52773&quot;,&quot;id_shop&quot;:&quot;1&quot;,&quot;id_shop_group&quot;:&quot;0&quot;,&quot;id_currency&quot;:&quot;0&quot;,&quot;id_country&quot;:&quot;0&quot;,&quot;id_group&quot;:&quot;0&quot;,&quot;id_customer&quot;:&quot;0&quot;,&quot;id_product_attribute&quot;:&quot;0&quot;,&quot;price&quot;:&quot;-1.000000&quot;,&quot;from_quantity&quot;:&quot;1&quot;,&quot;reduction&quot;:&quot;0.100000&quot;,&quot;reduction_tax&quot;:&quot;1&quot;,&quot;reduction_type&quot;:&quot;percentage&quot;,&quot;from&quot;:&quot;2025-06-27 00:00:00&quot;,&quot;to&quot;:&quot;2025-07-31 23:59:59&quot;,&quot;score&quot;:&quot;48&quot;},&quot;quantity&quot;:0,&quot;quantity_all_versions&quot;:0,&quot;id_image&quot;:&quot;es-default&quot;,&quot;features&quot;:[{&quot;name&quot;:&quot;Altura reposabrazos&quot;,&quot;value&quot;:&quot;55 cm&quot;,&quot;id_feature&quot;:&quot;1035065063&quot;,&quot;position&quot;:&quot;4&quot;},{&quot;name&quot;:&quot;Alto&quot;,&quot;value&quot;:&quot;81 cm&quot;,&quot;id_feature&quot;:&quot;1&quot;,&quot;position&quot;:&quot;12&quot;},{&quot;name&quot;:&quot;Altura asiento&quot;,&quot;value&quot;:&quot;42 cm&quot;,&quot;id_feature&quot;:&quot;11&quot;,&quot;position&quot;:&quot;13&quot;},{&quot;name&quot;:&quot;Profundidad&quot;,&quot;value&quot;:&quot;96 cm&quot;,&quot;id_feature&quot;:&quot;3&quot;,&quot;position&quot;:&quot;17&quot;},{&quot;name&quot;:&quot;Profundidad asiento&quot;,&quot;value&quot;:&quot;56 cm&quot;,&quot;id_feature&quot;:&quot;21&quot;,&quot;position&quot;:&quot;18&quot;},{&quot;name&quot;:&quot;Material&quot;,&quot;value&quot;:&quot;Bastidor de madera, asientos de espuma de poliuretano,  Cojines de respaldo rellenos de fibra de poliu00e9ster siliconada y  patas metu00e1licas&quot;,&quot;id_feature&quot;:&quot;5&quot;,&quot;position&quot;:&quot;24&quot;},{&quot;name&quot;:&quot;Estilo&quot;,&quot;value&quot;:&quot;Contemporu00e1neo &quot;,&quot;id_feature&quot;:&quot;6&quot;,&quot;position&quot;:&quot;25&quot;},{&quot;name&quot;:&quot;Propiedades&quot;,&quot;value&quot;:&quot;Altura del respaldo: 81 cm&quot;,&quot;id_feature&quot;:&quot;7&quot;,&quot;position&quot;:&quot;27&quot;},{&quot;name&quot;:&quot;Detalles&quot;,&quot;value&quot;:&quot;Tapiceru00eda desenfundable&quot;,&quot;id_feature&quot;:&quot;19&quot;,&quot;position&quot;:&quot;32&quot;},{&quot;name&quot;:&quot;Detalles&quot;,&quot;value&quot;:&quot;Altura de la pata: 12 cm&quot;,&quot;id_feature&quot;:&quot;19&quot;,&quot;position&quot;:&quot;32&quot;}],&quot;attachments&quot;:[],&quot;virtual&quot;:0,&quot;pack&quot;:0,&quot;packItems&quot;:[],&quot;nopackprice&quot;:0,&quot;customization_required&quot;:false,&quot;attributes&quot;:{&quot;347&quot;:{&quot;id_attribute&quot;:&quot;3556&quot;,&quot;id_attribute_group&quot;:&quot;347&quot;,&quot;name&quot;:&quot;Caliu 5 - Beige&quot;,&quot;group&quot;:&quot;Telas Joquer&quot;,&quot;reference&quot;:&quot;240237629&quot;,&quot;ean13&quot;:&quot;&quot;,&quot;isbn&quot;:&quot;&quot;,&quot;upc&quot;:&quot;&quot;,&quot;mpn&quot;:&quot;&quot;},&quot;463&quot;:{&quot;id_attribute&quot;:&quot;3557&quot;,&quot;id_attribute_group&quot;:&quot;463&quot;,&quot;name&quot;:&quot;194x96 cm&quot;,&quot;group&quot;:&quot;Medidas Joquer&quot;,&quot;reference&quot;:&quot;240237629&quot;,&quot;ean13&quot;:&quot;&quot;,&quot;isbn&quot;:&quot;&quot;,&quot;upc&quot;:&quot;&quot;,&quot;mpn&quot;:&quot;&quot;}},&quot;rate&quot;:21,&quot;tax_name&quot;:&quot;IVA ES 21%&quot;,&quot;ecotax_rate&quot;:0,&quot;unit_price&quot;:&quot;&quot;,&quot;customizations&quot;:{&quot;fields&quot;:[]},&quot;id_customization&quot;:0,&quot;is_customizable&quot;:false,&quot;show_quantities&quot;:false,&quot;quantity_label&quot;:&quot;Artu00edculo&quot;,&quot;quantity_discounts&quot;:[],&quot;customer_group_discount&quot;:0,&quot;images&quot;:[{&quot;bySize&quot;:{&quot;small_default&quot;:{&quot;url&quot;:&quot;https:\/\/trendshome.es\/133379-small_default\/sofa-front.jpg&quot;,&quot;width&quot;:127,&quot;height&quot;:127},&quot;cart_default&quot;:{&quot;url&quot;:&quot;https:\/\/trendshome.es\/133379-cart_default\/sofa-front.jpg&quot;,&quot;width&quot;:162,&quot;height&quot;:162},&quot;home_default&quot;:{&quot;url&quot;:&quot;https:\/\/trendshome.es\/133379-home_default\/sofa-front.jpg&quot;,&quot;width&quot;:450,&quot;height&quot;:565},&quot;medium_default&quot;:{&quot;url&quot;:&quot;https:\/\/trendshome.es\/133379-medium_default\/sofa-front.jpg&quot;,&quot;width&quot;:579,&quot;height&quot;:579},&quot;big_default&quot;:{&quot;url&quot;:&quot;https:\/\/trendshome.es\/133379-big_default\/sofa-front.jpg&quot;,&quot;width&quot;:568,&quot;height&quot;:649},&quot;large_default_2x&quot;:{&quot;url&quot;:&quot;https:\/\/trendshome.es\/133379-large_default_2x\/sofa-front.jpg&quot;,&quot;width&quot;:700,&quot;height&quot;:800},&quot;large_default&quot;:{&quot;url&quot;:&quot;https:\/\/trendshome.es\/133379-large_default\/sofa-front.jpg&quot;,&quot;width&quot;:790,&quot;height&quot;:790},&quot;thickbox_default&quot;:{&quot;url&quot;:&quot;https:\/\/trendshome.es\/133379-thickbox_default\/sofa-front.jpg&quot;,&quot;width&quot;:1422,&quot;height&quot;:1422}},&quot;small&quot;:{&quot;url&quot;:&quot;https:\/\/trendshome.es\/133379-small_default\/sofa-front.jpg&quot;,&quot;width&quot;:127,&quot;height&quot;:127},&quot;medium&quot;:{&quot;url&quot;:&quot;https:\/\/trendshome.es\/133379-big_default\/sofa-front.jpg&quot;,&quot;width&quot;:568,&quot;height&quot;:649},&quot;large&quot;:{&quot;url&quot;:&quot;https:\/\/trendshome.es\/133379-thickbox_default\/sofa-front.jpg&quot;,&quot;width&quot;:1422,&quot;height&quot;:1422},&quot;legend&quot;:&quot;SOFu00c1 FRONT DE JOQUER&quot;,&quot;id_image&quot;:&quot;133379&quot;,&quot;cover&quot;:&quot;1&quot;,&quot;position&quot;:&quot;1&quot;,&quot;associatedVariants&quot;:[&quot;37587&quot;,&quot;37598&quot;,&quot;37582&quot;,&quot;37593&quot;,&quot;37588&quot;,&quot;37583&quot;,&quot;37594&quot;,&quot;37589&quot;,&quot;37584&quot;,&quot;37595&quot;,&quot;37590&quot;,&quot;37585&quot;,&quot;37596&quot;,&quot;37591&quot;,&quot;37586&quot;,&quot;37597&quot;,&quot;37581&quot;,&quot;37592&quot;]},{&quot;bySize&quot;:{&quot;small_default&quot;:{&quot;url&quot;:&quot;https:\/\/trendshome.es\/133380-small_default\/sofa-front.jpg&quot;,&quot;width&quot;:127,&quot;height&quot;:127},&quot;cart_default&quot;:{&quot;url&quot;:&quot;https:\/\/trendshome.es\/133380-cart_default\/sofa-front.jpg&quot;,&quot;width&quot;:162,&quot;height&quot;:162},&quot;home_default&quot;:{&quot;url&quot;:&quot;https:\/\/trendshome.es\/133380-home_default\/sofa-front.jpg&quot;,&quot;width&quot;:450,&quot;height&quot;:565},&quot;medium_default&quot;:{&quot;url&quot;:&quot;https:\/\/trendshome.es\/133380-medium_default\/sofa-front.jpg&quot;,&quot;width&quot;:579,&quot;height&quot;:579},&quot;big_default&quot;:{&quot;url&quot;:&quot;https:\/\/trendshome.es\/133380-big_default\/sofa-front.jpg&quot;,&quot;width&quot;:568,&quot;height&quot;:649},&quot;large_default_2x&quot;:{&quot;url&quot;:&quot;https:\/\/trendshome.es\/133380-large_default_2x\/sofa-front.jpg&quot;,&quot;width&quot;:700,&quot;height&quot;:800},&quot;large_default&quot;:{&quot;url&quot;:&quot;https:\/\/trendshome.es\/133380-large_default\/sofa-front.jpg&quot;,&quot;width&quot;:790,&quot;height&quot;:790},&quot;thickbox_default&quot;:{&quot;url&quot;:&quot;https:\/\/trendshome.es\/133380-thickbox_default\/sofa-front.jpg&quot;,&quot;width&quot;:1422,&quot;height&quot;:1422}},&quot;small&quot;:{&quot;url&quot;:&quot;https:\/\/trendshome.es\/133380-small_default\/sofa-front.jpg&quot;,&quot;width&quot;:127,&quot;height&quot;:127},&quot;medium&quot;:{&quot;url&quot;:&quot;https:\/\/trendshome.es\/133380-big_default\/sofa-front.jpg&quot;,&quot;width&quot;:568,&quot;height&quot;:649},&quot;large&quot;:{&quot;url&quot;:&quot;https:\/\/trendshome.es\/133380-thickbox_default\/sofa-front.jpg&quot;,&quot;width&quot;:1422,&quot;height&quot;:1422},&quot;legend&quot;:&quot;&quot;,&quot;id_image&quot;:&quot;133380&quot;,&quot;cover&quot;:null,&quot;position&quot;:&quot;2&quot;,&quot;associatedVariants&quot;:[&quot;37587&quot;,&quot;37582&quot;,&quot;37593&quot;,&quot;37588&quot;,&quot;37583&quot;,&quot;37594&quot;,&quot;37589&quot;,&quot;37584&quot;,&quot;37595&quot;,&quot;37590&quot;,&quot;37585&quot;,&quot;37596&quot;,&quot;37591&quot;,&quot;37597&quot;,&quot;37581&quot;]},{&quot;bySize&quot;:{&quot;small_default&quot;:{&quot;url&quot;:&quot;https:\/\/trendshome.es\/133382-small_default\/sofa-front.jpg&quot;,&quot;width&quot;:127,&quot;height&quot;:127},&quot;cart_default&quot;:{&quot;url&quot;:&quot;https:\/\/trendshome.es\/133382-cart_default\/sofa-front.jpg&quot;,&quot;width&quot;:162,&quot;height&quot;:162},&quot;home_default&quot;:{&quot;url&quot;:&quot;https:\/\/trendshome.es\/133382-home_default\/sofa-front.jpg&quot;,&quot;width&quot;:450,&quot;height&quot;:565},&quot;medium_default&quot;:{&quot;url&quot;:&quot;https:\/\/trendshome.es\/133382-medium_default\/sofa-front.jpg&quot;,&quot;width&quot;:579,&quot;height&quot;:579},&quot;big_default&quot;:{&quot;url&quot;:&quot;https:\/\/trendshome.es\/133382-big_default\/sofa-front.jpg&quot;,&quot;width&quot;:568,&quot;height&quot;:649},&quot;large_default_2x&quot;:{&quot;url&quot;:&quot;https:\/\/trendshome.es\/133382-large_default_2x\/sofa-front.jpg&quot;,&quot;width&quot;:700,&quot;height&quot;:800},&quot;large_default&quot;:{&quot;url&quot;:&quot;https:\/\/trendshome.es\/133382-large_default\/sofa-front.jpg&quot;,&quot;width&quot;:790,&quot;height&quot;:790},&quot;thickbox_default&quot;:{&quot;url&quot;:&quot;https:\/\/trendshome.es\/133382-thickbox_default\/sofa-front.jpg&quot;,&quot;width&quot;:1422,&quot;height&quot;:1422}},&quot;small&quot;:{&quot;url&quot;:&quot;https:\/\/trendshome.es\/133382-small_default\/sofa-front.jpg&quot;,&quot;width&quot;:127,&quot;height&quot;:127},&quot;medium&quot;:{&quot;url&quot;:&quot;https:\/\/trendshome.es\/133382-big_default\/sofa-front.jpg&quot;,&quot;width&quot;:568,&quot;height&quot;:649},&quot;large&quot;:{&quot;url&quot;:&quot;https:\/\/trendshome.es\/133382-thickbox_default\/sofa-front.jpg&quot;,&quot;width&quot;:1422,&quot;height&quot;:1422},&quot;legend&quot;:&quot;&quot;,&quot;id_image&quot;:&quot;133382&quot;,&quot;cover&quot;:null,&quot;position&quot;:&quot;4&quot;,&quot;associatedVariants&quot;:[&quot;37587&quot;,&quot;37593&quot;,&quot;37581&quot;]}],&quot;cover&quot;:{&quot;bySize&quot;:{&quot;small_default&quot;:{&quot;url&quot;:&quot;https:\/\/trendshome.es\/133379-small_default\/sofa-front.jpg&quot;,&quot;width&quot;:127,&quot;height&quot;:127},&quot;cart_default&quot;:{&quot;url&quot;:&quot;https:\/\/trendshome.es\/133379-cart_default\/sofa-front.jpg&quot;,&quot;width&quot;:162,&quot;height&quot;:162},&quot;home_default&quot;:{&quot;url&quot;:&quot;https:\/\/trendshome.es\/133379-home_default\/sofa-front.jpg&quot;,&quot;width&quot;:450,&quot;height&quot;:565},&quot;medium_default&quot;:{&quot;url&quot;:&quot;https:\/\/trendshome.es\/133379-medium_default\/sofa-front.jpg&quot;,&quot;width&quot;:579,&quot;height&quot;:579},&quot;big_default&quot;:{&quot;url&quot;:&quot;https:\/\/trendshome.es\/133379-big_default\/sofa-front.jpg&quot;,&quot;width&quot;:568,&quot;height&quot;:649},&quot;large_default_2x&quot;:{&quot;url&quot;:&quot;https:\/\/trendshome.es\/133379-large_default_2x\/sofa-front.jpg&quot;,&quot;width&quot;:700,&quot;height&quot;:800},&quot;large_default&quot;:{&quot;url&quot;:&quot;https:\/\/trendshome.es\/133379-large_default\/sofa-front.jpg&quot;,&quot;width&quot;:790,&quot;height&quot;:790},&quot;thickbox_default&quot;:{&quot;url&quot;:&quot;https:\/\/trendshome.es\/133379-thickbox_default\/sofa-front.jpg&quot;,&quot;width&quot;:1422,&quot;height&quot;:1422}},&quot;small&quot;:{&quot;url&quot;:&quot;https:\/\/trendshome.es\/133379-small_default\/sofa-front.jpg&quot;,&quot;width&quot;:127,&quot;height&quot;:127},&quot;medium&quot;:{&quot;url&quot;:&quot;https:\/\/trendshome.es\/133379-big_default\/sofa-front.jpg&quot;,&quot;width&quot;:568,&quot;height&quot;:649},&quot;large&quot;:{&quot;url&quot;:&quot;https:\/\/trendshome.es\/133379-thickbox_default\/sofa-front.jpg&quot;,&quot;width&quot;:1422,&quot;height&quot;:1422},&quot;legend&quot;:&quot;SOFu00c1 FRONT DE JOQUER&quot;,&quot;id_image&quot;:&quot;133379&quot;,&quot;cover&quot;:&quot;1&quot;,&quot;position&quot;:&quot;1&quot;,&quot;associatedVariants&quot;:[&quot;37587&quot;,&quot;37598&quot;,&quot;37582&quot;,&quot;37593&quot;,&quot;37588&quot;,&quot;37583&quot;,&quot;37594&quot;,&quot;37589&quot;,&quot;37584&quot;,&quot;37595&quot;,&quot;37590&quot;,&quot;37585&quot;,&quot;37596&quot;,&quot;37591&quot;,&quot;37586&quot;,&quot;37597&quot;,&quot;37581&quot;,&quot;37592&quot;]},&quot;has_discount&quot;:true,&quot;discount_type&quot;:&quot;percentage&quot;,&quot;discount_percentage&quot;:&quot;-10%&quot;,&quot;discount_percentage_absolute&quot;:&quot;10%&quot;,&quot;discount_amount&quot;:&quot;323,50u00a0u20ac&quot;,&quot;discount_amount_to_display&quot;:&quot;-323,50u00a0u20ac&quot;,&quot;price_amount&quot;:2911.5,&quot;unit_price_full&quot;:&quot;&quot;,&quot;show_availability&quot;:true,&quot;availability_message&quot;:&quot;Disponible bajo pedido - Consultar plazo de entrega&quot;,&quot;availability_date&quot;:null,&quot;availability&quot;:&quot;available&quot;}\">\n<section class=\"product-features\">\n<dl class=\"data-sheet\">\n<dt class=\"name\">Altura reposabrazos<\/dt>\n<dd class=\"value\">55 cm<\/dd>\n<dt class=\"name\">Alto<\/dt>\n<dd class=\"value\">81 cm<\/dd>\n<dt class=\"name\">Altura asiento<\/dt>\n<dd class=\"value\">42 cm<\/dd>\n<dt class=\"name\">Profundidad<\/dt>\n<dd class=\"value\">96 cm<\/dd>\n<dt class=\"name\">Profundidad asiento<\/dt>\n<dd class=\"value\">56 cm<\/dd>\n<dt class=\"name\">Material<\/dt>\n<dd class=\"value\">Bastidor de madera, asientos de espuma de poliuretano, Cojines de respaldo rellenos de fibra de poli\u00e9ster siliconada y patas met\u00e1licas<\/dd>\n<dt class=\"name\">Estilo<\/dt>\n<dd class=\"value\">Contempor\u00e1neo<\/dd>\n<dt class=\"name\">Propiedades<\/dt>\n<dd class=\"value\">Altura del respaldo: 81 cm<\/dd>\n<dt class=\"name\">Detalles<\/dt>\n<dd class=\"value\">Altura de la pata: 12 cm<br \/>\nTapicer\u00eda desenfundable<\/dd>\n<\/dl>\n<\/section>\n<\/div>\n<\/div>\n<\/div>\n","protected":false},"excerpt":{"rendered":"<p><strong>Sof\u00e1 Front de la firma espa\u00f1ola Joquer.<\/strong>\u00a0Este sof\u00e1 atemporal, dise\u00f1ado por Mario Ruiz, destaca por sus formas rectil\u00edneas y geom\u00e9tricas limpias que se expresan con un equilibrio de proporciones entre los reposabrazos, el asiento y el respaldo. El bastidor de madera recubierto de espuma de poliuretano flexible en fri\u0301o y fibra de polie\u0301ster y patas met\u00e1licas recubiertas en pintura poli\u00e9ster en polvo acabado manganeso con topes de LDPE, le aportan robusted. Los asientos realizados en distintas densidades de espuma de poliuretano, acolchados en la superficie con fibra, unido a los cojines de respaldo rellenos de fibra de poli\u00e9ster siliconada aseguran gran confort. Adem\u00e1s, este sof\u00e1 con tapicer\u00eda desenfundable. Un modelo vers\u00e1til y c\u00f3modo que permite crear soluciones para cualquier espacio.<\/p>\n<p>* Disponibles m\u00e1s medidas, tapizados y altura del respaldo, consultar en tienda.<\/p>\n","protected":false},"featured_media":5041,"comment_status":"open","ping_status":"closed","template":"","meta":[],"product_brand":[],"product_cat":[102],"product_tag":[],"class_list":{"0":"post-4956","1":"product","2":"type-product","3":"status-publish","4":"has-post-thumbnail","6":"product_cat-sofas-y-gamas","8":"first","9":"instock","10":"sale","11":"shipping-taxable","12":"purchasable","13":"product-type-simple"},"jetpack_sharing_enabled":true,"_links":{"self":[{"href":"https:\/\/yomas-electrodomesticos.com\/index.php\/wp-json\/wp\/v2\/product\/4956","targetHints":{"allow":["GET"]}}],"collection":[{"href":"https:\/\/yomas-electrodomesticos.com\/index.php\/wp-json\/wp\/v2\/product"}],"about":[{"href":"https:\/\/yomas-electrodomesticos.com\/index.php\/wp-json\/wp\/v2\/types\/product"}],"replies":[{"embeddable":true,"href":"https:\/\/yomas-electrodomesticos.com\/index.php\/wp-json\/wp\/v2\/comments?post=4956"}],"version-history":[{"count":1,"href":"https:\/\/yomas-electrodomesticos.com\/index.php\/wp-json\/wp\/v2\/product\/4956\/revisions"}],"predecessor-version":[{"id":5042,"href":"https:\/\/yomas-electrodomesticos.com\/index.php\/wp-json\/wp\/v2\/product\/4956\/revisions\/5042"}],"wp:featuredmedia":[{"embeddable":true,"href":"https:\/\/yomas-electrodomesticos.com\/index.php\/wp-json\/wp\/v2\/media\/5041"}],"wp:attachment":[{"href":"https:\/\/yomas-electrodomesticos.com\/index.php\/wp-json\/wp\/v2\/media?parent=4956"}],"wp:term":[{"taxonomy":"product_brand","embeddable":true,"href":"https:\/\/yomas-electrodomesticos.com\/index.php\/wp-json\/wp\/v2\/product_brand?post=4956"},{"taxonomy":"product_cat","embeddable":true,"href":"https:\/\/yomas-electrodomesticos.com\/index.php\/wp-json\/wp\/v2\/product_cat?post=4956"},{"taxonomy":"product_tag","embeddable":true,"href":"https:\/\/yomas-electrodomesticos.com\/index.php\/wp-json\/wp\/v2\/product_tag?post=4956"}],"curies":[{"name":"wp","href":"https:\/\/api.w.org\/{rel}","templated":true}]}}