{"id":4957,"date":"2025-07-16T06:01:10","date_gmt":"2025-07-16T04:01:10","guid":{"rendered":"https:\/\/yomas-electrodomesticos.com\/?post_type=product&#038;p=4957"},"modified":"2025-07-16T06:01:47","modified_gmt":"2025-07-16T04:01:47","slug":"pouf-dana-borreguito-blanco","status":"publish","type":"product","link":"https:\/\/yomas-electrodomesticos.com\/index.php\/producto\/pouf-dana-borreguito-blanco\/","title":{"rendered":"POUF DANA BORREGUITO BLANCO"},"content":{"rendered":"<div class=\"title\">\n<p>Detalles del producto<\/p>\n<\/div>\n<div id=\"productdaas-accordion-details\" class=\"content\">\n<div class=\"mt-4 mb-3\">\n<div id=\"product-details\" class=\"clearfix js-product-details\" data-product=\"{&quot;id_shop_default&quot;:&quot;1&quot;,&quot;id_manufacturer&quot;:&quot;30&quot;,&quot;id_supplier&quot;:&quot;3&quot;,&quot;reference&quot;:&quot;240237484&quot;,&quot;is_virtual&quot;:&quot;0&quot;,&quot;delivery_in_stock&quot;:&quot;&quot;,&quot;delivery_out_stock&quot;:&quot;&quot;,&quot;id_category_default&quot;:&quot;469&quot;,&quot;on_sale&quot;:&quot;0&quot;,&quot;online_only&quot;:&quot;0&quot;,&quot;ecotax&quot;:0,&quot;minimal_quantity&quot;:&quot;1&quot;,&quot;low_stock_threshold&quot;:&quot;0&quot;,&quot;low_stock_alert&quot;:&quot;0&quot;,&quot;price&quot;:&quot;129,20u00a0u20ac&quot;,&quot;unity&quot;:&quot;&quot;,&quot;unit_price_ratio&quot;:&quot;0.000000&quot;,&quot;additional_shipping_cost&quot;:&quot;0.000000&quot;,&quot;customizable&quot;:&quot;0&quot;,&quot;text_fields&quot;:&quot;0&quot;,&quot;uploadable_files&quot;:&quot;0&quot;,&quot;redirect_type&quot;:&quot;404&quot;,&quot;id_type_redirected&quot;:&quot;0&quot;,&quot;available_for_order&quot;:&quot;1&quot;,&quot;available_date&quot;:&quot;0000-00-00&quot;,&quot;show_condition&quot;:&quot;0&quot;,&quot;condition&quot;:&quot;new&quot;,&quot;show_price&quot;:&quot;1&quot;,&quot;indexed&quot;:&quot;1&quot;,&quot;visibility&quot;:&quot;both&quot;,&quot;cache_default_attribute&quot;:&quot;0&quot;,&quot;advanced_stock_management&quot;:&quot;0&quot;,&quot;date_add&quot;:&quot;2024-10-18 16:32:51&quot;,&quot;date_upd&quot;:&quot;2025-06-30 11:57:44&quot;,&quot;pack_stock_type&quot;:&quot;0&quot;,&quot;meta_description&quot;:&quot;POUF DANA BORREGUITO BLANCO&quot;,&quot;meta_keywords&quot;:&quot;&quot;,&quot;meta_title&quot;:&quot;POUF DANA BORREGUITO BLANCO&quot;,&quot;link_rewrite&quot;:&quot;pouf-dana-borreguito-blanco&quot;,&quot;name&quot;:&quot;POUF DANA BORREGUITO BLANCO&quot;,&quot;description&quot;:&quot;&quot;,&quot;description_short&quot;:&quot;&lt;p style=&quot;text-align: justify;&quot;&gt;&lt;strong&gt;Pouf Dana Borreguito en color marfil de estilo contemporu00e1neo.&lt;\/strong&gt; El tapizado estu00e1 fabricado en poliu00e9ster con estructura su00f3lida de madera contrachapada y de caucho con relleno de espuma. Este puff, con su diseu00f1o redondeado, ofrece un asiento cu00f3modo, elegante y versu00e1til, convirtiu00e9ndose en el compau00f1ero perfecto para una butaca o sofu00e1.&lt;\/p&gt;&quot;,&quot;available_now&quot;:&quot;&quot;,&quot;available_later&quot;:&quot;&quot;,&quot;id&quot;:51941,&quot;id_product&quot;:51941,&quot;out_of_stock&quot;:2,&quot;new&quot;:0,&quot;id_product_attribute&quot;:&quot;0&quot;,&quot;quantity_wanted&quot;:1,&quot;extraContent&quot;:[],&quot;allow_oosp&quot;:1,&quot;category&quot;:&quot;puffs-modernos-de-diseno&quot;,&quot;category_name&quot;:&quot;Puffs modernos de diseu00f1o&quot;,&quot;link&quot;:&quot;https:\/\/trendshome.es\/puffs-modernos-de-diseno\/51941-pouf-dana-borreguito-blanco.html&quot;,&quot;attribute_price&quot;:0,&quot;price_tax_exc&quot;:106.777,&quot;price_without_reduction&quot;:152.0002,&quot;reduction&quot;:22.80003,&quot;specific_prices&quot;:{&quot;id_specific_price&quot;:&quot;10188531&quot;,&quot;id_specific_price_rule&quot;:&quot;0&quot;,&quot;id_cart&quot;:&quot;0&quot;,&quot;id_product&quot;:&quot;51941&quot;,&quot;id_shop&quot;:&quot;1&quot;,&quot;id_shop_group&quot;:&quot;0&quot;,&quot;id_currency&quot;:&quot;0&quot;,&quot;id_country&quot;:&quot;0&quot;,&quot;id_group&quot;:&quot;0&quot;,&quot;id_customer&quot;:&quot;0&quot;,&quot;id_product_attribute&quot;:&quot;0&quot;,&quot;price&quot;:&quot;-1.000000&quot;,&quot;from_quantity&quot;:&quot;1&quot;,&quot;reduction&quot;:&quot;0.150000&quot;,&quot;reduction_tax&quot;:&quot;1&quot;,&quot;reduction_type&quot;:&quot;percentage&quot;,&quot;from&quot;:&quot;2025-06-27 00:00:00&quot;,&quot;to&quot;:&quot;2025-07-31 23:59:59&quot;,&quot;score&quot;:&quot;48&quot;},&quot;quantity&quot;:0,&quot;quantity_all_versions&quot;:0,&quot;id_image&quot;:&quot;es-default&quot;,&quot;features&quot;:[{&quot;name&quot;:&quot;Ancho&quot;,&quot;value&quot;:&quot;50 cm&quot;,&quot;id_feature&quot;:&quot;14&quot;,&quot;position&quot;:&quot;7&quot;},{&quot;name&quot;:&quot;Alto&quot;,&quot;value&quot;:&quot;38 cm&quot;,&quot;id_feature&quot;:&quot;1&quot;,&quot;position&quot;:&quot;12&quot;},{&quot;name&quot;:&quot;Largo&quot;,&quot;value&quot;:&quot;50 cm&quot;,&quot;id_feature&quot;:&quot;13&quot;,&quot;position&quot;:&quot;14&quot;},{&quot;name&quot;:&quot;Peso&quot;,&quot;value&quot;:&quot;3.9 kg&quot;,&quot;id_feature&quot;:&quot;4&quot;,&quot;position&quot;:&quot;19&quot;},{&quot;name&quot;:&quot;Carga mu00e1xima &quot;,&quot;value&quot;:&quot;80 kg&quot;,&quot;id_feature&quot;:&quot;22&quot;,&quot;position&quot;:&quot;23&quot;},{&quot;name&quot;:&quot;Material&quot;,&quot;value&quot;:&quot;madera contrachapada, madera de caucho, esponja y poliu00e9ster&quot;,&quot;id_feature&quot;:&quot;5&quot;,&quot;position&quot;:&quot;24&quot;},{&quot;name&quot;:&quot;Color&quot;,&quot;value&quot;:&quot;Crema&quot;,&quot;id_feature&quot;:&quot;9&quot;,&quot;position&quot;:&quot;26&quot;},{&quot;name&quot;:&quot;Referencia del proveedor&quot;,&quot;value&quot;:&quot;MU74087&quot;,&quot;id_feature&quot;:&quot;10&quot;,&quot;position&quot;:&quot;28&quot;}],&quot;attachments&quot;:[],&quot;virtual&quot;:0,&quot;pack&quot;:0,&quot;packItems&quot;:[],&quot;nopackprice&quot;:0,&quot;customization_required&quot;:false,&quot;rate&quot;:21,&quot;tax_name&quot;:&quot;IVA ES 21%&quot;,&quot;ecotax_rate&quot;:0,&quot;unit_price&quot;:&quot;&quot;,&quot;customizations&quot;:{&quot;fields&quot;:[]},&quot;id_customization&quot;:0,&quot;is_customizable&quot;:false,&quot;show_quantities&quot;:false,&quot;quantity_label&quot;:&quot;Artu00edculo&quot;,&quot;quantity_discounts&quot;:[],&quot;customer_group_discount&quot;:0,&quot;images&quot;:[{&quot;bySize&quot;:{&quot;small_default&quot;:{&quot;url&quot;:&quot;https:\/\/trendshome.es\/129732-small_default\/pouf-dana-borreguito-blanco.jpg&quot;,&quot;width&quot;:127,&quot;height&quot;:127},&quot;cart_default&quot;:{&quot;url&quot;:&quot;https:\/\/trendshome.es\/129732-cart_default\/pouf-dana-borreguito-blanco.jpg&quot;,&quot;width&quot;:162,&quot;height&quot;:162},&quot;home_default&quot;:{&quot;url&quot;:&quot;https:\/\/trendshome.es\/129732-home_default\/pouf-dana-borreguito-blanco.jpg&quot;,&quot;width&quot;:450,&quot;height&quot;:565},&quot;medium_default&quot;:{&quot;url&quot;:&quot;https:\/\/trendshome.es\/129732-medium_default\/pouf-dana-borreguito-blanco.jpg&quot;,&quot;width&quot;:579,&quot;height&quot;:579},&quot;big_default&quot;:{&quot;url&quot;:&quot;https:\/\/trendshome.es\/129732-big_default\/pouf-dana-borreguito-blanco.jpg&quot;,&quot;width&quot;:568,&quot;height&quot;:649},&quot;large_default_2x&quot;:{&quot;url&quot;:&quot;https:\/\/trendshome.es\/129732-large_default_2x\/pouf-dana-borreguito-blanco.jpg&quot;,&quot;width&quot;:700,&quot;height&quot;:800},&quot;large_default&quot;:{&quot;url&quot;:&quot;https:\/\/trendshome.es\/129732-large_default\/pouf-dana-borreguito-blanco.jpg&quot;,&quot;width&quot;:790,&quot;height&quot;:790},&quot;thickbox_default&quot;:{&quot;url&quot;:&quot;https:\/\/trendshome.es\/129732-thickbox_default\/pouf-dana-borreguito-blanco.jpg&quot;,&quot;width&quot;:1422,&quot;height&quot;:1422}},&quot;small&quot;:{&quot;url&quot;:&quot;https:\/\/trendshome.es\/129732-small_default\/pouf-dana-borreguito-blanco.jpg&quot;,&quot;width&quot;:127,&quot;height&quot;:127},&quot;medium&quot;:{&quot;url&quot;:&quot;https:\/\/trendshome.es\/129732-big_default\/pouf-dana-borreguito-blanco.jpg&quot;,&quot;width&quot;:568,&quot;height&quot;:649},&quot;large&quot;:{&quot;url&quot;:&quot;https:\/\/trendshome.es\/129732-thickbox_default\/pouf-dana-borreguito-blanco.jpg&quot;,&quot;width&quot;:1422,&quot;height&quot;:1422},&quot;legend&quot;:&quot;&quot;,&quot;id_image&quot;:&quot;129732&quot;,&quot;cover&quot;:&quot;1&quot;,&quot;position&quot;:&quot;1&quot;,&quot;associatedVariants&quot;:[]},{&quot;bySize&quot;:{&quot;small_default&quot;:{&quot;url&quot;:&quot;https:\/\/trendshome.es\/129730-small_default\/pouf-dana-borreguito-blanco.jpg&quot;,&quot;width&quot;:127,&quot;height&quot;:127},&quot;cart_default&quot;:{&quot;url&quot;:&quot;https:\/\/trendshome.es\/129730-cart_default\/pouf-dana-borreguito-blanco.jpg&quot;,&quot;width&quot;:162,&quot;height&quot;:162},&quot;home_default&quot;:{&quot;url&quot;:&quot;https:\/\/trendshome.es\/129730-home_default\/pouf-dana-borreguito-blanco.jpg&quot;,&quot;width&quot;:450,&quot;height&quot;:565},&quot;medium_default&quot;:{&quot;url&quot;:&quot;https:\/\/trendshome.es\/129730-medium_default\/pouf-dana-borreguito-blanco.jpg&quot;,&quot;width&quot;:579,&quot;height&quot;:579},&quot;big_default&quot;:{&quot;url&quot;:&quot;https:\/\/trendshome.es\/129730-big_default\/pouf-dana-borreguito-blanco.jpg&quot;,&quot;width&quot;:568,&quot;height&quot;:649},&quot;large_default_2x&quot;:{&quot;url&quot;:&quot;https:\/\/trendshome.es\/129730-large_default_2x\/pouf-dana-borreguito-blanco.jpg&quot;,&quot;width&quot;:700,&quot;height&quot;:800},&quot;large_default&quot;:{&quot;url&quot;:&quot;https:\/\/trendshome.es\/129730-large_default\/pouf-dana-borreguito-blanco.jpg&quot;,&quot;width&quot;:790,&quot;height&quot;:790},&quot;thickbox_default&quot;:{&quot;url&quot;:&quot;https:\/\/trendshome.es\/129730-thickbox_default\/pouf-dana-borreguito-blanco.jpg&quot;,&quot;width&quot;:1422,&quot;height&quot;:1422}},&quot;small&quot;:{&quot;url&quot;:&quot;https:\/\/trendshome.es\/129730-small_default\/pouf-dana-borreguito-blanco.jpg&quot;,&quot;width&quot;:127,&quot;height&quot;:127},&quot;medium&quot;:{&quot;url&quot;:&quot;https:\/\/trendshome.es\/129730-big_default\/pouf-dana-borreguito-blanco.jpg&quot;,&quot;width&quot;:568,&quot;height&quot;:649},&quot;large&quot;:{&quot;url&quot;:&quot;https:\/\/trendshome.es\/129730-thickbox_default\/pouf-dana-borreguito-blanco.jpg&quot;,&quot;width&quot;:1422,&quot;height&quot;:1422},&quot;legend&quot;:&quot;&quot;,&quot;id_image&quot;:&quot;129730&quot;,&quot;cover&quot;:null,&quot;position&quot;:&quot;2&quot;,&quot;associatedVariants&quot;:[]},{&quot;bySize&quot;:{&quot;small_default&quot;:{&quot;url&quot;:&quot;https:\/\/trendshome.es\/129731-small_default\/pouf-dana-borreguito-blanco.jpg&quot;,&quot;width&quot;:127,&quot;height&quot;:127},&quot;cart_default&quot;:{&quot;url&quot;:&quot;https:\/\/trendshome.es\/129731-cart_default\/pouf-dana-borreguito-blanco.jpg&quot;,&quot;width&quot;:162,&quot;height&quot;:162},&quot;home_default&quot;:{&quot;url&quot;:&quot;https:\/\/trendshome.es\/129731-home_default\/pouf-dana-borreguito-blanco.jpg&quot;,&quot;width&quot;:450,&quot;height&quot;:565},&quot;medium_default&quot;:{&quot;url&quot;:&quot;https:\/\/trendshome.es\/129731-medium_default\/pouf-dana-borreguito-blanco.jpg&quot;,&quot;width&quot;:579,&quot;height&quot;:579},&quot;big_default&quot;:{&quot;url&quot;:&quot;https:\/\/trendshome.es\/129731-big_default\/pouf-dana-borreguito-blanco.jpg&quot;,&quot;width&quot;:568,&quot;height&quot;:649},&quot;large_default_2x&quot;:{&quot;url&quot;:&quot;https:\/\/trendshome.es\/129731-large_default_2x\/pouf-dana-borreguito-blanco.jpg&quot;,&quot;width&quot;:700,&quot;height&quot;:800},&quot;large_default&quot;:{&quot;url&quot;:&quot;https:\/\/trendshome.es\/129731-large_default\/pouf-dana-borreguito-blanco.jpg&quot;,&quot;width&quot;:790,&quot;height&quot;:790},&quot;thickbox_default&quot;:{&quot;url&quot;:&quot;https:\/\/trendshome.es\/129731-thickbox_default\/pouf-dana-borreguito-blanco.jpg&quot;,&quot;width&quot;:1422,&quot;height&quot;:1422}},&quot;small&quot;:{&quot;url&quot;:&quot;https:\/\/trendshome.es\/129731-small_default\/pouf-dana-borreguito-blanco.jpg&quot;,&quot;width&quot;:127,&quot;height&quot;:127},&quot;medium&quot;:{&quot;url&quot;:&quot;https:\/\/trendshome.es\/129731-big_default\/pouf-dana-borreguito-blanco.jpg&quot;,&quot;width&quot;:568,&quot;height&quot;:649},&quot;large&quot;:{&quot;url&quot;:&quot;https:\/\/trendshome.es\/129731-thickbox_default\/pouf-dana-borreguito-blanco.jpg&quot;,&quot;width&quot;:1422,&quot;height&quot;:1422},&quot;legend&quot;:&quot;&quot;,&quot;id_image&quot;:&quot;129731&quot;,&quot;cover&quot;:null,&quot;position&quot;:&quot;3&quot;,&quot;associatedVariants&quot;:[]},{&quot;bySize&quot;:{&quot;small_default&quot;:{&quot;url&quot;:&quot;https:\/\/trendshome.es\/141289-small_default\/pouf-dana-borreguito-blanco.jpg&quot;,&quot;width&quot;:127,&quot;height&quot;:127},&quot;cart_default&quot;:{&quot;url&quot;:&quot;https:\/\/trendshome.es\/141289-cart_default\/pouf-dana-borreguito-blanco.jpg&quot;,&quot;width&quot;:162,&quot;height&quot;:162},&quot;home_default&quot;:{&quot;url&quot;:&quot;https:\/\/trendshome.es\/141289-home_default\/pouf-dana-borreguito-blanco.jpg&quot;,&quot;width&quot;:450,&quot;height&quot;:565},&quot;medium_default&quot;:{&quot;url&quot;:&quot;https:\/\/trendshome.es\/141289-medium_default\/pouf-dana-borreguito-blanco.jpg&quot;,&quot;width&quot;:579,&quot;height&quot;:579},&quot;big_default&quot;:{&quot;url&quot;:&quot;https:\/\/trendshome.es\/141289-big_default\/pouf-dana-borreguito-blanco.jpg&quot;,&quot;width&quot;:568,&quot;height&quot;:649},&quot;large_default_2x&quot;:{&quot;url&quot;:&quot;https:\/\/trendshome.es\/141289-large_default_2x\/pouf-dana-borreguito-blanco.jpg&quot;,&quot;width&quot;:700,&quot;height&quot;:800},&quot;large_default&quot;:{&quot;url&quot;:&quot;https:\/\/trendshome.es\/141289-large_default\/pouf-dana-borreguito-blanco.jpg&quot;,&quot;width&quot;:790,&quot;height&quot;:790},&quot;thickbox_default&quot;:{&quot;url&quot;:&quot;https:\/\/trendshome.es\/141289-thickbox_default\/pouf-dana-borreguito-blanco.jpg&quot;,&quot;width&quot;:1422,&quot;height&quot;:1422}},&quot;small&quot;:{&quot;url&quot;:&quot;https:\/\/trendshome.es\/141289-small_default\/pouf-dana-borreguito-blanco.jpg&quot;,&quot;width&quot;:127,&quot;height&quot;:127},&quot;medium&quot;:{&quot;url&quot;:&quot;https:\/\/trendshome.es\/141289-big_default\/pouf-dana-borreguito-blanco.jpg&quot;,&quot;width&quot;:568,&quot;height&quot;:649},&quot;large&quot;:{&quot;url&quot;:&quot;https:\/\/trendshome.es\/141289-thickbox_default\/pouf-dana-borreguito-blanco.jpg&quot;,&quot;width&quot;:1422,&quot;height&quot;:1422},&quot;legend&quot;:&quot;&quot;,&quot;id_image&quot;:&quot;141289&quot;,&quot;cover&quot;:null,&quot;position&quot;:&quot;4&quot;,&quot;associatedVariants&quot;:[]}],&quot;cover&quot;:{&quot;bySize&quot;:{&quot;small_default&quot;:{&quot;url&quot;:&quot;https:\/\/trendshome.es\/129732-small_default\/pouf-dana-borreguito-blanco.jpg&quot;,&quot;width&quot;:127,&quot;height&quot;:127},&quot;cart_default&quot;:{&quot;url&quot;:&quot;https:\/\/trendshome.es\/129732-cart_default\/pouf-dana-borreguito-blanco.jpg&quot;,&quot;width&quot;:162,&quot;height&quot;:162},&quot;home_default&quot;:{&quot;url&quot;:&quot;https:\/\/trendshome.es\/129732-home_default\/pouf-dana-borreguito-blanco.jpg&quot;,&quot;width&quot;:450,&quot;height&quot;:565},&quot;medium_default&quot;:{&quot;url&quot;:&quot;https:\/\/trendshome.es\/129732-medium_default\/pouf-dana-borreguito-blanco.jpg&quot;,&quot;width&quot;:579,&quot;height&quot;:579},&quot;big_default&quot;:{&quot;url&quot;:&quot;https:\/\/trendshome.es\/129732-big_default\/pouf-dana-borreguito-blanco.jpg&quot;,&quot;width&quot;:568,&quot;height&quot;:649},&quot;large_default_2x&quot;:{&quot;url&quot;:&quot;https:\/\/trendshome.es\/129732-large_default_2x\/pouf-dana-borreguito-blanco.jpg&quot;,&quot;width&quot;:700,&quot;height&quot;:800},&quot;large_default&quot;:{&quot;url&quot;:&quot;https:\/\/trendshome.es\/129732-large_default\/pouf-dana-borreguito-blanco.jpg&quot;,&quot;width&quot;:790,&quot;height&quot;:790},&quot;thickbox_default&quot;:{&quot;url&quot;:&quot;https:\/\/trendshome.es\/129732-thickbox_default\/pouf-dana-borreguito-blanco.jpg&quot;,&quot;width&quot;:1422,&quot;height&quot;:1422}},&quot;small&quot;:{&quot;url&quot;:&quot;https:\/\/trendshome.es\/129732-small_default\/pouf-dana-borreguito-blanco.jpg&quot;,&quot;width&quot;:127,&quot;height&quot;:127},&quot;medium&quot;:{&quot;url&quot;:&quot;https:\/\/trendshome.es\/129732-big_default\/pouf-dana-borreguito-blanco.jpg&quot;,&quot;width&quot;:568,&quot;height&quot;:649},&quot;large&quot;:{&quot;url&quot;:&quot;https:\/\/trendshome.es\/129732-thickbox_default\/pouf-dana-borreguito-blanco.jpg&quot;,&quot;width&quot;:1422,&quot;height&quot;:1422},&quot;legend&quot;:&quot;&quot;,&quot;id_image&quot;:&quot;129732&quot;,&quot;cover&quot;:&quot;1&quot;,&quot;position&quot;:&quot;1&quot;,&quot;associatedVariants&quot;:[]},&quot;has_discount&quot;:true,&quot;discount_type&quot;:&quot;percentage&quot;,&quot;discount_percentage&quot;:&quot;-15%&quot;,&quot;discount_percentage_absolute&quot;:&quot;15%&quot;,&quot;discount_amount&quot;:&quot;22,80u00a0u20ac&quot;,&quot;discount_amount_to_display&quot;:&quot;-22,80u00a0u20ac&quot;,&quot;price_amount&quot;:129.2,&quot;unit_price_full&quot;:&quot;&quot;,&quot;show_availability&quot;:true,&quot;availability_message&quot;:&quot;Disponible bajo pedido - Consultar plazo de entrega&quot;,&quot;availability_date&quot;:null,&quot;availability&quot;:&quot;available&quot;}\">\n<section class=\"product-features\">\n<dl class=\"data-sheet\">\n<dt class=\"name\">Ancho<\/dt>\n<dd class=\"value\">50 cm<\/dd>\n<dt class=\"name\">Alto<\/dt>\n<dd class=\"value\">38 cm<\/dd>\n<dt class=\"name\">Largo<\/dt>\n<dd class=\"value\">50 cm<\/dd>\n<dt class=\"name\">Peso<\/dt>\n<dd class=\"value\">3.9 kg<\/dd>\n<dt class=\"name\">Carga m\u00e1xima<\/dt>\n<dd class=\"value\">80 kg<\/dd>\n<dt class=\"name\">Material<\/dt>\n<dd class=\"value\">madera contrachapada, madera de caucho, esponja y poli\u00e9ster<\/dd>\n<dt class=\"name\">Color<\/dt>\n<dd class=\"value\">Crema<\/dd>\n<\/dl>\n<\/section>\n<\/div>\n<\/div>\n<\/div>\n","protected":false},"excerpt":{"rendered":"<p><strong>Pouf Dana Borreguito en color marfil de estilo contempor\u00e1neo.<\/strong>\u00a0El tapizado est\u00e1 fabricado en poli\u00e9ster con estructura s\u00f3lida de madera contrachapada y de caucho con relleno de espuma. Este puff, con su dise\u00f1o redondeado, ofrece un asiento c\u00f3modo, elegante y vers\u00e1til, convirti\u00e9ndose en el compa\u00f1ero perfecto para una butaca o sof\u00e1.<\/p>\n","protected":false},"featured_media":5045,"comment_status":"open","ping_status":"closed","template":"","meta":[],"product_brand":[],"product_cat":[102],"product_tag":[],"class_list":{"0":"post-4957","1":"product","2":"type-product","3":"status-publish","4":"has-post-thumbnail","6":"product_cat-sofas-y-gamas","8":"first","9":"instock","10":"sale","11":"shipping-taxable","12":"purchasable","13":"product-type-simple"},"jetpack_sharing_enabled":true,"_links":{"self":[{"href":"https:\/\/yomas-electrodomesticos.com\/index.php\/wp-json\/wp\/v2\/product\/4957","targetHints":{"allow":["GET"]}}],"collection":[{"href":"https:\/\/yomas-electrodomesticos.com\/index.php\/wp-json\/wp\/v2\/product"}],"about":[{"href":"https:\/\/yomas-electrodomesticos.com\/index.php\/wp-json\/wp\/v2\/types\/product"}],"replies":[{"embeddable":true,"href":"https:\/\/yomas-electrodomesticos.com\/index.php\/wp-json\/wp\/v2\/comments?post=4957"}],"version-history":[{"count":1,"href":"https:\/\/yomas-electrodomesticos.com\/index.php\/wp-json\/wp\/v2\/product\/4957\/revisions"}],"predecessor-version":[{"id":5046,"href":"https:\/\/yomas-electrodomesticos.com\/index.php\/wp-json\/wp\/v2\/product\/4957\/revisions\/5046"}],"wp:featuredmedia":[{"embeddable":true,"href":"https:\/\/yomas-electrodomesticos.com\/index.php\/wp-json\/wp\/v2\/media\/5045"}],"wp:attachment":[{"href":"https:\/\/yomas-electrodomesticos.com\/index.php\/wp-json\/wp\/v2\/media?parent=4957"}],"wp:term":[{"taxonomy":"product_brand","embeddable":true,"href":"https:\/\/yomas-electrodomesticos.com\/index.php\/wp-json\/wp\/v2\/product_brand?post=4957"},{"taxonomy":"product_cat","embeddable":true,"href":"https:\/\/yomas-electrodomesticos.com\/index.php\/wp-json\/wp\/v2\/product_cat?post=4957"},{"taxonomy":"product_tag","embeddable":true,"href":"https:\/\/yomas-electrodomesticos.com\/index.php\/wp-json\/wp\/v2\/product_tag?post=4957"}],"curies":[{"name":"wp","href":"https:\/\/api.w.org\/{rel}","templated":true}]}}