{"id":4960,"date":"2025-07-16T06:01:11","date_gmt":"2025-07-16T04:01:11","guid":{"rendered":"https:\/\/yomas-electrodomesticos.com\/?post_type=product&#038;p=4960"},"modified":"2025-07-16T06:01:54","modified_gmt":"2025-07-16T04:01:54","slug":"sofa-menorca","status":"publish","type":"product","link":"https:\/\/yomas-electrodomesticos.com\/index.php\/producto\/sofa-menorca\/","title":{"rendered":"SOF\u00c1 MENORCA"},"content":{"rendered":"<div class=\"title\">\n<p>Detalles del producto<\/p>\n<\/div>\n<div id=\"productdaas-accordion-details\" class=\"content\">\n<div class=\"mt-4 mb-3\">\n<div id=\"product-details\" class=\"clearfix js-product-details\" data-product=\"{&quot;id_shop_default&quot;:&quot;1&quot;,&quot;id_manufacturer&quot;:&quot;30&quot;,&quot;id_supplier&quot;:&quot;50&quot;,&quot;reference&quot;:&quot;&quot;,&quot;is_virtual&quot;:&quot;0&quot;,&quot;delivery_in_stock&quot;:&quot;&quot;,&quot;delivery_out_stock&quot;:&quot;&quot;,&quot;id_category_default&quot;:&quot;474&quot;,&quot;on_sale&quot;:&quot;0&quot;,&quot;online_only&quot;:&quot;0&quot;,&quot;ecotax&quot;:0,&quot;minimal_quantity&quot;:&quot;1&quot;,&quot;low_stock_threshold&quot;:&quot;0&quot;,&quot;low_stock_alert&quot;:&quot;0&quot;,&quot;price&quot;:&quot;3.565,00u00a0u20ac&quot;,&quot;unity&quot;:&quot;&quot;,&quot;unit_price_ratio&quot;:&quot;0.000000&quot;,&quot;additional_shipping_cost&quot;:&quot;0.000000&quot;,&quot;customizable&quot;:&quot;0&quot;,&quot;text_fields&quot;:&quot;0&quot;,&quot;uploadable_files&quot;:&quot;0&quot;,&quot;redirect_type&quot;:&quot;404&quot;,&quot;id_type_redirected&quot;:&quot;0&quot;,&quot;available_for_order&quot;:&quot;1&quot;,&quot;available_date&quot;:null,&quot;show_condition&quot;:&quot;0&quot;,&quot;condition&quot;:&quot;new&quot;,&quot;show_price&quot;:&quot;1&quot;,&quot;indexed&quot;:&quot;1&quot;,&quot;visibility&quot;:&quot;both&quot;,&quot;cache_default_attribute&quot;:&quot;30543&quot;,&quot;advanced_stock_management&quot;:&quot;0&quot;,&quot;date_add&quot;:&quot;2024-07-26 16:34:43&quot;,&quot;date_upd&quot;:&quot;2025-06-30 11:57:44&quot;,&quot;pack_stock_type&quot;:&quot;0&quot;,&quot;meta_description&quot;:&quot;SOFu00c1 MENORCA TOTALMENTE DESENFUNDABLE&quot;,&quot;meta_keywords&quot;:&quot;&quot;,&quot;meta_title&quot;:&quot;SOFu00c1 MENORCA&quot;,&quot;link_rewrite&quot;:&quot;sofa-menorca&quot;,&quot;name&quot;:&quot;SOFu00c1 MENORCA&quot;,&quot;description&quot;:&quot;&quot;,&quot;description_short&quot;:&quot;&lt;p style=&quot;text-align: justify;&quot;&gt;&lt;strong&gt;Sofu00e1 tapizado Menorca.&lt;\/strong&gt; Este sofu00e1 con su &lt;strong&gt;diseu00f1o cu00e1lido, cu00f3modo y atemporal&lt;\/strong&gt; es perfecto para todo tipo de espacios. Su estilo de lu00edneas clu00e1sicas hace que se adapta fu00e1cilmente a cualquier tipo de ambiente. Tapizado con funda corta ajustada a la estructura y totalmente desenfundable. El sofu00e1 Menorca cuenta con unau00a0estructura en madera maciza recubierta de poliu00e9ter, suspensiu00f3n de cinchas elu00e1sticas entrelazadas, asiento 100% microfibra con inserto de poliu00e9ter 30Kg\/m3 y respaldo 100% microfibra. Ademu00e1s, tiene pies visibles de 5cm de altura, en madera de haya barnizada, color natural.&lt;\/p&gt;r\\n&lt;p style=&quot;text-align: justify;&quot;&gt;*Disponibles mu00e1s medidas y tapizados, consultar en tienda&lt;\/p&gt;&quot;,&quot;available_now&quot;:&quot;&quot;,&quot;available_later&quot;:&quot;&quot;,&quot;id&quot;:51389,&quot;id_product&quot;:51389,&quot;out_of_stock&quot;:2,&quot;new&quot;:0,&quot;id_product_attribute&quot;:30543,&quot;quantity_wanted&quot;:1,&quot;extraContent&quot;:[],&quot;allow_oosp&quot;:1,&quot;category&quot;:&quot;sofas-2-plazas-modernos&quot;,&quot;category_name&quot;:&quot;Sofu00e1s 2 plazas modernos&quot;,&quot;link&quot;:&quot;https:\/\/trendshome.es\/sofas-2-plazas-modernos\/51389-sofa-menorca.html&quot;,&quot;attribute_price&quot;:1446.28,&quot;price_tax_exc&quot;:2946.28,&quot;price_without_reduction&quot;:3564.9988,&quot;reduction&quot;:0,&quot;specific_prices&quot;:false,&quot;quantity&quot;:0,&quot;quantity_all_versions&quot;:0,&quot;id_image&quot;:&quot;es-default&quot;,&quot;features&quot;:[{&quot;name&quot;:&quot;Material&quot;,&quot;value&quot;:&quot;Madera, microfibra y poliu00e9ter&quot;,&quot;id_feature&quot;:&quot;5&quot;,&quot;position&quot;:&quot;24&quot;},{&quot;name&quot;:&quot;Estilo&quot;,&quot;value&quot;:&quot;Clu00e1sico&quot;,&quot;id_feature&quot;:&quot;6&quot;,&quot;position&quot;:&quot;25&quot;},{&quot;name&quot;:&quot;Referencia del proveedor&quot;,&quot;value&quot;:&quot;ANYA BASICS&quot;,&quot;id_feature&quot;:&quot;10&quot;,&quot;position&quot;:&quot;28&quot;},{&quot;name&quot;:&quot;Detalles&quot;,&quot;value&quot;:&quot;Totalmente desenfundable&quot;,&quot;id_feature&quot;:&quot;19&quot;,&quot;position&quot;:&quot;32&quot;}],&quot;attachments&quot;:[],&quot;virtual&quot;:0,&quot;pack&quot;:0,&quot;packItems&quot;:[],&quot;nopackprice&quot;:0,&quot;customization_required&quot;:false,&quot;attributes&quot;:{&quot;268&quot;:{&quot;id_attribute&quot;:&quot;1504&quot;,&quot;id_attribute_group&quot;:&quot;268&quot;,&quot;name&quot;:&quot;Jaipur arena&quot;,&quot;group&quot;:&quot;Telas Sofu00e1 Ibiza&quot;,&quot;reference&quot;:&quot;240236161&quot;,&quot;ean13&quot;:&quot;&quot;,&quot;isbn&quot;:&quot;&quot;,&quot;upc&quot;:&quot;&quot;,&quot;mpn&quot;:&quot;&quot;},&quot;458&quot;:{&quot;id_attribute&quot;:&quot;3393&quot;,&quot;id_attribute_group&quot;:&quot;458&quot;,&quot;name&quot;:&quot;311x170 cm. (chaiselongue)&quot;,&quot;group&quot;:&quot;Medidas Grassoler&quot;,&quot;reference&quot;:&quot;240236161&quot;,&quot;ean13&quot;:&quot;&quot;,&quot;isbn&quot;:&quot;&quot;,&quot;upc&quot;:&quot;&quot;,&quot;mpn&quot;:&quot;&quot;}},&quot;rate&quot;:21,&quot;tax_name&quot;:&quot;IVA ES 21%&quot;,&quot;ecotax_rate&quot;:0,&quot;unit_price&quot;:&quot;&quot;,&quot;customizations&quot;:{&quot;fields&quot;:[]},&quot;id_customization&quot;:0,&quot;is_customizable&quot;:false,&quot;show_quantities&quot;:false,&quot;quantity_label&quot;:&quot;Artu00edculo&quot;,&quot;quantity_discounts&quot;:[],&quot;customer_group_discount&quot;:0,&quot;images&quot;:[{&quot;bySize&quot;:{&quot;small_default&quot;:{&quot;url&quot;:&quot;https:\/\/trendshome.es\/126337-small_default\/sofa-menorca.jpg&quot;,&quot;width&quot;:127,&quot;height&quot;:127},&quot;cart_default&quot;:{&quot;url&quot;:&quot;https:\/\/trendshome.es\/126337-cart_default\/sofa-menorca.jpg&quot;,&quot;width&quot;:162,&quot;height&quot;:162},&quot;home_default&quot;:{&quot;url&quot;:&quot;https:\/\/trendshome.es\/126337-home_default\/sofa-menorca.jpg&quot;,&quot;width&quot;:450,&quot;height&quot;:565},&quot;medium_default&quot;:{&quot;url&quot;:&quot;https:\/\/trendshome.es\/126337-medium_default\/sofa-menorca.jpg&quot;,&quot;width&quot;:579,&quot;height&quot;:579},&quot;big_default&quot;:{&quot;url&quot;:&quot;https:\/\/trendshome.es\/126337-big_default\/sofa-menorca.jpg&quot;,&quot;width&quot;:568,&quot;height&quot;:649},&quot;large_default_2x&quot;:{&quot;url&quot;:&quot;https:\/\/trendshome.es\/126337-large_default_2x\/sofa-menorca.jpg&quot;,&quot;width&quot;:700,&quot;height&quot;:800},&quot;large_default&quot;:{&quot;url&quot;:&quot;https:\/\/trendshome.es\/126337-large_default\/sofa-menorca.jpg&quot;,&quot;width&quot;:790,&quot;height&quot;:790},&quot;thickbox_default&quot;:{&quot;url&quot;:&quot;https:\/\/trendshome.es\/126337-thickbox_default\/sofa-menorca.jpg&quot;,&quot;width&quot;:1422,&quot;height&quot;:1422}},&quot;small&quot;:{&quot;url&quot;:&quot;https:\/\/trendshome.es\/126337-small_default\/sofa-menorca.jpg&quot;,&quot;width&quot;:127,&quot;height&quot;:127},&quot;medium&quot;:{&quot;url&quot;:&quot;https:\/\/trendshome.es\/126337-big_default\/sofa-menorca.jpg&quot;,&quot;width&quot;:568,&quot;height&quot;:649},&quot;large&quot;:{&quot;url&quot;:&quot;https:\/\/trendshome.es\/126337-thickbox_default\/sofa-menorca.jpg&quot;,&quot;width&quot;:1422,&quot;height&quot;:1422},&quot;legend&quot;:&quot;SOFu00c1 MENORCA&quot;,&quot;id_image&quot;:&quot;126337&quot;,&quot;cover&quot;:&quot;1&quot;,&quot;position&quot;:&quot;1&quot;,&quot;associatedVariants&quot;:[]},{&quot;bySize&quot;:{&quot;small_default&quot;:{&quot;url&quot;:&quot;https:\/\/trendshome.es\/126338-small_default\/sofa-menorca.jpg&quot;,&quot;width&quot;:127,&quot;height&quot;:127},&quot;cart_default&quot;:{&quot;url&quot;:&quot;https:\/\/trendshome.es\/126338-cart_default\/sofa-menorca.jpg&quot;,&quot;width&quot;:162,&quot;height&quot;:162},&quot;home_default&quot;:{&quot;url&quot;:&quot;https:\/\/trendshome.es\/126338-home_default\/sofa-menorca.jpg&quot;,&quot;width&quot;:450,&quot;height&quot;:565},&quot;medium_default&quot;:{&quot;url&quot;:&quot;https:\/\/trendshome.es\/126338-medium_default\/sofa-menorca.jpg&quot;,&quot;width&quot;:579,&quot;height&quot;:579},&quot;big_default&quot;:{&quot;url&quot;:&quot;https:\/\/trendshome.es\/126338-big_default\/sofa-menorca.jpg&quot;,&quot;width&quot;:568,&quot;height&quot;:649},&quot;large_default_2x&quot;:{&quot;url&quot;:&quot;https:\/\/trendshome.es\/126338-large_default_2x\/sofa-menorca.jpg&quot;,&quot;width&quot;:700,&quot;height&quot;:800},&quot;large_default&quot;:{&quot;url&quot;:&quot;https:\/\/trendshome.es\/126338-large_default\/sofa-menorca.jpg&quot;,&quot;width&quot;:790,&quot;height&quot;:790},&quot;thickbox_default&quot;:{&quot;url&quot;:&quot;https:\/\/trendshome.es\/126338-thickbox_default\/sofa-menorca.jpg&quot;,&quot;width&quot;:1422,&quot;height&quot;:1422}},&quot;small&quot;:{&quot;url&quot;:&quot;https:\/\/trendshome.es\/126338-small_default\/sofa-menorca.jpg&quot;,&quot;width&quot;:127,&quot;height&quot;:127},&quot;medium&quot;:{&quot;url&quot;:&quot;https:\/\/trendshome.es\/126338-big_default\/sofa-menorca.jpg&quot;,&quot;width&quot;:568,&quot;height&quot;:649},&quot;large&quot;:{&quot;url&quot;:&quot;https:\/\/trendshome.es\/126338-thickbox_default\/sofa-menorca.jpg&quot;,&quot;width&quot;:1422,&quot;height&quot;:1422},&quot;legend&quot;:&quot;&quot;,&quot;id_image&quot;:&quot;126338&quot;,&quot;cover&quot;:null,&quot;position&quot;:&quot;2&quot;,&quot;associatedVariants&quot;:[]},{&quot;bySize&quot;:{&quot;small_default&quot;:{&quot;url&quot;:&quot;https:\/\/trendshome.es\/126339-small_default\/sofa-menorca.jpg&quot;,&quot;width&quot;:127,&quot;height&quot;:127},&quot;cart_default&quot;:{&quot;url&quot;:&quot;https:\/\/trendshome.es\/126339-cart_default\/sofa-menorca.jpg&quot;,&quot;width&quot;:162,&quot;height&quot;:162},&quot;home_default&quot;:{&quot;url&quot;:&quot;https:\/\/trendshome.es\/126339-home_default\/sofa-menorca.jpg&quot;,&quot;width&quot;:450,&quot;height&quot;:565},&quot;medium_default&quot;:{&quot;url&quot;:&quot;https:\/\/trendshome.es\/126339-medium_default\/sofa-menorca.jpg&quot;,&quot;width&quot;:579,&quot;height&quot;:579},&quot;big_default&quot;:{&quot;url&quot;:&quot;https:\/\/trendshome.es\/126339-big_default\/sofa-menorca.jpg&quot;,&quot;width&quot;:568,&quot;height&quot;:649},&quot;large_default_2x&quot;:{&quot;url&quot;:&quot;https:\/\/trendshome.es\/126339-large_default_2x\/sofa-menorca.jpg&quot;,&quot;width&quot;:700,&quot;height&quot;:800},&quot;large_default&quot;:{&quot;url&quot;:&quot;https:\/\/trendshome.es\/126339-large_default\/sofa-menorca.jpg&quot;,&quot;width&quot;:790,&quot;height&quot;:790},&quot;thickbox_default&quot;:{&quot;url&quot;:&quot;https:\/\/trendshome.es\/126339-thickbox_default\/sofa-menorca.jpg&quot;,&quot;width&quot;:1422,&quot;height&quot;:1422}},&quot;small&quot;:{&quot;url&quot;:&quot;https:\/\/trendshome.es\/126339-small_default\/sofa-menorca.jpg&quot;,&quot;width&quot;:127,&quot;height&quot;:127},&quot;medium&quot;:{&quot;url&quot;:&quot;https:\/\/trendshome.es\/126339-big_default\/sofa-menorca.jpg&quot;,&quot;width&quot;:568,&quot;height&quot;:649},&quot;large&quot;:{&quot;url&quot;:&quot;https:\/\/trendshome.es\/126339-thickbox_default\/sofa-menorca.jpg&quot;,&quot;width&quot;:1422,&quot;height&quot;:1422},&quot;legend&quot;:&quot;&quot;,&quot;id_image&quot;:&quot;126339&quot;,&quot;cover&quot;:null,&quot;position&quot;:&quot;3&quot;,&quot;associatedVariants&quot;:[]},{&quot;bySize&quot;:{&quot;small_default&quot;:{&quot;url&quot;:&quot;https:\/\/trendshome.es\/126340-small_default\/sofa-menorca.jpg&quot;,&quot;width&quot;:127,&quot;height&quot;:127},&quot;cart_default&quot;:{&quot;url&quot;:&quot;https:\/\/trendshome.es\/126340-cart_default\/sofa-menorca.jpg&quot;,&quot;width&quot;:162,&quot;height&quot;:162},&quot;home_default&quot;:{&quot;url&quot;:&quot;https:\/\/trendshome.es\/126340-home_default\/sofa-menorca.jpg&quot;,&quot;width&quot;:450,&quot;height&quot;:565},&quot;medium_default&quot;:{&quot;url&quot;:&quot;https:\/\/trendshome.es\/126340-medium_default\/sofa-menorca.jpg&quot;,&quot;width&quot;:579,&quot;height&quot;:579},&quot;big_default&quot;:{&quot;url&quot;:&quot;https:\/\/trendshome.es\/126340-big_default\/sofa-menorca.jpg&quot;,&quot;width&quot;:568,&quot;height&quot;:649},&quot;large_default_2x&quot;:{&quot;url&quot;:&quot;https:\/\/trendshome.es\/126340-large_default_2x\/sofa-menorca.jpg&quot;,&quot;width&quot;:700,&quot;height&quot;:800},&quot;large_default&quot;:{&quot;url&quot;:&quot;https:\/\/trendshome.es\/126340-large_default\/sofa-menorca.jpg&quot;,&quot;width&quot;:790,&quot;height&quot;:790},&quot;thickbox_default&quot;:{&quot;url&quot;:&quot;https:\/\/trendshome.es\/126340-thickbox_default\/sofa-menorca.jpg&quot;,&quot;width&quot;:1422,&quot;height&quot;:1422}},&quot;small&quot;:{&quot;url&quot;:&quot;https:\/\/trendshome.es\/126340-small_default\/sofa-menorca.jpg&quot;,&quot;width&quot;:127,&quot;height&quot;:127},&quot;medium&quot;:{&quot;url&quot;:&quot;https:\/\/trendshome.es\/126340-big_default\/sofa-menorca.jpg&quot;,&quot;width&quot;:568,&quot;height&quot;:649},&quot;large&quot;:{&quot;url&quot;:&quot;https:\/\/trendshome.es\/126340-thickbox_default\/sofa-menorca.jpg&quot;,&quot;width&quot;:1422,&quot;height&quot;:1422},&quot;legend&quot;:&quot;&quot;,&quot;id_image&quot;:&quot;126340&quot;,&quot;cover&quot;:null,&quot;position&quot;:&quot;4&quot;,&quot;associatedVariants&quot;:[]},{&quot;bySize&quot;:{&quot;small_default&quot;:{&quot;url&quot;:&quot;https:\/\/trendshome.es\/126341-small_default\/sofa-menorca.jpg&quot;,&quot;width&quot;:127,&quot;height&quot;:127},&quot;cart_default&quot;:{&quot;url&quot;:&quot;https:\/\/trendshome.es\/126341-cart_default\/sofa-menorca.jpg&quot;,&quot;width&quot;:162,&quot;height&quot;:162},&quot;home_default&quot;:{&quot;url&quot;:&quot;https:\/\/trendshome.es\/126341-home_default\/sofa-menorca.jpg&quot;,&quot;width&quot;:450,&quot;height&quot;:565},&quot;medium_default&quot;:{&quot;url&quot;:&quot;https:\/\/trendshome.es\/126341-medium_default\/sofa-menorca.jpg&quot;,&quot;width&quot;:579,&quot;height&quot;:579},&quot;big_default&quot;:{&quot;url&quot;:&quot;https:\/\/trendshome.es\/126341-big_default\/sofa-menorca.jpg&quot;,&quot;width&quot;:568,&quot;height&quot;:649},&quot;large_default_2x&quot;:{&quot;url&quot;:&quot;https:\/\/trendshome.es\/126341-large_default_2x\/sofa-menorca.jpg&quot;,&quot;width&quot;:700,&quot;height&quot;:800},&quot;large_default&quot;:{&quot;url&quot;:&quot;https:\/\/trendshome.es\/126341-large_default\/sofa-menorca.jpg&quot;,&quot;width&quot;:790,&quot;height&quot;:790},&quot;thickbox_default&quot;:{&quot;url&quot;:&quot;https:\/\/trendshome.es\/126341-thickbox_default\/sofa-menorca.jpg&quot;,&quot;width&quot;:1422,&quot;height&quot;:1422}},&quot;small&quot;:{&quot;url&quot;:&quot;https:\/\/trendshome.es\/126341-small_default\/sofa-menorca.jpg&quot;,&quot;width&quot;:127,&quot;height&quot;:127},&quot;medium&quot;:{&quot;url&quot;:&quot;https:\/\/trendshome.es\/126341-big_default\/sofa-menorca.jpg&quot;,&quot;width&quot;:568,&quot;height&quot;:649},&quot;large&quot;:{&quot;url&quot;:&quot;https:\/\/trendshome.es\/126341-thickbox_default\/sofa-menorca.jpg&quot;,&quot;width&quot;:1422,&quot;height&quot;:1422},&quot;legend&quot;:&quot;&quot;,&quot;id_image&quot;:&quot;126341&quot;,&quot;cover&quot;:null,&quot;position&quot;:&quot;5&quot;,&quot;associatedVariants&quot;:[]}],&quot;cover&quot;:{&quot;bySize&quot;:{&quot;small_default&quot;:{&quot;url&quot;:&quot;https:\/\/trendshome.es\/126337-small_default\/sofa-menorca.jpg&quot;,&quot;width&quot;:127,&quot;height&quot;:127},&quot;cart_default&quot;:{&quot;url&quot;:&quot;https:\/\/trendshome.es\/126337-cart_default\/sofa-menorca.jpg&quot;,&quot;width&quot;:162,&quot;height&quot;:162},&quot;home_default&quot;:{&quot;url&quot;:&quot;https:\/\/trendshome.es\/126337-home_default\/sofa-menorca.jpg&quot;,&quot;width&quot;:450,&quot;height&quot;:565},&quot;medium_default&quot;:{&quot;url&quot;:&quot;https:\/\/trendshome.es\/126337-medium_default\/sofa-menorca.jpg&quot;,&quot;width&quot;:579,&quot;height&quot;:579},&quot;big_default&quot;:{&quot;url&quot;:&quot;https:\/\/trendshome.es\/126337-big_default\/sofa-menorca.jpg&quot;,&quot;width&quot;:568,&quot;height&quot;:649},&quot;large_default_2x&quot;:{&quot;url&quot;:&quot;https:\/\/trendshome.es\/126337-large_default_2x\/sofa-menorca.jpg&quot;,&quot;width&quot;:700,&quot;height&quot;:800},&quot;large_default&quot;:{&quot;url&quot;:&quot;https:\/\/trendshome.es\/126337-large_default\/sofa-menorca.jpg&quot;,&quot;width&quot;:790,&quot;height&quot;:790},&quot;thickbox_default&quot;:{&quot;url&quot;:&quot;https:\/\/trendshome.es\/126337-thickbox_default\/sofa-menorca.jpg&quot;,&quot;width&quot;:1422,&quot;height&quot;:1422}},&quot;small&quot;:{&quot;url&quot;:&quot;https:\/\/trendshome.es\/126337-small_default\/sofa-menorca.jpg&quot;,&quot;width&quot;:127,&quot;height&quot;:127},&quot;medium&quot;:{&quot;url&quot;:&quot;https:\/\/trendshome.es\/126337-big_default\/sofa-menorca.jpg&quot;,&quot;width&quot;:568,&quot;height&quot;:649},&quot;large&quot;:{&quot;url&quot;:&quot;https:\/\/trendshome.es\/126337-thickbox_default\/sofa-menorca.jpg&quot;,&quot;width&quot;:1422,&quot;height&quot;:1422},&quot;legend&quot;:&quot;SOFu00c1 MENORCA&quot;,&quot;id_image&quot;:&quot;126337&quot;,&quot;cover&quot;:&quot;1&quot;,&quot;position&quot;:&quot;1&quot;,&quot;associatedVariants&quot;:[]},&quot;has_discount&quot;:false,&quot;discount_type&quot;:null,&quot;discount_percentage&quot;:null,&quot;discount_percentage_absolute&quot;:null,&quot;discount_amount&quot;:null,&quot;discount_amount_to_display&quot;:null,&quot;price_amount&quot;:3565,&quot;unit_price_full&quot;:&quot;&quot;,&quot;show_availability&quot;:true,&quot;availability_message&quot;:&quot;Disponible bajo pedido - Consultar plazo de entrega&quot;,&quot;availability_date&quot;:null,&quot;availability&quot;:&quot;available&quot;}\">\n<section class=\"product-features\">\n<dl class=\"data-sheet\">\n<dt class=\"name\">Material<\/dt>\n<dd class=\"value\">Madera, microfibra y poli\u00e9ter<\/dd>\n<dt class=\"name\">Estilo<\/dt>\n<dd class=\"value\">Cl\u00e1sico<\/dd>\n<dt class=\"name\">Detalles<\/dt>\n<dd class=\"value\">Totalmente desenfundable<\/dd>\n<\/dl>\n<\/section>\n<\/div>\n<\/div>\n<\/div>\n","protected":false},"excerpt":{"rendered":"<p><strong>Sof\u00e1 tapizado Menorca.<\/strong>\u00a0Este sof\u00e1 con su\u00a0<strong>dise\u00f1o c\u00e1lido, c\u00f3modo y atemporal<\/strong>\u00a0es perfecto para todo tipo de espacios. Su estilo de l\u00edneas cl\u00e1sicas hace que se adapta f\u00e1cilmente a cualquier tipo de ambiente. Tapizado con funda corta ajustada a la estructura y totalmente desenfundable. El sof\u00e1 Menorca cuenta con una\u00a0estructura en madera maciza recubierta de poli\u00e9ter, suspensi\u00f3n de cinchas el\u00e1sticas entrelazadas, asiento 100% microfibra con inserto de poli\u00e9ter 30Kg\/m3 y respaldo 100% microfibra. Adem\u00e1s, tiene pies visibles de 5cm de altura, en madera de haya barnizada, color natural.<\/p>\n<p>*Disponibles m\u00e1s medidas y tapizados, consultar en tienda<\/p>\n","protected":false},"featured_media":5066,"comment_status":"open","ping_status":"closed","template":"","meta":[],"product_brand":[],"product_cat":[102],"product_tag":[],"class_list":{"0":"post-4960","1":"product","2":"type-product","3":"status-publish","4":"has-post-thumbnail","6":"product_cat-sofas-y-gamas","8":"first","9":"instock","10":"shipping-taxable","11":"purchasable","12":"product-type-simple"},"jetpack_sharing_enabled":true,"_links":{"self":[{"href":"https:\/\/yomas-electrodomesticos.com\/index.php\/wp-json\/wp\/v2\/product\/4960","targetHints":{"allow":["GET"]}}],"collection":[{"href":"https:\/\/yomas-electrodomesticos.com\/index.php\/wp-json\/wp\/v2\/product"}],"about":[{"href":"https:\/\/yomas-electrodomesticos.com\/index.php\/wp-json\/wp\/v2\/types\/product"}],"replies":[{"embeddable":true,"href":"https:\/\/yomas-electrodomesticos.com\/index.php\/wp-json\/wp\/v2\/comments?post=4960"}],"version-history":[{"count":1,"href":"https:\/\/yomas-electrodomesticos.com\/index.php\/wp-json\/wp\/v2\/product\/4960\/revisions"}],"predecessor-version":[{"id":5067,"href":"https:\/\/yomas-electrodomesticos.com\/index.php\/wp-json\/wp\/v2\/product\/4960\/revisions\/5067"}],"wp:featuredmedia":[{"embeddable":true,"href":"https:\/\/yomas-electrodomesticos.com\/index.php\/wp-json\/wp\/v2\/media\/5066"}],"wp:attachment":[{"href":"https:\/\/yomas-electrodomesticos.com\/index.php\/wp-json\/wp\/v2\/media?parent=4960"}],"wp:term":[{"taxonomy":"product_brand","embeddable":true,"href":"https:\/\/yomas-electrodomesticos.com\/index.php\/wp-json\/wp\/v2\/product_brand?post=4960"},{"taxonomy":"product_cat","embeddable":true,"href":"https:\/\/yomas-electrodomesticos.com\/index.php\/wp-json\/wp\/v2\/product_cat?post=4960"},{"taxonomy":"product_tag","embeddable":true,"href":"https:\/\/yomas-electrodomesticos.com\/index.php\/wp-json\/wp\/v2\/product_tag?post=4960"}],"curies":[{"name":"wp","href":"https:\/\/api.w.org\/{rel}","templated":true}]}}