{"id":5513,"date":"2025-08-27T00:11:29","date_gmt":"2025-08-26T22:11:29","guid":{"rendered":"https:\/\/yomas-electrodomesticos.com\/?post_type=product&#038;p=5513"},"modified":"2025-08-27T00:12:12","modified_gmt":"2025-08-26T22:12:12","slug":"gopro-hero10-black","status":"publish","type":"product","link":"https:\/\/yomas-electrodomesticos.com\/index.php\/producto\/gopro-hero10-black\/","title":{"rendered":"GoPro HERO10 Black"},"content":{"rendered":"<p>Descubre la\u00a0<strong>GoPro HERO10 Black<\/strong>, la c\u00e1mara deportiva definitiva para capturar tus aventuras con una calidad sin concesiones.<br \/>\nEquipada con un nuevo procesador ultra potente, permite grabaciones de v\u00eddeo en\u00a0<strong>5.3K a 60 fps<\/strong>\u00a0y en\u00a0<strong>4K a 120 fps<\/strong>.<br \/>\nSu resoluci\u00f3n fotogr\u00e1fica de\u00a0<strong>23 megap\u00edxeles con HDR<\/strong>\u00a0ofrece im\u00e1genes de una nitidez y claridad excepcionales.<\/p>\n<h2>Caracter\u00edsticas t\u00e9cnicas<\/h2>\n<ul>\n<li><strong>Otras caracter\u00edsticas:<\/strong>\u00a0Fecha \/ Marca de tiempo, Altavoces integrados<\/li>\n<li><strong>Puntos de enfoque autom\u00e1tico:<\/strong>\u00a05 puntos<\/li>\n<li><strong>Profundidad de la c\u00e1mara:<\/strong>\u00a050,8 mm<\/li>\n<li><strong>Ancho de la c\u00e1mara:<\/strong>\u00a0203,2 mm<\/li>\n<li><strong>Tipo de c\u00e1mara:<\/strong>\u00a0C\u00e1mara de acci\u00f3n<\/li>\n<li><strong>Color:<\/strong>\u00a0Negro<\/li>\n<li><strong>Caracter\u00edsticas:<\/strong>\u00a0C\u00e1mara de acci\u00f3n, Control remoto, Detecci\u00f3n de rostro, Formato amplio, GPS, Alta definici\u00f3n, Kit, Luces integradas, Modo nocturno, Temporizador, Ajustes manuales de zoom, Estabilizaci\u00f3n de imagen, Streaming, Pantalla t\u00e1ctil, Resistente al agua<\/li>\n<li><strong>Tama\u00f1o del filtro:<\/strong>\u00a015,1 mm<\/li>\n<li><strong>Modos de flash:<\/strong>\u00a0Autom\u00e1tico<\/li>\n<li><strong>Enfoque:<\/strong>\u00a0Autom\u00e1tico<\/li>\n<li><strong>Capacidad de la tarjeta de memoria incluida:<\/strong>\u00a064 GB<\/li>\n<li><strong>Tipo de lente:<\/strong>\u00a0Gran angular<\/li>\n<li><strong>Caracter\u00edsticas del micr\u00f3fono:<\/strong>\u00a0Micr\u00f3fono con zoom<\/li>\n<li><strong>Formato de grabaci\u00f3n de audio:<\/strong>\u00a0Est\u00e9reo<\/li>\n<li><strong>N\u00famero de accesorios en el paquete:<\/strong>\u00a020 accesorios, 50 accesorios<\/li>\n<li><strong>Sensor \u00f3ptico:<\/strong>\u00a0CMOS<\/li>\n<li><strong>Tama\u00f1o de la pantalla:<\/strong>\u00a02,7 pulgadas<\/li>\n<li><strong>Modos de escena:<\/strong>\u00a0Modo deportivo<\/li>\n<li><strong>Profundidad de resistencia al agua:<\/strong>\u00a09,1 m (30 pies)<\/li>\n<li><strong>Tipo de visor:<\/strong>\u00a0LCD<\/li>\n<li><strong>Modos de exposici\u00f3n y balance de blancos:<\/strong>\u00a0Autom\u00e1tico, Programado<\/li>\n<li><strong>Ajustes predefinidos de balance de blancos:<\/strong>\u00a0Submarino<\/li>\n<li><strong>Interfaz inal\u00e1mbrica:<\/strong>\u00a0Bluetooth<\/li>\n<li><strong>Conectividad:<\/strong>\u00a0HDMI, Inal\u00e1mbrica, USB<\/li>\n<li><strong>Formatos HD compatibles:<\/strong>\u00a01080p, 4K<\/li>\n<li><strong>Zoom \u00f3ptico:<\/strong>\u00a05x<\/li>\n<li><strong>Resoluci\u00f3n del sensor:<\/strong>\u00a023 MP<\/li>\n<li><strong>Medios de almacenamiento:<\/strong>\u00a0Tarjeta SD, Tarjeta microSD<\/li>\n<li><strong>Formato de v\u00eddeo:<\/strong>\u00a0H.264 \/ AVC<\/li>\n<\/ul>\n","protected":false},"excerpt":{"rendered":"<p>Descubre la GoPro HERO10 Black, la c\u00e1mara deportiva definitiva para capturar tus aventuras con una calidad sin concesiones.<br \/>\nEquipada con un nuevo procesador ultra potente, permite grabaciones de v\u00eddeo en 5.3K a 60 fps y en 4K a 120 fps.<br \/>\nSu resoluci\u00f3n fotogr\u00e1fica de 23 megap\u00edxeles\u2026<\/p>\n","protected":false},"featured_media":5755,"comment_status":"open","ping_status":"closed","template":"","meta":[],"product_brand":[],"product_cat":[106],"product_tag":[],"class_list":{"0":"post-5513","1":"product","2":"type-product","3":"status-publish","4":"has-post-thumbnail","6":"product_cat-camaras-canon","8":"first","9":"instock","10":"sale","11":"shipping-taxable","12":"purchasable","13":"product-type-simple"},"jetpack_sharing_enabled":true,"_links":{"self":[{"href":"https:\/\/yomas-electrodomesticos.com\/index.php\/wp-json\/wp\/v2\/product\/5513","targetHints":{"allow":["GET"]}}],"collection":[{"href":"https:\/\/yomas-electrodomesticos.com\/index.php\/wp-json\/wp\/v2\/product"}],"about":[{"href":"https:\/\/yomas-electrodomesticos.com\/index.php\/wp-json\/wp\/v2\/types\/product"}],"replies":[{"embeddable":true,"href":"https:\/\/yomas-electrodomesticos.com\/index.php\/wp-json\/wp\/v2\/comments?post=5513"}],"version-history":[{"count":1,"href":"https:\/\/yomas-electrodomesticos.com\/index.php\/wp-json\/wp\/v2\/product\/5513\/revisions"}],"predecessor-version":[{"id":5756,"href":"https:\/\/yomas-electrodomesticos.com\/index.php\/wp-json\/wp\/v2\/product\/5513\/revisions\/5756"}],"wp:featuredmedia":[{"embeddable":true,"href":"https:\/\/yomas-electrodomesticos.com\/index.php\/wp-json\/wp\/v2\/media\/5755"}],"wp:attachment":[{"href":"https:\/\/yomas-electrodomesticos.com\/index.php\/wp-json\/wp\/v2\/media?parent=5513"}],"wp:term":[{"taxonomy":"product_brand","embeddable":true,"href":"https:\/\/yomas-electrodomesticos.com\/index.php\/wp-json\/wp\/v2\/product_brand?post=5513"},{"taxonomy":"product_cat","embeddable":true,"href":"https:\/\/yomas-electrodomesticos.com\/index.php\/wp-json\/wp\/v2\/product_cat?post=5513"},{"taxonomy":"product_tag","embeddable":true,"href":"https:\/\/yomas-electrodomesticos.com\/index.php\/wp-json\/wp\/v2\/product_tag?post=5513"}],"curies":[{"name":"wp","href":"https:\/\/api.w.org\/{rel}","templated":true}]}}