{"id":5519,"date":"2025-08-27T00:11:30","date_gmt":"2025-08-26T22:11:30","guid":{"rendered":"https:\/\/yomas-electrodomesticos.com\/?post_type=product&#038;p=5519"},"modified":"2025-08-27T00:12:21","modified_gmt":"2025-08-26T22:12:21","slug":"insta360-x5-standard","status":"publish","type":"product","link":"https:\/\/yomas-electrodomesticos.com\/index.php\/producto\/insta360-x5-standard\/","title":{"rendered":"Insta360 X5 Standard"},"content":{"rendered":"<p>La Insta360 X5 ofrece una calidad de imagen excepcional, incluso en condiciones de poca luz, gracias a sus nuevos sensores m\u00e1s grandes de 1\/1,28\u2033 y a sus chips Pro Imaging especiales.<br \/>\nEl modo PureVideo con reducci\u00f3n de ruido por inteligencia artificial garantiza im\u00e1genes n\u00edtidas y v\u00edvidas en cualquier condici\u00f3n de iluminaci\u00f3n.<br \/>\nLos v\u00eddeos en 360\u00b0 permiten seleccionar posteriormente el mejor \u00e1ngulo gracias al recorte asistido por IA.<\/p>\n<h2>Caracter\u00edsticas t\u00e9cnicas<\/h2>\n<ul>\n<li><strong>Puntos de enfoque autom\u00e1tico:<\/strong>\u00a03 puntos<\/li>\n<li><strong>Profundidad de la c\u00e1mara:<\/strong>\u00a038,1 mm<\/li>\n<li><strong>Altura de la c\u00e1mara:<\/strong>\u00a0124,5 mm<\/li>\n<li><strong>Tipo de c\u00e1mara:<\/strong>\u00a0C\u00e1mara de acci\u00f3n<\/li>\n<li><strong>Peso de la c\u00e1mara:<\/strong>\u00a00,2 kg<\/li>\n<li><strong>Ancho de la c\u00e1mara:<\/strong>\u00a045,72 mm<\/li>\n<li><strong>Colores disponibles:<\/strong>\u00a0Negro, Blanco<\/li>\n<li><strong>Resoluci\u00f3n de pantalla:<\/strong>\u00a04.320 p\u00edxeles<\/li>\n<li><strong>Caracter\u00edsticas:<\/strong>\u00a0C\u00e1mara de acci\u00f3n, Control remoto, Kit, Modo nocturno, Ajustes manuales de zoom, V\u00eddeo en 360\u00b0, Pantalla t\u00e1ctil, Resistente al agua<\/li>\n<li><strong>Enfoque:<\/strong>\u00a0Autom\u00e1tico, Manual<\/li>\n<li><strong>Capacidad de la tarjeta de memoria incluida:<\/strong>\u00a0256 GB<\/li>\n<li><strong>Tipo de lente:<\/strong>\u00a0Gran angular<\/li>\n<li><strong>Temperatura m\u00e1xima de funcionamiento:<\/strong>\u00a040\u202f\u00b0C (104\u202f\u00b0F)<\/li>\n<li><strong>Tiempo de exposici\u00f3n m\u00e1ximo:<\/strong>\u00a01\/8000 s<\/li>\n<li><strong>Caracter\u00edsticas del micr\u00f3fono:<\/strong>\u00a0Reducci\u00f3n de ruido del viento<\/li>\n<li><strong>Formato de grabaci\u00f3n de audio:<\/strong>\u00a0Est\u00e9reo<\/li>\n<li><strong>Distancia m\u00ednima de enfoque:<\/strong>\u00a061 cm (24 in)<\/li>\n<li><strong>Tipo de sensor \u00f3ptico:<\/strong>\u00a0CMOS<\/li>\n<li><strong>Tama\u00f1o de la pantalla:<\/strong>\u00a02,5 pulgadas<\/li>\n<li><strong>Modos de escena:<\/strong>\u00a0Baja luz, Playa y nieve<\/li>\n<li><strong>Profundidad de resistencia al agua:<\/strong>\u00a013,7 m (45 pies)<\/li>\n<li><strong>Modos de exposici\u00f3n y balance de blancos:<\/strong>\u00a0Autom\u00e1ticos<\/li>\n<li><strong>Interfaz inal\u00e1mbrica:<\/strong>\u00a0Bluetooth, IEEE<\/li>\n<li><strong>Conectividad:<\/strong>\u00a0Inal\u00e1mbrica, USB<\/li>\n<li><strong>Formatos HD compatibles:<\/strong>\u00a01080p, 4K<\/li>\n<li><strong>Zoom \u00f3ptico:<\/strong>\u00a09x<\/li>\n<li><strong>Resoluci\u00f3n del sensor:<\/strong>\u00a072 MP<\/li>\n<li><strong>Medios de almacenamiento:<\/strong>\u00a0Tarjeta SD, Tarjeta microSD<\/li>\n<li><strong>Formato de v\u00eddeo:<\/strong>\u00a0H.264 \/ AVC<\/li>\n<\/ul>\n","protected":false},"excerpt":{"rendered":"<p>La Insta360 X5 ofrece una calidad de imagen excepcional, incluso en condiciones de poca luz, gracias a sus nuevos sensores m\u00e1s grandes de 1\/1,28\u2033 y a sus chips Pro Imaging especiales.<br \/>\nEl modo PureVideo con reducci\u00f3n de ruido por inteligencia artificial garantiza im\u00e1genes n\u00edtidas y v\u00edv\u2026<\/p>\n","protected":false},"featured_media":5845,"comment_status":"open","ping_status":"closed","template":"","meta":[],"product_brand":[],"product_cat":[106],"product_tag":[],"class_list":{"0":"post-5519","1":"product","2":"type-product","3":"status-publish","4":"has-post-thumbnail","6":"product_cat-camaras-canon","8":"first","9":"instock","10":"sale","11":"shipping-taxable","12":"purchasable","13":"product-type-simple"},"jetpack_sharing_enabled":true,"_links":{"self":[{"href":"https:\/\/yomas-electrodomesticos.com\/index.php\/wp-json\/wp\/v2\/product\/5519","targetHints":{"allow":["GET"]}}],"collection":[{"href":"https:\/\/yomas-electrodomesticos.com\/index.php\/wp-json\/wp\/v2\/product"}],"about":[{"href":"https:\/\/yomas-electrodomesticos.com\/index.php\/wp-json\/wp\/v2\/types\/product"}],"replies":[{"embeddable":true,"href":"https:\/\/yomas-electrodomesticos.com\/index.php\/wp-json\/wp\/v2\/comments?post=5519"}],"version-history":[{"count":1,"href":"https:\/\/yomas-electrodomesticos.com\/index.php\/wp-json\/wp\/v2\/product\/5519\/revisions"}],"predecessor-version":[{"id":5846,"href":"https:\/\/yomas-electrodomesticos.com\/index.php\/wp-json\/wp\/v2\/product\/5519\/revisions\/5846"}],"wp:featuredmedia":[{"embeddable":true,"href":"https:\/\/yomas-electrodomesticos.com\/index.php\/wp-json\/wp\/v2\/media\/5845"}],"wp:attachment":[{"href":"https:\/\/yomas-electrodomesticos.com\/index.php\/wp-json\/wp\/v2\/media?parent=5519"}],"wp:term":[{"taxonomy":"product_brand","embeddable":true,"href":"https:\/\/yomas-electrodomesticos.com\/index.php\/wp-json\/wp\/v2\/product_brand?post=5519"},{"taxonomy":"product_cat","embeddable":true,"href":"https:\/\/yomas-electrodomesticos.com\/index.php\/wp-json\/wp\/v2\/product_cat?post=5519"},{"taxonomy":"product_tag","embeddable":true,"href":"https:\/\/yomas-electrodomesticos.com\/index.php\/wp-json\/wp\/v2\/product_tag?post=5519"}],"curies":[{"name":"wp","href":"https:\/\/api.w.org\/{rel}","templated":true}]}}