{"id":5814,"date":"2025-08-27T00:12:16","date_gmt":"2025-08-26T22:12:16","guid":{"rendered":"https:\/\/yomas-electrodomesticos.com\/?post_type=product&#038;p=5814"},"modified":"2025-08-27T00:13:09","modified_gmt":"2025-08-26T22:13:09","slug":"tamron-17-70mm-f-2-8-di-iii-a-vc-rxd-para-sony-e","status":"publish","type":"product","link":"https:\/\/yomas-electrodomesticos.com\/index.php\/producto\/tamron-17-70mm-f-2-8-di-iii-a-vc-rxd-para-sony-e\/","title":{"rendered":"Tamron 17-70mm F\/2.8 Di III-A VC RXD para Sony E"},"content":{"rendered":"<p>El Tamron 17-70 mm F2.8 es el primer objetivo zoom luminoso y de alta velocidad de la marca, dise\u00f1ado para c\u00e1maras sin espejo con sensor APS-C. Gracias a su apertura constante de F2.8 en toda la gama de zoom (equivalente a 25,5\u2013105 mm en formato completo), este objetivo compacto ofrece una versatilidad excepcional para la fotograf\u00eda cotidiana, garantizando al mismo tiempo un rendimiento \u00f3ptico de alto nivel.<\/p>\n<h3>Puntos destacados<\/h3>\n<ul>\n<li>Primer zoom F2.8 con rango de 17\u201370 mm (equiv. 25,5\u2013105 mm) para c\u00e1maras APS-C sin espejo<\/li>\n<li>Estabilizaci\u00f3n VC (compensaci\u00f3n de vibraci\u00f3n) integrada con tecnolog\u00eda IA para v\u00eddeo<\/li>\n<li>Distancia m\u00ednima de enfoque excepcional de 0,19 m a 17 mm<\/li>\n<li>\u00d3ptica compacta y ligera: solo 525 g<\/li>\n<li>Motor RXD ultra silencioso, ideal para v\u00eddeo<\/li>\n<li>Construcci\u00f3n resistente a la humedad y revestimiento de fl\u00faor para mayor protecci\u00f3n<\/li>\n<li>Compatible con enfoque autom\u00e1tico h\u00edbrido r\u00e1pido y detecci\u00f3n ocular de Sony<\/li>\n<\/ul>\n<h3>Rendimiento \u00f3ptico<\/h3>\n<p>Su dise\u00f1o \u00f3ptico incluye 16 elementos en 12 grupos, entre los cuales hay dos lentes asf\u00e9ricas GM (moldeadas en vidrio) y una lente asf\u00e9rica h\u00edbrida para mantener una nitidez \u00f3ptima en toda la imagen.<\/p>\n<h3>Estabilizaci\u00f3n de imagen avanzada<\/h3>\n<p>El sistema VC utiliza un procesador dedicado y algoritmos optimizados. Mejora a\u00fan m\u00e1s la estabilizaci\u00f3n de v\u00eddeo gracias a la inteligencia artificial, incluso en cuerpos sin estabilizaci\u00f3n interna.<\/p>\n<h3>Enfoque cercano<\/h3>\n<ul>\n<li><strong>Distancia m\u00ednima de enfoque:<\/strong>\u00a00,19 m a 17 mm \/ 0,39 m a 70 mm<\/li>\n<li><strong>Relaci\u00f3n m\u00e1xima de reproducci\u00f3n:<\/strong>\u00a01:4.8 (gran angular) \/ 1:5.2 (tele)<\/li>\n<\/ul>\n<h3>Construcci\u00f3n y ergonom\u00eda<\/h3>\n<ul>\n<li><strong>Longitud:<\/strong>\u00a0119,3 mm<\/li>\n<li><strong>Di\u00e1metro m\u00e1ximo:<\/strong>\u00a074,6 mm<\/li>\n<li><strong>Peso:<\/strong>\u00a0525 g<\/li>\n<li><strong>Di\u00e1metro del filtro:<\/strong>\u00a067 mm (compatible con otros objetivos Tamron)<\/li>\n<li><strong>Apertura circular:<\/strong>\u00a09 l\u00e1minas, apertura m\u00ednima f\/16<\/li>\n<li><strong>Accesorios incluidos:<\/strong>\u00a0Parasol en forma de p\u00e9talo, tapas frontal y trasera<\/li>\n<li><strong>Montura compatible:<\/strong>\u00a0Sony E (APS-C)<\/li>\n<\/ul>\n<h3>\u00c1ngulo de visi\u00f3n<\/h3>\n<ul>\n<li><strong>Diagonal (APS-C):<\/strong>\u00a079\u00b055\u2032 a 23\u00b000\u2032<\/li>\n<\/ul>\n","protected":false},"excerpt":{"rendered":"<p>El Tamron 17-70 mm F2.8 es el primer objetivo zoom luminoso y de alta velocidad de la marca, dise\u00f1ado para c\u00e1maras sin espejo con sensor APS-C. Gracias a su apertura constante de F2.8 en toda la gama de zoom (equivalente a 25,5\u2013105 mm en formato completo), este objetivo compacto ofrece u\u2026<\/p>\n","protected":false},"featured_media":5946,"comment_status":"open","ping_status":"closed","template":"","meta":[],"product_brand":[],"product_cat":[106],"product_tag":[],"class_list":{"0":"post-5814","1":"product","2":"type-product","3":"status-publish","4":"has-post-thumbnail","6":"product_cat-camaras-canon","8":"first","9":"instock","10":"sale","11":"shipping-taxable","12":"purchasable","13":"product-type-simple"},"jetpack_sharing_enabled":true,"_links":{"self":[{"href":"https:\/\/yomas-electrodomesticos.com\/index.php\/wp-json\/wp\/v2\/product\/5814","targetHints":{"allow":["GET"]}}],"collection":[{"href":"https:\/\/yomas-electrodomesticos.com\/index.php\/wp-json\/wp\/v2\/product"}],"about":[{"href":"https:\/\/yomas-electrodomesticos.com\/index.php\/wp-json\/wp\/v2\/types\/product"}],"replies":[{"embeddable":true,"href":"https:\/\/yomas-electrodomesticos.com\/index.php\/wp-json\/wp\/v2\/comments?post=5814"}],"version-history":[{"count":1,"href":"https:\/\/yomas-electrodomesticos.com\/index.php\/wp-json\/wp\/v2\/product\/5814\/revisions"}],"predecessor-version":[{"id":5947,"href":"https:\/\/yomas-electrodomesticos.com\/index.php\/wp-json\/wp\/v2\/product\/5814\/revisions\/5947"}],"wp:featuredmedia":[{"embeddable":true,"href":"https:\/\/yomas-electrodomesticos.com\/index.php\/wp-json\/wp\/v2\/media\/5946"}],"wp:attachment":[{"href":"https:\/\/yomas-electrodomesticos.com\/index.php\/wp-json\/wp\/v2\/media?parent=5814"}],"wp:term":[{"taxonomy":"product_brand","embeddable":true,"href":"https:\/\/yomas-electrodomesticos.com\/index.php\/wp-json\/wp\/v2\/product_brand?post=5814"},{"taxonomy":"product_cat","embeddable":true,"href":"https:\/\/yomas-electrodomesticos.com\/index.php\/wp-json\/wp\/v2\/product_cat?post=5814"},{"taxonomy":"product_tag","embeddable":true,"href":"https:\/\/yomas-electrodomesticos.com\/index.php\/wp-json\/wp\/v2\/product_tag?post=5814"}],"curies":[{"name":"wp","href":"https:\/\/api.w.org\/{rel}","templated":true}]}}