{"id":5819,"date":"2025-08-27T00:12:17","date_gmt":"2025-08-26T22:12:17","guid":{"rendered":"https:\/\/yomas-electrodomesticos.com\/?post_type=product&#038;p=5819"},"modified":"2025-08-27T00:13:19","modified_gmt":"2025-08-26T22:13:19","slug":"om-system-tough-tg-7-negro","status":"publish","type":"product","link":"https:\/\/yomas-electrodomesticos.com\/index.php\/producto\/om-system-tough-tg-7-negro\/","title":{"rendered":"OM System Tough TG-7 Negro"},"content":{"rendered":"<p>\u00bfBuscas una verdadera sensaci\u00f3n de libertad? \u00bfNo esa libertad en el papel, sino la que sientes profundamente? \u00bfLa libertad de ser despreocupado y libre, sin obligaciones, solo comprometido con el momento presente? Este tipo de libertad es rara, pero real. No siempre se encuentra en un camino ya trazado. Esta libertad requiere coraje y determinaci\u00f3n. \u00bfEst\u00e1s listo para dar el paso?<\/p>\n<h3>Caracter\u00edsticas principales<\/h3>\n<ul>\n<li>Sistema macro variable fant\u00e1stico: Este sistema permite capturar im\u00e1genes que ampl\u00edan tus l\u00edmites creativos y van m\u00e1s all\u00e1 de lo que el ojo puede percibir. Sum\u00e9rgete en un mundo de detalles y captura momentos con una nitidez impresionante.<\/li>\n<li>Rendimiento robusto: Esta c\u00e1mara est\u00e1 lista para cualquier situaci\u00f3n, en cualquier momento. Ya sea en la naturaleza, deportes extremos o bajo el agua, funciona sin fallos.<\/li>\n<li>Funciones adaptadas al uso profesional: Dise\u00f1ada para satisfacer las exigencias de fot\u00f3grafos profesionales, ofrece robustez y calidad de imagen \u00f3ptima.<\/li>\n<li>Alta calidad de imagen: Cada foto tomada con esta c\u00e1mara se destaca por su calidad excepcional.<\/li>\n<li>Numerosas funciones para fotograf\u00eda submarina: Sumergible hasta 15 metros, permite capturar la belleza del mundo submarino.<\/li>\n<\/ul>\n<h3>Datos t\u00e9cnicos<\/h3>\n<ul>\n<li><strong>Sensor:<\/strong>\u00a012 MP \u2013 CMOS BSI 1\/2,3\u2033<\/li>\n<li><strong>Procesador:<\/strong>\u00a0TruePicTM VIII<\/li>\n<li><strong>Objetivo:<\/strong>\u00a025\u2013100 mm (equivalente 35 mm) \u2013 Zoom \u00f3ptico 4x<\/li>\n<li><strong>Apertura:<\/strong>\u00a0F2.0 (gran angular) \u2013 F4.9 (teleobjetivo)<\/li>\n<li><strong>Funci\u00f3n macro:<\/strong>\n<ul>\n<li>S\u00faper macro: &lt; 5,4 mm, de 0,1 m a 0,3 m<\/li>\n<li>&gt; 5,4 mm, de 0,01 m a 0,3 m<\/li>\n<li>Microscopio: 0,01 m \u2013 0,30 m<\/li>\n<\/ul>\n<\/li>\n<li><strong>Teleconvertidor:<\/strong>\u00a0x2 (P, A, v\u00eddeo), x2\/x4 (modo microscopio)<\/li>\n<li><strong>Estabilizaci\u00f3n de imagen:<\/strong>\u00a0Por desplazamiento del sensor<\/li>\n<li><strong>Pantalla:<\/strong>\u00a03,0\u2033, aprox. 1 037 000 puntos (3:2)<\/li>\n<li><strong>ISO:<\/strong>\u00a0100 \u2013 12 800<\/li>\n<li><strong>Velocidad de obturaci\u00f3n:<\/strong>\u00a01\/2 \u2013 1\/2000 s (modo A: hasta 4 s)<\/li>\n<li><strong>Formatos de foto:<\/strong>\u00a0JPEG, RAW (compresi\u00f3n sin p\u00e9rdida de 12 bits), JPEG+RAW<\/li>\n<li><strong>Resoluci\u00f3n de foto:<\/strong>\u00a0RAW: 4000 x 3000, JPEG: 4000 x 3000 ~ 1280 x 960<\/li>\n<li><strong>R\u00e1faga:<\/strong>\n<ul>\n<li>Modo H: hasta 20 fps (10\/20 seleccionable)<\/li>\n<li>Modo L: aprox. 5 fps<\/li>\n<li>Pro Capture: aprox. 10 fps (obturador electr\u00f3nico)<\/li>\n<\/ul>\n<\/li>\n<li><strong>Interval\u00f3metro:<\/strong>\u00a0Hasta 299 im\u00e1genes, prioridad de tiempo o imagen, disponible optimizaci\u00f3n de exposici\u00f3n<\/li>\n<li><strong>V\u00eddeo:<\/strong>\n<ul>\n<li>4K (3840\u00d72160): 30p, 25p \u2013 102 Mbps<\/li>\n<li>Full HD (1920\u00d71080): 60p, 50p, 30p, 25p \u2013 52\/30\/18 Mbps<\/li>\n<li>HD (1280\u00d7720): 30p, 25p \u2013 26\/14\/10 Mbps<\/li>\n<li>*Algunas opciones reducen la tasa de fotogramas<\/li>\n<\/ul>\n<\/li>\n<\/ul>\n<h3>Caracter\u00edsticas de robustez<\/h3>\n<ul>\n<li>Sumergible hasta 15 m (IPX8)<\/li>\n<li>Resistente al polvo (IP6X)<\/li>\n<li>Resistente a la congelaci\u00f3n hasta -10 \u00b0C<\/li>\n<li>Resistencia al aplastamiento hasta 100 kgf<\/li>\n<li>Resistente a ca\u00eddas desde 2,1 m<\/li>\n<li>Cristal protector de doble capa antiempa\u00f1amiento<\/li>\n<\/ul>\n<h3>GPS y sensores<\/h3>\n<ul>\n<li>GPS (GLONASS, Galileo, QZSS)<\/li>\n<li>Br\u00fajula<\/li>\n<li>Bar\u00f3metro<\/li>\n<li>Term\u00f3metro<\/li>\n<li>Aceler\u00f3metro<\/li>\n<\/ul>\n<h3>Funciones creativas<\/h3>\n<ul>\n<li>Live Composite<\/li>\n<li>Filtros art\u00edsticos<\/li>\n<li>HDR<\/li>\n<li>Modos submarinos<\/li>\n<li>Modos macro<\/li>\n<li>Modo construcci\u00f3n<\/li>\n<\/ul>\n<h3>Conectividad<\/h3>\n<ul>\n<li>USB-C<\/li>\n<li>Micro-HDMI (Tipo D)<\/li>\n<li>Wi-Fi (IEEE 802.11b\/g\/n)<\/li>\n<li>Bluetooth 4.2 Low Energy<\/li>\n<\/ul>\n<h3>Alimentaci\u00f3n<\/h3>\n<ul>\n<li>Bater\u00eda de ion de litio LI-92B<\/li>\n<\/ul>\n<h3>Dimensiones<\/h3>\n<ul>\n<li>113,9 mm (An) \u00d7 65,8 mm (Al) \u00d7 32,7 mm (Pr)<\/li>\n<\/ul>\n<h3>Peso<\/h3>\n<ul>\n<li>Aprox. 249 g (con bater\u00eda y tarjeta, seg\u00fan norma CIPA)<\/li>\n<\/ul>\n<h3>Contenido de la caja<\/h3>\n<ul>\n<li>OM-System Tough TG 7 Negro<\/li>\n<li>Bater\u00eda recargable LI-92B<\/li>\n<li>Cable USB Tipo-C para carga integrada<\/li>\n<li>Correa de mu\u00f1eca<\/li>\n<li>Gu\u00eda de inicio r\u00e1pido<\/li>\n<\/ul>\n","protected":false},"excerpt":{"rendered":"<p>\u00bfBuscas una verdadera sensaci\u00f3n de libertad? \u00bfNo esa libertad en el papel, sino la que sientes profundamente? \u00bfLa libertad de ser despreocupado y libre, sin obligaciones, solo comprometido con el momento presente? Este tipo de libertad es rara, pero real. No siempre se encuentra en un camino ya \u2026<\/p>\n","protected":false},"featured_media":5970,"comment_status":"open","ping_status":"closed","template":"","meta":[],"product_brand":[],"product_cat":[106],"product_tag":[],"class_list":{"0":"post-5819","1":"product","2":"type-product","3":"status-publish","4":"has-post-thumbnail","6":"product_cat-camaras-canon","8":"first","9":"instock","10":"sale","11":"shipping-taxable","12":"purchasable","13":"product-type-simple"},"jetpack_sharing_enabled":true,"_links":{"self":[{"href":"https:\/\/yomas-electrodomesticos.com\/index.php\/wp-json\/wp\/v2\/product\/5819","targetHints":{"allow":["GET"]}}],"collection":[{"href":"https:\/\/yomas-electrodomesticos.com\/index.php\/wp-json\/wp\/v2\/product"}],"about":[{"href":"https:\/\/yomas-electrodomesticos.com\/index.php\/wp-json\/wp\/v2\/types\/product"}],"replies":[{"embeddable":true,"href":"https:\/\/yomas-electrodomesticos.com\/index.php\/wp-json\/wp\/v2\/comments?post=5819"}],"version-history":[{"count":1,"href":"https:\/\/yomas-electrodomesticos.com\/index.php\/wp-json\/wp\/v2\/product\/5819\/revisions"}],"predecessor-version":[{"id":5971,"href":"https:\/\/yomas-electrodomesticos.com\/index.php\/wp-json\/wp\/v2\/product\/5819\/revisions\/5971"}],"wp:featuredmedia":[{"embeddable":true,"href":"https:\/\/yomas-electrodomesticos.com\/index.php\/wp-json\/wp\/v2\/media\/5970"}],"wp:attachment":[{"href":"https:\/\/yomas-electrodomesticos.com\/index.php\/wp-json\/wp\/v2\/media?parent=5819"}],"wp:term":[{"taxonomy":"product_brand","embeddable":true,"href":"https:\/\/yomas-electrodomesticos.com\/index.php\/wp-json\/wp\/v2\/product_brand?post=5819"},{"taxonomy":"product_cat","embeddable":true,"href":"https:\/\/yomas-electrodomesticos.com\/index.php\/wp-json\/wp\/v2\/product_cat?post=5819"},{"taxonomy":"product_tag","embeddable":true,"href":"https:\/\/yomas-electrodomesticos.com\/index.php\/wp-json\/wp\/v2\/product_tag?post=5819"}],"curies":[{"name":"wp","href":"https:\/\/api.w.org\/{rel}","templated":true}]}}