{"id":5831,"date":"2025-08-27T00:12:18","date_gmt":"2025-08-26T22:12:18","guid":{"rendered":"https:\/\/yomas-electrodomesticos.com\/?post_type=product&#038;p=5831"},"modified":"2025-08-27T00:13:53","modified_gmt":"2025-08-26T22:13:53","slug":"sony-fe-100-400mm-f-4-5-5-6-gm-oss","status":"publish","type":"product","link":"https:\/\/yomas-electrodomesticos.com\/index.php\/producto\/sony-fe-100-400mm-f-4-5-5-6-gm-oss\/","title":{"rendered":"Sony FE 100-400mm f\/4.5-5.6 GM OSS"},"content":{"rendered":"<p>El Sony FE 100-400mm f\/4.5-5.6 GM OSS es un teleobjetivo zoom de alta gama que ofrece una nitidez excepcional, un enfoque autom\u00e1tico ultra r\u00e1pido y un dise\u00f1o compacto. Dise\u00f1ado para c\u00e1maras de formato completo, refleja la calidad de resoluci\u00f3n superior propia de la serie G Master de Sony. Tambi\u00e9n proporciona un rendimiento AF r\u00e1pido y preciso, una construcci\u00f3n ligera y una gama de funciones profesionales y personalizables. Es un objetivo potente, perfectamente adaptado para fotograf\u00eda deportiva y de naturaleza.<\/p>\n<h3>Puntos destacados del Sony FE 100-400mm f\/4.5-5.6 GM OSS<\/h3>\n<ul>\n<li>Dise\u00f1o G Master para una calidad de imagen excepcional<\/li>\n<li>Autofoco r\u00e1pido y preciso gracias al sistema Direct Drive SSM<\/li>\n<li>Dise\u00f1o compacto y ligero (solo 1.395 g)<\/li>\n<li>Fiabilidad y robustez de nivel profesional<\/li>\n<li>Compatible con teleconvertidores 1.4x (SEL14TC) y 2.0x (SEL20TC) \u2014 alcance de hasta 800 mm<\/li>\n<li>Ideal para fotograf\u00eda deportiva y de fauna<\/li>\n<\/ul>\n<h3>Contenido de la caja<\/h3>\n<ul>\n<li>Objetivo Sony FE 100-400mm f\/4.5-5.6 GM OSS<\/li>\n<\/ul>\n<h3>Detalles t\u00e9cnicos<\/h3>\n<ul>\n<li><strong>Montura del objetivo:<\/strong>\u00a0Sony E (FE)<\/li>\n<li><strong>Di\u00e1metro del filtro:<\/strong>\u00a077 mm<\/li>\n<li><strong>Resistente al polvo y a salpicaduras:<\/strong>\u00a0S\u00ed<\/li>\n<li><strong>Tipo de parasol:<\/strong>\u00a0No especificado<\/li>\n<li><strong>Compatible con formato completo:<\/strong>\u00a0S\u00ed<\/li>\n<\/ul>\n<h3>Formato y embalaje<\/h3>\n<ul>\n<li><strong>Longitud:<\/strong>\u00a0205 mm<\/li>\n<\/ul>\n<h3>General<\/h3>\n<ul>\n<li><strong>N\u00famero de art\u00edculo:<\/strong>\u00a012223772<\/li>\n<li><strong>Per\u00edodo de garant\u00eda:<\/strong>\u00a02 a\u00f1os<\/li>\n<\/ul>\n<h3>Enfoque<\/h3>\n<ul>\n<li><strong>Enfoque manual:<\/strong>\u00a0S\u00ed<\/li>\n<li><strong>Enfoque autom\u00e1tico:<\/strong>\u00a0S\u00ed<\/li>\n<li><strong>Enfoque silencioso durante la grabaci\u00f3n:<\/strong>\u00a0S\u00ed<\/li>\n<\/ul>\n<h3>Objetivo y Zoom<\/h3>\n<ul>\n<li><strong>\u00c1ngulo de visi\u00f3n m\u00e1ximo:<\/strong>\u00a024\u00b0<\/li>\n<\/ul>\n<h3>Apertura<\/h3>\n<ul>\n<li><strong>N\u00famero de hojas del diafragma:<\/strong>\u00a0No especificado<\/li>\n<li><strong>Apertura m\u00e1xima:<\/strong>\u00a0f\/4.5<\/li>\n<li><strong>Apertura m\u00ednima:<\/strong>\u00a0No especificada<\/li>\n<li><strong>Zoom con apertura constante:<\/strong>\u00a0No<\/li>\n<li><strong>Apertura f\/2.8 o m\u00e1s luminosa:<\/strong>\u00a0No<\/li>\n<\/ul>\n<h3>Distancia focal<\/h3>\n<ul>\n<li><strong>Distancia m\u00ednima de enfoque (equiv. 35 mm):<\/strong>\u00a0150 mm<\/li>\n<li><strong>Distancia m\u00e1xima de enfoque (equiv. 35 mm):<\/strong>\u00a0600 mm<\/li>\n<li><strong>Distancia m\u00ednima de enfoque:<\/strong>\u00a0100 mm<\/li>\n<li><strong>Distancia m\u00e1xima de enfoque:<\/strong>\u00a0400 mm<\/li>\n<li><strong>Distancia focal fija:<\/strong>\u00a0No<\/li>\n<\/ul>\n<h3>Propiedades f\u00edsicas<\/h3>\n<ul>\n<li><strong>Peso:<\/strong>\u00a01.395 g<\/li>\n<\/ul>\n<h3>Sistema \u00f3ptico<\/h3>\n<ul>\n<li><strong>Estructura \u00f3ptica (elementos\/grupos):<\/strong>\u00a022\/16<\/li>\n<li><strong>Lentes asf\u00e9ricas:<\/strong>\u00a02<\/li>\n<li><strong>Elementos especiales:<\/strong>\u00a01<\/li>\n<li><strong>Revestimientos:<\/strong>\u00a0No especificados<\/li>\n<\/ul>\n<h3>Zoom y estabilizaci\u00f3n<\/h3>\n<ul>\n<li><strong>Estabilizador de imagen:<\/strong>\u00a0S\u00ed<\/li>\n<li><strong>Zoom \u00f3ptico:<\/strong>\u00a0No especificado<\/li>\n<li><strong>Factor de ampliaci\u00f3n:<\/strong>\u00a00.12 \u2013 0.35x<\/li>\n<\/ul>\n","protected":false},"excerpt":{"rendered":"<p>El Sony FE 100-400mm f\/4.5-5.6 GM OSS es un teleobjetivo zoom de alta gama que ofrece una nitidez excepcional, un enfoque autom\u00e1tico ultra r\u00e1pido y un dise\u00f1o compacto. Dise\u00f1ado para c\u00e1maras de formato completo, refleja la calidad de resoluci\u00f3n superior propia de la serie G Master de Sony. \u2026<\/p>\n","protected":false},"featured_media":6067,"comment_status":"open","ping_status":"closed","template":"","meta":[],"product_brand":[],"product_cat":[106],"product_tag":[],"class_list":{"0":"post-5831","1":"product","2":"type-product","3":"status-publish","4":"has-post-thumbnail","6":"product_cat-camaras-canon","8":"first","9":"instock","10":"sale","11":"shipping-taxable","12":"purchasable","13":"product-type-simple"},"jetpack_sharing_enabled":true,"_links":{"self":[{"href":"https:\/\/yomas-electrodomesticos.com\/index.php\/wp-json\/wp\/v2\/product\/5831","targetHints":{"allow":["GET"]}}],"collection":[{"href":"https:\/\/yomas-electrodomesticos.com\/index.php\/wp-json\/wp\/v2\/product"}],"about":[{"href":"https:\/\/yomas-electrodomesticos.com\/index.php\/wp-json\/wp\/v2\/types\/product"}],"replies":[{"embeddable":true,"href":"https:\/\/yomas-electrodomesticos.com\/index.php\/wp-json\/wp\/v2\/comments?post=5831"}],"version-history":[{"count":1,"href":"https:\/\/yomas-electrodomesticos.com\/index.php\/wp-json\/wp\/v2\/product\/5831\/revisions"}],"predecessor-version":[{"id":6068,"href":"https:\/\/yomas-electrodomesticos.com\/index.php\/wp-json\/wp\/v2\/product\/5831\/revisions\/6068"}],"wp:featuredmedia":[{"embeddable":true,"href":"https:\/\/yomas-electrodomesticos.com\/index.php\/wp-json\/wp\/v2\/media\/6067"}],"wp:attachment":[{"href":"https:\/\/yomas-electrodomesticos.com\/index.php\/wp-json\/wp\/v2\/media?parent=5831"}],"wp:term":[{"taxonomy":"product_brand","embeddable":true,"href":"https:\/\/yomas-electrodomesticos.com\/index.php\/wp-json\/wp\/v2\/product_brand?post=5831"},{"taxonomy":"product_cat","embeddable":true,"href":"https:\/\/yomas-electrodomesticos.com\/index.php\/wp-json\/wp\/v2\/product_cat?post=5831"},{"taxonomy":"product_tag","embeddable":true,"href":"https:\/\/yomas-electrodomesticos.com\/index.php\/wp-json\/wp\/v2\/product_tag?post=5831"}],"curies":[{"name":"wp","href":"https:\/\/api.w.org\/{rel}","templated":true}]}}