{"id":6310,"date":"2025-08-27T00:53:03","date_gmt":"2025-08-26T22:53:03","guid":{"rendered":"https:\/\/yomas-electrodomesticos.com\/?post_type=product&#038;p=6310"},"modified":"2025-08-27T00:53:16","modified_gmt":"2025-08-26T22:53:16","slug":"cafetera-jura-j8-twin","status":"publish","type":"product","link":"https:\/\/yomas-electrodomesticos.com\/index.php\/producto\/cafetera-jura-j8-twin\/","title":{"rendered":"Cafetera Jura J8 twin"},"content":{"rendered":"<h2>Potente, elegante y distinguida. Flexibilidad total a la hora de preparar tus especialidades de caf\u00e9.<\/h2>\n<p>La Jura J8 twin ha sido lanzada a finales del 2023 y ha sido todo un acierto para quienes buscan profundizar e investigar en la preparaci\u00f3n de distintos tipas de caf\u00e9 con o sin leche. El sofisticado dise\u00f1o de esta cafetera incluye dos molinillos de alto rendimiento, regulables de forma individual, que te abren un abanico extenso de combinaciones y sabores.<\/p>\n<p>El concepto de esta m\u00e1quina super autom\u00e1tica es que todos los amantes del caf\u00e9 podamos preparar diferentes tipos de especialidades, con o sin cafe\u00edna, un caf\u00e9 Lungo con dos tipos de granos diferentes de tueste, etc.. De forma clara, c\u00f3moda, sencilla y r\u00e1pida.<\/p>\n<h2>Dos almas gemelas dentro de una misma m\u00e1quina.<\/h2>\n<p>Capaz de preparar hasta 31 especialidades de caf\u00e9 de forma perfecta, los dos mecanismos de molienda dotan a esta m\u00e1quina de una flexibilidad total. El caf\u00e9 siempre se va a preparar en funci\u00f3n de los gustos de los usuarios. Porque una de las grandes caracter\u00edsticas de las cafeteras Jura es que se pueden guardar configuraciones de preferencia para cada persona. Una vez realizado esto, y seleccionando tu bebida favorita desde el generoso panel frontal, en poco tiempo tendr\u00e1s tu bebida lista.<\/p>\n<p>La cafetera J8 twin viene provista de un accesorio especial para endulzar la espuma de leche en el mismo momento en el que se est\u00e1 preparando tu bebida. Con la Jura J8 twin podr\u00e1s moverte dentro del amplio abanico que va desde un cl\u00e1sico Espresso hasta el moderno Sweet Latte.<\/p>\n<h2>Panorama coffee panel y coffee eye: Control con total confort<\/h2>\n<p>La cafetera super autom\u00e1tica Jura J8 twin viene provista de un generoso panel t\u00e1ctil digital de 2K de resoluci\u00f3n. Su manejo es sumamente intuitivo y f\u00e1cil, sin complicaciones. El ya conocido Easy Mode ofrece la m\u00e1xima flexibilidad en el momento de ajustar las especialidades a las tazas preferidas. Por su parte el sistema de aviso Coffee eye te avisa sobre la ubicaci\u00f3n de las tazas antes de empezar a trabajar para que no desparrames ni una gota.<\/p>\n<p>Los sistemas de higiene y de control de la dureza del agua est\u00e1n como siempre garantizados tanto por el filtro Claris Smart como por el programa de auto-limpieza. Lo primero que te va a pedir la J8 twin ni bien la conectes a la toma de corriente es que le digas que grado de dureza del agua tienes, de esta forma ella por si sola configurar\u00e1 el filtro para lograr las mejores especialidades de caf\u00e9.<\/p>\n<p>Las ventajas espec\u00edficas de este modelo adem\u00e1s de lo descripto anteriormente son las siguientes:<\/p>\n<ul>\n<li>Sweet Foam Function<\/li>\n<li>Precalentamiento inteligente<\/li>\n<li>Monitorizaci\u00f3n activa del caf\u00e9 en grano<\/li>\n<li>Coffee Eye<\/li>\n<li>JURA Cockpit con indicaci\u00f3n del estado de conservaci\u00f3n<\/li>\n<li>Conexi\u00f3n Wi-Fi a la red dom\u00e9stica<\/li>\n<li>Emisor incluido en el equipamiento<\/li>\n<li>Iluminador de tazas para una presentaci\u00f3n elegante.<\/li>\n<\/ul>\n<p>Las\u00a0<strong>31 especialidades de caf\u00e9<\/strong>\u00a0que puede preparar la J8 twin son:<\/p>\n<ul>\n<li>Espresso<\/li>\n<li>2\u2009\u00d7\u2009Espresso<\/li>\n<li>Caf\u00e9<\/li>\n<li>2\u2009\u00d7\u2009Caf\u00e9<\/li>\n<li>Americano<\/li>\n<li>Lungo<\/li>\n<li>Espresso Doppio<\/li>\n<li>Cortado<\/li>\n<li>Sweet Cortado<\/li>\n<li>Espresso Macchiato<\/li>\n<li>Sweet Espresso Macchiato<\/li>\n<li>Caf\u00e9 con leche<\/li>\n<li>Sweet Caf\u00e9 con leche<\/li>\n<li>Caf\u00e9 con leche Extra Shot<\/li>\n<li>Cappuccino<\/li>\n<li>Sweet Cappuccino<\/li>\n<li>Cappuccino Extra Shot<\/li>\n<li>Flat White<\/li>\n<li>Sweet Flat White<\/li>\n<li>Flat White Extra Shot<\/li>\n<li>Latte Macchiato<\/li>\n<li>Sweet Latte macchiato<\/li>\n<li>Latte Macchiato Extra Shot<\/li>\n<li>Sweet latte<\/li>\n<li>Sweet Latte Extra Shot<\/li>\n<li>Porci\u00f3n de espuma de leche<\/li>\n<li>Sweet Porci\u00f3n de espuma de leche<\/li>\n<li>Porci\u00f3n de leche<\/li>\n<li>Sweet Porci\u00f3n de leche<\/li>\n<li>Agua caliente<\/li>\n<li>Agua para t\u00e9 verde<\/li>\n<\/ul>\n<h2>Especificaciones:<\/h2>\n<ul>\n<li>Nivel del dep\u00f3sito del agua: 1,9 litros<\/li>\n<li>Capacidad del recipiente de caf\u00e9 en grano: 2 x 180 gramos<\/li>\n<li>Dep\u00f3sito de posos de caf\u00e9: 16<\/li>\n<li>Longitud del cable: 1,1 metros<\/li>\n<li>Peso: 11, 5 Kg<\/li>\n<li>Dimensiones (An\u2009\u00d7\u2009Al\u2009\u00d7\u2009P): 31\u2009\u00d7\u200936\u2009\u00d7\u200944.6 cm<\/li>\n<\/ul>\n","protected":false},"excerpt":{"rendered":"<p>La nueva cafetera Jura J8 Twin incorpora\u00a0<strong>dos mecanismos c\u00f3nicos de molienda de alto rendimiento<\/strong>. Ideal para disfrutar de todo tipo de especialidades de caf\u00e9, con o sin cafe\u00edna, diferentes grados de tueste y tus propias combinaciones personales.<\/p>\n<p>Destacamos de esta cafetera:<\/p>\n<ul>\n<li>Prepara hasta 31 especialidades de caf\u00e9<\/li>\n<li>Generoso panel frontal digital de 2K de resoluci\u00f3n<\/li>\n<li>Dos mecanismos de molienda autom\u00e1ticos independientes<\/li>\n<li>Permite seleccionar la graduaci\u00f3n de la molienda para cada molinillo<\/li>\n<li>Reconocimiento de la ubicaci\u00f3n de la taza gracias al sistema \u00ab\u00a0Coffee Eyes\u00a0\u00bb<\/li>\n<li>Sistema sweet latte para a\u00f1adir sirope a tus especialidades con leche.<\/li>\n<li>Fabricada en Suiza<\/li>\n<li>Garant\u00eda oficial Jura<\/li>\n<\/ul>\n","protected":false},"featured_media":6369,"comment_status":"open","ping_status":"closed","template":"","meta":[],"product_brand":[],"product_cat":[110],"product_tag":[],"class_list":{"0":"post-6310","1":"product","2":"type-product","3":"status-publish","4":"has-post-thumbnail","6":"product_cat-maquina-de-cafe","8":"first","9":"instock","10":"shipping-taxable","11":"purchasable","12":"product-type-simple"},"jetpack_sharing_enabled":true,"_links":{"self":[{"href":"https:\/\/yomas-electrodomesticos.com\/index.php\/wp-json\/wp\/v2\/product\/6310","targetHints":{"allow":["GET"]}}],"collection":[{"href":"https:\/\/yomas-electrodomesticos.com\/index.php\/wp-json\/wp\/v2\/product"}],"about":[{"href":"https:\/\/yomas-electrodomesticos.com\/index.php\/wp-json\/wp\/v2\/types\/product"}],"replies":[{"embeddable":true,"href":"https:\/\/yomas-electrodomesticos.com\/index.php\/wp-json\/wp\/v2\/comments?post=6310"}],"version-history":[{"count":1,"href":"https:\/\/yomas-electrodomesticos.com\/index.php\/wp-json\/wp\/v2\/product\/6310\/revisions"}],"predecessor-version":[{"id":6370,"href":"https:\/\/yomas-electrodomesticos.com\/index.php\/wp-json\/wp\/v2\/product\/6310\/revisions\/6370"}],"wp:featuredmedia":[{"embeddable":true,"href":"https:\/\/yomas-electrodomesticos.com\/index.php\/wp-json\/wp\/v2\/media\/6369"}],"wp:attachment":[{"href":"https:\/\/yomas-electrodomesticos.com\/index.php\/wp-json\/wp\/v2\/media?parent=6310"}],"wp:term":[{"taxonomy":"product_brand","embeddable":true,"href":"https:\/\/yomas-electrodomesticos.com\/index.php\/wp-json\/wp\/v2\/product_brand?post=6310"},{"taxonomy":"product_cat","embeddable":true,"href":"https:\/\/yomas-electrodomesticos.com\/index.php\/wp-json\/wp\/v2\/product_cat?post=6310"},{"taxonomy":"product_tag","embeddable":true,"href":"https:\/\/yomas-electrodomesticos.com\/index.php\/wp-json\/wp\/v2\/product_tag?post=6310"}],"curies":[{"name":"wp","href":"https:\/\/api.w.org\/{rel}","templated":true}]}}