{"id":6742,"date":"2025-12-17T13:57:06","date_gmt":"2025-12-17T12:57:06","guid":{"rendered":"https:\/\/yomas-electrodomesticos.com\/?post_type=product&#038;p=6742"},"modified":"2025-12-17T16:32:14","modified_gmt":"2025-12-17T15:32:14","slug":"pkw-anhanger-unsinn-web-h-2315-13-10-gebraucht-kaufen","status":"publish","type":"product","link":"https:\/\/yomas-electrodomesticos.com\/index.php\/producto\/pkw-anhanger-unsinn-web-h-2315-13-10-gebraucht-kaufen\/","title":{"rendered":"Achetez une remorque porte-voitures Unsinn Web H 2315-13-10 d&rsquo;occasion"},"content":{"rendered":"<p>Caract\u00e9ristiques techniques<\/p>\n<p>\u00c9tat<br \/>\nNeuf<br \/>\nPoids \u00e0 vide<br \/>\n280 kg<br \/>\nCharge utile maximale<br \/>\n1\u00a0020 kg<br \/>\nPTAC<br \/>\n1\u00a0300 kg<br \/>\nLongueur de la zone de chargement<br \/>\n2\u00a0300 mm<br \/>\nLargeur de la zone de chargement<br \/>\n1\u00a0500 mm<br \/>\nHauteur de la zone de chargement<br \/>\n300 mm<br \/>\nDimensions des pneus<br \/>\n195\/55 R10<\/p>\n<p>Caract\u00e9ristiques\u00a0:<\/p>\n<p>&#8211; Ch\u00e2ssis avec essieu de torsion en caoutchouc sans entretien<br \/>\n&#8211; Pneus 195\/55 R10<br \/>\n&#8211; Timon en V galvanis\u00e9<br \/>\n&#8211; Frein \u00e0 inertie avec marche arri\u00e8re automatique et attelage \u00e0 boule<br \/>\n&#8211; Roue jockey en caoutchouc plein avec jante m\u00e9tallique<\/p>\n<p>&#8211; Syst\u00e8me d\u2019\u00e9clairage 12\u00a0V avec connecteur 13 broches et feux de recul<\/p>\n<p>&#8211; Ch\u00e2ssis robuste en profil\u00e9 d\u2019acier de haute qualit\u00e9, enti\u00e8rement galvanis\u00e9 \u00e0 chaud<\/p>\n<p>&#8211; Plancher en contreplaqu\u00e9 multicouche coll\u00e9, antid\u00e9rapant et \u00e9tanche<\/p>\n<p>&#8211; Ridelles lat\u00e9rales en profil\u00e9 d\u2019aluminium anodis\u00e9, env. Hauteur\u00a0: 300\u00a0mm<\/p>\n<p>&#8211; Tous les panneaux lat\u00e9raux sont rabattables et amovibles<\/p>\n<p>&#8211; Verrous robustes encastr\u00e9s en acier inoxydable (V2A)<\/p>\n<p>&#8211; 4\u00a0poteaux d\u2019angle en acier<\/p>\n<p>&#8211; 4\u00a0anneaux d\u2019arrimage rabattables, encastr\u00e9s dans le profil\u00e9 du ch\u00e2ssis<\/p>\n<p>&#8211; 4\u00a0\u0153illets d\u2019arrimage sous le plateau de chargement<\/p>\n<p>(Les images peuvent pr\u00e9senter des accessoires en option\u00a0! Sous r\u00e9serve d\u2019erreurs d\u2019impression, de modifications et d\u2019omissions\u00a0!)<\/p>\n<p>Fournisseur<\/p>\n","protected":false},"excerpt":{"rendered":"<h3 class=\"h6\">Description<\/h3>\n<p>Remorque porte-voitures \u00e0 un essieu, marque\u00a0: Unsinn, mod\u00e8le\u00a0: WEB H 2315-13-10, dimensions int\u00e9rieures approximatives (L x l x H)\u00a0: 2\u00a0300 x 1\u00a0500 x 300 mm, poids total autoris\u00e9\u00a0: 1\u00a0300 kg<\/p>\n","protected":false},"featured_media":0,"comment_status":"open","ping_status":"closed","template":"","meta":[],"product_brand":[],"product_cat":[115],"product_tag":[],"class_list":{"0":"post-6742","1":"product","2":"type-product","3":"status-publish","5":"product_cat-remorque","7":"first","8":"instock","9":"shipping-taxable","10":"purchasable","11":"product-type-simple"},"jetpack_sharing_enabled":true,"_links":{"self":[{"href":"https:\/\/yomas-electrodomesticos.com\/index.php\/wp-json\/wp\/v2\/product\/6742","targetHints":{"allow":["GET"]}}],"collection":[{"href":"https:\/\/yomas-electrodomesticos.com\/index.php\/wp-json\/wp\/v2\/product"}],"about":[{"href":"https:\/\/yomas-electrodomesticos.com\/index.php\/wp-json\/wp\/v2\/types\/product"}],"replies":[{"embeddable":true,"href":"https:\/\/yomas-electrodomesticos.com\/index.php\/wp-json\/wp\/v2\/comments?post=6742"}],"version-history":[{"count":3,"href":"https:\/\/yomas-electrodomesticos.com\/index.php\/wp-json\/wp\/v2\/product\/6742\/revisions"}],"predecessor-version":[{"id":6765,"href":"https:\/\/yomas-electrodomesticos.com\/index.php\/wp-json\/wp\/v2\/product\/6742\/revisions\/6765"}],"wp:attachment":[{"href":"https:\/\/yomas-electrodomesticos.com\/index.php\/wp-json\/wp\/v2\/media?parent=6742"}],"wp:term":[{"taxonomy":"product_brand","embeddable":true,"href":"https:\/\/yomas-electrodomesticos.com\/index.php\/wp-json\/wp\/v2\/product_brand?post=6742"},{"taxonomy":"product_cat","embeddable":true,"href":"https:\/\/yomas-electrodomesticos.com\/index.php\/wp-json\/wp\/v2\/product_cat?post=6742"},{"taxonomy":"product_tag","embeddable":true,"href":"https:\/\/yomas-electrodomesticos.com\/index.php\/wp-json\/wp\/v2\/product_tag?post=6742"}],"curies":[{"name":"wp","href":"https:\/\/api.w.org\/{rel}","templated":true}]}}