{"id":6815,"date":"2026-01-02T20:29:02","date_gmt":"2026-01-02T19:29:02","guid":{"rendered":"https:\/\/yomas-electrodomesticos.com\/?post_type=product&#038;p=6815"},"modified":"2026-01-02T20:29:30","modified_gmt":"2026-01-02T19:29:30","slug":"hueso-de-aceituna-certificado-premium-piropel-palet-70","status":"publish","type":"product","link":"https:\/\/yomas-electrodomesticos.com\/index.php\/producto\/hueso-de-aceituna-certificado-premium-piropel-palet-70\/","title":{"rendered":"Hueso de aceituna certificado PREMIUM- Piropel \u2013 Palet 70"},"content":{"rendered":"<h2>Descripci\u00f3n<\/h2>\n<p>Consta con dos certificaciones: sello de calidad Biomasud A1 y BICA (sello de calidad de biomasa andaluza).<\/p>\n<p>Para la obtenci\u00f3n de este producto, hueso de aceituna PREMIUM, se llega despu\u00e9s de disponer del producto seco, sometiendo a un doble proceso de limpieza y separaci\u00f3n de part\u00edculas, seleccionando el formato de mayor tama\u00f1o. Muchos usuarios han probado PREMIUM en sus estufas ofreciendo un resultado espectacular, en cuanto a rendimiento y bajo contenido en cenizas.<\/p>\n<p>Con el hueso de aceituna PREMIUM mejora sustancialmente la combusti\u00f3n, con un mayor rendimiento y alargando as\u00ed la vida de sus equipos.<\/p>\n<p>De igual modo, \u00e9ste producto ofrece un amplio abanico, ajustando sus requerimientos de consumo a nuestro proceso de producci\u00f3n y por consiguiente, la obtenci\u00f3n de un precio final, econ\u00f3mico y ajustado.<\/p>\n<p>Os presentamos a nuestro productor de\u00a0<strong>HUESO DE ACEITUNA<\/strong>,\u00a0 Jos\u00e9 Pel\u00e1ez, de Pel\u00e1ez Renovables,\u00a0 d\u00f3nde nos comenta en qu\u00e9 consiste este tipo de biomasa<\/p>\n","protected":false},"excerpt":{"rendered":"<p>Hueso de aceituna certificado PREMIUM en Palet de 70 sacos de 15 kg.<\/p>\n<p>Uno de los productos mejor valorados en\u00a0<em>Mi pellet y m\u00e1s<\/em>\u00a0es el hueso de aceituna certificado de calidad PREMIUM, consta de fruto de 1 selecci\u00f3n de granulometr\u00eda de mayor dimensi\u00f3n (entre 2mm y 4,5mm) s\u00f3lo para consumidores m\u00e1s exigentes. Destinado especialmente para su consumo en estufas y calderas con quemadores de floraci\u00f3n.<\/p>\n<p>El hueso de aceituna es un excelente combustible contando con gran poder calor\u00edfico y poco contenido en cenizas.<\/p>\n","protected":false},"featured_media":6893,"comment_status":"open","ping_status":"closed","template":"","meta":[],"product_brand":[],"product_cat":[116],"product_tag":[],"class_list":{"0":"post-6815","1":"product","2":"type-product","3":"status-publish","4":"has-post-thumbnail","6":"product_cat-pellets-de-madera","8":"first","9":"instock","10":"sale","11":"shipping-taxable","12":"purchasable","13":"product-type-simple"},"jetpack_sharing_enabled":true,"_links":{"self":[{"href":"https:\/\/yomas-electrodomesticos.com\/index.php\/wp-json\/wp\/v2\/product\/6815","targetHints":{"allow":["GET"]}}],"collection":[{"href":"https:\/\/yomas-electrodomesticos.com\/index.php\/wp-json\/wp\/v2\/product"}],"about":[{"href":"https:\/\/yomas-electrodomesticos.com\/index.php\/wp-json\/wp\/v2\/types\/product"}],"replies":[{"embeddable":true,"href":"https:\/\/yomas-electrodomesticos.com\/index.php\/wp-json\/wp\/v2\/comments?post=6815"}],"version-history":[{"count":1,"href":"https:\/\/yomas-electrodomesticos.com\/index.php\/wp-json\/wp\/v2\/product\/6815\/revisions"}],"predecessor-version":[{"id":6894,"href":"https:\/\/yomas-electrodomesticos.com\/index.php\/wp-json\/wp\/v2\/product\/6815\/revisions\/6894"}],"wp:featuredmedia":[{"embeddable":true,"href":"https:\/\/yomas-electrodomesticos.com\/index.php\/wp-json\/wp\/v2\/media\/6893"}],"wp:attachment":[{"href":"https:\/\/yomas-electrodomesticos.com\/index.php\/wp-json\/wp\/v2\/media?parent=6815"}],"wp:term":[{"taxonomy":"product_brand","embeddable":true,"href":"https:\/\/yomas-electrodomesticos.com\/index.php\/wp-json\/wp\/v2\/product_brand?post=6815"},{"taxonomy":"product_cat","embeddable":true,"href":"https:\/\/yomas-electrodomesticos.com\/index.php\/wp-json\/wp\/v2\/product_cat?post=6815"},{"taxonomy":"product_tag","embeddable":true,"href":"https:\/\/yomas-electrodomesticos.com\/index.php\/wp-json\/wp\/v2\/product_tag?post=6815"}],"curies":[{"name":"wp","href":"https:\/\/api.w.org\/{rel}","templated":true}]}}